{"id":21765,"date":"2018-01-02T01:03:52","date_gmt":"2018-01-02T01:03:52","guid":{"rendered":"http:\/\/biblian.is\/videy\/sakaria-5-kafli\/"},"modified":"2018-01-02T01:03:52","modified_gmt":"2018-01-02T01:03:52","slug":"sakaria-5-kafli","status":"publish","type":"page","link":"https:\/\/biblian.is\/videy\/sakaria-5-kafli\/","title":{"rendered":"Sakar\u00eda 5. kafli"},"content":{"rendered":"<div class=\"fyrirsognVidey\">Sj\u00f3n um b\u00f3kfell og m\u00e6liask \u00fatsk\u00fdr\u00f0.<\/div>\n<p><a name=\"1\"><span class=\"versanumer\">1<\/span><\/a>Eg h\u00f3f upp aftur m\u00edn augu, og bar \u00fe\u00e1 fyrir mig b\u00f3kfell, sem var \u00e1 flugi.<a name=\"2\"><span class=\"versanumer\">2<\/span><\/a>Hann sag\u00f0i til m\u00edn: hva\u00f0 s\u00e9r \u00fe\u00fa? Eg svara\u00f0i: eg s\u00e9 b\u00f3kfell \u00e1 flugi, tuttugu \u00e1lna langt og t\u00edu \u00e1lna breitt.<a name=\"3\"><span class=\"versanumer\">3<\/span><\/a>Hann sag\u00f0i til m\u00edn: \u00feetta er s\u00fa b\u00f6lvan, sem \u00fat gengur yfir gj\u00f6rvallt landi\u00f0: s\u00e9rhv\u00f6r, sem stelur, skal, eftir \u00fev\u00ed sem stendur annarsvegar \u00e1 skjalinu, ver\u00f0a uppr\u00e6ttur \u00far landinu, og eftir \u00fev\u00ed sem stendur hinsvegar, skal s\u00e9rhv\u00f6r, sem vinnur meins\u00e6ri, \u00far landinu uppr\u00e6ttur ver\u00f0a.<a name=\"4\"><span class=\"versanumer\">4<\/span><\/a>Eg l\u00e9t b\u00f6lvanina \u00fat fara, segir Drottinn allsherjar, til \u00feess h\u00fan komi inn \u00ed h\u00fas \u00fej\u00f3fsins, og inn \u00ed h\u00fas \u00feess, sem sver ranglega vi\u00f0 mitt nafn, og sta\u00f0n\u00e6mist mitt \u00ed h\u00fasi \u00feeirra og ey\u00f0i \u00fev\u00ed a\u00f0 vi\u00f0um og veggjum.<br \/><a name=\"5\"><span class=\"versanumer\">5<\/span><\/a>S\u00ed\u00f0an gekk s\u00e1 engill fram, er vi\u00f0 mig tala\u00f0i, og sag\u00f0i til m\u00edn: hef upp augu \u00fe\u00edn, og sj\u00e1, hva\u00f0 \u00fear fer!<a name=\"6\"><span class=\"versanumer\">6<\/span><\/a>Eg m\u00e6lti: hva\u00f0 er \u00feetta? Hann svara\u00f0i: \u00fea\u00f0 er m\u00e6lis\u00e1ld, sem \u00fear fer. Og enn m\u00e6lti hann: \u00fear m\u00e1 sj\u00e1, hv\u00f6rnig allir innb\u00faar landsins eru.<a name=\"7\"><span class=\"versanumer\">7<\/span><\/a>\u00de\u00e1 lyftist upp bl\u00fdstykki nokkurt, og sat \u00fe\u00e1 kona nokkur ni\u00f0ri \u00ed s\u00e1ldinu.<a name=\"8\"><span class=\"versanumer\">8<\/span><\/a>\u00de\u00e1 m\u00e6lti hann, \u201e\u00feetta er gu\u00f0leysan\u201c, og s\u00ed\u00f0an kasta\u00f0i hann henni mitt \u00ed s\u00e1ldi\u00f0, og varpa\u00f0i bl\u00fdhn\u00fa\u00f0num ofan yfir opi\u00f0.<a name=\"9\"><span class=\"versanumer\">9<\/span><\/a>\u00dear eftir h\u00f3f eg upp augu m\u00edn, og s\u00e1 hvar tv\u00e6r konur komu fram, og st\u00f3\u00f0 vindur undir v\u00e6ngi \u00feeim; \u00fev\u00ed \u00fe\u00e6r h\u00f6f\u00f0u v\u00e6ngi, sem hegrav\u00e6ngi, og h\u00f3fu \u00fe\u00e6r s\u00e1ldi\u00f0 upp milli jar\u00f0ar og himins.<a name=\"10\"><span class=\"versanumer\">10<\/span><\/a>\u00de\u00e1 spur\u00f0a eg engilinn, sem vi\u00f0 mig tala\u00f0i: hv\u00f6rt \u00e6tla \u00feessar konur a\u00f0 fara me\u00f0 m\u00e6lis\u00e1ldi\u00f0?<a name=\"11\"><span class=\"versanumer\">11<\/span><\/a>Hann svara\u00f0i m\u00e9r: \u00fe\u00e6r \u00e6tla a\u00f0 byggja henni h\u00fas \u00ed landinu S\u00ednear <span class='VideyAth'>b)<\/span>; \u00fear skal h\u00fas ver\u00f0a byggt handa henni, og h\u00fan sett ver\u00f0a \u00e1 sinn b\u00f3lsta\u00f0.<\/p>\n<div class=\"footnoteVidey\">V. 11. b. \u00de. e. \u00ed Babelslandi.<\/div>\n","protected":false},"excerpt":{"rendered":"<p>Sj\u00f3n um b\u00f3kfell og m\u00e6liask \u00fatsk\u00fdr\u00f0. 1Eg h\u00f3f upp aftur m\u00edn augu, og bar \u00fe\u00e1 fyrir mig b\u00f3kfell, sem var \u00e1 flugi.2Hann sag\u00f0i til m\u00edn: hva\u00f0 s\u00e9r \u00fe\u00fa? Eg svara\u00f0i: eg s\u00e9 b\u00f3kfell \u00e1 flugi, tuttugu \u00e1lna langt og t\u00edu \u00e1lna breitt.3Hann sag\u00f0i til m\u00edn: \u00feetta er s\u00fa b\u00f6lvan, sem \u00fat gengur yfir gj\u00f6rvallt landi\u00f0: s\u00e9rhv\u00f6r, sem stelur, skal, eftir \u00fev\u00ed sem stendur annarsvegar \u00e1 skjalinu, ver\u00f0a uppr\u00e6ttur \u00far landinu, og eftir \u00fev\u00ed sem stendur hinsvegar, skal s\u00e9rhv\u00f6r, sem vinnur meins\u00e6ri, \u00far landinu uppr\u00e6ttur ver\u00f0a.4Eg l\u00e9t b\u00f6lvanina \u00fat fara, segir Drottinn allsherjar, til \u00feess h\u00fan komi inn \u00ed h\u00fas \u00fej\u00f3fsins, <a href=\"https:\/\/biblian.is\/videy\/sakaria-5-kafli\/\"> [&#8230;]<\/a><\/p>\n","protected":false},"author":1,"featured_media":0,"parent":0,"menu_order":0,"comment_status":"open","ping_status":"open","template":"bibliukaflar.php","meta":{"footnotes":""},"class_list":["post-21765","page","type-page","status-publish","hentry"],"_links":{"self":[{"href":"https:\/\/biblian.is\/videy\/wp-json\/wp\/v2\/pages\/21765","targetHints":{"allow":["GET"]}}],"collection":[{"href":"https:\/\/biblian.is\/videy\/wp-json\/wp\/v2\/pages"}],"about":[{"href":"https:\/\/biblian.is\/videy\/wp-json\/wp\/v2\/types\/page"}],"author":[{"embeddable":true,"href":"https:\/\/biblian.is\/videy\/wp-json\/wp\/v2\/users\/1"}],"replies":[{"embeddable":true,"href":"https:\/\/biblian.is\/videy\/wp-json\/wp\/v2\/comments?post=21765"}],"version-history":[{"count":0,"href":"https:\/\/biblian.is\/videy\/wp-json\/wp\/v2\/pages\/21765\/revisions"}],"wp:attachment":[{"href":"https:\/\/biblian.is\/videy\/wp-json\/wp\/v2\/media?parent=21765"}],"curies":[{"name":"wp","href":"https:\/\/api.w.org\/{rel}","templated":true}]}}