{"id":21764,"date":"2018-01-02T01:03:52","date_gmt":"2018-01-02T01:03:52","guid":{"rendered":"http:\/\/biblian.is\/videy\/sakaria-4-kafli\/"},"modified":"2018-01-02T01:03:52","modified_gmt":"2018-01-02T01:03:52","slug":"sakaria-4-kafli","status":"publish","type":"page","link":"https:\/\/biblian.is\/videy\/sakaria-4-kafli\/","title":{"rendered":"Sakar\u00eda 4. kafli"},"content":{"rendered":"<div class=\"fyrirsognVidey\">Lj\u00f3sastikan og vi\u00f0smj\u00f6rstr\u00e9n; \u00fe\u00fd\u00f0ing \u00feeirrar s\u00fdnar.<\/div>\n<p><a name=\"1\"><span class=\"versanumer\">1<\/span><\/a>Engill s\u00e1, er vi\u00f0 mig tala\u00f0i, vakti mig a\u00f0 n\u00fdju, eins og \u00feann mann, sem af svefni er vakinn;<a name=\"2\"><span class=\"versanumer\">2<\/span><\/a>og hann sag\u00f0i til m\u00edn: hva\u00f0 s\u00e9r \u00fe\u00fa? Eg svara\u00f0i: eg s\u00e9 lj\u00f3sastiku, og er \u00f6ll af gulli; uppi yfir henni er vi\u00f0smj\u00f6rssk\u00e1l, en sj\u00f6 lampar \u00e1 stikunni, og ganga sj\u00f6 p\u00edpur a\u00f0 hv\u00f6rjum lampa, sem er \u00e1 lj\u00f3sastikunni;<a name=\"3\"><span class=\"versanumer\">3<\/span><\/a>tv\u00f6 vi\u00f0smj\u00f6rstr\u00e9 standa hj\u00e1 lj\u00f3sastikunni, anna\u00f0 h\u00e6gramegin vi\u00f0 vi\u00f0smj\u00f6rssk\u00e1lina, hitt vinstramegin.<a name=\"4\"><span class=\"versanumer\">4<\/span><\/a>Eg t\u00f3k \u00fe\u00e1 til or\u00f0a, og spur\u00f0i engilinn, sem vi\u00f0 mig tala\u00f0i: hva\u00f0 er \u00feetta, herra?<a name=\"5\"><span class=\"versanumer\">5<\/span><\/a>Engillinn sem vi\u00f0 mig tala\u00f0i, svara\u00f0i og sag\u00f0i til m\u00edn: veistu ekki, hva\u00f0 \u00feetta er? Eg sag\u00f0i: nei, herra!<a name=\"6\"><span class=\"versanumer\">6<\/span><\/a>Hann svara\u00f0i, og tala\u00f0i til m\u00edn \u00feessum or\u00f0um: \u00feetta er or\u00f0 Drottins til Ser\u00fababels: \u201eekki me\u00f0 valdi e\u00f0a afli, heldur me\u00f0 m\u00ednum gu\u00f0d\u00f3mskrafti\u201c, segir Drottinn allsherjar.<a name=\"7\"><span class=\"versanumer\">7<\/span><\/a>Hva\u00f0 ert\u00fa, hi\u00f0 st\u00f3ra fjall fyrir framan Ser\u00fababel? \u00de\u00fa skalt ver\u00f0a a\u00f0 jafnsl\u00e9ttu! og hann skal f\u00e6ra upp h\u00f6fu\u00f0steininn <span class='VideyAth'>(leggja hyrningarsteininn)<\/span>, og \u00fe\u00e1 skal vi\u00f0 kve\u00f0a fagna\u00f0ar\u00f3p: heill veri honum! heill veri honum!<a name=\"8\"><span class=\"versanumer\">8<\/span><\/a>Drottinn tala\u00f0i til m\u00edn \u00feessum or\u00f0um:<a name=\"9\"><span class=\"versanumer\">9<\/span><\/a>Hendur Ser\u00fababels hafa lagt grundv\u00f6ll \u00feessa h\u00fass, hans hendur skulu og fullgj\u00f6ra \u00fea\u00f0; og \u00fe\u00e1 skaltu vi\u00f0urkenna, a\u00f0 Drottinn allsherjar hefir sent mig til y\u00f0ar.<a name=\"10\"><span class=\"versanumer\">10<\/span><\/a>\u00dev\u00ed hv\u00f6r vill l\u00edtilsvir\u00f0a \u00feenna dag, \u00fe\u00f3 me\u00f0 l\u00edti\u00f0 s\u00e9 byrja\u00f0? \u00deegar \u00fe\u00edn sj\u00f6 <span class='VideyAth'>(augun)<\/span> horfa me\u00f0 gle\u00f0i \u00e1 bl\u00fdl\u00f3\u00f0i\u00f0 \u00ed hendi Ser\u00fababels, augu Drottins, er l\u00edta yfir gj\u00f6rvalla j\u00f6r\u00f0ina.<a name=\"11\"><span class=\"versanumer\">11<\/span><\/a>En fremur spur\u00f0i eg hann: hva\u00f0 eru \u00feessi tv\u00f6 vi\u00f0smj\u00f6rstr\u00e9, h\u00e6gra- og vinstramegin lj\u00f3sastikunnar?<a name=\"12\"><span class=\"versanumer\">12<\/span><\/a>Eg spur\u00f0i hann \u00ed anna\u00f0 sinn, og sag\u00f0i til hans: hva\u00f0 eru \u00fe\u00e6r tv\u00e6r vi\u00f0smj\u00f6rsvi\u00f0argreinir, sem eru vi\u00f0 hli\u00f0ina \u00e1 \u00feeim tveimur gullp\u00edpum, er l\u00e1ta gulli\u00f0 streyma \u00fat \u00far s\u00e9r?<a name=\"13\"><span class=\"versanumer\">13<\/span><\/a>Hann sag\u00f0i til m\u00edn: veist\u00fa ekki, hva\u00f0 \u00fe\u00e6r eru? Eg svara\u00f0i: nei, herra!<a name=\"14\"><span class=\"versanumer\">14<\/span><\/a>\u00de\u00e1 m\u00e6lti hann: \u00fea\u00f0 eru \u00feeir tveir smur\u00f0u h\u00f6f\u00f0ingjar <span class='VideyAth'>(menn) a)<\/span>, sem standa frammi fyrir Drottni allrar jar\u00f0arinnar.<\/p>\n<div class=\"footnoteVidey\">V. 14. a. Hebr. \u00deeir tveir vi\u00f0smj\u00f6rssynir; l\u00edklega meinast \u00feeir J\u00f3s\u00faa og Ser\u00fababel.<\/div>\n","protected":false},"excerpt":{"rendered":"<p>Lj\u00f3sastikan og vi\u00f0smj\u00f6rstr\u00e9n; \u00fe\u00fd\u00f0ing \u00feeirrar s\u00fdnar. 1Engill s\u00e1, er vi\u00f0 mig tala\u00f0i, vakti mig a\u00f0 n\u00fdju, eins og \u00feann mann, sem af svefni er vakinn;2og hann sag\u00f0i til m\u00edn: hva\u00f0 s\u00e9r \u00fe\u00fa? Eg svara\u00f0i: eg s\u00e9 lj\u00f3sastiku, og er \u00f6ll af gulli; uppi yfir henni er vi\u00f0smj\u00f6rssk\u00e1l, en sj\u00f6 lampar \u00e1 stikunni, og ganga sj\u00f6 p\u00edpur a\u00f0 hv\u00f6rjum lampa, sem er \u00e1 lj\u00f3sastikunni;3tv\u00f6 vi\u00f0smj\u00f6rstr\u00e9 standa hj\u00e1 lj\u00f3sastikunni, anna\u00f0 h\u00e6gramegin vi\u00f0 vi\u00f0smj\u00f6rssk\u00e1lina, hitt vinstramegin.4Eg t\u00f3k \u00fe\u00e1 til or\u00f0a, og spur\u00f0i engilinn, sem vi\u00f0 mig tala\u00f0i: hva\u00f0 er \u00feetta, herra?5Engillinn sem vi\u00f0 mig tala\u00f0i, svara\u00f0i og sag\u00f0i til m\u00edn: veistu ekki, hva\u00f0 <a href=\"https:\/\/biblian.is\/videy\/sakaria-4-kafli\/\"> [&#8230;]<\/a><\/p>\n","protected":false},"author":1,"featured_media":0,"parent":0,"menu_order":0,"comment_status":"open","ping_status":"open","template":"bibliukaflar.php","meta":{"footnotes":""},"class_list":["post-21764","page","type-page","status-publish","hentry"],"_links":{"self":[{"href":"https:\/\/biblian.is\/videy\/wp-json\/wp\/v2\/pages\/21764","targetHints":{"allow":["GET"]}}],"collection":[{"href":"https:\/\/biblian.is\/videy\/wp-json\/wp\/v2\/pages"}],"about":[{"href":"https:\/\/biblian.is\/videy\/wp-json\/wp\/v2\/types\/page"}],"author":[{"embeddable":true,"href":"https:\/\/biblian.is\/videy\/wp-json\/wp\/v2\/users\/1"}],"replies":[{"embeddable":true,"href":"https:\/\/biblian.is\/videy\/wp-json\/wp\/v2\/comments?post=21764"}],"version-history":[{"count":0,"href":"https:\/\/biblian.is\/videy\/wp-json\/wp\/v2\/pages\/21764\/revisions"}],"wp:attachment":[{"href":"https:\/\/biblian.is\/videy\/wp-json\/wp\/v2\/media?parent=21764"}],"curies":[{"name":"wp","href":"https:\/\/api.w.org\/{rel}","templated":true}]}}