{"id":21762,"date":"2018-01-02T01:03:52","date_gmt":"2018-01-02T01:03:52","guid":{"rendered":"http:\/\/biblian.is\/videy\/sakaria-2-kafli\/"},"modified":"2018-01-02T01:03:52","modified_gmt":"2018-01-02T01:03:52","slug":"sakaria-2-kafli","status":"publish","type":"page","link":"https:\/\/biblian.is\/videy\/sakaria-2-kafli\/","title":{"rendered":"Sakar\u00eda 2. kafli"},"content":{"rendered":"<div class=\"fyrirsognVidey\">Sakar\u00eda s\u00e9r fj\u00f6gur horn og fj\u00f3ra smi\u00f0i, er t\u00e1kna, a\u00f0 m\u00f3tst\u00f6\u00f0umenn Gu\u00f0s safna\u00f0ar skuli af \u00e6\u00f0ra krafti sigra\u00f0ir ver\u00f0a; hann s\u00e9r m\u00e6li\u00fer\u00e1\u00f0, sem merkir a\u00f0 Gu\u00f0 vilji sj\u00e1lfur vernda Jer\u00fasalemsborg; hann upphvetur Gy\u00f0inga, sem eftir voru \u00ed Babel, a\u00f0 koma heim; sp\u00e1ir, a\u00f0 hei\u00f0ingjar muni sameina\u00f0ir ver\u00f0a vi\u00f0 Gu\u00f0s f\u00f3lk.<\/div>\n<p><a name=\"1\"><span class=\"versanumer\">1<\/span><\/a>\u00de\u00e1 h\u00f3f eg upp augu m\u00edn, og s\u00e1 hvar fj\u00f6gur horn voru.<a name=\"2\"><span class=\"versanumer\">2<\/span><\/a>Eg spur\u00f0i engilinn, er vi\u00f0 mig tala\u00f0i: hva\u00f0 eru \u00feessi? Hann svara\u00f0i m\u00e9r: \u00feetta eru \u00feau horn, er tv\u00edstra\u00f0 hafa J\u00fadar\u00edkis m\u00f6nnum, \u00cdsraelsm\u00f6nnum og Jer\u00fasalemsborgar innbyggjendum.<a name=\"3\"><span class=\"versanumer\">3<\/span><\/a>\u00dev\u00ed n\u00e6st l\u00e9t Drottinn mig sj\u00e1 fj\u00f3ra smi\u00f0i.<a name=\"4\"><span class=\"versanumer\">4<\/span><\/a>Eg spur\u00f0i til hv\u00f6rs eru \u00feessir komnir? Hann svara\u00f0i: \u00feessir eru komnir til a\u00f0 hr\u00e6\u00f0a \u00feau horn, sem tv\u00edstru\u00f0u J\u00fadar\u00edkis m\u00f6nnum, svo a\u00f0 enginn \u00feeirra m\u00e1tti um frj\u00e1lst h\u00f6fu\u00f0 strj\u00faka, og til a\u00f0 ni\u00f0urvarpa hornum \u00feeirra \u00fej\u00f3\u00f0a, er reistu horn gegn J\u00fadalandi, til a\u00f0 tv\u00edstra \u00fev\u00ed. <br \/><a name=\"5\"><span class=\"versanumer\">5<\/span><\/a>Enn h\u00f3f eg upp augu m\u00edn, bar \u00fe\u00e1 fyrir mig s\u00fdn: eg s\u00e1 mann, sem h\u00e9lt \u00e1 m\u00e6li\u00fer\u00e6\u00f0i \u00ed hendi s\u00e9r.<a name=\"6\"><span class=\"versanumer\">6<\/span><\/a>Eg spur\u00f0i <span class='VideyAth'>(\u00feenna mann)<\/span>: hv\u00f6rt \u00e6tlar \u00fe\u00fa? Hann svara\u00f0i m\u00e9r: eg fer a\u00f0 m\u00e6la Jer\u00fasalemsborg, til a\u00f0 vita hv\u00f6rsu brei\u00f0 og hv\u00f6rsu l\u00f6ng h\u00fan er.<a name=\"7\"><span class=\"versanumer\">7<\/span><\/a>En er engill s\u00e1, er vi\u00f0 mig tala\u00f0i, gekk fram <span class='VideyAth'>(\u00far sk\u00f3ginum)<\/span>, m\u00e6tti hann \u00f6\u00f0rum engli,<a name=\"8\"><span class=\"versanumer\">8<\/span><\/a>og sag\u00f0i til hans: breg\u00f0 vi\u00f0 skj\u00f3tt, tala \u00fe\u00fa til \u00feessa hins unga manns, og seg: Jer\u00fasalemsborg skal vera m\u00farveggjalaus, s\u00f6kum \u00feess fj\u00f6lda manna og skepna, sem \u00ed borginni skal vera;<a name=\"9\"><span class=\"versanumer\">9<\/span><\/a>en eg vil vera sem eldveggur umhverfis um hana, segir Drottinn, og \u00ed mi\u00f0ri borginni skal eg s\u00fdna mig d\u00fdr\u00f0legan.<br \/><a name=\"10\"><span class=\"versanumer\">10<\/span><\/a>Upp, upp! Fl\u00fdi\u00f0 \u00far Nor\u00f0urlandinu <span class='VideyAth'>a)<\/span>, segir Drottinn, \u00fev\u00ed eg vil \u00fatbrei\u00f0a y\u00f0ur eftir himinsins fj\u00f3rum h\u00f6fu\u00f0\u00e1ttum, segir Drottinn.<a name=\"11\"><span class=\"versanumer\">11<\/span><\/a>Upp, S\u00edonsbyggjar, \u00fe\u00e9r sem b\u00fai\u00f0 \u00ed Babelsborg! for\u00f0i\u00f0 y\u00f0ur!<a name=\"12\"><span class=\"versanumer\">12<\/span><\/a>\u00dev\u00ed svo segir Drottinn allsherjar: \u201en\u00fa er vegsemd \u00ed v\u00e6ndum\u201c. Hann hefir sent mig til hei\u00f0ingjanna, sem r\u00e6ntu y\u00f0ur; \u00fev\u00ed hv\u00f6r sem y\u00f0ur snertir, s\u00e1 snertir hans augastein.<a name=\"13\"><span class=\"versanumer\">13<\/span><\/a>\u00dev\u00ed sj\u00e1, eg breg\u00f0 hendi minni yfir \u00fe\u00e1, og \u00fe\u00e1 skulu \u00feeir ver\u00f0a \u00cdsraelsm\u00f6nnum a\u00f0 herfangi; og \u00fe\u00e1 skulu\u00f0 \u00fe\u00e9r vi\u00f0urkenna, a\u00f0 Drottinn allsherjar hefir sent mig.<a name=\"14\"><span class=\"versanumer\">14<\/span><\/a>kyrja upp og fagna, S\u00edons d\u00f3ttir! \u00fev\u00ed sj\u00e1 \u00fe\u00fa, eg kem, og vil b\u00faa mitt \u00ed \u00fe\u00e9r, segir Drottinn.<br \/><a name=\"15\"><span class=\"versanumer\">15<\/span><\/a>\u00c1 \u00feeim degi skulu Drottni b\u00e6tast margir hei\u00f0ingjar, og \u00feeir skulu vera sem mitt eigi\u00f0 f\u00f3lk; eg vil b\u00faa mitt \u00e1 me\u00f0al \u00fe\u00edn, og \u00fe\u00fa skalt vi\u00f0urkenna, a\u00f0 Drottinn allsherjar hefir sent mig til \u00fe\u00edn.<a name=\"16\"><span class=\"versanumer\">16<\/span><\/a>\u00de\u00e1 skal Drottinn eignast J\u00fadar\u00edki \u00ed sinn hlut \u00ed hinu heilaga landi, og hann skal enn n\u00fa hafa vel\u00fe\u00f3knun \u00e1 Jer\u00fasalemsborg.<a name=\"17\"><span class=\"versanumer\">17<\/span><\/a>\u00deegi allar skepnur fyrir augliti Drottins, \u00feegar hann gengur fram af s\u00ednum heilaga b\u00fasta\u00f0!<\/p>\n<div class=\"footnoteVidey\"><\/div>\n","protected":false},"excerpt":{"rendered":"<p>Sakar\u00eda s\u00e9r fj\u00f6gur horn og fj\u00f3ra smi\u00f0i, er t\u00e1kna, a\u00f0 m\u00f3tst\u00f6\u00f0umenn Gu\u00f0s safna\u00f0ar skuli af \u00e6\u00f0ra krafti sigra\u00f0ir ver\u00f0a; hann s\u00e9r m\u00e6li\u00fer\u00e1\u00f0, sem merkir a\u00f0 Gu\u00f0 vilji sj\u00e1lfur vernda Jer\u00fasalemsborg; hann upphvetur Gy\u00f0inga, sem eftir voru \u00ed Babel, a\u00f0 koma heim; sp\u00e1ir, a\u00f0 hei\u00f0ingjar muni sameina\u00f0ir ver\u00f0a vi\u00f0 Gu\u00f0s f\u00f3lk. 1\u00de\u00e1 h\u00f3f eg upp augu m\u00edn, og s\u00e1 hvar fj\u00f6gur horn voru.2Eg spur\u00f0i engilinn, er vi\u00f0 mig tala\u00f0i: hva\u00f0 eru \u00feessi? Hann svara\u00f0i m\u00e9r: \u00feetta eru \u00feau horn, er tv\u00edstra\u00f0 hafa J\u00fadar\u00edkis m\u00f6nnum, \u00cdsraelsm\u00f6nnum og Jer\u00fasalemsborgar innbyggjendum.3\u00dev\u00ed n\u00e6st l\u00e9t Drottinn mig sj\u00e1 fj\u00f3ra smi\u00f0i.4Eg spur\u00f0i til hv\u00f6rs eru \u00feessir komnir? <a href=\"https:\/\/biblian.is\/videy\/sakaria-2-kafli\/\"> [&#8230;]<\/a><\/p>\n","protected":false},"author":1,"featured_media":0,"parent":0,"menu_order":0,"comment_status":"open","ping_status":"open","template":"bibliukaflar.php","meta":{"footnotes":""},"class_list":["post-21762","page","type-page","status-publish","hentry"],"_links":{"self":[{"href":"https:\/\/biblian.is\/videy\/wp-json\/wp\/v2\/pages\/21762","targetHints":{"allow":["GET"]}}],"collection":[{"href":"https:\/\/biblian.is\/videy\/wp-json\/wp\/v2\/pages"}],"about":[{"href":"https:\/\/biblian.is\/videy\/wp-json\/wp\/v2\/types\/page"}],"author":[{"embeddable":true,"href":"https:\/\/biblian.is\/videy\/wp-json\/wp\/v2\/users\/1"}],"replies":[{"embeddable":true,"href":"https:\/\/biblian.is\/videy\/wp-json\/wp\/v2\/comments?post=21762"}],"version-history":[{"count":0,"href":"https:\/\/biblian.is\/videy\/wp-json\/wp\/v2\/pages\/21762\/revisions"}],"wp:attachment":[{"href":"https:\/\/biblian.is\/videy\/wp-json\/wp\/v2\/media?parent=21762"}],"curies":[{"name":"wp","href":"https:\/\/api.w.org\/{rel}","templated":true}]}}