{"id":21761,"date":"2018-01-02T01:03:52","date_gmt":"2018-01-02T01:03:52","guid":{"rendered":"http:\/\/biblian.is\/videy\/sakaria-1-kafli\/"},"modified":"2018-01-02T01:03:52","modified_gmt":"2018-01-02T01:03:52","slug":"sakaria-1-kafli","status":"publish","type":"page","link":"https:\/\/biblian.is\/videy\/sakaria-1-kafli\/","title":{"rendered":"Sakar\u00eda 1. kafli"},"content":{"rendered":"<div class=\"fyrirsognVidey\">Sakar\u00edas (Esd. 5,1. 6,14) varar Gy\u00f0inga vi\u00f0 vondum d\u00e6mum forfe\u00f0ra \u00feeirra; f\u00e6r \u00ed einni s\u00fdn vitrun um uppbyggingu musterisins.<\/div>\n<p><a name=\"1\"><span class=\"versanumer\">1<\/span><\/a>\u00c1 \u00e1ttunda m\u00e1nu\u00f0i annars \u00e1rs Dar\u00ed\u00ed, tala\u00f0i Drottinn \u00feessum or\u00f0um til sp\u00e1mannsins Sakar\u00edass Barak\u00edasonar, Idd\u00f3sonar:<a name=\"2\"><span class=\"versanumer\">2<\/span><\/a>Drottinn var st\u00f3rlega rei\u00f0ur forfe\u00f0rum y\u00f0ar.<a name=\"3\"><span class=\"versanumer\">3<\/span><\/a>Seg \u00feess vegna til <span class='VideyAth'>(ni\u00f0ja)<\/span> \u00feeirra: Svo segir Drottinn allsherjar: sn\u00fai\u00f0 y\u00f0ur til m\u00edn, segir Drottinn allsherjar, \u00fe\u00e1 vil eg sn\u00faa m\u00e9r til y\u00f0ar, segir Drottinn allsherjar.<a name=\"4\"><span class=\"versanumer\">4<\/span><\/a>Veri\u00f0 ekki sem forfe\u00f0ur y\u00f0ar, sem hinir fyrri sp\u00e1menn \u00e1minntu me\u00f0 svofelldum or\u00f0um, \u201esvo segir Drottinn alvaldur, sn\u00fai\u00f0 y\u00f0ur fr\u00e1 y\u00f0ar vondum vegum og fr\u00e1 y\u00f0ar illum ath\u00f6fnum\u201c, en hl\u00fdddu \u00fe\u00f3 ekki, og g\u00e1fu \u00f6ngvan gaum a\u00f0 m\u00e9r, segir Drottinn.<a name=\"5\"><span class=\"versanumer\">5<\/span><\/a>Y\u00f0ar fe\u00f0ur, hvar eru \u00feeir?<a name=\"6\"><span class=\"versanumer\">6<\/span><\/a>En m\u00edn or\u00f0 og atkv\u00e6\u00f0i, \u00feau er eg l\u00e9t m\u00edna \u00fej\u00f3na, sp\u00e1mennina kunngj\u00f6ra, hafa \u00feau ekki komi\u00f0 fram \u00e1 forfe\u00f0rum y\u00f0rum? svo \u00feeir hef\u00f0u m\u00e1tt sn\u00faa s\u00e9r og segja: \u201eeins og Drottinn allsherjar haf\u00f0i \u00e1sett s\u00e9r a\u00f0 gj\u00f6ra vi\u00f0 oss eftir vorri breytni og ath\u00f6fnum vorum, eins hefir hann og vi\u00f0 oss gj\u00f6rt.\u201c<br \/><a name=\"7\"><span class=\"versanumer\">7<\/span><\/a>\u00c1 hinum tuttugasta og fj\u00f3r\u00f0a degi hins ellefta m\u00e1na\u00f0ar, \u00fea\u00f0 er m\u00e1nu\u00f0urinn sebat, \u00e1 \u00f6\u00f0ru \u00e1ri Dar\u00ed\u00ed, \u00fatgekk or\u00f0 Drottins til Sakar\u00edass sp\u00e1manns Barak\u00edasonar, Idd\u00f3sonar, \u00e1 \u00feenna h\u00e1tt:<a name=\"8\"><span class=\"versanumer\">8<\/span><\/a>Eg s\u00e1 s\u00fdn \u00e1 n\u00e1ttar\u00feeli, og s\u00e1 hvar ma\u00f0ur nokkur sat \u00e1 rau\u00f0um hesti, hann h\u00e9lt kyrru fyrir \u00e1 me\u00f0al myrtustrj\u00e1nna \u00ed dalverpi nokkuru; a\u00f0 baki honum voru rau\u00f0ir, jarpir og hv\u00edtir hestar.<a name=\"9\"><span class=\"versanumer\">9<\/span><\/a>\u00de\u00e1 spur\u00f0i eg: hv\u00f6rjir eru \u00feessir, herra? engill s\u00e1, er vi\u00f0 mig tala\u00f0i, sag\u00f0i til m\u00edn: eg skal s\u00fdna \u00fe\u00e9r, hv\u00f6rjir \u00feessir eru.<a name=\"10\"><span class=\"versanumer\">10<\/span><\/a>\u00de\u00e1 svara\u00f0i ma\u00f0urinn, sem h\u00e9lt kyrru fyrir me\u00f0al myrtustrj\u00e1nna, og sag\u00f0i: \u00feessir eru \u00feeir, er Drottinn hefir sent til a\u00f0 fara \u00fat um ver\u00f6ldina.<a name=\"11\"><span class=\"versanumer\">11<\/span><\/a><span class='VideyAth'>(\u00deessir menn)<\/span> sv\u00f6ru\u00f0u \u00fe\u00e1 engli Drottins, \u00feeim er h\u00e9lt kyrru fyrir me\u00f0al myrtustrj\u00e1nna, og s\u00f6g\u00f0u: v\u00e9r h\u00f6fum fari\u00f0 um alla ver\u00f6ldina, og sj\u00e1, \u00f6ll j\u00f6r\u00f0in er \u00ed r\u00f3 og kyrr\u00f0.<a name=\"12\"><span class=\"versanumer\">12<\/span><\/a>\u00de\u00e1 svara\u00f0i engill Drottins og sag\u00f0i: hve lengi skal \u00fea\u00f0 vara, a\u00f0 \u00fe\u00fa ekki miskunnir \u00feig yfir Jer\u00fasalemsborg og yfir borgir J\u00fadar\u00edkis, hv\u00f6rjum \u00fe\u00fa hefir rei\u00f0ur veri\u00f0 \u00feessi sj\u00f6t\u00edu \u00e1r?<a name=\"13\"><span class=\"versanumer\">13<\/span><\/a>Drottinn svara\u00f0i \u00feeim engli, er vi\u00f0 mig tala\u00f0i, me\u00f0 bl\u00ed\u00f0um or\u00f0um og huggunarr\u00edkum.<a name=\"14\"><span class=\"versanumer\">14<\/span><\/a>Engillinn, sem vi\u00f0 mig tala\u00f0i, sag\u00f0i \u00fe\u00e1 til m\u00edn: kunngj\u00f6r og seg: Svo segir Drottinn allsherjar: eg vil r\u00e9tta hlut Jer\u00fasalemsborgar og S\u00edonsfjalls me\u00f0 st\u00f3rri vandl\u00e6tingu;<a name=\"15\"><span class=\"versanumer\">15<\/span><\/a>en eg er st\u00f3rum rei\u00f0ur hinum andvaralausu hei\u00f0ingjum: \u00fev\u00ed \u00feegar eg l\u00e9t <span class='VideyAth'>(Gy\u00f0inga)<\/span> kenna l\u00edti\u00f0 eitt \u00e1 rei\u00f0i minni, \u00fe\u00e1 juku \u00feeir \u00e1 b\u00f6l \u00feeirra.<a name=\"16\"><span class=\"versanumer\">16<\/span><\/a>\u00deess vegna segir Drottinn svo: eg hefi sn\u00fai\u00f0 m\u00e9r miskunnsamlega til Jer\u00fasalemsborgar; \u00fear skal h\u00fas mitt ver\u00f0a upp byggt, segir Drottinn allsherjar, og m\u00e6li\u00fer\u00e1\u00f0ur lag\u00f0ur ver\u00f0a yfir Jer\u00fasalemsborg.<a name=\"17\"><span class=\"versanumer\">17<\/span><\/a>Kunngj\u00f6r enn fremur, og seg: Svo segir Drottinn allsherjar: m\u00ednar borgir skulu a\u00f0 n\u00fdju flj\u00f3ta \u00ed g\u00e6\u00f0um; Drottinn mun aftur miskunna sig yfir S\u00edonsfjall, og vill enn hafa vel\u00fe\u00f3knun \u00e1 Jer\u00fasalemsborg.<\/p>\n<div class=\"footnoteVidey\"><\/div>\n","protected":false},"excerpt":{"rendered":"<p>Sakar\u00edas (Esd. 5,1. 6,14) varar Gy\u00f0inga vi\u00f0 vondum d\u00e6mum forfe\u00f0ra \u00feeirra; f\u00e6r \u00ed einni s\u00fdn vitrun um uppbyggingu musterisins. 1\u00c1 \u00e1ttunda m\u00e1nu\u00f0i annars \u00e1rs Dar\u00ed\u00ed, tala\u00f0i Drottinn \u00feessum or\u00f0um til sp\u00e1mannsins Sakar\u00edass Barak\u00edasonar, Idd\u00f3sonar:2Drottinn var st\u00f3rlega rei\u00f0ur forfe\u00f0rum y\u00f0ar.3Seg \u00feess vegna til (ni\u00f0ja) \u00feeirra: Svo segir Drottinn allsherjar: sn\u00fai\u00f0 y\u00f0ur til m\u00edn, segir Drottinn allsherjar, \u00fe\u00e1 vil eg sn\u00faa m\u00e9r til y\u00f0ar, segir Drottinn allsherjar.4Veri\u00f0 ekki sem forfe\u00f0ur y\u00f0ar, sem hinir fyrri sp\u00e1menn \u00e1minntu me\u00f0 svofelldum or\u00f0um, \u201esvo segir Drottinn alvaldur, sn\u00fai\u00f0 y\u00f0ur fr\u00e1 y\u00f0ar vondum vegum og fr\u00e1 y\u00f0ar illum ath\u00f6fnum\u201c, en hl\u00fdddu \u00fe\u00f3 ekki, og g\u00e1fu \u00f6ngvan gaum <a href=\"https:\/\/biblian.is\/videy\/sakaria-1-kafli\/\"> [&#8230;]<\/a><\/p>\n","protected":false},"author":1,"featured_media":0,"parent":0,"menu_order":0,"comment_status":"open","ping_status":"open","template":"bibliukaflar.php","meta":{"footnotes":""},"class_list":["post-21761","page","type-page","status-publish","hentry"],"_links":{"self":[{"href":"https:\/\/biblian.is\/videy\/wp-json\/wp\/v2\/pages\/21761","targetHints":{"allow":["GET"]}}],"collection":[{"href":"https:\/\/biblian.is\/videy\/wp-json\/wp\/v2\/pages"}],"about":[{"href":"https:\/\/biblian.is\/videy\/wp-json\/wp\/v2\/types\/page"}],"author":[{"embeddable":true,"href":"https:\/\/biblian.is\/videy\/wp-json\/wp\/v2\/users\/1"}],"replies":[{"embeddable":true,"href":"https:\/\/biblian.is\/videy\/wp-json\/wp\/v2\/comments?post=21761"}],"version-history":[{"count":0,"href":"https:\/\/biblian.is\/videy\/wp-json\/wp\/v2\/pages\/21761\/revisions"}],"wp:attachment":[{"href":"https:\/\/biblian.is\/videy\/wp-json\/wp\/v2\/media?parent=21761"}],"curies":[{"name":"wp","href":"https:\/\/api.w.org\/{rel}","templated":true}]}}