{"id":21760,"date":"2018-01-02T01:03:52","date_gmt":"2018-01-02T01:03:52","guid":{"rendered":"http:\/\/biblian.is\/videy\/haggai-2-kafli\/"},"modified":"2018-01-02T01:03:52","modified_gmt":"2018-01-02T01:03:52","slug":"haggai-2-kafli","status":"publish","type":"page","link":"https:\/\/biblian.is\/videy\/haggai-2-kafli\/","title":{"rendered":"Hagga\u00ed 2. kafli"},"content":{"rendered":"<div class=\"fyrirsognVidey\">Vegsemd hins s\u00ed\u00f0ara musteris. Hagga\u00ed s\u00fdnir, a\u00f0 f\u00f3rnf\u00e6ringar Gy\u00f0inga \u00e1 \u00fev\u00ed n\u00fdbygg\u00f0a brennif\u00f3rnaraltari\u00f0 (Esd. 3,1\u20133) g\u00e1tu ekki afsaka\u00f0 undandr\u00e1tt \u00feeirra me\u00f0 musteris bygginguna; \u00fatsk\u00fdrir or\u00f0 s\u00edn fyrir Ser\u00fababel.<\/div>\n<p><a name=\"1\"><span class=\"versanumer\">1<\/span><\/a>\u00c1 tuttugasta og fyrsta degi hins sj\u00f6unda m\u00e1na\u00f0ar tala\u00f0i Drottinn \u00feessi or\u00f0 til Hagga\u00ed sp\u00e1manns:<a name=\"2\"><span class=\"versanumer\">2<\/span><\/a>Tala \u00fe\u00fa \u00feessum or\u00f0um til Ser\u00fababels Sealt\u00edelssonar, landsh\u00f6f\u00f0ingja J\u00fadar\u00edkis og til J\u00f3s\u00faa J\u00f3sadakssonar, hins \u00e6\u00f0sta kennimanns, og til \u00feess f\u00f3lks, sem eftir er or\u00f0i\u00f0:<a name=\"3\"><span class=\"versanumer\">3<\/span><\/a>Hv\u00f6r er s\u00e1 af y\u00f0ur eftir or\u00f0inn, er s\u00e9\u00f0 hefir \u00feetta h\u00fas \u00ed sinni fyrri vegsemd? og hv\u00f6rsu vir\u00f0ist y\u00f0ur \u00fea\u00f0 n\u00fa? er \u00fea\u00f0 ekki einskisvert \u00ed y\u00f0ar augum hj\u00e1 hinu?<a name=\"4\"><span class=\"versanumer\">4<\/span><\/a>Vert samt hughraustur, Ser\u00fababel! segir Drottinn; vert \u00f6ruggur, J\u00f3s\u00faa J\u00f3sadaksson, hinn \u00e6\u00f0sti kennima\u00f0ur! segir Drottinn; haldi\u00f0 \u00e1fram verkinu, \u00fev\u00ed eg er me\u00f0 y\u00f0ur, segir Drottinn allsherjar,<a name=\"5\"><span class=\"versanumer\">5<\/span><\/a>samkv\u00e6mt \u00feeim s\u00e1ttm\u00e1la, er eg gj\u00f6r\u00f0i vi\u00f0 y\u00f0ur, \u00fe\u00e1 \u00fe\u00e9r f\u00f3ru\u00f0 \u00fat af Egyptalandi; minn andi skal vera me\u00f0al y\u00f0ar, \u00f3ttist eigi!<a name=\"6\"><span class=\"versanumer\">6<\/span><\/a>\u00fev\u00ed svo segir Drottinn allsherjar: innan skamms vil eg enn eitt sinn hr\u00e6ra himin og j\u00f6r\u00f0, sj\u00f3inn og \u00feurrlendi\u00f0;<a name=\"7\"><span class=\"versanumer\">7<\/span><\/a>j\u00e1, eg vil hr\u00e6ra allar \u00fej\u00f3\u00f0ir, svo a\u00f0 gersemar allra \u00fej\u00f3\u00f0a skulu hinga\u00f0 koma, og eg vil gj\u00f6ra \u00feetta h\u00fas hi\u00f0 d\u00fdr\u00f0legasta, segir Drottinn allsherjar;<a name=\"8\"><span class=\"versanumer\">8<\/span><\/a>mitt er silfri\u00f0, mitt er gulli\u00f0, segir Drottinn allsherjar.<a name=\"9\"><span class=\"versanumer\">9<\/span><\/a>D\u00fdr\u00f0 \u00feessa hins s\u00ed\u00f0ara h\u00fassins skal meiri vera, en hins fyrra var, segir Drottinn allsherjar; og \u00e1 \u00feessum sta\u00f0 vil eg fri\u00f0 gefa, segir Drottinn allsherjar. <br \/><a name=\"10\"><span class=\"versanumer\">10<\/span><\/a>\u00c1 tuttugasta og fj\u00f3r\u00f0a degi hins n\u00edunda m\u00e1na\u00f0ar, \u00e1 \u00f6\u00f0ru \u00e1ri Dar\u00ed\u00ed, tala\u00f0i Drottinn \u00feessum or\u00f0um til Hagga\u00ed sp\u00e1manns:<a name=\"11\"><span class=\"versanumer\">11<\/span><\/a>Svo segir Drottinn allsherjar: legg fyrir kennimennina svol\u00e1tandi lagaspurning:<a name=\"12\"><span class=\"versanumer\">12<\/span><\/a>\u201eef ma\u00f0ur ber heilagt kj\u00f6t <span class='VideyAth'>a)<\/span> \u00ed kyrtilskauti s\u00ednu, og snertir s\u00ed\u00f0an brau\u00f0, einhv\u00f6rn r\u00e9tt matar, v\u00edn, vi\u00f0smj\u00f6r, e\u00f0a nokku\u00f0 anna\u00f0 matarkyns me\u00f0 kyrtilskautinu, ver\u00f0ur \u00feetta \u00fe\u00e1 heilagt af \u00fev\u00ed? Kennimennirnir sv\u00f6ru\u00f0u og s\u00f6g\u00f0u: nei.<a name=\"13\"><span class=\"versanumer\">13<\/span><\/a>\u00de\u00e1 spur\u00f0i Hagga\u00ed: ef nokkur, sem or\u00f0inn er \u00f3hreinn, af \u00fev\u00ed hann hefir snorti\u00f0 l\u00edk, kemur vi\u00f0 eitthva\u00f0 af \u00feessu, ver\u00f0ur \u00fea\u00f0 \u00fe\u00e1 \u00f3hreint? Kennimennirnir sv\u00f6ru\u00f0u og s\u00f6g\u00f0u: j\u00e1, \u00fea\u00f0 ver\u00f0ur \u00f3hreint.<a name=\"14\"><span class=\"versanumer\">14<\/span><\/a>\u00de\u00e1 svara\u00f0i Hagga\u00ed og sag\u00f0i: eins er um \u00feetta f\u00f3lk og \u00feenna l\u00fd\u00f0, \u00ed m\u00ednum augum, segir Drottinn; eins er um allt, sem \u00feeir hafa teki\u00f0 s\u00e9r fyrir hendur a\u00f0 gj\u00f6ra, og \u00fea\u00f0 sem \u00feeir hafa f\u00f3rnf\u00e6rt \u00fear <span class='VideyAth'>a)<\/span>, \u00fea\u00f0 er \u00f3hreint.<a name=\"15\"><span class=\"versanumer\">15<\/span><\/a>Og n\u00fa, renni\u00f0 n\u00fa huga y\u00f0rum fr\u00e1 \u00feessum degi og til undanfarins t\u00edma, \u00e1\u00f0ur en steinn var lag\u00f0ur \u00e1 stein ofan \u00ed musteri Drottins:<a name=\"16\"><span class=\"versanumer\">16<\/span><\/a>k\u00e6mi nokkur, \u00e1\u00f0ur en \u00feetta var\u00f0, a\u00f0 kerfaskr\u00fafi, sem gj\u00f6ra skyldi tuttugu <span class='VideyAth'>(skeppur korns)<\/span>, \u00fe\u00e1 ur\u00f0u \u00fear t\u00edu; k\u00e6mi hann a\u00f0 v\u00ednlagarkeri, og \u00e6tla\u00f0i a\u00f0 ausa fimmt\u00edu <span class='VideyAth'>(k\u00f6nnur v\u00edns)<\/span> af v\u00edntr\u00f6\u00f0inni, \u00fe\u00e1 ur\u00f0u \u00fear eigi fleiri en tuttugu.<a name=\"17\"><span class=\"versanumer\">17<\/span><\/a>Eg senda y\u00f0ur \u00fe\u00e1 pl\u00e1gu, a\u00f0 korni\u00f0 svi\u00f0na\u00f0i og gulna\u00f0i, og allt y\u00f0ar andvirki var\u00f0 hagli losti\u00f0, og \u00fe\u00f3 sneri s\u00e9r enginn y\u00f0ar til m\u00edn, segir Drottinn.<a name=\"18\"><span class=\"versanumer\">18<\/span><\/a>Renni\u00f0 n\u00fa huga y\u00f0rum fr\u00e1 \u00feessum degi og til undanfarins t\u00edma, fr\u00e1 hinum tuttugasta og fj\u00f3r\u00f0a degi hins n\u00edunda m\u00e1na\u00f0ar; renni\u00f0 huga y\u00f0rum til \u00feess t\u00edma, sem li\u00f0i\u00f0 hefir fr\u00e1 \u00feeim degi a\u00f0 musteri Drottins var grundvalla\u00f0!<a name=\"19\"><span class=\"versanumer\">19<\/span><\/a>Eru enn \u00fe\u00e1 fr\u00e6korn \u00ed for\u00f0ab\u00farunum? Hv\u00f6rki v\u00ednvi\u00f0ur n\u00e9 f\u00edkjur, granatatr\u00e9 n\u00e9 vi\u00f0smj\u00f6rsvi\u00f0ur bera \u00e1v\u00f6xt! En upp fr\u00e1 \u00feessum degi vil eg blessun gefa.<br \/><a name=\"20\"><span class=\"versanumer\">20<\/span><\/a>\u00cd anna\u00f0 sinn tala\u00f0i Drottinn til Hagga\u00ed, hinn tuttugasta og fj\u00f3r\u00f0a dag sama m\u00e1na\u00f0ar, og sag\u00f0i:<a name=\"21\"><span class=\"versanumer\">21<\/span><\/a>Tala \u00fe\u00fa \u00feessum or\u00f0um til Ser\u00fababels, landsh\u00f6f\u00f0ingja \u00ed J\u00fadar\u00edki: Eg vil hr\u00e6ra himin og j\u00f6r\u00f0,<a name=\"22\"><span class=\"versanumer\">22<\/span><\/a>eg vil umvelta veldisst\u00f3lum konungsr\u00edkjanna, og \u00ed ey\u00f0i leggja hin voldugu r\u00edki \u00fej\u00f3\u00f0anna; eg vil umbylta v\u00f6gnum og \u00feeim sem \u00e1 \u00feeim sitja: hestar og riddarar skulu ni\u00f0ur falla, hv\u00f6r fyrir annars sver\u00f0i.<a name=\"23\"><span class=\"versanumer\">23<\/span><\/a>\u00c1 \u00feeim degi, segir Drottinn allsherjar, vil eg taka \u00feig, Ser\u00fababel Sealt\u00edelsson, minn \u00fej\u00f3n! og l\u00e1ta \u00feig vera sem annan innsiglis hring, \u00fev\u00ed eg hefi \u00fatvali\u00f0 \u00feig, segir Drottinn allsherjar.<\/p>\n<div class=\"footnoteVidey\">V. 12. a. Heilagt kj\u00f6t, \u00fe. e. f\u00f3rnarkj\u00f6t sem helga\u00f0ist af altarinu.<\/div>\n","protected":false},"excerpt":{"rendered":"<p>Vegsemd hins s\u00ed\u00f0ara musteris. Hagga\u00ed s\u00fdnir, a\u00f0 f\u00f3rnf\u00e6ringar Gy\u00f0inga \u00e1 \u00fev\u00ed n\u00fdbygg\u00f0a brennif\u00f3rnaraltari\u00f0 (Esd. 3,1\u20133) g\u00e1tu ekki afsaka\u00f0 undandr\u00e1tt \u00feeirra me\u00f0 musteris bygginguna; \u00fatsk\u00fdrir or\u00f0 s\u00edn fyrir Ser\u00fababel. 1\u00c1 tuttugasta og fyrsta degi hins sj\u00f6unda m\u00e1na\u00f0ar tala\u00f0i Drottinn \u00feessi or\u00f0 til Hagga\u00ed sp\u00e1manns:2Tala \u00fe\u00fa \u00feessum or\u00f0um til Ser\u00fababels Sealt\u00edelssonar, landsh\u00f6f\u00f0ingja J\u00fadar\u00edkis og til J\u00f3s\u00faa J\u00f3sadakssonar, hins \u00e6\u00f0sta kennimanns, og til \u00feess f\u00f3lks, sem eftir er or\u00f0i\u00f0:3Hv\u00f6r er s\u00e1 af y\u00f0ur eftir or\u00f0inn, er s\u00e9\u00f0 hefir \u00feetta h\u00fas \u00ed sinni fyrri vegsemd? og hv\u00f6rsu vir\u00f0ist y\u00f0ur \u00fea\u00f0 n\u00fa? er \u00fea\u00f0 ekki einskisvert \u00ed y\u00f0ar augum hj\u00e1 hinu?4Vert samt hughraustur, Ser\u00fababel! segir <a href=\"https:\/\/biblian.is\/videy\/haggai-2-kafli\/\"> [&#8230;]<\/a><\/p>\n","protected":false},"author":1,"featured_media":0,"parent":0,"menu_order":0,"comment_status":"open","ping_status":"open","template":"bibliukaflar.php","meta":{"footnotes":""},"class_list":["post-21760","page","type-page","status-publish","hentry"],"_links":{"self":[{"href":"https:\/\/biblian.is\/videy\/wp-json\/wp\/v2\/pages\/21760","targetHints":{"allow":["GET"]}}],"collection":[{"href":"https:\/\/biblian.is\/videy\/wp-json\/wp\/v2\/pages"}],"about":[{"href":"https:\/\/biblian.is\/videy\/wp-json\/wp\/v2\/types\/page"}],"author":[{"embeddable":true,"href":"https:\/\/biblian.is\/videy\/wp-json\/wp\/v2\/users\/1"}],"replies":[{"embeddable":true,"href":"https:\/\/biblian.is\/videy\/wp-json\/wp\/v2\/comments?post=21760"}],"version-history":[{"count":0,"href":"https:\/\/biblian.is\/videy\/wp-json\/wp\/v2\/pages\/21760\/revisions"}],"wp:attachment":[{"href":"https:\/\/biblian.is\/videy\/wp-json\/wp\/v2\/media?parent=21760"}],"curies":[{"name":"wp","href":"https:\/\/api.w.org\/{rel}","templated":true}]}}