{"id":21758,"date":"2018-01-02T01:03:52","date_gmt":"2018-01-02T01:03:52","guid":{"rendered":"http:\/\/biblian.is\/videy\/sefania-3-kafli\/"},"modified":"2018-01-02T01:03:52","modified_gmt":"2018-01-02T01:03:52","slug":"sefania-3-kafli","status":"publish","type":"page","link":"https:\/\/biblian.is\/videy\/sefania-3-kafli\/","title":{"rendered":"Sefan\u00eda 3. kafli"},"content":{"rendered":"<div class=\"fyrirsognVidey\">Seffan\u00edas l\u00fdsir si\u00f0aspillingu Gy\u00f0inga; \u00feeir vildu ekki skipast vi\u00f0 \u00fe\u00e6r \u00e1minningar og bendingar, sem Gu\u00f0 haf\u00f0i gefi\u00f0 \u00feeim, og \u00fev\u00ed hlaut hann a\u00f0 hegna \u00feeim. Miskunnsemi Gu\u00f0s vi\u00f0 sitt f\u00f3lk.<\/div>\n<p><a name=\"1\"><span class=\"versanumer\">1<\/span><\/a>Vei hinni \u00fever\u00fa\u00f0arfullu, saurgu\u00f0u og ofr\u00edkisfullu borg!<a name=\"2\"><span class=\"versanumer\">2<\/span><\/a>H\u00fan hl\u00fd\u00f0ir engum \u00e1minningum, h\u00fan tekur engri hirtingu; h\u00fan treystir ekki Drottni, og n\u00e1l\u00e6gir sig ekki Gu\u00f0i s\u00ednum.<a name=\"3\"><span class=\"versanumer\">3<\/span><\/a>H\u00f6f\u00f0ingjar \u00feeir, sem \u00ed borginni eru, eru sem grenjandi lj\u00f3n; d\u00f3mendur hennar eru sem \u00falfar \u00e1 kv\u00f6ldum, \u00feeir er ekkert leifa til morguns;<a name=\"4\"><span class=\"versanumer\">4<\/span><\/a>sp\u00e1menn hennar eru h\u00e9g\u00f3mlegir og trygg\u00f0arlausir menn; kennimennirnir vanhelga helgid\u00f3minn, og brj\u00e1la l\u00f6gm\u00e1linu. <br \/><a name=\"5\"><span class=\"versanumer\">5<\/span><\/a>Drottinn, hinn r\u00e9ttl\u00e1ti, er mitt \u00ed borginni; hann gj\u00f6rir ekkert rangt: \u00e1 morgni hv\u00f6rjum lei\u00f0ir hann sitt l\u00f6gm\u00e1l \u00ed lj\u00f3s, og l\u00e6tur \u00fea\u00f0 aldrei hj\u00e1 l\u00ed\u00f0a; en hinn \u00f3gu\u00f0legi kann ekki a\u00f0 skammast s\u00edn.<a name=\"6\"><span class=\"versanumer\">6<\/span><\/a>Eg afm\u00e1\u00f0i \u00fej\u00f3\u00f0irnar: \u00feeirra m\u00farveggir ur\u00f0u ni\u00f0urbrotnir: eg lag\u00f0i str\u00e6ti \u00feeirra \u00ed ey\u00f0i, svo \u00fear var enginn \u00e1 fer\u00f0: borgir \u00feeirra ur\u00f0u herja\u00f0ar, svo \u00fear fannst enginn ma\u00f0ur, og enginn bj\u00f3 \u00fear.<a name=\"7\"><span class=\"versanumer\">7<\/span><\/a>Eg sag\u00f0i: n\u00fa muntu vilja \u00f3ttast mig, n\u00fa muntu vilja l\u00e1ta \u00fe\u00e9r segjast, svo \u00feinn b\u00fasta\u00f0ur ver\u00f0i eigi afm\u00e1\u00f0ur, me\u00f0 \u00f6llu \u00fev\u00ed sem eg hefi gefi\u00f0 \u00fe\u00e9r! Nei, \u00fea\u00f0 er \u00f6\u00f0ru n\u00e6r! \u00feeir eru kostg\u00e6fir \u00ed \u00fev\u00ed a\u00f0 fremja alls konar illskuverk.<a name=\"8\"><span class=\"versanumer\">8<\/span><\/a>B\u00ed\u00f0i\u00f0 \u00feess vegna, segir Drottinn, eftir \u00feeim degi, \u00fe\u00e1 eg mun upp r\u00edsa til r\u00e1na; \u00fev\u00ed \u00fea\u00f0 er mitt \u00e1sett r\u00e1\u00f0, a\u00f0 eg vil samansafna \u00fej\u00f3\u00f0um og stefna saman konungar\u00edkjum, til \u00feess a\u00f0 \u00fathella yfir \u00fe\u00e1 minni heift, allri minni brennandi rei\u00f0i: \u00fev\u00ed fyrir eldi minnar vandl\u00e6tingar skal allt landi\u00f0 ver\u00f0a ey\u00f0ilagt. <br \/><a name=\"9\"><span class=\"versanumer\">9<\/span><\/a>\u00de\u00e1 vil eg gefa \u00fej\u00f3\u00f0unum hreinar varir, svo allir skulu \u00e1kalla nafn Drottins og \u00fej\u00f3na honum samhuga.<a name=\"10\"><span class=\"versanumer\">10<\/span><\/a>Handan fr\u00e1 Bl\u00e1landsvatnsf\u00f6llum skulu m\u00ednir tilbi\u00f0jendur, mitt sundurdreif\u00f0a f\u00f3lk f\u00e6ra m\u00e9r g\u00e1fur.<a name=\"11\"><span class=\"versanumer\">11<\/span><\/a>\u00c1 \u00feeim degi skaltu ekki brj\u00f3ta m\u00f3ti m\u00e9r me\u00f0 neinum \u00feeim verkum, sem \u00fe\u00fa \u00feurfir a\u00f0 skammast \u00fe\u00edn fyrir: \u00fev\u00ed \u00fe\u00e1 ver\u00f0 eg b\u00fainn a\u00f0 ry\u00f0ja \u00feeim burtu fr\u00e1 \u00fe\u00e9r, sem ofk\u00e6ttust af \u00fe\u00ednum mikilleik, og \u00fe\u00e1 skaltu ekki framar ofmetnast af m\u00ednu heilaga fjalli.<a name=\"12\"><span class=\"versanumer\">12<\/span><\/a>Eg vil l\u00e1ta \u00ed \u00fe\u00e9r eftir ver\u00f0a l\u00edtill\u00e1tt og au\u00f0mj\u00fakt f\u00f3lk, sem vona skal \u00e1 nafn Drottins.<a name=\"13\"><span class=\"versanumer\">13<\/span><\/a>\u00deeir, sem eftir ver\u00f0a af \u00cdsraelsm\u00f6nnum, skulu engi rangindi fremja, og ekki tala lygar: \u00ed munni \u00feeirra skal ekki finnast sviks\u00f6m tunga; heldur skulu \u00feeir vera sem s\u00fa hj\u00f6r\u00f0, sem gengur \u00e1 beit og liggur, \u00e1n \u00feess nokkur styggi hana. <br \/><a name=\"14\"><span class=\"versanumer\">14<\/span><\/a>Gle\u00f0 \u00feig, S\u00edonsd\u00f3ttir! kyrja \u00fe\u00fa upp, \u00cdsraelsl\u00fd\u00f0ur! vert gl\u00f6\u00f0 og fagna af \u00f6llu hjarta, Jer\u00fasalemsd\u00f3ttir!<a name=\"15\"><span class=\"versanumer\">15<\/span><\/a>Drottinn hefir afm\u00e1\u00f0 \u00feinn d\u00f3m, og \u00fatr\u00fdmt \u00f3vin \u00fe\u00ednum. Drottinn, konungur \u00cdsraelsmanna, er hj\u00e1 \u00fe\u00e9r; \u00fe\u00fa skalt \u00e1 engu illu kenna framar.<a name=\"16\"><span class=\"versanumer\">16<\/span><\/a>\u00c1 \u00feeim degi mun sagt ver\u00f0a til Jer\u00fasalemsborgar, \u201e\u00f3ttast ekki!\u201c, og til S\u00edonsfjalls, \u201el\u00e1t ekki hugfallast!\u201c.<a name=\"17\"><span class=\"versanumer\">17<\/span><\/a>Drottinn, \u00feinn Gu\u00f0, er hj\u00e1 \u00fe\u00e9r, hinn m\u00e1ttugi Frelsarinn; hann skal fagna yfir \u00fe\u00e9r me\u00f0 gla\u00f0v\u00e6r\u00f0ars\u00f6ng.<a name=\"18\"><span class=\"versanumer\">18<\/span><\/a>Eg vil saman safna \u00feeim, sem \u00fatiloka\u00f0ir voru fr\u00e1 hinum helgu samkomum; og \u00fe\u00fa skalt laus ver\u00f0a vi\u00f0 \u00fea\u00f0, sem var \u00fe\u00e9r til byr\u00f0i og vanvir\u00f0u. <br \/><a name=\"19\"><span class=\"versanumer\">19<\/span><\/a>Sj\u00e1 \u00fe\u00fa! \u00e1 \u00feeim t\u00edma skal eg eiga erindi vi\u00f0 alla \u00fe\u00e1, sem \u00feig pl\u00e1gu\u00f0u; eg vil hj\u00e1lpa hinum h\u00f6ltu, samansafna hinum tv\u00edstru\u00f0u; eg skal gj\u00f6ra \u00fe\u00e1 loflega og nafnfr\u00e6ga \u00ed \u00f6llum \u00feeim l\u00f6ndum, hvar \u00feeir \u00e1\u00f0ur voru vanvirtir.<a name=\"20\"><span class=\"versanumer\">20<\/span><\/a>\u00c1 \u00feeim t\u00edma vil eg lei\u00f0a y\u00f0ur hinga\u00f0, og \u00e1 \u00feeim t\u00edma saman safna y\u00f0ur: \u00fev\u00ed eg vil gj\u00f6ra y\u00f0ur nafnfr\u00e6ga og loflega me\u00f0al allra \u00fej\u00f3\u00f0a \u00ed heimi, \u00feegar eg, a\u00f0 y\u00f0ur \u00e1sj\u00e1endum, lei\u00f0i heim aftur \u00fe\u00e1 af y\u00f0ur, sem herleiddir hafa veri\u00f0, segir Drottinn.<\/p>\n<div class=\"footnoteVidey\"><\/div>\n","protected":false},"excerpt":{"rendered":"<p>Seffan\u00edas l\u00fdsir si\u00f0aspillingu Gy\u00f0inga; \u00feeir vildu ekki skipast vi\u00f0 \u00fe\u00e6r \u00e1minningar og bendingar, sem Gu\u00f0 haf\u00f0i gefi\u00f0 \u00feeim, og \u00fev\u00ed hlaut hann a\u00f0 hegna \u00feeim. Miskunnsemi Gu\u00f0s vi\u00f0 sitt f\u00f3lk. 1Vei hinni \u00fever\u00fa\u00f0arfullu, saurgu\u00f0u og ofr\u00edkisfullu borg!2H\u00fan hl\u00fd\u00f0ir engum \u00e1minningum, h\u00fan tekur engri hirtingu; h\u00fan treystir ekki Drottni, og n\u00e1l\u00e6gir sig ekki Gu\u00f0i s\u00ednum.3H\u00f6f\u00f0ingjar \u00feeir, sem \u00ed borginni eru, eru sem grenjandi lj\u00f3n; d\u00f3mendur hennar eru sem \u00falfar \u00e1 kv\u00f6ldum, \u00feeir er ekkert leifa til morguns;4sp\u00e1menn hennar eru h\u00e9g\u00f3mlegir og trygg\u00f0arlausir menn; kennimennirnir vanhelga helgid\u00f3minn, og brj\u00e1la l\u00f6gm\u00e1linu. 5Drottinn, hinn r\u00e9ttl\u00e1ti, er mitt \u00ed borginni; hann gj\u00f6rir ekkert rangt: \u00e1 <a href=\"https:\/\/biblian.is\/videy\/sefania-3-kafli\/\"> [&#8230;]<\/a><\/p>\n","protected":false},"author":1,"featured_media":0,"parent":0,"menu_order":0,"comment_status":"open","ping_status":"open","template":"bibliukaflar.php","meta":{"footnotes":""},"class_list":["post-21758","page","type-page","status-publish","hentry"],"_links":{"self":[{"href":"https:\/\/biblian.is\/videy\/wp-json\/wp\/v2\/pages\/21758","targetHints":{"allow":["GET"]}}],"collection":[{"href":"https:\/\/biblian.is\/videy\/wp-json\/wp\/v2\/pages"}],"about":[{"href":"https:\/\/biblian.is\/videy\/wp-json\/wp\/v2\/types\/page"}],"author":[{"embeddable":true,"href":"https:\/\/biblian.is\/videy\/wp-json\/wp\/v2\/users\/1"}],"replies":[{"embeddable":true,"href":"https:\/\/biblian.is\/videy\/wp-json\/wp\/v2\/comments?post=21758"}],"version-history":[{"count":0,"href":"https:\/\/biblian.is\/videy\/wp-json\/wp\/v2\/pages\/21758\/revisions"}],"wp:attachment":[{"href":"https:\/\/biblian.is\/videy\/wp-json\/wp\/v2\/media?parent=21758"}],"curies":[{"name":"wp","href":"https:\/\/api.w.org\/{rel}","templated":true}]}}