{"id":21757,"date":"2018-01-02T01:03:52","date_gmt":"2018-01-02T01:03:52","guid":{"rendered":"http:\/\/biblian.is\/videy\/sefania-2-kafli\/"},"modified":"2018-01-02T01:03:52","modified_gmt":"2018-01-02T01:03:52","slug":"sefania-2-kafli","status":"publish","type":"page","link":"https:\/\/biblian.is\/videy\/sefania-2-kafli\/","title":{"rendered":"Sefan\u00eda 2. kafli"},"content":{"rendered":"<div class=\"fyrirsognVidey\">Seffan\u00edas \u00e1minnir til i\u00f0ranar: segir, a\u00f0 Gu\u00f0s hegning muni og koma yfir Filistaland, M\u00f3absland, Ammonsland, Bl\u00e1land og Ass\u00fdr\u00eduland.<\/div>\n<p><a name=\"1\"><span class=\"versanumer\">1<\/span><\/a>Rannsaka \u00feig sj\u00e1lfa, pr\u00f3fa \u00feig sj\u00e1lfa, \u00fe\u00fa blyg\u00f0unarlausa \u00fej\u00f3\u00f0,<a name=\"2\"><span class=\"versanumer\">2<\/span><\/a>\u00e1\u00f0ur en d\u00f3murinn ver\u00f0ur framkv\u00e6mdur\u2014t\u00edminn fl\u00fdgur burt, eins og s\u00e1\u00f0ir <span class='VideyAth'>(fyrir vindi)<\/span>\u2014, \u00e1\u00f0ur en Drottins brennandi rei\u00f0i kemur yfir y\u00f0ur, \u00e1\u00f0ur en rei\u00f0idagur Drottins kemur yfir y\u00f0ur.<a name=\"3\"><span class=\"versanumer\">3<\/span><\/a>Leiti\u00f0 Drottins, allir \u00fe\u00e9r l\u00edtill\u00e1tu \u00ed landinu, sem breyti\u00f0 eftir hans l\u00f6gm\u00e1li! \u00e1stundi\u00f0 r\u00e9ttl\u00e6ti, \u00e1stundi\u00f0 l\u00edtill\u00e6ti! ef svo m\u00e6tti ver\u00f0a, a\u00f0 y\u00f0ur yr\u00f0i borgi\u00f0 \u00e1 rei\u00f0idegi Drottins.<a name=\"4\"><span class=\"versanumer\">4<\/span><\/a>\u00dev\u00ed Gasaborg skal yfirgefin ver\u00f0a, og Askalonsborg \u00ed ey\u00f0i l\u00e1tin; innbyggjendur Asdodsborgar skulu \u00fatreknir ver\u00f0a \u00e1 mi\u00f0jum degi, og Ekronsborg umturnu\u00f0.<a name=\"5\"><span class=\"versanumer\">5<\/span><\/a>Vei y\u00f0ur, sem b\u00fai\u00f0 \u00ed sj\u00f3bygg\u00f0unum; \u00fe\u00fa Kreta\u00fej\u00f3\u00f0! atkv\u00e6\u00f0i Drottins \u00ed gegn y\u00f0ur er svol\u00e1tandi: \u00fe\u00fa Kanverjaland, \u00fe\u00fa Filistaland! eg vil afm\u00e1 \u00feig, svo \u00fear skal engi b\u00faa.<a name=\"6\"><span class=\"versanumer\">6<\/span><\/a>Sj\u00e1varbygg\u00f0in skal ver\u00f0a a\u00f0 beitarlandi hjar\u00f0manna, og a\u00f0 hagagar\u00f0i fyrir sau\u00f0f\u00e9.<a name=\"7\"><span class=\"versanumer\">7<\/span><\/a>S\u00fa bygg\u00f0 skal falla til \u00feeirra, sem eftir ver\u00f0a af J\u00fadar\u00edkis m\u00f6nnum; \u00feeir skulu beita \u00fear f\u00e9 s\u00ednu, en liggja \u00e1 kv\u00f6ldum \u00ed h\u00fasum Askalonsborgar; \u00fev\u00ed Drottinn, Gu\u00f0 \u00feeirra, mun vitja \u00feeirra, og lei\u00f0a \u00fe\u00e1 aftur \u00far herlei\u00f0ingunni.<a name=\"8\"><span class=\"versanumer\">8<\/span><\/a>Eg hefi heyrt brigslyr\u00f0i M\u00f3absmanna og sm\u00e1naryr\u00f0i Ammonsmanna, er sv\u00edvirtu mitt f\u00f3lk, og f\u00f3ru hr\u00f3\u00f0ugir yfir landamerki \u00feess. <br \/><a name=\"9\"><span class=\"versanumer\">9<\/span><\/a>\u00deess vegna, svo sannarlega sem eg lifi, segir Drottinn allsherjar, \u00cdsraels Gu\u00f0, skal M\u00f3absland ver\u00f0a sem S\u00f3d\u00f3ma, og Ammonsland sem G\u00f3morra, \u00feau skulu ver\u00f0a a\u00f0 \u00feyrnirunni, a\u00f0 saltgr\u00f6f, a\u00f0 \u00f3bygg\u00f0ri au\u00f0n til eil\u00edfrar t\u00ed\u00f0ar. Leifar m\u00edns f\u00f3lks skulu r\u00e6na \u00fe\u00e1, eftirleifar m\u00edns l\u00fd\u00f0s skulu eignast l\u00f6nd \u00feeirra.<a name=\"10\"><span class=\"versanumer\">10<\/span><\/a>\u00deetta skal \u00fe\u00e1 henda fyrir drambsemi s\u00edna, a\u00f0 \u00feeir sv\u00edvirtu og miklu\u00f0ust yfir f\u00f3lki Drottins allsherjar.<a name=\"11\"><span class=\"versanumer\">11<\/span><\/a>\u00d3gurlegur skal Drottinn ver\u00f0a \u00feeim, \u00feegar hann fer a\u00f0 afm\u00e1 alla gu\u00f0i jar\u00f0arinnar, og \u00feegar allir innb\u00faar fjarl\u00e6gustu landa falla fram fyrir honum, hv\u00f6r \u00e1 s\u00ednum sta\u00f0.<a name=\"12\"><span class=\"versanumer\">12<\/span><\/a>Einnig \u00fe\u00e9r, Bl\u00e1lendingar, skulu\u00f0 ver\u00f0a einir af \u00feeim, sem fyrir m\u00ednu sver\u00f0i falla.<a name=\"13\"><span class=\"versanumer\">13<\/span><\/a>En mun Drottinn \u00fatr\u00e9tta s\u00edna h\u00f6nd m\u00f3ti nor\u00f0rinu, og afm\u00e1 Ass\u00fdr\u00edukonung; hann mun leggja Ninive \u00ed ey\u00f0i, og gj\u00f6ra hana \u00feurra, sem ey\u00f0im\u00f6rk.<a name=\"14\"><span class=\"versanumer\">14<\/span><\/a>Mitt \u00ed henni skulu hjar\u00f0ir liggja, og flokkar alls konar d\u00fdra: sarpg\u00e6sir og \u00edglar skulu liggja \u00e1 n\u00e6turnar uppi \u00e1 s\u00falnakn\u00f6ppunum: <span class='VideyAth'>(d\u00fdra)<\/span>kli\u00f0urinn skal ymja \u00ed gluggunum: vegsummerki ey\u00f0ileggingarinnar skulu sj\u00e1st \u00e1 \u00fer\u00f6skuldunum, \u00fev\u00ed sedrusvi\u00f0ar\u00feilin skulu ver\u00f0a ni\u00f0urrifin.<a name=\"15\"><span class=\"versanumer\">15<\/span><\/a>\u00deannig skal hin ofk\u00e6tisfulla, andvaralausa borg \u00fatleikin ver\u00f0a, h\u00fan sem sag\u00f0i \u00ed s\u00ednu hjarta: \u201eeg stend enn, en engin borg \u00f6nnur\u201c. Hv\u00f6rninn er h\u00fan \u00fe\u00e1 or\u00f0in a\u00f0 au\u00f0n og a\u00f0 d\u00fdrab\u00e6li? Hv\u00f6r sem gengur framhj\u00e1 henni, skal bl\u00edstra, og hrista h\u00f6nd s\u00edna.<\/p>\n<div class=\"footnoteVidey\"><\/div>\n","protected":false},"excerpt":{"rendered":"<p>Seffan\u00edas \u00e1minnir til i\u00f0ranar: segir, a\u00f0 Gu\u00f0s hegning muni og koma yfir Filistaland, M\u00f3absland, Ammonsland, Bl\u00e1land og Ass\u00fdr\u00eduland. 1Rannsaka \u00feig sj\u00e1lfa, pr\u00f3fa \u00feig sj\u00e1lfa, \u00fe\u00fa blyg\u00f0unarlausa \u00fej\u00f3\u00f0,2\u00e1\u00f0ur en d\u00f3murinn ver\u00f0ur framkv\u00e6mdur\u2014t\u00edminn fl\u00fdgur burt, eins og s\u00e1\u00f0ir (fyrir vindi)\u2014, \u00e1\u00f0ur en Drottins brennandi rei\u00f0i kemur yfir y\u00f0ur, \u00e1\u00f0ur en rei\u00f0idagur Drottins kemur yfir y\u00f0ur.3Leiti\u00f0 Drottins, allir \u00fe\u00e9r l\u00edtill\u00e1tu \u00ed landinu, sem breyti\u00f0 eftir hans l\u00f6gm\u00e1li! \u00e1stundi\u00f0 r\u00e9ttl\u00e6ti, \u00e1stundi\u00f0 l\u00edtill\u00e6ti! ef svo m\u00e6tti ver\u00f0a, a\u00f0 y\u00f0ur yr\u00f0i borgi\u00f0 \u00e1 rei\u00f0idegi Drottins.4\u00dev\u00ed Gasaborg skal yfirgefin ver\u00f0a, og Askalonsborg \u00ed ey\u00f0i l\u00e1tin; innbyggjendur Asdodsborgar skulu \u00fatreknir ver\u00f0a \u00e1 mi\u00f0jum degi, og Ekronsborg umturnu\u00f0.5Vei y\u00f0ur, <a href=\"https:\/\/biblian.is\/videy\/sefania-2-kafli\/\"> [&#8230;]<\/a><\/p>\n","protected":false},"author":1,"featured_media":0,"parent":0,"menu_order":0,"comment_status":"open","ping_status":"open","template":"bibliukaflar.php","meta":{"footnotes":""},"class_list":["post-21757","page","type-page","status-publish","hentry"],"_links":{"self":[{"href":"https:\/\/biblian.is\/videy\/wp-json\/wp\/v2\/pages\/21757","targetHints":{"allow":["GET"]}}],"collection":[{"href":"https:\/\/biblian.is\/videy\/wp-json\/wp\/v2\/pages"}],"about":[{"href":"https:\/\/biblian.is\/videy\/wp-json\/wp\/v2\/types\/page"}],"author":[{"embeddable":true,"href":"https:\/\/biblian.is\/videy\/wp-json\/wp\/v2\/users\/1"}],"replies":[{"embeddable":true,"href":"https:\/\/biblian.is\/videy\/wp-json\/wp\/v2\/comments?post=21757"}],"version-history":[{"count":0,"href":"https:\/\/biblian.is\/videy\/wp-json\/wp\/v2\/pages\/21757\/revisions"}],"wp:attachment":[{"href":"https:\/\/biblian.is\/videy\/wp-json\/wp\/v2\/media?parent=21757"}],"curies":[{"name":"wp","href":"https:\/\/api.w.org\/{rel}","templated":true}]}}