{"id":21755,"date":"2018-01-02T01:03:52","date_gmt":"2018-01-02T01:03:52","guid":{"rendered":"http:\/\/biblian.is\/videy\/habakkuk-3-kafli\/"},"modified":"2018-01-02T01:03:52","modified_gmt":"2018-01-02T01:03:52","slug":"habakkuk-3-kafli","status":"publish","type":"page","link":"https:\/\/biblian.is\/videy\/habakkuk-3-kafli\/","title":{"rendered":"Habakkuk 3. kafli"},"content":{"rendered":"<div class=\"fyrirsognVidey\">Lofkv\u00e6\u00f0i Habakuks.<\/div>\n<p><a name=\"1\"><span class=\"versanumer\">1<\/span><\/a>Lofkv\u00e6\u00f0i Habakuks sp\u00e1manns, eftir s\u00f6ngv\u00edsunum: <br \/><a name=\"2\"><span class=\"versanumer\">2<\/span><\/a>Drottinn, eg heyr\u00f0i \u00feitt atkv\u00e6\u00f0i, og skelfdist. Halt, Drottinn, \u00fe\u00ednu verki vi\u00f0 l\u00fd\u00f0i, hv\u00f6rsu sem \u00e1rin breytast! gj\u00f6r \u00fea\u00f0 opinbert, \u00feegar stundir framl\u00ed\u00f0a! Minnst \u00e1 miskunnsemina mitt \u00ed rei\u00f0inni!<a name=\"3\"><span class=\"versanumer\">3<\/span><\/a>Gu\u00f0 kom fr\u00e1 Teman, s\u00e1 hinn heilagi kom fr\u00e1 Paransfjalli\u2014<span class='VideyAth'>(hv\u00edld!)<\/span>\u2014Hans vegsemd byrg\u00f0i himininn, og hans lj\u00f3mi fyllti j\u00f6r\u00f0ina.<a name=\"4\"><span class=\"versanumer\">4<\/span><\/a>Hans skin var sem lj\u00f3s; geislar st\u00f6fu\u00f0u \u00far hendi hans; \u00fear var hans d\u00fdr\u00f0 f\u00f3lgin.<a name=\"5\"><span class=\"versanumer\">5<\/span><\/a>Fram undan honum gekk dreps\u00f3tt, og vargar fylgdu \u00e1 eftir honum.<a name=\"6\"><span class=\"versanumer\">6<\/span><\/a>Hann nam sta\u00f0ar, og j\u00f6r\u00f0in titra\u00f0i; hann lita\u00f0ist um, og \u00fej\u00f3\u00f0irnar skulfu; \u00feau hin eil\u00edfu fj\u00f6ll klofnu\u00f0u sundur, hinar fornu h\u00e6\u00f0irnar sukku ni\u00f0ur, \u00fear sem hann gekk for\u00f0um daga.<a name=\"7\"><span class=\"versanumer\">7<\/span><\/a>Eg s\u00e1 b\u00fdli Bl\u00e1lendinga \u00ed angist; tj\u00f6ldin \u00ed Mid\u00edanslandi bifu\u00f0ust.<a name=\"8\"><span class=\"versanumer\">8<\/span><\/a>Ert\u00fa, Drottinn, rei\u00f0ur vatnsf\u00f6llunum? Er \u00fe\u00edn br\u00e6\u00f0i upptendru\u00f0 m\u00f3ti flj\u00f3tunum? \u00fe\u00edn heift \u00ed gegn hafinu? \u00fear sem \u00fe\u00fa ekur me\u00f0 hesta \u00fe\u00edna \u00e1 \u00fe\u00ednum sigurvagni.<a name=\"9\"><span class=\"versanumer\">9<\/span><\/a>\u00deinn bogi var nakinn, og lag\u00f0ur til h\u00e6fis; veldissprotar Amor\u00edtanna brotnu\u00f0u\u2014<span class='VideyAth'>(hv\u00edld!)<\/span>\u2014J\u00f6r\u00f0in l\u00e6tur vatnsf\u00f6ll framspretta.<a name=\"10\"><span class=\"versanumer\">10<\/span><\/a>Fj\u00f6llin s\u00e1u \u00feig, og skulfu; steypiregn dundi yfir: vatnageimurinn l\u00e9t heyra s\u00edna raust, og r\u00e9tti hendur s\u00ednar \u00ed loft upp.<a name=\"11\"><span class=\"versanumer\">11<\/span><\/a>S\u00f3l og tungl st\u00f3\u00f0u kyrr \u00e1 st\u00f6\u00f0vum s\u00ednum: \u00feau hurfu fyrir lj\u00f3si \u00feinna \u00f6rva, og fyrir lj\u00f3manum \u00feinna leiftrandi spj\u00f3ta.<a name=\"12\"><span class=\"versanumer\">12<\/span><\/a>\u00cd \u00feinni rei\u00f0i gekkst \u00fe\u00fa fram \u00ed landinu, og ni\u00f0urtr\u00f3\u00f0st \u00fej\u00f3\u00f0irnar \u00ed \u00feinni heift. \u00de\u00fa gekkst fram, til hj\u00e1lpar \u00fe\u00ednu f\u00f3lki, til hj\u00e1lpar \u00fe\u00ednum smur\u00f0a; \u00fe\u00fa lag\u00f0ir a\u00f0 velli flokksforingja hinna \u00f3gu\u00f0legu, og afkl\u00e6ddir \u00fe\u00e1 fr\u00e1 hvirfli til ilja\u2014<span class='VideyAth'>(hv\u00edld)<\/span>\u2014.<a name=\"14\"><span class=\"versanumer\">14<\/span><\/a>Me\u00f0 stafsprotum hans <span class='VideyAth'>(\u00fe\u00edns smur\u00f0a, e\u00f0a, \u00cdsraelsl\u00fd\u00f0s)<\/span> gegnumstakkst \u00fe\u00fa h\u00f6fu\u00f0 hersh\u00f6f\u00f0ingja \u00feeirra, er geystust fram til a\u00f0 tv\u00edstra oss; \u00feeir hl\u00f6kku\u00f0u til, a\u00f0 geta l\u00edka sem uppeti\u00f0 aumingjann \u00ed hreysi s\u00ednu.<a name=\"15\"><span class=\"versanumer\">15<\/span><\/a>\u00de\u00fa f\u00f3rst me\u00f0 hesta \u00fe\u00edna gegnum hafi\u00f0, gegnum m\u00f6rg \u00f3lgufull v\u00f6tn. <br \/><a name=\"16\"><span class=\"versanumer\">16<\/span><\/a>\u00de\u00e1 eg heyr\u00f0i <span class='VideyAth'>(atkv\u00e6\u00f0i Drottins)<\/span>, titra\u00f0i mitt hjarta: m\u00ednar varir skulfu vi\u00f0 hans raust: hrollur kom \u00ed m\u00edn bein, og eg var\u00f0 skj\u00e1lfandi \u00e1 f\u00f3tum; \u00fev\u00ed eg ver\u00f0 a\u00f0 \u00fereyja til \u00feess h\u00f6rmungart\u00edma, a\u00f0 s\u00e1, sem \u00e1 a\u00f0 \u00ferengja \u00fej\u00f3\u00f0inni, gengur fram m\u00f3ti henni.<a name=\"17\"><span class=\"versanumer\">17<\/span><\/a>\u00de\u00e1 mun f\u00edkjutr\u00e9\u00f0 ekki bl\u00f3mgast, v\u00ednvi\u00f0urinn engan \u00e1v\u00f6xt bera, gr\u00f3\u00f0i vi\u00f0smj\u00f6rstr\u00e9sins breg\u00f0ast, akurl\u00f6ndin enga f\u00e6\u00f0u gefa; \u00fe\u00e1 mun sau\u00f0f\u00e9\u00f0 teki\u00f0 ver\u00f0a \u00far fj\u00e1rh\u00fasunum, og enginn uxi eftir ver\u00f0a \u00ed nautah\u00fasunum.<a name=\"18\"><span class=\"versanumer\">18<\/span><\/a>Samt vil eg gle\u00f0ja mig \u00ed Drottni, og fagna \u00ed Gu\u00f0i, Frelsara m\u00ednum.<a name=\"19\"><span class=\"versanumer\">19<\/span><\/a>Drottinn hinn alvaldi er minn styrkur, hann gj\u00f6rir m\u00ednar f\u00e6tur, sem hindarinnar, og l\u00e6tur mig komast upp \u00e1 m\u00ednar h\u00e6\u00f0ir; \u00fe\u00e1 skal eg syngja lofs\u00f6ng \u00e1 mitt hlj\u00f3\u00f0f\u00e6ri.<\/p>\n<div class=\"footnoteVidey\"><\/div>\n","protected":false},"excerpt":{"rendered":"<p>Lofkv\u00e6\u00f0i Habakuks. 1Lofkv\u00e6\u00f0i Habakuks sp\u00e1manns, eftir s\u00f6ngv\u00edsunum: 2Drottinn, eg heyr\u00f0i \u00feitt atkv\u00e6\u00f0i, og skelfdist. Halt, Drottinn, \u00fe\u00ednu verki vi\u00f0 l\u00fd\u00f0i, hv\u00f6rsu sem \u00e1rin breytast! gj\u00f6r \u00fea\u00f0 opinbert, \u00feegar stundir framl\u00ed\u00f0a! Minnst \u00e1 miskunnsemina mitt \u00ed rei\u00f0inni!3Gu\u00f0 kom fr\u00e1 Teman, s\u00e1 hinn heilagi kom fr\u00e1 Paransfjalli\u2014(hv\u00edld!)\u2014Hans vegsemd byrg\u00f0i himininn, og hans lj\u00f3mi fyllti j\u00f6r\u00f0ina.4Hans skin var sem lj\u00f3s; geislar st\u00f6fu\u00f0u \u00far hendi hans; \u00fear var hans d\u00fdr\u00f0 f\u00f3lgin.5Fram undan honum gekk dreps\u00f3tt, og vargar fylgdu \u00e1 eftir honum.6Hann nam sta\u00f0ar, og j\u00f6r\u00f0in titra\u00f0i; hann lita\u00f0ist um, og \u00fej\u00f3\u00f0irnar skulfu; \u00feau hin eil\u00edfu fj\u00f6ll klofnu\u00f0u sundur, hinar fornu h\u00e6\u00f0irnar sukku ni\u00f0ur, \u00fear <a href=\"https:\/\/biblian.is\/videy\/habakkuk-3-kafli\/\"> [&#8230;]<\/a><\/p>\n","protected":false},"author":1,"featured_media":0,"parent":0,"menu_order":0,"comment_status":"open","ping_status":"open","template":"bibliukaflar.php","meta":{"footnotes":""},"class_list":["post-21755","page","type-page","status-publish","hentry"],"_links":{"self":[{"href":"https:\/\/biblian.is\/videy\/wp-json\/wp\/v2\/pages\/21755","targetHints":{"allow":["GET"]}}],"collection":[{"href":"https:\/\/biblian.is\/videy\/wp-json\/wp\/v2\/pages"}],"about":[{"href":"https:\/\/biblian.is\/videy\/wp-json\/wp\/v2\/types\/page"}],"author":[{"embeddable":true,"href":"https:\/\/biblian.is\/videy\/wp-json\/wp\/v2\/users\/1"}],"replies":[{"embeddable":true,"href":"https:\/\/biblian.is\/videy\/wp-json\/wp\/v2\/comments?post=21755"}],"version-history":[{"count":0,"href":"https:\/\/biblian.is\/videy\/wp-json\/wp\/v2\/pages\/21755\/revisions"}],"wp:attachment":[{"href":"https:\/\/biblian.is\/videy\/wp-json\/wp\/v2\/media?parent=21755"}],"curies":[{"name":"wp","href":"https:\/\/api.w.org\/{rel}","templated":true}]}}