{"id":21754,"date":"2018-01-02T01:03:52","date_gmt":"2018-01-02T01:03:52","guid":{"rendered":"http:\/\/biblian.is\/videy\/habakkuk-2-kafli\/"},"modified":"2018-01-02T01:03:52","modified_gmt":"2018-01-02T01:03:52","slug":"habakkuk-2-kafli","status":"publish","type":"page","link":"https:\/\/biblian.is\/videy\/habakkuk-2-kafli\/","title":{"rendered":"Habakkuk 2. kafli"},"content":{"rendered":"<div class=\"fyrirsognVidey\">Gu\u00f0 birtir sp\u00e1manninum, a\u00f0 Kaldeum skuli refsa\u00f0 ver\u00f0a fyrir \u00feeirra \u00e1s\u00e6lni, yfirgang og ofr\u00edki.<\/div>\n<p><a name=\"1\"><span class=\"versanumer\">1<\/span><\/a>Eg h\u00e9lt v\u00f6r\u00f0, og st\u00f3\u00f0 uppi \u00e1 var\u00f0borginni, og skyggndist um, til a\u00f0 sj\u00e1 hva\u00f0 hann mundi opinbera m\u00e9r, og hv\u00f6rju eg skyldi svara \u00fev\u00ed, sem m\u00f3ti m\u00e9r yr\u00f0i haft.<a name=\"2\"><span class=\"versanumer\">2<\/span><\/a>\u00de\u00e1 svara\u00f0i Drottinn m\u00e9r, og sag\u00f0i: Skrifa \u00fe\u00fa sp\u00e1d\u00f3minn upp, og graf hann \u00e1 spj\u00f6ld svo sk\u00fdrt, a\u00f0 lesa megi vi\u00f0st\u00f6\u00f0ulaust;<a name=\"3\"><span class=\"versanumer\">3<\/span><\/a>\u00fev\u00ed sp\u00e1d\u00f3murinn hefir enn fyrir s\u00e9r tiltekna t\u00ed\u00f0, en hann skundar a\u00f0 takmarkinu, og mun eigi breg\u00f0ast; og \u00fe\u00f3 hann dvelji <span class='VideyAth'>(dragist)<\/span>, \u00fe\u00e1 v\u00e6nt hans, \u00fev\u00ed hann mun vissulega framkoma, og ekki undan l\u00ed\u00f0a.<a name=\"4\"><span class=\"versanumer\">4<\/span><\/a>Tak eftir \u00fev\u00ed, a\u00f0 s\u00e1 sem er vantr\u00faa\u00f0ur, hans s\u00e1l mun ekki \u00fear af fars\u00e6l ver\u00f0a; en s\u00e1 sem tr\u00fair r\u00e9ttilega, hann mun s\u00e6ll ver\u00f0a.<a name=\"5\"><span class=\"versanumer\">5<\/span><\/a>\u00dev\u00ed s\u00ed\u00f0ur getur drambl\u00e1tur ma\u00f0ur, sem l\u00e6tur v\u00edni\u00f0 gj\u00f6ra sig vitstola, langg\u00e6\u00f0ur or\u00f0i\u00f0: hann, sem sperrir sundur gin sitt, eins og myrkra r\u00edki\u00f0, er \u00f3se\u00f0jandi, sem dau\u00f0inn sj\u00e1lfur, safnar til s\u00edn \u00f6llu f\u00f3lki, og dregur a\u00f0 s\u00e9r allar \u00fej\u00f3\u00f0ir.<a name=\"6\"><span class=\"versanumer\">6<\/span><\/a>Sannlega munu allar \u00feessar \u00fej\u00f3\u00f0ir <span class='VideyAth'>(eitt sinn)<\/span> kve\u00f0a um hann kv\u00e6\u00f0i og h\u00e1\u00f0v\u00edsur \u00ed or\u00f0skvi\u00f0um, \u00e1 \u00feessa lund: \u201eVei \u00feeim, sem rakar saman \u00f3frj\u00e1lsu f\u00e9 <span class='VideyAth'>(hve lengi mun hann a\u00f0 \u00fev\u00ed b\u00faa?)<\/span> og hle\u00f0ur \u00e1 sig synda byr\u00f0i!\u201c<a name=\"7\"><span class=\"versanumer\">7<\/span><\/a>Sj\u00e1, skyndilega munu \u00feeir menn upp r\u00edsa, sem munu pl\u00e1ga \u00feig, og \u00feeir upp vakna, sem munu \u00ferengja a\u00f0 \u00fe\u00e9r, og \u00fe\u00fa skalt ver\u00f0a \u00feeim a\u00f0 herfangi.<a name=\"8\"><span class=\"versanumer\">8<\/span><\/a>S\u00f6kum \u00feess a\u00f0 \u00fe\u00fa hefir r\u00e6nt svo margar \u00fej\u00f3\u00f0ir, skulu allar \u00fe\u00e6r \u00fej\u00f3\u00f0ir, sem eftir eru, r\u00e6na \u00feig, fyrir \u00feau manndr\u00e1p og \u00fea\u00f0 ofr\u00edki, sem \u00fe\u00fa framdir \u00ed landinu og borginni, og \u00e1 \u00f6llum, sem \u00fear bjuggu <span class='VideyAth'>(b\u00faa)<\/span>.<a name=\"9\"><span class=\"versanumer\">9<\/span><\/a>Vei \u00feeim, sem s\u00e6kist eftir r\u00f6ngum \u00e1vinningi fyrir sitt h\u00fas, til \u00feess hann geti byggt s\u00e9r hrei\u00f0ur h\u00e1tt uppi, og veri\u00f0 \u00f3hultur fyrir \u00f3vin s\u00ednum.<a name=\"10\"><span class=\"versanumer\">10<\/span><\/a>\u00de\u00fa t\u00f3kst upp \u00fea\u00f0 r\u00e1\u00f0, sem var\u00f0 \u00fe\u00ednu h\u00fasi til sm\u00e1nar, \u00feegar \u00fe\u00fa afm\u00e1\u00f0ir margar \u00fej\u00f3\u00f0ir, og stofna\u00f0ir s\u00e1lu \u00feinni \u00ed h\u00e1ska.<a name=\"11\"><span class=\"versanumer\">11<\/span><\/a>Steinninn \u00ed veggnum vitnar \u00fea\u00f0, og \u00fevertr\u00e9\u00f0 \u00ed h\u00fasinu ber \u00fea\u00f0 me\u00f0 honum.<a name=\"12\"><span class=\"versanumer\">12<\/span><\/a>Vei \u00feeim, sem byggir upp nokkurn sta\u00f0 me\u00f0 manndr\u00e1pum, e\u00f0a leggur grundv\u00f6ll til nokkurar borgar me\u00f0 rangindum!<a name=\"13\"><span class=\"versanumer\">13<\/span><\/a>Er \u00fea\u00f0 ekki r\u00e1\u00f0st\u00f6fun Drottins allsherjar, a\u00f0 \u00fej\u00f3\u00f0irnar vinna sig m\u00f3\u00f0ar vi\u00f0 eldinn, og mennirnir \u00fereyta sig \u00e1 h\u00e9g\u00f3manum?<a name=\"14\"><span class=\"versanumer\">14<\/span><\/a>til \u00feess a\u00f0 j\u00f6r\u00f0in ver\u00f0i eins full af vi\u00f0urkenningu Drottins d\u00fdr\u00f0ar, eins og sj\u00f3rinn er fullur af v\u00f6tnunum.<a name=\"15\"><span class=\"versanumer\">15<\/span><\/a>Vei \u00fe\u00e9r, sem skenkir \u00e1 fyrir \u00feinn n\u00e1unga! sem byrlar \u00f6\u00f0rum brennandi drykk, og gj\u00f6rir \u00fe\u00e1 \u00f6lva\u00f0a, til \u00feess \u00fe\u00fa megir sj\u00e1 \u00feeirra sv\u00edvir\u00f0ingu;<a name=\"16\"><span class=\"versanumer\">16<\/span><\/a>\u00de\u00fa skalt mettur ver\u00f0a af vanvir\u00f0u, en ekki af hei\u00f0ri. Drekk \u00fe\u00fa n\u00fa einnig, svo \u00fe\u00edn sm\u00e1n ver\u00f0i opinber! Bikarinn \u00ed h\u00e6gri hendi Drottins fer n\u00fa \u00ed kring til \u00fe\u00edn, svo \u00fe\u00fa skalt taka vansa fyrir vegsemd.<a name=\"17\"><span class=\"versanumer\">17<\/span><\/a>\u00dea\u00f0 ofr\u00edki, sem \u00fe\u00fa haf\u00f0ir \u00ed frammi vi\u00f0 L\u00edbanonsfjall, skal \u00e1 \u00fe\u00e9r bitna; \u00f3arga d\u00fdr skulu \u00e1s\u00e6kja \u00feig fyrir \u00feau manndr\u00e1p og \u00fea\u00f0 ofr\u00edki, sem \u00fe\u00fa framdir \u00ed landinu og borginni, og \u00e1 \u00f6llum, sem \u00fear bjuggu.<a name=\"18\"><span class=\"versanumer\">18<\/span><\/a>Hva\u00f0 sto\u00f0ar skur\u00f0go\u00f0i\u00f0, sem smi\u00f0urinn hefir \u00fath\u00f6ggvi\u00f0? e\u00f0ur hi\u00f0 steypta l\u00edkneski, og s\u00e1, sem kennir lygar einar? \u00fev\u00ed smi\u00f0urinn hefir treyst \u00e1 \u00fea\u00f0 sm\u00ed\u00f0i, sem hann sj\u00e1lfur tilbj\u00f3, \u00fe\u00e1 hann sm\u00ed\u00f0a\u00f0i m\u00e1llaus go\u00f0.<a name=\"19\"><span class=\"versanumer\">19<\/span><\/a>Vei \u00feeim, sem segir til tr\u00e9sins: \u201er\u00eds upp\u201c, og til hins m\u00e1llausa steins: \u201evakna \u00fe\u00fa\u201c. Mun hann geta kennt? Nei, \u00fe\u00f3 tr\u00e9\u00f0 og steinninn s\u00e9u gulli og silfri b\u00fain, \u00fe\u00e1 er \u00fe\u00f3 enginn andi \u00ed \u00feeim.<a name=\"20\"><span class=\"versanumer\">20<\/span><\/a>En Drottinn er \u00ed s\u00ednu heilaga musteri; \u00f6ll j\u00f6r\u00f0in \u00feegi fyrir hans augliti!<\/p>\n<div class=\"footnoteVidey\"><\/div>\n","protected":false},"excerpt":{"rendered":"<p>Gu\u00f0 birtir sp\u00e1manninum, a\u00f0 Kaldeum skuli refsa\u00f0 ver\u00f0a fyrir \u00feeirra \u00e1s\u00e6lni, yfirgang og ofr\u00edki. 1Eg h\u00e9lt v\u00f6r\u00f0, og st\u00f3\u00f0 uppi \u00e1 var\u00f0borginni, og skyggndist um, til a\u00f0 sj\u00e1 hva\u00f0 hann mundi opinbera m\u00e9r, og hv\u00f6rju eg skyldi svara \u00fev\u00ed, sem m\u00f3ti m\u00e9r yr\u00f0i haft.2\u00de\u00e1 svara\u00f0i Drottinn m\u00e9r, og sag\u00f0i: Skrifa \u00fe\u00fa sp\u00e1d\u00f3minn upp, og graf hann \u00e1 spj\u00f6ld svo sk\u00fdrt, a\u00f0 lesa megi vi\u00f0st\u00f6\u00f0ulaust;3\u00fev\u00ed sp\u00e1d\u00f3murinn hefir enn fyrir s\u00e9r tiltekna t\u00ed\u00f0, en hann skundar a\u00f0 takmarkinu, og mun eigi breg\u00f0ast; og \u00fe\u00f3 hann dvelji (dragist), \u00fe\u00e1 v\u00e6nt hans, \u00fev\u00ed hann mun vissulega framkoma, og ekki undan l\u00ed\u00f0a.4Tak eftir \u00fev\u00ed, a\u00f0 <a href=\"https:\/\/biblian.is\/videy\/habakkuk-2-kafli\/\"> [&#8230;]<\/a><\/p>\n","protected":false},"author":1,"featured_media":0,"parent":0,"menu_order":0,"comment_status":"open","ping_status":"open","template":"bibliukaflar.php","meta":{"footnotes":""},"class_list":["post-21754","page","type-page","status-publish","hentry"],"_links":{"self":[{"href":"https:\/\/biblian.is\/videy\/wp-json\/wp\/v2\/pages\/21754","targetHints":{"allow":["GET"]}}],"collection":[{"href":"https:\/\/biblian.is\/videy\/wp-json\/wp\/v2\/pages"}],"about":[{"href":"https:\/\/biblian.is\/videy\/wp-json\/wp\/v2\/types\/page"}],"author":[{"embeddable":true,"href":"https:\/\/biblian.is\/videy\/wp-json\/wp\/v2\/users\/1"}],"replies":[{"embeddable":true,"href":"https:\/\/biblian.is\/videy\/wp-json\/wp\/v2\/comments?post=21754"}],"version-history":[{"count":0,"href":"https:\/\/biblian.is\/videy\/wp-json\/wp\/v2\/pages\/21754\/revisions"}],"wp:attachment":[{"href":"https:\/\/biblian.is\/videy\/wp-json\/wp\/v2\/media?parent=21754"}],"curies":[{"name":"wp","href":"https:\/\/api.w.org\/{rel}","templated":true}]}}