{"id":21753,"date":"2018-01-02T01:03:52","date_gmt":"2018-01-02T01:03:52","guid":{"rendered":"http:\/\/biblian.is\/videy\/habakkuk-1-kafli\/"},"modified":"2018-01-02T01:03:52","modified_gmt":"2018-01-02T01:03:52","slug":"habakkuk-1-kafli","status":"publish","type":"page","link":"https:\/\/biblian.is\/videy\/habakkuk-1-kafli\/","title":{"rendered":"Habakkuk 1. kafli"},"content":{"rendered":"<div class=\"fyrirsognVidey\">Sp\u00e1ma\u00f0urinn kvartar fyrir Gu\u00f0i yfir \u00f3gu\u00f0legu ath\u00e6fi Gy\u00f0inga, Gu\u00f0 svarar, a\u00f0 hann vilji senda Kaldea til a\u00f0 hegna \u00feeim; sp\u00e1ma\u00f0urinn bi\u00f0ur Gy\u00f0ingum v\u00e6g\u00f0ar, og a\u00f0 yfirgangi Kaldea ver\u00f0i aftra\u00f0.<\/div>\n<p><a name=\"1\"><span class=\"versanumer\">1<\/span><\/a>\u00deetta er s\u00e1 sp\u00e1d\u00f3mur, sem opinbera\u00f0ur var sp\u00e1manninum Habakuk. <br \/><a name=\"2\"><span class=\"versanumer\">2<\/span><\/a>Hv\u00f6rsu lengi skal eg kalla, Drottinn? og \u00fe\u00fa heyrir \u00fe\u00f3 ekki; hve lengi skal eg kalla til \u00fe\u00edn um hj\u00e1lp m\u00f3ti ofr\u00edkinu?? og \u00fe\u00fa hj\u00e1lpar \u00fe\u00f3 ekki.<a name=\"3\"><span class=\"versanumer\">3<\/span><\/a>Hv\u00ed l\u00e6tur \u00fe\u00fa mig sj\u00e1 \u00feetta hi\u00f0 illa ath\u00e6fi? hv\u00ed viltu sj\u00e1 \u00e1 sl\u00edka h\u00f6rmung? K\u00fagun og ofr\u00edki standa fyrir augum m\u00e9r; \u00fer\u00e1ttanir ganga, og deilur upp r\u00edsa.<a name=\"4\"><span class=\"versanumer\">4<\/span><\/a>\u00deess vegna ver\u00f0ur l\u00f6gm\u00e1li\u00f0 kraftlaust, og m\u00e1l manna ver\u00f0a ekki d\u00e6md eftir sannindum; af \u00fev\u00ed hinn \u00f3gu\u00f0legi situr um hinn r\u00e1\u00f0vanda, fyrir \u00fe\u00e1 s\u00f6k koma fram rangsn\u00fanir d\u00f3mar. <br \/><a name=\"5\"><span class=\"versanumer\">5<\/span><\/a>Renni\u00f0 augum til \u00fej\u00f3\u00f0anna, og litist um! Undrist og skelfist! \u00fev\u00ed \u00e1 y\u00f0ar d\u00f6gum vil eg \u00feann atbur\u00f0 l\u00e1ta fram koma, sem \u00fe\u00e9r eigi mundu\u00f0 tr\u00faa, \u00fe\u00f3 y\u00f0ur v\u00e6ri sag\u00f0ur.<a name=\"6\"><span class=\"versanumer\">6<\/span><\/a>\u00dev\u00ed sj\u00e1i\u00f0, eg vil reisa upp Kaldea, grimma \u00fej\u00f3\u00f0 og ofstopafulla, sem fara um v\u00ed\u00f0a ver\u00f6ld til \u00feess a\u00f0 leggja undir sig \u00fe\u00e1 b\u00fasta\u00f0i, sem \u00feeir eiga ekki.<a name=\"7\"><span class=\"versanumer\">7<\/span><\/a>\u00deeir eru hr\u00e6\u00f0ilegir og \u00f3gurlegir; \u00feeir skeyta ekki r\u00e9ttindum e\u00f0a d\u00f3msatkv\u00e6\u00f0um.<a name=\"8\"><span class=\"versanumer\">8<\/span><\/a>Hestar \u00feeirra eru fr\u00e1rri en pardusd\u00fdr, og skj\u00f3tari <span class='VideyAth'>(skyggnari)<\/span> en \u00falfar \u00e1 kv\u00f6ldi, og riddarar \u00feeirra hleypa \u00feeim hermannlega; riddarar \u00feeirra koma langt a\u00f0, flj\u00fagandi sem \u00f6rn \u00e1 hr\u00e6.<a name=\"9\"><span class=\"versanumer\">9<\/span><\/a>Allir koma \u00feeir til a\u00f0 veita m\u00f6nnum yfirgang, <span class='VideyAth'>(\u00fev\u00ed)<\/span> hugir \u00feeirra standa til austurlanda; \u00feeir raka saman herteknum m\u00f6nnum, eins og sandi:<a name=\"10\"><span class=\"versanumer\">10<\/span><\/a>\u00feeir hr\u00e6\u00f0a konungana og spotta landsh\u00f6f\u00f0ingjana; \u00feeir hl\u00e6ja a\u00f0 \u00f6llum v\u00edggirtum borgum, hleypa upp jar\u00f0hryggjum, og taka \u00fe\u00e6r.<a name=\"11\"><span class=\"versanumer\">11<\/span><\/a>\u00de\u00e1 vex \u00feeim hugur, svo \u00feeir fara oflangt fram, og ver\u00f0a sakfallnir; svo fer hv\u00f6rjum, sem treystir \u00e1 m\u00e1tt sinn og megin. <br \/><a name=\"12\"><span class=\"versanumer\">12<\/span><\/a>Ert\u00fa ekki, Drottinn, fr\u00e1 \u00f6ndver\u00f0u minn Gu\u00f0, minn hinn heilagi? V\u00e9r munum eigi me\u00f0 \u00f6llu undir lok l\u00ed\u00f0a, Drottinn, \u00fe\u00fa hefir sett hann <span class='VideyAth'>(Babelskonung)<\/span> til a\u00f0 refsa; \u00fe\u00fa, vort hellubjarg, hefir \u00e6tla\u00f0 hann oss til hegningar.<a name=\"13\"><span class=\"versanumer\">13<\/span><\/a>\u00de\u00edn augu eru ofhrein til \u00feess, a\u00f0 \u00feau l\u00edti \u00e1 hi\u00f0 vonda; \u00fe\u00fa getur eigi horft \u00e1 eymdina. Hv\u00ed skyldir \u00fe\u00fa mega l\u00edta svikarana? hv\u00ed skyldir \u00fe\u00fa \u00feegja, \u00feegar hinn \u00f3gu\u00f0legi uppsvelgir s\u00e9r r\u00e1\u00f0vandari mann?<a name=\"14\"><span class=\"versanumer\">14<\/span><\/a>Hv\u00ed skyldir \u00fe\u00fa l\u00e1ta breyta vi\u00f0 mennina, eins og vi\u00f0 sj\u00e1varfiska, eins og vi\u00f0 \u00fe\u00e6r skepnur, sem engan l\u00e1var\u00f0 eiga?<a name=\"15\"><span class=\"versanumer\">15<\/span><\/a>Babelskonungur dregur alla menn upp \u00e1 \u00f6ngli s\u00ednum, sviptir \u00feeim \u00ed v\u00f6rpu s\u00edna, og safnar \u00feeim \u00ed net sitt; og yfir \u00fev\u00ed gle\u00f0st hann og fagnar.<a name=\"16\"><span class=\"versanumer\">16<\/span><\/a>\u00deess vegna f\u00e6rir hann v\u00f6rpu sinni f\u00f3rnir, og reykelsi neti s\u00ednu; \u00fev\u00ed me\u00f0 \u00feessum vei\u00f0arf\u00e6rum hefir hann afla\u00f0 s\u00e9r g\u00f3\u00f0s hlutar og r\u00edklegs matar.<a name=\"17\"><span class=\"versanumer\">17<\/span><\/a>\u00c1 hann a\u00f0 t\u00e6ma v\u00f6rpu s\u00edna til \u00feess a\u00f0 drepa menn \u00e1n afl\u00e1ts og v\u00e6g\u00f0arlaust?<\/p>\n<div class=\"footnoteVidey\"><\/div>\n","protected":false},"excerpt":{"rendered":"<p>Sp\u00e1ma\u00f0urinn kvartar fyrir Gu\u00f0i yfir \u00f3gu\u00f0legu ath\u00e6fi Gy\u00f0inga, Gu\u00f0 svarar, a\u00f0 hann vilji senda Kaldea til a\u00f0 hegna \u00feeim; sp\u00e1ma\u00f0urinn bi\u00f0ur Gy\u00f0ingum v\u00e6g\u00f0ar, og a\u00f0 yfirgangi Kaldea ver\u00f0i aftra\u00f0. 1\u00deetta er s\u00e1 sp\u00e1d\u00f3mur, sem opinbera\u00f0ur var sp\u00e1manninum Habakuk. 2Hv\u00f6rsu lengi skal eg kalla, Drottinn? og \u00fe\u00fa heyrir \u00fe\u00f3 ekki; hve lengi skal eg kalla til \u00fe\u00edn um hj\u00e1lp m\u00f3ti ofr\u00edkinu?? og \u00fe\u00fa hj\u00e1lpar \u00fe\u00f3 ekki.3Hv\u00ed l\u00e6tur \u00fe\u00fa mig sj\u00e1 \u00feetta hi\u00f0 illa ath\u00e6fi? hv\u00ed viltu sj\u00e1 \u00e1 sl\u00edka h\u00f6rmung? K\u00fagun og ofr\u00edki standa fyrir augum m\u00e9r; \u00fer\u00e1ttanir ganga, og deilur upp r\u00edsa.4\u00deess vegna ver\u00f0ur l\u00f6gm\u00e1li\u00f0 kraftlaust, og m\u00e1l manna ver\u00f0a <a href=\"https:\/\/biblian.is\/videy\/habakkuk-1-kafli\/\"> [&#8230;]<\/a><\/p>\n","protected":false},"author":1,"featured_media":0,"parent":0,"menu_order":0,"comment_status":"open","ping_status":"open","template":"bibliukaflar.php","meta":{"footnotes":""},"class_list":["post-21753","page","type-page","status-publish","hentry"],"_links":{"self":[{"href":"https:\/\/biblian.is\/videy\/wp-json\/wp\/v2\/pages\/21753","targetHints":{"allow":["GET"]}}],"collection":[{"href":"https:\/\/biblian.is\/videy\/wp-json\/wp\/v2\/pages"}],"about":[{"href":"https:\/\/biblian.is\/videy\/wp-json\/wp\/v2\/types\/page"}],"author":[{"embeddable":true,"href":"https:\/\/biblian.is\/videy\/wp-json\/wp\/v2\/users\/1"}],"replies":[{"embeddable":true,"href":"https:\/\/biblian.is\/videy\/wp-json\/wp\/v2\/comments?post=21753"}],"version-history":[{"count":0,"href":"https:\/\/biblian.is\/videy\/wp-json\/wp\/v2\/pages\/21753\/revisions"}],"wp:attachment":[{"href":"https:\/\/biblian.is\/videy\/wp-json\/wp\/v2\/media?parent=21753"}],"curies":[{"name":"wp","href":"https:\/\/api.w.org\/{rel}","templated":true}]}}