{"id":21752,"date":"2018-01-02T01:03:52","date_gmt":"2018-01-02T01:03:52","guid":{"rendered":"http:\/\/biblian.is\/videy\/nahum-3-kafli\/"},"modified":"2018-01-02T01:03:52","modified_gmt":"2018-01-02T01:03:52","slug":"nahum-3-kafli","status":"publish","type":"page","link":"https:\/\/biblian.is\/videy\/nahum-3-kafli\/","title":{"rendered":"Nah\u00fam 3. kafli"},"content":{"rendered":"<div class=\"fyrirsognVidey\">Framhald um ey\u00f0ileggingu Niniveborgar.<\/div>\n<p><a name=\"1\"><span class=\"versanumer\">1<\/span><\/a>Vei hinni bl\u00f3\u00f0seku borg, sem \u00f6ll er full af v\u00e9lum og ofr\u00edki, og sem ekki l\u00e6tur lausa br\u00e1\u00f0 s\u00edna!<a name=\"2\"><span class=\"versanumer\">2<\/span><\/a>N\u00fa heyrist smellur svipanna og gangur hj\u00f3lanna; n\u00fa heyrist til rennandi hesta og skokkandi vagna;<a name=\"3\"><span class=\"versanumer\">3<\/span><\/a>n\u00fa sj\u00e1st riddarar, sem hafa \u00e1 lofti blikandi sver\u00f0 og leiftrandi spj\u00f3t; n\u00fa s\u00e9st fj\u00f6ldi valfallinna manna, sl\u00edk merg\u00f0 l\u00edka, a\u00f0 ekki ver\u00f0ur t\u00f6lu \u00e1komi\u00f0, og menn falla um mannab\u00fakana.<a name=\"4\"><span class=\"versanumer\">4<\/span><\/a>Allt \u00feetta kemur af saurlifna\u00f0i \u00feessarar hinna fr\u00ed\u00f0u og g\u00f6ldr\u00f3ttu sk\u00e6kju, sem hefir seitt a\u00f0 s\u00e9r hei\u00f0ingjana me\u00f0 sinni lostasemi, og \u00fej\u00f3\u00f0irnar me\u00f0 s\u00ednum g\u00f6ldrum.<a name=\"5\"><span class=\"versanumer\">5<\/span><\/a>Sj\u00e1 \u00fe\u00fa, eg fer \u00ed m\u00f3ti \u00fe\u00e9r, segir Drottinn allsherjar; eg vil breg\u00f0a kl\u00e6\u00f0afaldi \u00fe\u00ednum upp \u00e1 h\u00f6fu\u00f0 \u00fe\u00e9r, og s\u00fdna \u00fej\u00f3\u00f0unum \u00fe\u00edna nekt, og r\u00edkjunum \u00fe\u00edna sv\u00edvir\u00f0ingu;<a name=\"6\"><span class=\"versanumer\">6<\/span><\/a>eg skal kasta \u00e1 \u00feig vi\u00f0urstygg\u00f0um, gj\u00f6ra \u00feig sm\u00e1narlega, og l\u00e1ta \u00feig ver\u00f0a \u00f6\u00f0rum a\u00f0 varna\u00f0arv\u00edti,<a name=\"7\"><span class=\"versanumer\">7<\/span><\/a>svo allir, sem \u00feig sj\u00e1, skulu fl\u00fdja fr\u00e1 \u00fe\u00e9r, og segja: Ninive er \u00ed ey\u00f0i l\u00f6g\u00f0! hv\u00f6r vill aumkva hana? hvar \u00e1 eg a\u00f0 leita \u00feeirra, sem vilji hugga \u00feig? <br \/><a name=\"8\"><span class=\"versanumer\">8<\/span><\/a>Ertu betri en N\u00f3-Ammonsborg, sem l\u00e1 \u00fat \u00ed vatnsf\u00f6llum, og v\u00f6tn allt \u00ed kring um hana? Hafi\u00f0 var hennar v\u00f6rn, og m\u00farveggir hennar st\u00f3\u00f0u upp \u00far hafinu;<a name=\"9\"><span class=\"versanumer\">9<\/span><\/a>Bl\u00e1lendingar og Egyptalandsmenn, svo margir a\u00f0 ekki var\u00f0 t\u00f6lu \u00e1komi\u00f0, voru hennar styrkur, M\u00f3rlendingar og Lib\u00fdumenn veittu henni hj\u00e1lp.<a name=\"10\"><span class=\"versanumer\">10<\/span><\/a>Og \u00fe\u00e1 var\u00f0 h\u00fan a\u00f0 fara \u00ed \u00fatleg\u00f0 me\u00f0al hinna herteknu; ungb\u00f6rn hennar voru rotu\u00f0 til dau\u00f0s \u00e1 \u00f6llum str\u00e6tam\u00f3tum, hlutum var kasta\u00f0 um hina g\u00f6fugustu menn \u00ed borginni, og allir hennar h\u00f6f\u00f0ingjar voru j\u00e1rnum fj\u00f6tra\u00f0ir.<a name=\"11\"><span class=\"versanumer\">11<\/span><\/a>\u00c1 hinu sama skalt\u00fa <span class='VideyAth'>(Niniveborg!)<\/span> einnig bergja, og au\u00f0vir\u00f0ileg ver\u00f0a; \u00fe\u00fa skalt eins leita h\u00e6lis hj\u00e1 \u00f3vinum.<br \/><a name=\"12\"><span class=\"versanumer\">12<\/span><\/a>\u00d6ll \u00fe\u00edn varnarvirki eru sem f\u00edkjutr\u00e9 me\u00f0 \u00e1rf\u00edkjum; s\u00e9u tr\u00e9n skekin, falla f\u00edkjurnar \u00feeim \u00ed munn, sem \u00fe\u00e6r vill eta.<a name=\"13\"><span class=\"versanumer\">13<\/span><\/a>L\u00edttu \u00e1! menn \u00fe\u00ednir, sem \u00fe\u00fa hefir, eru eins og kvenmenn; landshli\u00f0um \u00fe\u00ednum mun upploki\u00f0 ver\u00f0a fyrir \u00f3vinum \u00fe\u00ednum, og eldur skal ey\u00f0a \u00fe\u00ednum slagbr\u00f6ndum.<a name=\"14\"><span class=\"versanumer\">14<\/span><\/a>Aus vatn, til a\u00f0 hafa me\u00f0an \u00e1 ums\u00e1trinu stendur! b\u00e6t um varnarvirki \u00fe\u00edn! gakk \u00fat \u00ed bleytuna, elt leirinn, og gj\u00f6r a\u00f0 t\u00edgulofninum!<a name=\"15\"><span class=\"versanumer\">15<\/span><\/a>\u00dear skal eldurinn ey\u00f0a \u00fe\u00e9r, og sver\u00f0i\u00f0 uppr\u00e6ta \u00feig; eldurinn skal ey\u00f0a \u00fe\u00e9r, eins og hann ey\u00f0ir grasv\u00f6rgum. Fj\u00f6lga \u00fe\u00fa m\u00f6nnum hj\u00e1 \u00fe\u00e9r, eins og engisprettum, fj\u00f6lga \u00fe\u00fa \u00feeim, eins og grashoppum:<a name=\"16\"><span class=\"versanumer\">16<\/span><\/a>l\u00e1t kaupmenn \u00fe\u00edna ver\u00f0a fleiri, en stj\u00f6rnur eru \u00e1 himni; \u00feeim mun fara sem grashoppum, er brei\u00f0a sig \u00fat um allt, og flj\u00faga svo burt.<a name=\"17\"><span class=\"versanumer\">17<\/span><\/a>H\u00f6f\u00f0ingjar \u00fe\u00ednir eru eins og engisprettur, og h\u00f6fu\u00f0smenn \u00fe\u00ednir eins og grasflugna s\u00e6gur, \u00feeirra er liggja \u00e1 akurger\u00f0unum, \u00feegar kalt er, en \u00feegar s\u00f3lin kemur upp, flj\u00faga \u00fe\u00e6r burtu, svo ekki \u00feekkist aftur s\u00e1 sta\u00f0ur, hvar \u00fe\u00e6r hafa veri\u00f0.<a name=\"18\"><span class=\"versanumer\">18<\/span><\/a>\u00de\u00ednir hir\u00f0ar sofa, Assyr\u00edu konungur! \u00fe\u00ednir kappar hv\u00edlast; menn \u00fe\u00ednir eru h\u00e9r og hvar \u00e1 dreif um fj\u00f6llin, og engi smalar \u00feeim.<a name=\"19\"><span class=\"versanumer\">19<\/span><\/a>Engi sv\u00edun f\u00e6st vi\u00f0 meinsemd \u00feinni, s\u00e1r \u00feitt er \u00f3l\u00e6knandi. Allir \u00feeir, sem heyra fregnina um \u00feig, klappa lof \u00ed l\u00f3fa; \u00fev\u00ed hv\u00f6rjum hefir ekki vonska \u00fe\u00edn \u00e1vallt til meins veri\u00f0?<\/p>\n<div class=\"footnoteVidey\"><\/div>\n","protected":false},"excerpt":{"rendered":"<p>Framhald um ey\u00f0ileggingu Niniveborgar. 1Vei hinni bl\u00f3\u00f0seku borg, sem \u00f6ll er full af v\u00e9lum og ofr\u00edki, og sem ekki l\u00e6tur lausa br\u00e1\u00f0 s\u00edna!2N\u00fa heyrist smellur svipanna og gangur hj\u00f3lanna; n\u00fa heyrist til rennandi hesta og skokkandi vagna;3n\u00fa sj\u00e1st riddarar, sem hafa \u00e1 lofti blikandi sver\u00f0 og leiftrandi spj\u00f3t; n\u00fa s\u00e9st fj\u00f6ldi valfallinna manna, sl\u00edk merg\u00f0 l\u00edka, a\u00f0 ekki ver\u00f0ur t\u00f6lu \u00e1komi\u00f0, og menn falla um mannab\u00fakana.4Allt \u00feetta kemur af saurlifna\u00f0i \u00feessarar hinna fr\u00ed\u00f0u og g\u00f6ldr\u00f3ttu sk\u00e6kju, sem hefir seitt a\u00f0 s\u00e9r hei\u00f0ingjana me\u00f0 sinni lostasemi, og \u00fej\u00f3\u00f0irnar me\u00f0 s\u00ednum g\u00f6ldrum.5Sj\u00e1 \u00fe\u00fa, eg fer \u00ed m\u00f3ti \u00fe\u00e9r, segir Drottinn allsherjar; eg <a href=\"https:\/\/biblian.is\/videy\/nahum-3-kafli\/\"> [&#8230;]<\/a><\/p>\n","protected":false},"author":1,"featured_media":0,"parent":0,"menu_order":0,"comment_status":"open","ping_status":"open","template":"bibliukaflar.php","meta":{"footnotes":""},"class_list":["post-21752","page","type-page","status-publish","hentry"],"_links":{"self":[{"href":"https:\/\/biblian.is\/videy\/wp-json\/wp\/v2\/pages\/21752","targetHints":{"allow":["GET"]}}],"collection":[{"href":"https:\/\/biblian.is\/videy\/wp-json\/wp\/v2\/pages"}],"about":[{"href":"https:\/\/biblian.is\/videy\/wp-json\/wp\/v2\/types\/page"}],"author":[{"embeddable":true,"href":"https:\/\/biblian.is\/videy\/wp-json\/wp\/v2\/users\/1"}],"replies":[{"embeddable":true,"href":"https:\/\/biblian.is\/videy\/wp-json\/wp\/v2\/comments?post=21752"}],"version-history":[{"count":0,"href":"https:\/\/biblian.is\/videy\/wp-json\/wp\/v2\/pages\/21752\/revisions"}],"wp:attachment":[{"href":"https:\/\/biblian.is\/videy\/wp-json\/wp\/v2\/media?parent=21752"}],"curies":[{"name":"wp","href":"https:\/\/api.w.org\/{rel}","templated":true}]}}