{"id":21751,"date":"2018-01-02T01:03:52","date_gmt":"2018-01-02T01:03:52","guid":{"rendered":"http:\/\/biblian.is\/videy\/nahum-2-kafli\/"},"modified":"2018-01-02T01:03:52","modified_gmt":"2018-01-02T01:03:52","slug":"nahum-2-kafli","status":"publish","type":"page","link":"https:\/\/biblian.is\/videy\/nahum-2-kafli\/","title":{"rendered":"Nah\u00fam 2. kafli"},"content":{"rendered":"<div class=\"fyrirsognVidey\">Nah\u00fam upphvetur J\u00fadar\u00edkismenn til \u00feakkl\u00e6tis vi\u00f0 Gu\u00f0; afm\u00e1lar ey\u00f0ileggingu Niniveborgar.<\/div>\n<p><a name=\"1\"><span class=\"versanumer\">1<\/span><\/a>Sj\u00e1i\u00f0! \u00e1 fj\u00f6llunum kemur einhv\u00f6r hlaupandi me\u00f0 fagna\u00f0art\u00ed\u00f0indi og fri\u00f0arbo\u00f0skap. Halt helgar \u00fe\u00ednar h\u00e1t\u00ed\u00f0ir, J\u00fadar\u00edki, og gjalt \u00fe\u00edn heit! \u00fev\u00ed vandr\u00e6\u00f0ama\u00f0urinn skal ekki framar veita \u00fe\u00e9r \u00e1gang; hann er me\u00f0 \u00f6llu afm\u00e1\u00f0ur. <br \/><a name=\"2\"><span class=\"versanumer\">2<\/span><\/a>\u00d3fri\u00f0arma\u00f0ur fer \u00e1 hendur \u00fe\u00e9r <span class='VideyAth'>(Ass\u00fdr\u00edukonungur!)<\/span>; g\u00e6t vel a\u00f0 virkjum \u00fe\u00ednum, set nj\u00f3snir \u00e1 veginum, b\u00fast alla vega sem best um, safna \u00f6llum \u00fe\u00ednum styrk!<a name=\"3\"><span class=\"versanumer\">3<\/span><\/a>\u00dev\u00ed Drottinn vill n\u00fa aftur vi\u00f0r\u00e9tta tign Jakobs ni\u00f0ja, og tign \u00cdsraelsmanna, \u00fear e\u00f0 \u00f3fri\u00f0armenn hafa ey\u00f0ilagt \u00fe\u00e1 og afbroti\u00f0 kvistu \u00feeirra.<a name=\"4\"><span class=\"versanumer\">4<\/span><\/a>Skildir kappa hans eru rau\u00f0lita\u00f0ir, hermennirnir ganga \u00e1 skarlatskl\u00e6\u00f0um, vagnarnir gl\u00f3a af st\u00e1linu, \u00feann dag er hann b\u00fdr her sinn, og lensurnar bifast.<a name=\"5\"><span class=\"versanumer\">5<\/span><\/a>Vagnarnir geysa \u00e1 str\u00e6tunum, og velta inn \u00e1 torgin; hermennirnir eru tils\u00fdndar sem blys, \u00feeir hlaupa sem eldingar.<a name=\"6\"><span class=\"versanumer\">6<\/span><\/a>Hann <span class='VideyAth'>(Ass\u00fdr\u00edukonungur)<\/span> heitir \u00fe\u00e1 \u00e1 kappa s\u00edna, en \u00feeir falla, \u00feegar \u00feeir ganga fram; \u00fe\u00e1 hlaupa menn til m\u00farveggjarins, og skj\u00f3ta v\u00edg\u00e1sum fyrir borgarhli\u00f0i\u00f0;<a name=\"7\"><span class=\"versanumer\">7<\/span><\/a>en borgarhli\u00f0unum, sem a\u00f0 flj\u00f3tinu vita, er upploki\u00f0, og konungsh\u00f6llin ni\u00f0urrifin.<a name=\"8\"><span class=\"versanumer\">8<\/span><\/a>S\u00e1 kostur er einr\u00e1\u00f0inn: h\u00fan <span class='VideyAth'>(borgin)<\/span> skal flett ver\u00f0a og flutt \u00ed \u00fatleg\u00f0, \u00feernur hennar skulu fylgja henni, kvakandi sem d\u00fafur, og berjandi s\u00e9r \u00e1 brj\u00f3st.<a name=\"9\"><span class=\"versanumer\">9<\/span><\/a>Ninive hefir fr\u00e1 upphafi vega sinna veri\u00f0 sem vatnad\u00edki; en \u00feau v\u00f6tn eru n\u00fa horfin: <span class='VideyAth'>(\u00fe\u00f3 kalla\u00f0 s\u00e9)<\/span>, \u201estandi\u00f0 vi\u00f0, standi\u00f0 vi\u00f0!\u201c, ver\u00f0ur enginn til a\u00f0 hverfa aftur.<a name=\"10\"><span class=\"versanumer\">10<\/span><\/a>R\u00e6ni\u00f0 \u00fe\u00e1 silfrinu, r\u00e6ni\u00f0 gullinu <span class='VideyAth'>(\u00fe\u00e9r sigurvegarar!)<\/span>; \u00fev\u00ed h\u00e9r er \u00f3grynni fj\u00e1r og gn\u00f3tt alls konar d\u00fdrgripa.<a name=\"11\"><span class=\"versanumer\">11<\/span><\/a>H\u00fan er t\u00e6md, gj\u00f6rt\u00e6md og \u00ed ey\u00f0i! hj\u00f6rtun br\u00e1\u00f0na, kn\u00e9n ri\u00f0na, allar mja\u00f0mir skj\u00e1lfa, og allra andlit blikna!<a name=\"12\"><span class=\"versanumer\">12<\/span><\/a>Hvar er n\u00fa b\u00e6li lj\u00f3nanna, hvar eru n\u00fa \u00feeir \u00e1tthagar lj\u00f3nsk\u00e1lfanna, \u00fear sem lj\u00f3ni\u00f0 og lj\u00f3nsm\u00e6\u00f0ran gengu me\u00f0 hvolpum s\u00ednum, \u00e1n \u00feess nokkur stygg\u00f0i \u00feau?<a name=\"13\"><span class=\"versanumer\">13<\/span><\/a>\u00dear sem lj\u00f3ni\u00f0 reif sundur d\u00fdrin handa hvolpum s\u00ednum, og drap \u00feau ni\u00f0ur handa lj\u00f3nsm\u00e6\u00f0runum, fyllti hellra s\u00edna me\u00f0 herfangi, og b\u00e6li s\u00edn me\u00f0 sundurrifinni br\u00e1\u00f0?<a name=\"14\"><span class=\"versanumer\">14<\/span><\/a>Sj\u00e1, eg r\u00eds \u00ed gegn \u00fe\u00e9r, segir Drottinn allsherjar; eg vil brenna \u00fe\u00edna hervagna \u00ed eldi, og sver\u00f0i\u00f0 skal drepa ni\u00f0ur \u00fe\u00edna lj\u00f3nsk\u00e1lfa; eg vil taka \u00feitt herfang burt af j\u00f6r\u00f0unni, og raust \u00feinna sendibo\u00f0a skal ekki heyrast h\u00e9\u00f0an \u00ed fr\u00e1.<\/p>\n<div class=\"footnoteVidey\"><\/div>\n","protected":false},"excerpt":{"rendered":"<p>Nah\u00fam upphvetur J\u00fadar\u00edkismenn til \u00feakkl\u00e6tis vi\u00f0 Gu\u00f0; afm\u00e1lar ey\u00f0ileggingu Niniveborgar. 1Sj\u00e1i\u00f0! \u00e1 fj\u00f6llunum kemur einhv\u00f6r hlaupandi me\u00f0 fagna\u00f0art\u00ed\u00f0indi og fri\u00f0arbo\u00f0skap. Halt helgar \u00fe\u00ednar h\u00e1t\u00ed\u00f0ir, J\u00fadar\u00edki, og gjalt \u00fe\u00edn heit! \u00fev\u00ed vandr\u00e6\u00f0ama\u00f0urinn skal ekki framar veita \u00fe\u00e9r \u00e1gang; hann er me\u00f0 \u00f6llu afm\u00e1\u00f0ur. 2\u00d3fri\u00f0arma\u00f0ur fer \u00e1 hendur \u00fe\u00e9r (Ass\u00fdr\u00edukonungur!); g\u00e6t vel a\u00f0 virkjum \u00fe\u00ednum, set nj\u00f3snir \u00e1 veginum, b\u00fast alla vega sem best um, safna \u00f6llum \u00fe\u00ednum styrk!3\u00dev\u00ed Drottinn vill n\u00fa aftur vi\u00f0r\u00e9tta tign Jakobs ni\u00f0ja, og tign \u00cdsraelsmanna, \u00fear e\u00f0 \u00f3fri\u00f0armenn hafa ey\u00f0ilagt \u00fe\u00e1 og afbroti\u00f0 kvistu \u00feeirra.4Skildir kappa hans eru rau\u00f0lita\u00f0ir, hermennirnir ganga \u00e1 skarlatskl\u00e6\u00f0um, vagnarnir gl\u00f3a af st\u00e1linu, <a href=\"https:\/\/biblian.is\/videy\/nahum-2-kafli\/\"> [&#8230;]<\/a><\/p>\n","protected":false},"author":1,"featured_media":0,"parent":0,"menu_order":0,"comment_status":"open","ping_status":"open","template":"bibliukaflar.php","meta":{"footnotes":""},"class_list":["post-21751","page","type-page","status-publish","hentry"],"_links":{"self":[{"href":"https:\/\/biblian.is\/videy\/wp-json\/wp\/v2\/pages\/21751","targetHints":{"allow":["GET"]}}],"collection":[{"href":"https:\/\/biblian.is\/videy\/wp-json\/wp\/v2\/pages"}],"about":[{"href":"https:\/\/biblian.is\/videy\/wp-json\/wp\/v2\/types\/page"}],"author":[{"embeddable":true,"href":"https:\/\/biblian.is\/videy\/wp-json\/wp\/v2\/users\/1"}],"replies":[{"embeddable":true,"href":"https:\/\/biblian.is\/videy\/wp-json\/wp\/v2\/comments?post=21751"}],"version-history":[{"count":0,"href":"https:\/\/biblian.is\/videy\/wp-json\/wp\/v2\/pages\/21751\/revisions"}],"wp:attachment":[{"href":"https:\/\/biblian.is\/videy\/wp-json\/wp\/v2\/media?parent=21751"}],"curies":[{"name":"wp","href":"https:\/\/api.w.org\/{rel}","templated":true}]}}