{"id":21749,"date":"2018-01-02T01:03:45","date_gmt":"2018-01-02T01:03:45","guid":{"rendered":"http:\/\/biblian.is\/videy\/mika-7-kafli\/"},"modified":"2018-01-02T01:03:45","modified_gmt":"2018-01-02T01:03:45","slug":"mika-7-kafli","status":"publish","type":"page","link":"https:\/\/biblian.is\/videy\/mika-7-kafli\/","title":{"rendered":"M\u00edka 7. kafli"},"content":{"rendered":"<div class=\"fyrirsognVidey\">Framhald: si\u00f0aspilling f\u00f3lksins, \u00feess umvendun, b\u00e6n og lofs\u00f6ngur.<\/div>\n<p><a name=\"1\"><span class=\"versanumer\">1<\/span><\/a>Vei m\u00e9r! \u00fev\u00ed m\u00e9r fer, eins og \u00fe\u00e1 leita\u00f0 er sumar\u00e1vaxta e\u00f0a v\u00ednberja, eftir a\u00f0 b\u00fai\u00f0 er a\u00f0 hir\u00f0a; ekkert v\u00ednber finnst, sem \u00e6tilegt s\u00e9, mig langa\u00f0i til a\u00f0 finna eina \u00e1rf\u00edkju <span class='VideyAth'>(en fann \u00f6ngva)<\/span>.<a name=\"2\"><span class=\"versanumer\">2<\/span><\/a>Gu\u00f0hr\u00e6ddir menn eru horfnir \u00far landinu, engi r\u00e1\u00f0vandur ma\u00f0ur finnst me\u00f0al f\u00f3lksins; allir sitja um l\u00edf annarra, og hv\u00f6r leggur net fyrir annan.<a name=\"3\"><span class=\"versanumer\">3<\/span><\/a>Til \u00feess a\u00f0 gj\u00f6ra illt, leggja menn fram b\u00e1\u00f0ar hendur; landsh\u00f6f\u00f0inginn og d\u00f3marinn m\u00e6last til launa; maktarmennirnir eru berm\u00e1lir um vonsku s\u00edna, og gj\u00f6ra hana fl\u00f3kna.<a name=\"4\"><span class=\"versanumer\">4<\/span><\/a>Hinn besti me\u00f0al \u00feeirra er sem \u00feyrnir, og hinn r\u00e1\u00f0vandasti eins og \u00feyrniger\u00f0i. Hegningardagurinn, sem sp\u00e1menn \u00fe\u00ednir hafa fyrir sp\u00e1\u00f0, kemur; \u00fe\u00e1 munu \u00feeir ver\u00f0a \u00farr\u00e6\u00f0alausir.<a name=\"5\"><span class=\"versanumer\">5<\/span><\/a>Tr\u00fai\u00f0 eigi kunningjum y\u00f0ar, treysti\u00f0 eigi vinum y\u00f0ar! var\u00f0veit munn \u00feinn fyrir \u00feeirri, sem hv\u00edlir \u00ed fa\u00f0mi \u00fe\u00ednum!<a name=\"6\"><span class=\"versanumer\">6<\/span><\/a>\u00fev\u00ed sonurinn fyrirl\u00edtur f\u00f6\u00f0urinn, d\u00f3tturin setur sig \u00e1 m\u00f3ti m\u00f3\u00f0urinni, tengdad\u00f3ttirin m\u00f3ti tengdam\u00f3\u00f0ur sinni, og heimamennirnir eru \u00f3vinir h\u00fassb\u00f3nda s\u00edns. <br \/><a name=\"7\"><span class=\"versanumer\">7<\/span><\/a>En eg vil l\u00edta upp til Drottins, eg vil b\u00ed\u00f0a eftir Gu\u00f0i m\u00edns hj\u00e1lpr\u00e6\u00f0is; minn Gu\u00f0 mun b\u00e6nheyra mig.<a name=\"8\"><span class=\"versanumer\">8<\/span><\/a>Gle\u00f0 \u00feig ekki, \u00f3vina m\u00edn! \u00fe\u00f3 eg s\u00e9 fallin, mun eg r\u00edsa \u00e1 f\u00e6tur aftur; \u00fe\u00f3 eg sitji \u00ed myrkri, er \u00fe\u00f3 Drottinn mitt lj\u00f3s.<a name=\"9\"><span class=\"versanumer\">9<\/span><\/a>Eg vil \u00feola hegningu Drottins, \u00fev\u00ed eg hefi syndga\u00f0 \u00e1 m\u00f3ti honum, \u00fear til hann hefir flutt m\u00e1l mitt og s\u00f3tt s\u00f6k m\u00edna; hann mun lei\u00f0a mig \u00fat <span class='VideyAth'>(\u00far myrkrinu)<\/span> til lj\u00f3ssins; \u00fe\u00e1 mun eg \u00fereifa \u00e1 hans g\u00e6sku.<a name=\"10\"><span class=\"versanumer\">10<\/span><\/a>\u00d3vina m\u00edn mun sj\u00e1 \u00feetta, og skammast s\u00edn \u00f6ll, \u00fev\u00ed h\u00fan haf\u00f0i sagt vi\u00f0 mig: \u201ehvar er Drottinn, \u00feinn Gu\u00f0\u201c? Augu m\u00edn skulu horfa \u00e1 hana, \u00fear sem h\u00fan ver\u00f0ur br\u00e1\u00f0um undir f\u00f3tum tro\u00f0in, eins og saur \u00e1 str\u00e6tum.<br \/><a name=\"11\"><span class=\"versanumer\">11<\/span><\/a>S\u00e1 dagur kemur, a\u00f0 \u00fe\u00ednir m\u00farveggir <span class='VideyAth'>(Jer\u00fasalemsborg!)<\/span> skulu uppbygg\u00f0ir ver\u00f0a; en \u00feanga\u00f0 til \u00feessi dagur kemur, l\u00ed\u00f0ur langur t\u00edmi.<a name=\"12\"><span class=\"versanumer\">12<\/span><\/a>En \u00feegar s\u00e1 dagur kemur, munu menn koma til \u00fe\u00edn fr\u00e1 Ass\u00fdr\u00edalandi og borgum Egyptalands, fr\u00e1 Egyptalandi og allt til Flj\u00f3tsins <span class='VideyAth'>(Evfrats)<\/span>, fr\u00e1 hafi til hafs, fr\u00e1 fjalli til fjalls.<a name=\"13\"><span class=\"versanumer\">13<\/span><\/a>\u00de\u00f3 skal landi\u00f0 <span class='VideyAth'>(\u00e1\u00f0ur)<\/span> ver\u00f0a \u00ed ey\u00f0i lagt, s\u00f6kum innbyggjenda sinna: \u00fea\u00f0 ver\u00f0ur \u00e1v\u00f6xturinn af verkum \u00feeirra. <br \/><a name=\"14\"><span class=\"versanumer\">14<\/span><\/a>G\u00e6t \u00fe\u00edns f\u00f3lks me\u00f0 \u00fe\u00ednum hjar\u00f0arstaf: halt \u00feeirri hj\u00f6r\u00f0, sem er \u00fe\u00edn eign, og sem h\u00fan b\u00fdr ein s\u00e9r, \u00ed sk\u00f3glendinu mitt \u00e1 Karmelsfjalli, l\u00e1t hana ganga \u00ed Basans og G\u00edlea\u00f0s haglendi, eins og for\u00f0um daga!\u2014<a name=\"15\"><span class=\"versanumer\">15<\/span><\/a>Eg skal l\u00e1ta \u00feig sj\u00e1 undrunarver\u00f0 st\u00f3rmerki, eins og \u00feann dag er \u00fe\u00fa gekkst \u00fat af Egyptalandi.<a name=\"16\"><span class=\"versanumer\">16<\/span><\/a>Hei\u00f0ingjarnir skulu sj\u00e1 \u00feau, og skammast s\u00edn, allt hva\u00f0 fr\u00e6knir \u00feeir eru: \u00feeir munu leggja h\u00f6nd \u00e1 munn s\u00e9r og byrgja fyrir eyru s\u00edn;<a name=\"17\"><span class=\"versanumer\">17<\/span><\/a>\u00feeir skulu sleikja duft, sem h\u00f6ggormur; \u00feeir skulu skr\u00ed\u00f0a titrandi, sem skri\u00f0kvikindi jar\u00f0ar, fram \u00far fylgsnum s\u00ednum, skj\u00e1lfa fyrir Drottni, Gu\u00f0i vorum, og \u00f3ttast \u00feig. <\/p>\n<p><a name=\"18\"><span class=\"versanumer\">18<\/span><\/a>Hv\u00f6r er sl\u00edkur Gu\u00f0, sem \u00fe\u00fa? Hv\u00f6r e\u00f0 fyrirgefur syndirnar, og forl\u00e6tur misgj\u00f6r\u00f0irnar, \u00feeim sem eftir eru af hans eiginlegri eign; hann sem ekki heldur sinni rei\u00f0i \u00e6vinlega, \u00fev\u00ed \u00fea\u00f0 er hans unun a\u00f0 vera miskunnsamur.<a name=\"19\"><span class=\"versanumer\">19<\/span><\/a>Hann mun miskunna oss aftur, ni\u00f0urtro\u00f0a vorar misgj\u00f6r\u00f0ir, og varpa \u00f6llum vorum syndum \u00ed hafsins dj\u00fap.<a name=\"20\"><span class=\"versanumer\">20<\/span><\/a>\u00de\u00fa munt au\u00f0s\u00fdna Jakobsni\u00f0jum \u00fe\u00e1 trygg\u00f0, og Abrahamsni\u00f0jum \u00fe\u00e1 miskunnsemi, sem \u00fe\u00fa s\u00f3rst forfe\u00f0rum vorum for\u00f0um daga.<\/p>\n<div class=\"footnoteVidey\">V. 8. \u00d3vina m\u00edn, l\u00edklega meinast Babelsborg.<\/div>\n","protected":false},"excerpt":{"rendered":"<p>Framhald: si\u00f0aspilling f\u00f3lksins, \u00feess umvendun, b\u00e6n og lofs\u00f6ngur. 1Vei m\u00e9r! \u00fev\u00ed m\u00e9r fer, eins og \u00fe\u00e1 leita\u00f0 er sumar\u00e1vaxta e\u00f0a v\u00ednberja, eftir a\u00f0 b\u00fai\u00f0 er a\u00f0 hir\u00f0a; ekkert v\u00ednber finnst, sem \u00e6tilegt s\u00e9, mig langa\u00f0i til a\u00f0 finna eina \u00e1rf\u00edkju (en fann \u00f6ngva).2Gu\u00f0hr\u00e6ddir menn eru horfnir \u00far landinu, engi r\u00e1\u00f0vandur ma\u00f0ur finnst me\u00f0al f\u00f3lksins; allir sitja um l\u00edf annarra, og hv\u00f6r leggur net fyrir annan.3Til \u00feess a\u00f0 gj\u00f6ra illt, leggja menn fram b\u00e1\u00f0ar hendur; landsh\u00f6f\u00f0inginn og d\u00f3marinn m\u00e6last til launa; maktarmennirnir eru berm\u00e1lir um vonsku s\u00edna, og gj\u00f6ra hana fl\u00f3kna.4Hinn besti me\u00f0al \u00feeirra er sem \u00feyrnir, og hinn r\u00e1\u00f0vandasti eins <a href=\"https:\/\/biblian.is\/videy\/mika-7-kafli\/\"> [&#8230;]<\/a><\/p>\n","protected":false},"author":1,"featured_media":0,"parent":0,"menu_order":0,"comment_status":"open","ping_status":"open","template":"bibliukaflar.php","meta":{"footnotes":""},"class_list":["post-21749","page","type-page","status-publish","hentry"],"_links":{"self":[{"href":"https:\/\/biblian.is\/videy\/wp-json\/wp\/v2\/pages\/21749","targetHints":{"allow":["GET"]}}],"collection":[{"href":"https:\/\/biblian.is\/videy\/wp-json\/wp\/v2\/pages"}],"about":[{"href":"https:\/\/biblian.is\/videy\/wp-json\/wp\/v2\/types\/page"}],"author":[{"embeddable":true,"href":"https:\/\/biblian.is\/videy\/wp-json\/wp\/v2\/users\/1"}],"replies":[{"embeddable":true,"href":"https:\/\/biblian.is\/videy\/wp-json\/wp\/v2\/comments?post=21749"}],"version-history":[{"count":0,"href":"https:\/\/biblian.is\/videy\/wp-json\/wp\/v2\/pages\/21749\/revisions"}],"wp:attachment":[{"href":"https:\/\/biblian.is\/videy\/wp-json\/wp\/v2\/media?parent=21749"}],"curies":[{"name":"wp","href":"https:\/\/api.w.org\/{rel}","templated":true}]}}