{"id":21748,"date":"2018-01-02T01:03:45","date_gmt":"2018-01-02T01:03:45","guid":{"rendered":"http:\/\/biblian.is\/videy\/mika-6-kafli\/"},"modified":"2018-01-02T01:03:45","modified_gmt":"2018-01-02T01:03:45","slug":"mika-6-kafli","status":"publish","type":"page","link":"https:\/\/biblian.is\/videy\/mika-6-kafli\/","title":{"rendered":"M\u00edka 6. kafli"},"content":{"rendered":"<div class=\"fyrirsognVidey\">M\u00e1ls\u00f3kn Gu\u00f0s vi\u00f0 Gy\u00f0inga: velgj\u00f6rningar Drottins, f\u00f3rnf\u00e6ringar Gy\u00f0inga, si\u00f0aspilling \u00feeirra og ver\u00f0skuldu\u00f0 hegning.<\/div>\n<p><a name=\"1\"><span class=\"versanumer\">1<\/span><\/a>Heyri\u00f0 \u00fe\u00f3, hva\u00f0 Drottinn segir: Statt upp, og s\u00e6k s\u00f6k nokkura fyrir fj\u00f6llunum, og l\u00e1t h\u00e6\u00f0irnar heyra \u00fe\u00edna raust!<a name=\"2\"><span class=\"versanumer\">2<\/span><\/a>Heyri\u00f0 k\u00e6rum\u00e1l Drottins, \u00fe\u00e9r fj\u00f6ll! \u00fe\u00e9r bj\u00f6rg, undirst\u00f6\u00f0ur jar\u00f0arinnar! \u00fev\u00ed Drottinn hefir m\u00e1l a\u00f0 k\u00e6ra vi\u00f0 sitt f\u00f3lk, hann vill ganga \u00ed lagad\u00f3m vi\u00f0 \u00cdsraelsmenn.<a name=\"3\"><span class=\"versanumer\">3<\/span><\/a>Mitt f\u00f3lk! hva\u00f0 hefi eg gj\u00f6rt \u00fe\u00e9r? me\u00f0 hv\u00f6rju hefi eg m\u00f3\u00f0ga\u00f0 \u00feig? Svara \u00fe\u00fa m\u00e9r!<a name=\"4\"><span class=\"versanumer\">4<\/span><\/a>Eg f\u00e6r\u00f0i \u00feig \u00fe\u00f3 \u00fat af Egyptalandi, frelsa\u00f0i \u00feig af \u00fer\u00e6ld\u00f3msh\u00fasinu, og sendi \u00fe\u00e9r fyrirli\u00f0a, M\u00f3ses, Aron og Mar\u00edu.<a name=\"5\"><span class=\"versanumer\">5<\/span><\/a>Mitt f\u00f3lk! l\u00e1t \u00fe\u00e9r \u00fe\u00f3 \u00ed hug koma, hva\u00f0 Balak M\u00f3abskonungur haf\u00f0i \u00ed hyggju, og hv\u00f6rju Bileam Peorsson svara\u00f0i honum <span class='VideyAth'>(4 M\u00f3s. 23,24)<\/span>; minnst \u00feess, er gj\u00f6r\u00f0ist \u00e1 lei\u00f0inni fr\u00e1 Sittimsdal til Gilgals, svo \u00fe\u00fa kannist vi\u00f0 velgj\u00f6rninga Drottins. <br \/><a name=\"6\"><span class=\"versanumer\">6<\/span><\/a>Me\u00f0 hva\u00f0 skal eg koma fram fyrir Drottinn, \u00fe\u00e1 eg fell fram fyrir Gu\u00f0i enum h\u00e6sta? Skal eg koma fram fyrir hann me\u00f0 brennif\u00f3rnir, me\u00f0 \u00e1rsgamla k\u00e1lfa?<a name=\"7\"><span class=\"versanumer\">7<\/span><\/a>Hefir Drottinn \u00fe\u00f3knun \u00e1 \u00fe\u00fasund hr\u00fatum, \u00e1 t\u00edu \u00fe\u00fasund vi\u00f0smj\u00f6rsl\u00e6kjum? Skal eg f\u00f3rna m\u00ednum frumgetna syni fyrir m\u00edna misgj\u00f6r\u00f0, \u00e1vexti m\u00edns l\u00edfs fyrir synd minnar s\u00e1lar?<a name=\"8\"><span class=\"versanumer\">8<\/span><\/a>Hann hefir kunngj\u00f6rt \u00fe\u00e9r, ma\u00f0ur, hva\u00f0 gott s\u00e9; og hva\u00f0 heimtar Drottinn anna\u00f0 af \u00fe\u00e9r, en a\u00f0 gj\u00f6ra r\u00e9tt, \u00e1stunda k\u00e6rleika, og framganga \u00ed l\u00edtill\u00e6ti fyrir \u00fe\u00ednum Gu\u00f0i?<br \/><a name=\"9\"><span class=\"versanumer\">9<\/span><\/a>R\u00f6dd Drottins kallar til borgarinnar <span class='VideyAth'>(heill s\u00e9 \u00feeim, sem \u00f3ttast \u00feitt nafn!)<\/span>: Heyri\u00f0, hv\u00f6r hegningin er, og hv\u00f6r s\u00e1 er, sem hana bo\u00f0ar!<a name=\"10\"><span class=\"versanumer\">10<\/span><\/a>Finnst ekki enn \u00fe\u00e1 rangfengi\u00f0 f\u00e9 \u00ed h\u00fasum hinna rangl\u00e1tu, og linur m\u00e6lir, sem b\u00f6lvaninni er yfir l\u00fdst?<a name=\"11\"><span class=\"versanumer\">11<\/span><\/a>Ver\u00f0 eg ekki vanhei\u00f0ra\u00f0ur, \u00fe\u00e1 er menn hafa ranga vog og svikal\u00f3\u00f0 \u00ed t\u00f6skum s\u00ednum?<a name=\"12\"><span class=\"versanumer\">12<\/span><\/a>Ver\u00f0 eg ekki vanhei\u00f0ra\u00f0ur \u00ed borginni, hvar e\u00f0 r\u00edkismennirnir eru fullir af rangleitni, og innbyggjendurnir tala lygar og hafa tungu s\u00edna til svika?<a name=\"13\"><span class=\"versanumer\">13<\/span><\/a>\u00deess vegna vil eg leggja \u00e1 \u00feig \u00feungar pl\u00e1gur, og ey\u00f0ileggja \u00feig fyrir \u00feinna synda skuld.<a name=\"14\"><span class=\"versanumer\">14<\/span><\/a>\u00de\u00fa skalt eta, en \u00fe\u00f3 ekki se\u00f0jast, heldur pl\u00e1gast af hungri; \u00fe\u00fa skalt engu geta bjarga\u00f0 af \u00fev\u00ed sem \u00fe\u00fa kemur undan, og \u00fev\u00ed sem \u00fe\u00fa bjargar, \u00fea\u00f0 skal eg ofurselja sver\u00f0inu;<a name=\"15\"><span class=\"versanumer\">15<\/span><\/a>\u00fe\u00f3 \u00fe\u00fa sj\u00e1ir, skaltu \u00fe\u00f3 ekkert uppskera; \u00fe\u00f3 \u00fe\u00fa tro\u00f0ir vi\u00f0smj\u00f6rsberin, skaltu \u00fe\u00f3 ekki smyrja \u00feig me\u00f0 vi\u00f0smj\u00f6ri; \u00fe\u00f3 \u00fe\u00fa sprengir v\u00ednberin, skaltu \u00fe\u00f3 ekki v\u00edni\u00f0 drekka.<a name=\"16\"><span class=\"versanumer\">16<\/span><\/a>Menn hafa haldi\u00f0 si\u00f0um Omra og \u00f6llu h\u00e1ttalagi Akabs\u00e6ttar <span class='VideyAth'>(1 K\u00f3ng. 16,25.30)<\/span>; eftir \u00feeirra ath\u00e6fi hafi\u00f0 \u00fe\u00e9r breytt, til \u00feess eg leggi borgina \u00ed ey\u00f0i, og l\u00e1ti innbyggjendur hennar ver\u00f0a a\u00f0 spotti; \u00fe\u00e9r skulu\u00f0 bera sv\u00edvir\u00f0ingu m\u00edns f\u00f3lks.<\/p>\n<div class=\"footnoteVidey\"><\/div>\n","protected":false},"excerpt":{"rendered":"<p>M\u00e1ls\u00f3kn Gu\u00f0s vi\u00f0 Gy\u00f0inga: velgj\u00f6rningar Drottins, f\u00f3rnf\u00e6ringar Gy\u00f0inga, si\u00f0aspilling \u00feeirra og ver\u00f0skuldu\u00f0 hegning. 1Heyri\u00f0 \u00fe\u00f3, hva\u00f0 Drottinn segir: Statt upp, og s\u00e6k s\u00f6k nokkura fyrir fj\u00f6llunum, og l\u00e1t h\u00e6\u00f0irnar heyra \u00fe\u00edna raust!2Heyri\u00f0 k\u00e6rum\u00e1l Drottins, \u00fe\u00e9r fj\u00f6ll! \u00fe\u00e9r bj\u00f6rg, undirst\u00f6\u00f0ur jar\u00f0arinnar! \u00fev\u00ed Drottinn hefir m\u00e1l a\u00f0 k\u00e6ra vi\u00f0 sitt f\u00f3lk, hann vill ganga \u00ed lagad\u00f3m vi\u00f0 \u00cdsraelsmenn.3Mitt f\u00f3lk! hva\u00f0 hefi eg gj\u00f6rt \u00fe\u00e9r? me\u00f0 hv\u00f6rju hefi eg m\u00f3\u00f0ga\u00f0 \u00feig? Svara \u00fe\u00fa m\u00e9r!4Eg f\u00e6r\u00f0i \u00feig \u00fe\u00f3 \u00fat af Egyptalandi, frelsa\u00f0i \u00feig af \u00fer\u00e6ld\u00f3msh\u00fasinu, og sendi \u00fe\u00e9r fyrirli\u00f0a, M\u00f3ses, Aron og Mar\u00edu.5Mitt f\u00f3lk! l\u00e1t \u00fe\u00e9r \u00fe\u00f3 \u00ed hug koma, hva\u00f0 Balak M\u00f3abskonungur haf\u00f0i <a href=\"https:\/\/biblian.is\/videy\/mika-6-kafli\/\"> [&#8230;]<\/a><\/p>\n","protected":false},"author":1,"featured_media":0,"parent":0,"menu_order":0,"comment_status":"open","ping_status":"open","template":"bibliukaflar.php","meta":{"footnotes":""},"class_list":["post-21748","page","type-page","status-publish","hentry"],"_links":{"self":[{"href":"https:\/\/biblian.is\/videy\/wp-json\/wp\/v2\/pages\/21748","targetHints":{"allow":["GET"]}}],"collection":[{"href":"https:\/\/biblian.is\/videy\/wp-json\/wp\/v2\/pages"}],"about":[{"href":"https:\/\/biblian.is\/videy\/wp-json\/wp\/v2\/types\/page"}],"author":[{"embeddable":true,"href":"https:\/\/biblian.is\/videy\/wp-json\/wp\/v2\/users\/1"}],"replies":[{"embeddable":true,"href":"https:\/\/biblian.is\/videy\/wp-json\/wp\/v2\/comments?post=21748"}],"version-history":[{"count":0,"href":"https:\/\/biblian.is\/videy\/wp-json\/wp\/v2\/pages\/21748\/revisions"}],"wp:attachment":[{"href":"https:\/\/biblian.is\/videy\/wp-json\/wp\/v2\/media?parent=21748"}],"curies":[{"name":"wp","href":"https:\/\/api.w.org\/{rel}","templated":true}]}}