{"id":21747,"date":"2018-01-02T01:03:45","date_gmt":"2018-01-02T01:03:45","guid":{"rendered":"http:\/\/biblian.is\/videy\/mika-5-kafli\/"},"modified":"2018-01-02T01:03:45","modified_gmt":"2018-01-02T01:03:45","slug":"mika-5-kafli","status":"publish","type":"page","link":"https:\/\/biblian.is\/videy\/mika-5-kafli\/","title":{"rendered":"M\u00edka 5. kafli"},"content":{"rendered":"<div class=\"fyrirsognVidey\">Mikka sp\u00e1ir um Mess\u00edas, um vi\u00f0reisn og betrun Gy\u00f0inga.<\/div>\n<p><a name=\"1\"><span class=\"versanumer\">1<\/span><\/a>Og \u00fe\u00fa Betlehem \u00ed Effratah\u00e9ra\u00f0i, \u00fe\u00f3 \u00fe\u00fa s\u00e9rt of l\u00edtil til \u00feess a\u00f0 teljast me\u00f0al h\u00f6fu\u00f0\u00e6ttborga J\u00fadar\u00edkis, \u00fe\u00e1 skal \u00fe\u00f3 fr\u00e1 \u00fe\u00e9r \u00fatganga s\u00e1, sem vera skal yfirh\u00f6f\u00f0ingi \u00cdsraelsmanna; hans uppruni skal vera fr\u00e1 alda \u00f6\u00f0li, \u00ed fr\u00e1 d\u00f6gum eil\u00edf\u00f0arinnar.<a name=\"2\"><span class=\"versanumer\">2<\/span><\/a>A\u00f0 s\u00f6nnu mun Gu\u00f0 l\u00e1ta \u00fe\u00e1 vera \u00ed hers h\u00f6ndum allt til \u00feess t\u00edma, a\u00f0 s\u00fa hefir f\u00e6tt, er f\u00e6\u00f0a skal: en \u00fe\u00e1 skulu hinir a\u00f0rir br\u00e6\u00f0ur hans aftur koma til \u00cdsraelsni\u00f0ja.<a name=\"3\"><span class=\"versanumer\">3<\/span><\/a>Hann skal standa og g\u00e6ta sinnar hjar\u00f0ar, \u00ed krafti Drottins, \u00ed h\u00e1tign Drottins, s\u00edns Gu\u00f0s; og \u00feeir skulu \u00f3hultir b\u00faa, \u00fev\u00ed n\u00fa skal hans veldi n\u00e1 allt til endimarka landsins <span class='VideyAth'>(Sak. 9,10)<\/span>.<a name=\"4\"><span class=\"versanumer\">4<\/span><\/a>Hann skal vera fri\u00f0arh\u00f6fundur. \u00de\u00f3 Ass\u00fdr\u00edukonungur fari inn \u00ed land vort, og va\u00f0i inn \u00ed vor virki, \u00fe\u00e1 skulum v\u00e9r kve\u00f0ja upp sj\u00f6 hir\u00f0ara og \u00e1tta herforingja m\u00f3ti honum;<a name=\"5\"><span class=\"versanumer\">5<\/span><\/a>\u00feeir skulu fara herskildi yfir land Ass\u00fdr\u00edukonungs, og yfir Nimrodsland allt a\u00f0 borgarhli\u00f0um \u00feess. \u00deannig skal hann frelsa oss fr\u00e1 Ass\u00fdr\u00edukonungi, ef hann fer inn \u00ed land vort, og st\u00edgur inn yfir vor landamerki.<br \/><a name=\"6\"><span class=\"versanumer\">6<\/span><\/a>\u00de\u00e1 skulu eftirleifar Jakobs ni\u00f0ja ver\u00f0a \u00e1 me\u00f0al margra \u00fej\u00f3\u00f0a sem d\u00f6gg fr\u00e1 Drottni, sem regnsk\u00farir \u00e1 grasi, \u00fe\u00e6r er ekki b\u00ed\u00f0a eftir manninum, og ekki v\u00e6nta mannanna barna.<a name=\"7\"><span class=\"versanumer\">7<\/span><\/a>Eftirleifar Jakobsni\u00f0ja skulu ver\u00f0a \u00e1 me\u00f0al hei\u00f0ingjanna, mitt \u00e1 me\u00f0al margra \u00fej\u00f3\u00f0a, eins og lj\u00f3n \u00e1 me\u00f0al sk\u00f3gard\u00fdra, eins og lj\u00f3nsk\u00e1lfur \u00ed sau\u00f0ahj\u00f6r\u00f0, s\u00e1 er ni\u00f0urtre\u00f0ur og sundurr\u00edfur, \u00fear sem hann ve\u00f0ur yfir, \u00e1n \u00feess nokkur f\u00e1i bjarga\u00f0.<a name=\"8\"><span class=\"versanumer\">8<\/span><\/a>\u00de\u00edn h\u00f6nd skal \u00e1 lofti vera yfir m\u00f3tst\u00f6\u00f0um\u00f6nnum \u00fe\u00ednum, og allir \u00f3vinir \u00fe\u00ednir skulu afm\u00e1\u00f0ir ver\u00f0a.<a name=\"9\"><span class=\"versanumer\">9<\/span><\/a>\u00c1 \u00feeim degi, segir Drottinn, vil eg ey\u00f0a \u00f6llum \u00feeim hestum, sem \u00fe\u00fa \u00e1tt \u00ed landinu, og gj\u00f6ra a\u00f0 \u00f6ngvu vagna \u00fe\u00edna;<a name=\"10\"><span class=\"versanumer\">10<\/span><\/a>eg vil ey\u00f0a borgum \u00fe\u00edns lands, og ni\u00f0urbrj\u00f3ta \u00f6ll \u00fe\u00edn virki;<a name=\"11\"><span class=\"versanumer\">11<\/span><\/a>eg vil af taka alla galdra hj\u00e1 \u00fe\u00e9r, og engi skal finnast hj\u00e1 \u00fe\u00e9r, sem fer me\u00f0 augnasei\u00f0;<a name=\"12\"><span class=\"versanumer\">12<\/span><\/a>eg vil ey\u00f0a \u00fe\u00ednum skur\u00f0go\u00f0um og \u00feeim go\u00f0al\u00edkneskjum, sem hj\u00e1 \u00fe\u00e9r eru, og \u00fe\u00fa skalt ekki \u00fea\u00f0an \u00ed fr\u00e1 falla fram fyrir verkum \u00feinna handa;<a name=\"13\"><span class=\"versanumer\">13<\/span><\/a>eg vil ni\u00f0urbrj\u00f3ta \u00fe\u00edn Astarotsl\u00edkneski, og afm\u00e1 \u00fe\u00edna bl\u00f3tsta\u00f0i;<a name=\"14\"><span class=\"versanumer\">14<\/span><\/a>me\u00f0 rei\u00f0i og heift vil eg hefnast \u00e1 \u00feeim hei\u00f0ingjum, sem eigi vilja hl\u00fd\u00f0a.<\/p>\n<div class=\"footnoteVidey\"><\/div>\n","protected":false},"excerpt":{"rendered":"<p>Mikka sp\u00e1ir um Mess\u00edas, um vi\u00f0reisn og betrun Gy\u00f0inga. 1Og \u00fe\u00fa Betlehem \u00ed Effratah\u00e9ra\u00f0i, \u00fe\u00f3 \u00fe\u00fa s\u00e9rt of l\u00edtil til \u00feess a\u00f0 teljast me\u00f0al h\u00f6fu\u00f0\u00e6ttborga J\u00fadar\u00edkis, \u00fe\u00e1 skal \u00fe\u00f3 fr\u00e1 \u00fe\u00e9r \u00fatganga s\u00e1, sem vera skal yfirh\u00f6f\u00f0ingi \u00cdsraelsmanna; hans uppruni skal vera fr\u00e1 alda \u00f6\u00f0li, \u00ed fr\u00e1 d\u00f6gum eil\u00edf\u00f0arinnar.2A\u00f0 s\u00f6nnu mun Gu\u00f0 l\u00e1ta \u00fe\u00e1 vera \u00ed hers h\u00f6ndum allt til \u00feess t\u00edma, a\u00f0 s\u00fa hefir f\u00e6tt, er f\u00e6\u00f0a skal: en \u00fe\u00e1 skulu hinir a\u00f0rir br\u00e6\u00f0ur hans aftur koma til \u00cdsraelsni\u00f0ja.3Hann skal standa og g\u00e6ta sinnar hjar\u00f0ar, \u00ed krafti Drottins, \u00ed h\u00e1tign Drottins, s\u00edns Gu\u00f0s; og \u00feeir skulu \u00f3hultir b\u00faa, \u00fev\u00ed <a href=\"https:\/\/biblian.is\/videy\/mika-5-kafli\/\"> [&#8230;]<\/a><\/p>\n","protected":false},"author":1,"featured_media":0,"parent":0,"menu_order":0,"comment_status":"open","ping_status":"open","template":"bibliukaflar.php","meta":{"footnotes":""},"class_list":["post-21747","page","type-page","status-publish","hentry"],"_links":{"self":[{"href":"https:\/\/biblian.is\/videy\/wp-json\/wp\/v2\/pages\/21747","targetHints":{"allow":["GET"]}}],"collection":[{"href":"https:\/\/biblian.is\/videy\/wp-json\/wp\/v2\/pages"}],"about":[{"href":"https:\/\/biblian.is\/videy\/wp-json\/wp\/v2\/types\/page"}],"author":[{"embeddable":true,"href":"https:\/\/biblian.is\/videy\/wp-json\/wp\/v2\/users\/1"}],"replies":[{"embeddable":true,"href":"https:\/\/biblian.is\/videy\/wp-json\/wp\/v2\/comments?post=21747"}],"version-history":[{"count":0,"href":"https:\/\/biblian.is\/videy\/wp-json\/wp\/v2\/pages\/21747\/revisions"}],"wp:attachment":[{"href":"https:\/\/biblian.is\/videy\/wp-json\/wp\/v2\/media?parent=21747"}],"curies":[{"name":"wp","href":"https:\/\/api.w.org\/{rel}","templated":true}]}}