{"id":21746,"date":"2018-01-02T01:03:45","date_gmt":"2018-01-02T01:03:45","guid":{"rendered":"http:\/\/biblian.is\/videy\/mika-4-kafli\/"},"modified":"2018-01-02T01:03:45","modified_gmt":"2018-01-02T01:03:45","slug":"mika-4-kafli","status":"publish","type":"page","link":"https:\/\/biblian.is\/videy\/mika-4-kafli\/","title":{"rendered":"M\u00edka 4. kafli"},"content":{"rendered":"<div class=\"fyrirsognVidey\">Mikkas huggar Gy\u00f0inga me\u00f0 \u00feeim sp\u00e1d\u00f3mi, a\u00f0 musteri\u00f0 skuli aftur ver\u00f0a uppbyggt, og ver\u00f0a enn veglegra, en hi\u00f0 forna; \u00e1minnir \u00fe\u00e1 til \u00feolinm\u00e6\u00f0i \u00ed hinni bab\u00fdlonsku herlei\u00f0ingu, sem fyrir \u00feeim l\u00e1.<\/div>\n<p><a name=\"1\"><span class=\"versanumer\">1<\/span><\/a>\u00c1 hinum s\u00ed\u00f0ustu d\u00f6gum mun \u00fea\u00f0 ver\u00f0a, a\u00f0 fjall \u00fea\u00f0, er musteri Drottins stendur \u00e1, skal grundvalla\u00f0 ver\u00f0a \u00e1 tindi fjallanna, og gn\u00e6fa upp yfir h\u00e6\u00f0irnar, og \u00fej\u00f3\u00f0irnar skulu streyma \u00feanga\u00f0.<a name=\"2\"><span class=\"versanumer\">2<\/span><\/a>\u00de\u00e1 skal fj\u00f6ldi hei\u00f0ingja fara af sta\u00f0, og segja: komi\u00f0, l\u00e1tum oss ganga upp til Drottins fjalls, og til h\u00fass Jakobs Gu\u00f0s, svo hann v\u00edsi oss s\u00edna vega, og svo v\u00e9r megum ganga \u00e1 hans stigum; \u00fev\u00ed l\u00f6gm\u00e1li\u00f0 gengur \u00fat fr\u00e1 S\u00edonsfjalli, og or\u00f0 Drottins fr\u00e1 Jer\u00fasalemsborg.<a name=\"3\"><span class=\"versanumer\">3<\/span><\/a>Hann skal d\u00f3mari vera me\u00f0al margra \u00fej\u00f3\u00f0a, og \u00farskur\u00f0 veita voldugum \u00fej\u00f3\u00f0um \u00ed fjarl\u00e6gum l\u00f6ndum, svo a\u00f0 \u00fe\u00e6r skulu sm\u00ed\u00f0a pl\u00f3gj\u00e1rn \u00far sver\u00f0um s\u00ednum, og kornsig\u00f0ir \u00far spj\u00f3tum s\u00ednum; engin \u00fej\u00f3\u00f0 skal sver\u00f0i breg\u00f0a \u00ed gegn annarri, og \u00fea\u00f0an \u00ed fr\u00e1 enga herna\u00f0ar\u00ed\u00fer\u00f3tt l\u00e6ra <span class='VideyAth'>a)<\/span>;<a name=\"4\"><span class=\"versanumer\">4<\/span><\/a>heldur skal hv\u00f6r b\u00faa undir s\u00ednu v\u00edntr\u00e9 og f\u00edkjutr\u00e9, \u00e1n \u00feess nokkur skj\u00f3ti \u00feeim skelk \u00ed bringu; \u00fev\u00ed Drottinn allsherjar hefir svo bo\u00f0i\u00f0.<a name=\"5\"><span class=\"versanumer\">5<\/span><\/a>Og enn \u00fe\u00f3tt allar \u00fej\u00f3\u00f0ir vildu fram ganga hv\u00f6r \u00ed nafni s\u00edns Gu\u00f0s, \u00fe\u00e1 skulum v\u00e9r samt framganga \u00ed nafni Drottins, Gu\u00f0s vors, \u00e6 og \u00e6vinlega.<a name=\"6\"><span class=\"versanumer\">6<\/span><\/a>\u00c1 \u00feeim degi, segir Drottinn, vil eg taka a\u00f0 m\u00e9r hina h\u00f6ltu, og saman safna hinum tv\u00edstru\u00f0u, og \u00feeim sem eg hefi pl\u00e1ga\u00f0.<a name=\"7\"><span class=\"versanumer\">7<\/span><\/a>Eg skal halda hinum h\u00f6ltu vi\u00f0 l\u00fd\u00f0i, og gj\u00f6ra hina \u00fatreknu a\u00f0 voldugri \u00fej\u00f3\u00f0, og Drottinn skal vera konungur yfir \u00feeim \u00e1 S\u00edonsfjalli h\u00e9\u00f0an \u00ed fr\u00e1 og til eil\u00edf\u00f0ar.<a name=\"8\"><span class=\"versanumer\">8<\/span><\/a>Og \u00fe\u00fa hjar\u00f0arturn, \u00fe\u00fa S\u00edonsh\u00e6\u00f0! hi\u00f0 forna veldi skal til \u00fe\u00edn koma og aftur til \u00fe\u00edn hverfa, konungd\u00f3murinn skal aftur hverfa til Jer\u00fasalemsborgar.<br \/><a name=\"9\"><span class=\"versanumer\">9<\/span><\/a>N\u00fa, hv\u00ed hlj\u00f3\u00f0ar \u00fe\u00fa svo h\u00e1st\u00f6fum? hefir \u00fe\u00fa engan konung? er r\u00e1\u00f0gjafi \u00feinn horfinn? \u00de\u00fa hefir teki\u00f0 s\u00f3tt, eins og j\u00f3\u00f0sj\u00fak kvinna.<a name=\"10\"><span class=\"versanumer\">10<\/span><\/a>F\u00e1 \u00fe\u00fa hr\u00ed\u00f0ir og f\u00e6\u00f0, S\u00edonsd\u00f3ttir, sem j\u00f3\u00f0sj\u00fak kvinna! \u00dev\u00ed a\u00f0 s\u00f6nnu hl\u00fdtur \u00fe\u00fa \u00fat af borginni a\u00f0 ganga og b\u00faa \u00e1 v\u00ed\u00f0avangi, og fara allt til Babelsborgar, en \u00fear skaltu frelsu\u00f0 ver\u00f0a, \u00fear skal Drottinn leysa \u00feig af hendi \u00f3vina \u00feinna.<a name=\"11\"><span class=\"versanumer\">11<\/span><\/a>Fj\u00f6ldi hei\u00f0ingja mun a\u00f0 v\u00edsu br\u00e1\u00f0um safnast \u00e1 m\u00f3ti \u00fe\u00e9r, og segja: \u201eh\u00fan er vanheil\u00f6g or\u00f0in! v\u00e9r h\u00f6fum gaman af a\u00f0 horfa \u00e1 S\u00edonsfjall\u201c;<a name=\"12\"><span class=\"versanumer\">12<\/span><\/a>en \u00feeir vita ekki Drottins hugsanir, og skilja ekki hans r\u00e1\u00f0, a\u00f0 hann safnar \u00feeim sj\u00e1lfum saman, eins og kerfum \u00e1 kornl\u00e1fa.<a name=\"13\"><span class=\"versanumer\">13<\/span><\/a>R\u00eds upp og \u00feresk, S\u00edonsd\u00f3ttir! eg skal gefa \u00fe\u00e9r j\u00e1rnhorn og eirklaufir, svo \u00fe\u00fa skalt sundurmerja margar \u00fej\u00f3\u00f0ir; eg skal helga Drottni \u00feeirra eignir, og \u00feeirra au\u00f0leg\u00f0 hinum alvalda Drottni allrar jar\u00f0arinnar.<a name=\"14\"><span class=\"versanumer\">14<\/span><\/a>\u00de\u00e1 skaltu \u00fe\u00fa engja \u00feig saman, \u00fe\u00fa <span class='VideyAth'>(Babelsborg!)<\/span> sem sendir \u00fat hleypiflokkana, er setja munu hervirki \u00ed kringum oss, og lj\u00f3sta munu landsh\u00f6f\u00f0ingja \u00cdsraelsmanna stafsh\u00f6ggi.<\/p>\n<div class=\"footnoteVidey\">V. 3. a. \u00deessi \u00ferj\u00fa vers eru samhlj\u00f3\u00f0a Es. 2,2\u20134.<\/div>\n","protected":false},"excerpt":{"rendered":"<p>Mikkas huggar Gy\u00f0inga me\u00f0 \u00feeim sp\u00e1d\u00f3mi, a\u00f0 musteri\u00f0 skuli aftur ver\u00f0a uppbyggt, og ver\u00f0a enn veglegra, en hi\u00f0 forna; \u00e1minnir \u00fe\u00e1 til \u00feolinm\u00e6\u00f0i \u00ed hinni bab\u00fdlonsku herlei\u00f0ingu, sem fyrir \u00feeim l\u00e1. 1\u00c1 hinum s\u00ed\u00f0ustu d\u00f6gum mun \u00fea\u00f0 ver\u00f0a, a\u00f0 fjall \u00fea\u00f0, er musteri Drottins stendur \u00e1, skal grundvalla\u00f0 ver\u00f0a \u00e1 tindi fjallanna, og gn\u00e6fa upp yfir h\u00e6\u00f0irnar, og \u00fej\u00f3\u00f0irnar skulu streyma \u00feanga\u00f0.2\u00de\u00e1 skal fj\u00f6ldi hei\u00f0ingja fara af sta\u00f0, og segja: komi\u00f0, l\u00e1tum oss ganga upp til Drottins fjalls, og til h\u00fass Jakobs Gu\u00f0s, svo hann v\u00edsi oss s\u00edna vega, og svo v\u00e9r megum ganga \u00e1 hans stigum; \u00fev\u00ed l\u00f6gm\u00e1li\u00f0 gengur <a href=\"https:\/\/biblian.is\/videy\/mika-4-kafli\/\"> [&#8230;]<\/a><\/p>\n","protected":false},"author":1,"featured_media":0,"parent":0,"menu_order":0,"comment_status":"open","ping_status":"open","template":"bibliukaflar.php","meta":{"footnotes":""},"class_list":["post-21746","page","type-page","status-publish","hentry"],"_links":{"self":[{"href":"https:\/\/biblian.is\/videy\/wp-json\/wp\/v2\/pages\/21746","targetHints":{"allow":["GET"]}}],"collection":[{"href":"https:\/\/biblian.is\/videy\/wp-json\/wp\/v2\/pages"}],"about":[{"href":"https:\/\/biblian.is\/videy\/wp-json\/wp\/v2\/types\/page"}],"author":[{"embeddable":true,"href":"https:\/\/biblian.is\/videy\/wp-json\/wp\/v2\/users\/1"}],"replies":[{"embeddable":true,"href":"https:\/\/biblian.is\/videy\/wp-json\/wp\/v2\/comments?post=21746"}],"version-history":[{"count":0,"href":"https:\/\/biblian.is\/videy\/wp-json\/wp\/v2\/pages\/21746\/revisions"}],"wp:attachment":[{"href":"https:\/\/biblian.is\/videy\/wp-json\/wp\/v2\/media?parent=21746"}],"curies":[{"name":"wp","href":"https:\/\/api.w.org\/{rel}","templated":true}]}}