{"id":21745,"date":"2018-01-02T01:03:45","date_gmt":"2018-01-02T01:03:45","guid":{"rendered":"http:\/\/biblian.is\/videy\/mika-3-kafli\/"},"modified":"2018-01-02T01:03:45","modified_gmt":"2018-01-02T01:03:45","slug":"mika-3-kafli","status":"publish","type":"page","link":"https:\/\/biblian.is\/videy\/mika-3-kafli\/","title":{"rendered":"M\u00edka 3. kafli"},"content":{"rendered":"<div class=\"fyrirsognVidey\">Mikkas sp\u00e1ir rangl\u00e1tum valdsm\u00f6nnum og lygisp\u00e1m\u00f6nnum hegningu Gu\u00f0s, og a\u00f0 h\u00f6fu\u00f0borg landsins og musteri\u00f0 muni ey\u00f0ilagt ver\u00f0a.<\/div>\n<p><a name=\"1\"><span class=\"versanumer\">1<\/span><\/a>En n\u00fa segi eg: Heyri\u00f0 \u00fe\u00f3, \u00fe\u00e9r h\u00f6fu\u00f0smenn Jakobsni\u00f0ja og d\u00f3mendur \u00cdsraelsmanna! Eigi\u00f0 \u00fe\u00e9r ekki a\u00f0 vita, hva\u00f0 r\u00e9tt er?<a name=\"2\"><span class=\"versanumer\">2<\/span><\/a>Samt hati\u00f0 \u00fe\u00e9r hi\u00f0 g\u00f3\u00f0a, en elski\u00f0 hi\u00f0 vonda; \u00fe\u00e9r sl\u00e1i\u00f0 menn og taki\u00f0 holdi\u00f0 af beinum \u00feeirra:<a name=\"3\"><span class=\"versanumer\">3<\/span><\/a>\u00fe\u00e9r eti\u00f0 hold m\u00edns f\u00f3lks, sl\u00e1i\u00f0 \u00fea\u00f0, brj\u00f3ti\u00f0 bein \u00feess, og kasti\u00f0 \u00feeim sem stykkjum \u00ed ketil, og sem kj\u00f6ti \u00ed pott.<a name=\"4\"><span class=\"versanumer\">4<\/span><\/a>Eitt sinn munu \u00feeir kalla til Drottins, en \u00fe\u00e1 skal hann ekki svara \u00feeim; hann mun \u00fe\u00e1 byrgja auglit sitt fyrir \u00feeim, af \u00fev\u00ed breytni \u00feeirra er vond. <br \/><a name=\"5\"><span class=\"versanumer\">5<\/span><\/a>Svo segir Drottinn \u00e1 m\u00f3ti \u00feeim sp\u00e1m\u00f6nnum, sem villa mitt f\u00f3lk, sem sp\u00e1 fri\u00f0i, me\u00f0an \u00feeir hafa nokku\u00f0 tanna milli, en bo\u00f0a \u00f3fri\u00f0, s\u00e9 \u00feeim ekki viki\u00f0 neinu:<a name=\"6\"><span class=\"versanumer\">6<\/span><\/a>Sannlega mun s\u00fa n\u00f3tt koma, a\u00f0 \u00fe\u00e9r skulu\u00f0 ekkert sj\u00e1, og \u00fea\u00f0 myrkur, a\u00f0 \u00fe\u00e9r skulu\u00f0 \u00f6ngvu sp\u00e1: s\u00f3lin skal ekki upp renna yfir \u00feessh\u00e1ttar sp\u00e1menn, og dagurinn skal ver\u00f0a myrkur yfir \u00feeim.<a name=\"7\"><span class=\"versanumer\">7<\/span><\/a>\u00deeir sem sj\u00e1 sj\u00f3nir, skulu \u00fe\u00e1 fyrirver\u00f0a sig, og \u00feeir sem fara me\u00f0 sp\u00e1d\u00f3ma, skulu ver\u00f0a til skammar: \u00feeir skulu stinga h\u00f6f\u00f0i \u00ed feld, \u00fev\u00ed Gu\u00f0 mun engi andsv\u00f6r veita. <br \/><a name=\"8\"><span class=\"versanumer\">8<\/span><\/a>Eg \u00fear \u00e1 m\u00f3ti er fullur af krafti, af anda Drottins, af r\u00e9ttl\u00e6ti og dj\u00f6rfung, svo eg \u00feori a\u00f0 segja Jakobsni\u00f0jum til sinna misgj\u00f6r\u00f0a, og \u00cdsraelsm\u00f6nnum til synda sinna.<a name=\"9\"><span class=\"versanumer\">9<\/span><\/a>Svo heyri\u00f0 n\u00fa \u00feetta, \u00fe\u00e9r h\u00f6f\u00f0ingjar Jakobsni\u00f0ja, og d\u00f3mendur \u00cdsraelsmanna! \u00fe\u00e9r sem hafi\u00f0 vi\u00f0bj\u00f3\u00f0 \u00e1 r\u00e9ttv\u00edsinni, og umhverfi\u00f0 \u00f6llu \u00fev\u00ed sem r\u00e9tt er.<a name=\"10\"><span class=\"versanumer\">10<\/span><\/a>Heyri \u00fea\u00f0 s\u00e9rhv\u00f6r, sem fremur manndr\u00e1p \u00e1 S\u00edonsfjalli, og hefir rangindi \u00ed frammi \u00ed Jer\u00fasalemsborg.<a name=\"11\"><span class=\"versanumer\">11<\/span><\/a>H\u00f6f\u00f0ingjar borgarinnar d\u00e6ma fyrir m\u00fatu, hennar kennimenn kenna fyrir kaup, sp\u00e1menn hennar sp\u00e1 fyrir peninga; og \u00fe\u00f3 rei\u00f0a \u00feeir sig \u00e1 Drottin, og segja: \u201eer ekki Drottinn vor \u00e1 me\u00f0al? engin \u00f3g\u00e6fa kann oss a\u00f0 henda\u201c!<a name=\"12\"><span class=\"versanumer\">12<\/span><\/a>\u00deess vegna skal S\u00edonsfjall fyrir y\u00f0ar skuld pl\u00e6gt ver\u00f0a sem akur, Jer\u00fasalemsborg skal ver\u00f0a a\u00f0 steinahr\u00fagu, og musterisfjalli\u00f0 a\u00f0 sk\u00f3garh\u00e1lsi.<\/p>\n<div class=\"footnoteVidey\"><\/div>\n","protected":false},"excerpt":{"rendered":"<p>Mikkas sp\u00e1ir rangl\u00e1tum valdsm\u00f6nnum og lygisp\u00e1m\u00f6nnum hegningu Gu\u00f0s, og a\u00f0 h\u00f6fu\u00f0borg landsins og musteri\u00f0 muni ey\u00f0ilagt ver\u00f0a. 1En n\u00fa segi eg: Heyri\u00f0 \u00fe\u00f3, \u00fe\u00e9r h\u00f6fu\u00f0smenn Jakobsni\u00f0ja og d\u00f3mendur \u00cdsraelsmanna! Eigi\u00f0 \u00fe\u00e9r ekki a\u00f0 vita, hva\u00f0 r\u00e9tt er?2Samt hati\u00f0 \u00fe\u00e9r hi\u00f0 g\u00f3\u00f0a, en elski\u00f0 hi\u00f0 vonda; \u00fe\u00e9r sl\u00e1i\u00f0 menn og taki\u00f0 holdi\u00f0 af beinum \u00feeirra:3\u00fe\u00e9r eti\u00f0 hold m\u00edns f\u00f3lks, sl\u00e1i\u00f0 \u00fea\u00f0, brj\u00f3ti\u00f0 bein \u00feess, og kasti\u00f0 \u00feeim sem stykkjum \u00ed ketil, og sem kj\u00f6ti \u00ed pott.4Eitt sinn munu \u00feeir kalla til Drottins, en \u00fe\u00e1 skal hann ekki svara \u00feeim; hann mun \u00fe\u00e1 byrgja auglit sitt fyrir \u00feeim, af \u00fev\u00ed breytni \u00feeirra <a href=\"https:\/\/biblian.is\/videy\/mika-3-kafli\/\"> [&#8230;]<\/a><\/p>\n","protected":false},"author":1,"featured_media":0,"parent":0,"menu_order":0,"comment_status":"open","ping_status":"open","template":"bibliukaflar.php","meta":{"footnotes":""},"class_list":["post-21745","page","type-page","status-publish","hentry"],"_links":{"self":[{"href":"https:\/\/biblian.is\/videy\/wp-json\/wp\/v2\/pages\/21745","targetHints":{"allow":["GET"]}}],"collection":[{"href":"https:\/\/biblian.is\/videy\/wp-json\/wp\/v2\/pages"}],"about":[{"href":"https:\/\/biblian.is\/videy\/wp-json\/wp\/v2\/types\/page"}],"author":[{"embeddable":true,"href":"https:\/\/biblian.is\/videy\/wp-json\/wp\/v2\/users\/1"}],"replies":[{"embeddable":true,"href":"https:\/\/biblian.is\/videy\/wp-json\/wp\/v2\/comments?post=21745"}],"version-history":[{"count":0,"href":"https:\/\/biblian.is\/videy\/wp-json\/wp\/v2\/pages\/21745\/revisions"}],"wp:attachment":[{"href":"https:\/\/biblian.is\/videy\/wp-json\/wp\/v2\/media?parent=21745"}],"curies":[{"name":"wp","href":"https:\/\/api.w.org\/{rel}","templated":true}]}}