{"id":21744,"date":"2018-01-02T01:03:45","date_gmt":"2018-01-02T01:03:45","guid":{"rendered":"http:\/\/biblian.is\/videy\/mika-2-kafli\/"},"modified":"2018-01-02T01:03:45","modified_gmt":"2018-01-02T01:03:45","slug":"mika-2-kafli","status":"publish","type":"page","link":"https:\/\/biblian.is\/videy\/mika-2-kafli\/","title":{"rendered":"M\u00edka 2. kafli"},"content":{"rendered":"<div class=\"fyrirsognVidey\">Mikkas pr\u00e9dikar m\u00f3ti rangl\u00e6ti og k\u00fagun, og lygisp\u00e1m\u00f6nnum, sem t\u00e6ldu \u00fej\u00f3\u00f0ina.<\/div>\n<p><a name=\"1\"><span class=\"versanumer\">1<\/span><\/a>Vei \u00feeim m\u00f6nnum, sem hugsa upp rangindi og hafa ill r\u00e1\u00f0 me\u00f0 h\u00f6ndum \u00ed hv\u00edlur\u00famum s\u00ednum, og framkv\u00e6ma \u00feau, \u00feegar lj\u00f3mar af degi, af \u00fev\u00ed \u00feeir hafa kraft \u00ed hendi.<a name=\"2\"><span class=\"versanumer\">2<\/span><\/a>Langi \u00fe\u00e1 til a\u00f0 eignast akra, \u00fe\u00e1 r\u00e6na \u00feeir \u00feeim: langi \u00fe\u00e1 til a\u00f0 eignast h\u00fas, taka \u00feeir \u00feau; \u00feeir gj\u00f6ra ofr\u00edki \u00e1 h\u00fasb\u00faandanum og h\u00fasi hans, \u00e1 landeigandanum og landeign hans.<a name=\"3\"><span class=\"versanumer\">3<\/span><\/a>\u00dear fyrir segir Drottinn svo: eg hefi \u00e1sett m\u00e9r a\u00f0 leggja \u00e1 \u00feessa kynsl\u00f3\u00f0 \u00fe\u00e1 \u00f3hamingju, er \u00fe\u00e9r skulu\u00f0 eigi f\u00e1 af y\u00f0ur hrundi\u00f0, og ekki undir risi\u00f0; svo mikil skal s\u00fa \u00f3hamingja ver\u00f0a.<a name=\"4\"><span class=\"versanumer\">4<\/span><\/a>\u00c1 \u00feeim degi munu menn kve\u00f0a kv\u00e6\u00f0i um y\u00f0ur, og hafa gr\u00e1tlegar harmat\u00f6lur: \u201ev\u00e9r erum gj\u00f6rsamlega ey\u00f0ilag\u00f0ir! landeign m\u00edns f\u00f3lks er \u00fathlutu\u00f0 \u00f6\u00f0rum! \u00f3 a\u00f0 m\u00e9r skuli vera fyrirmuna\u00f0, a\u00f0 n\u00e1 aftur \u00f6krum vorum, sem menn hafa skipt \u00ed milli s\u00edn!\u201c<a name=\"5\"><span class=\"versanumer\">5<\/span><\/a>J\u00e1, \u00feetta skal \u00e1 \u00fe\u00e9r r\u00e6tast! \u00fe\u00fa skalt engan finna, sem \u00fathluti \u00fe\u00e9r nokkuru hlutskipti me\u00f0al Drottins safna\u00f0ar. <br \/><a name=\"6\"><span class=\"versanumer\">6<\/span><\/a>\u201eSp\u00e1i\u00f0 \u00fe\u00e9r ekki <span class='VideyAth'>(segja \u00feeir)<\/span>! Sp\u00e1i hinir heldur, \u00feeir sp\u00e1 ekki eins og \u00feessir, hv\u00f6rra sk\u00fatyr\u00f0um aldrei linnir\u201c.<a name=\"7\"><span class=\"versanumer\">7<\/span><\/a>\u00de\u00e9r svonefndu Jakobs ni\u00f0jar! Er Drottinn \u00fe\u00e1 \u00f3\u00feolinm\u00f3\u00f0ur: er hans a\u00f0fer\u00f0 \u00feessh\u00e1ttar? Eru m\u00edn or\u00f0 ekki g\u00e6skur\u00edk vi\u00f0 \u00fe\u00e1, sem ganga hinn r\u00e9tta veg?<a name=\"8\"><span class=\"versanumer\">8<\/span><\/a>En mitt f\u00f3lk hefir n\u00fa \u00feegar lengi risi\u00f0 upp \u00e1 m\u00f3ti m\u00e9r, sem \u00f3vinur; \u00fe\u00e1 menn, sem heim koma \u00far herfer\u00f0 og ganga ugglausir, afkl\u00e6\u00f0i\u00f0 \u00fe\u00e9r og f\u00e6ri\u00f0 \u00fe\u00e1 \u00far yfirh\u00f6fninni, svo \u00feeir hafa ei eftir nema kyrtilinn;<a name=\"9\"><span class=\"versanumer\">9<\/span><\/a>konur m\u00edns f\u00f3lks reki\u00f0 \u00fe\u00e9r \u00fat af h\u00fasum s\u00ednum, hvar \u00fe\u00e6r hafa \u00e1tt g\u00f3\u00f0a daga; fr\u00e1 ungb\u00f6rnum \u00feeirra taki\u00f0 \u00fe\u00e9r \u00fea\u00f0 skart, sem eg hefi \u00feeim gefi\u00f0, svo \u00feau f\u00e1 \u00fea\u00f0 aldrei aftur!<a name=\"10\"><span class=\"versanumer\">10<\/span><\/a>Burt me\u00f0 y\u00f0ur h\u00e9\u00f0an! \u00fev\u00ed h\u00e9r er ekki samasta\u00f0ur handa y\u00f0ur. Landi\u00f0 er spillt og f\u00e1rsj\u00fakt!<a name=\"11\"><span class=\"versanumer\">11<\/span><\/a>Fari nokkur me\u00f0 h\u00e9g\u00f3ma og lygar, og segi: \u201eeg skal sp\u00e1 fyrir \u00fe\u00e9r, ef eg f\u00e6 v\u00edn og \u00e1fenga drykki\u201c, hann er r\u00e9ttur sp\u00e1ma\u00f0ur fyrir \u00feetta f\u00f3lk.<br \/><a name=\"12\"><span class=\"versanumer\">12<\/span><\/a>Samt vil eg \u00e1 s\u00ed\u00f0an safna y\u00f0ur \u00f6llum saman, \u00fe\u00e9r Jakobsni\u00f0jar! Eg vil samansafna eftirleifum \u00cdsraelsmanna, eg vil safna \u00feeim saman \u00ed eitt, eins og sau\u00f0f\u00e9 \u00ed kv\u00edum, e\u00f0a hj\u00f6r\u00f0 \u00ed fj\u00e1rh\u00fasi; \u00fear skal ver\u00f0a kli\u00f0ur mikill af mannmerg\u00f0inni.<a name=\"13\"><span class=\"versanumer\">13<\/span><\/a>Eitt sinn mun nokkur s\u00e1 upp r\u00edsa, sem brj\u00f3ta mun hli\u00f0 \u00e1 fyrir \u00fe\u00e1; \u00fe\u00e1 skulu \u00feeir ry\u00f0jast fram, fara \u00ed gegnum hli\u00f0i\u00f0 og ganga \u00fat, skal konungur \u00feeirra fara fyrir \u00feeim, og Drottinn vera \u00ed broddi fylkingar \u00feeirra.<\/p>\n<div class=\"footnoteVidey\"><\/div>\n","protected":false},"excerpt":{"rendered":"<p>Mikkas pr\u00e9dikar m\u00f3ti rangl\u00e6ti og k\u00fagun, og lygisp\u00e1m\u00f6nnum, sem t\u00e6ldu \u00fej\u00f3\u00f0ina. 1Vei \u00feeim m\u00f6nnum, sem hugsa upp rangindi og hafa ill r\u00e1\u00f0 me\u00f0 h\u00f6ndum \u00ed hv\u00edlur\u00famum s\u00ednum, og framkv\u00e6ma \u00feau, \u00feegar lj\u00f3mar af degi, af \u00fev\u00ed \u00feeir hafa kraft \u00ed hendi.2Langi \u00fe\u00e1 til a\u00f0 eignast akra, \u00fe\u00e1 r\u00e6na \u00feeir \u00feeim: langi \u00fe\u00e1 til a\u00f0 eignast h\u00fas, taka \u00feeir \u00feau; \u00feeir gj\u00f6ra ofr\u00edki \u00e1 h\u00fasb\u00faandanum og h\u00fasi hans, \u00e1 landeigandanum og landeign hans.3\u00dear fyrir segir Drottinn svo: eg hefi \u00e1sett m\u00e9r a\u00f0 leggja \u00e1 \u00feessa kynsl\u00f3\u00f0 \u00fe\u00e1 \u00f3hamingju, er \u00fe\u00e9r skulu\u00f0 eigi f\u00e1 af y\u00f0ur hrundi\u00f0, og ekki undir risi\u00f0; svo <a href=\"https:\/\/biblian.is\/videy\/mika-2-kafli\/\"> [&#8230;]<\/a><\/p>\n","protected":false},"author":1,"featured_media":0,"parent":0,"menu_order":0,"comment_status":"open","ping_status":"open","template":"bibliukaflar.php","meta":{"footnotes":""},"class_list":["post-21744","page","type-page","status-publish","hentry"],"_links":{"self":[{"href":"https:\/\/biblian.is\/videy\/wp-json\/wp\/v2\/pages\/21744","targetHints":{"allow":["GET"]}}],"collection":[{"href":"https:\/\/biblian.is\/videy\/wp-json\/wp\/v2\/pages"}],"about":[{"href":"https:\/\/biblian.is\/videy\/wp-json\/wp\/v2\/types\/page"}],"author":[{"embeddable":true,"href":"https:\/\/biblian.is\/videy\/wp-json\/wp\/v2\/users\/1"}],"replies":[{"embeddable":true,"href":"https:\/\/biblian.is\/videy\/wp-json\/wp\/v2\/comments?post=21744"}],"version-history":[{"count":0,"href":"https:\/\/biblian.is\/videy\/wp-json\/wp\/v2\/pages\/21744\/revisions"}],"wp:attachment":[{"href":"https:\/\/biblian.is\/videy\/wp-json\/wp\/v2\/media?parent=21744"}],"curies":[{"name":"wp","href":"https:\/\/api.w.org\/{rel}","templated":true}]}}