{"id":21743,"date":"2018-01-02T01:03:45","date_gmt":"2018-01-02T01:03:45","guid":{"rendered":"http:\/\/biblian.is\/videy\/mika-1-kafli\/"},"modified":"2018-01-02T01:03:45","modified_gmt":"2018-01-02T01:03:45","slug":"mika-1-kafli","status":"publish","type":"page","link":"https:\/\/biblian.is\/videy\/mika-1-kafli\/","title":{"rendered":"M\u00edka 1. kafli"},"content":{"rendered":"<div class=\"fyrirsognVidey\">Mikkas bo\u00f0ar tilkomu Drottins til a\u00f0 hegna \u00cdsraelsm\u00f6nnum og J\u00fadar\u00edkism\u00f6nnum fyrir \u00feeirra hj\u00e1gu\u00f0ad\u00fdrkun; sp\u00e1ir \u00cdsraelsr\u00edki gj\u00f6rsamlegri ey\u00f0ileggingu, og J\u00fadar\u00edki st\u00f3rum \u00f3f\u00f6rum.<\/div>\n<p><a name=\"1\"><span class=\"versanumer\">1<\/span><\/a>\u00deetta er \u00fea\u00f0 or\u00f0, er Drottinn tala\u00f0i til Mikkass fr\u00e1 Maresaborg, \u00e1 d\u00f6gum J\u00f3tams, Akass og Esek\u00edass, J\u00fadar\u00edkis konunga, hv\u00f6rju hann sp\u00e1\u00f0i gegn Samar\u00edu og Jer\u00fasalemsborg.<a name=\"2\"><span class=\"versanumer\">2<\/span><\/a>Heyri\u00f0, allir l\u00fd\u00f0ir! Gef gaum a\u00f0, \u00fe\u00fa land og allt sem \u00ed \u00fe\u00e9r er! Drottinn alvaldur mun sem vottur framganga y\u00f0ar \u00e1 me\u00f0al, hinn Alvaldi af s\u00ednu heilaga musteri.<a name=\"3\"><span class=\"versanumer\">3<\/span><\/a>\u00dev\u00ed sj\u00e1i\u00f0! Drottinn mun \u00fat fara af s\u00ednum b\u00fasta\u00f0, ofan st\u00edga og ganga eftir h\u00e6\u00f0um jar\u00f0arinnar.<a name=\"4\"><span class=\"versanumer\">4<\/span><\/a>Fj\u00f6llin munu br\u00e1\u00f0na undan honum, sem vax fyrir eldi, og dalirnir klofna, eins og vatn er steypist ofan hallanda;<a name=\"5\"><span class=\"versanumer\">5<\/span><\/a>og allt \u00feetta fyrir sakir misgj\u00f6r\u00f0a Jakobs ni\u00f0ja, og fyrir synda sakir \u00cdsraelsmanna. Hv\u00f6r er \u00fe\u00e1 skuld \u00ed misgj\u00f6r\u00f0 Jakobsni\u00f0ja? Er \u00fea\u00f0 ekki Samar\u00eda? Og hv\u00f6r er valdur a\u00f0 bl\u00f3th\u00f6rgum J\u00fadar\u00edkismanna? Er \u00fea\u00f0 ekki Jer\u00fasalemsborg?<br \/><a name=\"6\"><span class=\"versanumer\">6<\/span><\/a>Eg vil fara me\u00f0 Samar\u00edu, eins og fari\u00f0 er me\u00f0 gr\u00fdttan akur, hvar menn \u00e6tla a\u00f0 planta v\u00edngar\u00f0a: eg vil velta steinum hennar ofan \u00ed dalinn, og l\u00e1ta sj\u00e1st \u00ed beran grundv\u00f6ll hennar.<a name=\"7\"><span class=\"versanumer\">7<\/span><\/a>\u00d6ll hennar skur\u00f0go\u00f0 skulu \u00ed sundur brotin ver\u00f0a, og allur hennar bl\u00f3tau\u00f0ur \u00ed eldi brenndur; eg skal \u00ed ey\u00f0i leggja \u00f6ll hennar go\u00f0al\u00edkneski, \u00fev\u00ed h\u00fan hefir saman dregi\u00f0 \u00feenna au\u00f0 af bl\u00f3tgj\u00f6fum og hann skal a\u00f0 bl\u00f3tgj\u00f6fum aftur ver\u00f0a.<a name=\"8\"><span class=\"versanumer\">8<\/span><\/a>Vegna \u00feessa hl\u00fdt eg a\u00f0 harma og kveina; eg hl\u00fdt a\u00f0 ganga sem hertekinn og kl\u00e6\u00f0laus; eg ver\u00f0 a\u00f0 telja m\u00e9r harmat\u00f6lur sem gullrakkar, og bera fram kveinstafi, sem str\u00fatsfuglinn.<a name=\"9\"><span class=\"versanumer\">9<\/span><\/a>\u00dev\u00ed hennar s\u00e1r er banv\u00e6nt, og n\u00e6r til J\u00fadar\u00edkis, og allt a\u00f0 borgarhli\u00f0um m\u00edns f\u00f3lks, til Jer\u00fasalemsborgar.<a name=\"10\"><span class=\"versanumer\">10<\/span><\/a>L\u00e1ti\u00f0 ekki ver\u00f0a vart vi\u00f0 \u00feetta \u00ed Gatsborg; Gr\u00e1ti\u00f0 ekki h\u00e1tt! Hyl \u00feig me\u00f0 \u00f6sku \u00ed Betaffra.<a name=\"11\"><span class=\"versanumer\">11<\/span><\/a>Gangi\u00f0 fram blyg\u00f0unarlega naktar, \u00fe\u00e9r konur, sem b\u00fai\u00f0 \u00ed Saff\u00edrsborg! Fari\u00f0 ekki \u00fat, \u00fe\u00e9r konur, sem b\u00fai\u00f0 \u00ed Sanansborg! \u00fev\u00ed Beteselsborg er \u00ed angist, og f\u00e6r ekkert herbergi veitt y\u00f0ur.<a name=\"12\"><span class=\"versanumer\">12<\/span><\/a>Marotsborg er kv\u00ed\u00f0andi um sinn hag; \u00fev\u00ed \u00f3g\u00e6fan er ni\u00f0ur stigin fr\u00e1 Drottni allt a\u00f0 hli\u00f0um Jer\u00fasalemsborgar.<a name=\"13\"><span class=\"versanumer\">13<\/span><\/a>Beit skj\u00f3tum hestum fyrir vagninn, \u00fe\u00fa innb\u00fai Lakisborgar! \u00ed \u00feeirri borg upp kom fyrst synd S\u00edonsd\u00f3ttur, \u00fev\u00ed hj\u00e1 \u00fe\u00e9r fundust misgj\u00f6r\u00f0ir \u00cdsraelsmanna.<a name=\"14\"><span class=\"versanumer\">14<\/span><\/a>L\u00e1ttu af a\u00f0 gj\u00f6ra tilkall til a\u00f0 eignast Gatsborg. Aks\u00edbsborg skal a\u00f0 \u00f6ngvu haldi koma \u00cdsraelskonungum.<a name=\"15\"><span class=\"versanumer\">15<\/span><\/a>Einnig y\u00f0ur, innb\u00faum Maresaborgar, vil eg f\u00e1 annan eiganda. H\u00f6f\u00f0ingjar \u00cdsraelsmanna skulu fl\u00fdja \u00ed Ad\u00fallamshellir.<a name=\"16\"><span class=\"versanumer\">16<\/span><\/a>Raka \u00feig, gj\u00f6r \u00feig sk\u00f6ll\u00f3tta, vegna \u00feinna \u00e1stf\u00f3lgnu barna; gj\u00f6r \u00feig alla vega h\u00e1rlausa, sem \u00f6rn, \u00fev\u00ed \u00feau eru tekin fr\u00e1 \u00fe\u00e9r og flutt burt \u00ed \u00fatleg\u00f0.<\/p>\n<div class=\"footnoteVidey\"><\/div>\n","protected":false},"excerpt":{"rendered":"<p>Mikkas bo\u00f0ar tilkomu Drottins til a\u00f0 hegna \u00cdsraelsm\u00f6nnum og J\u00fadar\u00edkism\u00f6nnum fyrir \u00feeirra hj\u00e1gu\u00f0ad\u00fdrkun; sp\u00e1ir \u00cdsraelsr\u00edki gj\u00f6rsamlegri ey\u00f0ileggingu, og J\u00fadar\u00edki st\u00f3rum \u00f3f\u00f6rum. 1\u00deetta er \u00fea\u00f0 or\u00f0, er Drottinn tala\u00f0i til Mikkass fr\u00e1 Maresaborg, \u00e1 d\u00f6gum J\u00f3tams, Akass og Esek\u00edass, J\u00fadar\u00edkis konunga, hv\u00f6rju hann sp\u00e1\u00f0i gegn Samar\u00edu og Jer\u00fasalemsborg.2Heyri\u00f0, allir l\u00fd\u00f0ir! Gef gaum a\u00f0, \u00fe\u00fa land og allt sem \u00ed \u00fe\u00e9r er! Drottinn alvaldur mun sem vottur framganga y\u00f0ar \u00e1 me\u00f0al, hinn Alvaldi af s\u00ednu heilaga musteri.3\u00dev\u00ed sj\u00e1i\u00f0! Drottinn mun \u00fat fara af s\u00ednum b\u00fasta\u00f0, ofan st\u00edga og ganga eftir h\u00e6\u00f0um jar\u00f0arinnar.4Fj\u00f6llin munu br\u00e1\u00f0na undan honum, sem vax fyrir eldi, og dalirnir <a href=\"https:\/\/biblian.is\/videy\/mika-1-kafli\/\"> [&#8230;]<\/a><\/p>\n","protected":false},"author":1,"featured_media":0,"parent":0,"menu_order":0,"comment_status":"open","ping_status":"open","template":"bibliukaflar.php","meta":{"footnotes":""},"class_list":["post-21743","page","type-page","status-publish","hentry"],"_links":{"self":[{"href":"https:\/\/biblian.is\/videy\/wp-json\/wp\/v2\/pages\/21743","targetHints":{"allow":["GET"]}}],"collection":[{"href":"https:\/\/biblian.is\/videy\/wp-json\/wp\/v2\/pages"}],"about":[{"href":"https:\/\/biblian.is\/videy\/wp-json\/wp\/v2\/types\/page"}],"author":[{"embeddable":true,"href":"https:\/\/biblian.is\/videy\/wp-json\/wp\/v2\/users\/1"}],"replies":[{"embeddable":true,"href":"https:\/\/biblian.is\/videy\/wp-json\/wp\/v2\/comments?post=21743"}],"version-history":[{"count":0,"href":"https:\/\/biblian.is\/videy\/wp-json\/wp\/v2\/pages\/21743\/revisions"}],"wp:attachment":[{"href":"https:\/\/biblian.is\/videy\/wp-json\/wp\/v2\/media?parent=21743"}],"curies":[{"name":"wp","href":"https:\/\/api.w.org\/{rel}","templated":true}]}}