{"id":21742,"date":"2018-01-02T01:03:45","date_gmt":"2018-01-02T01:03:45","guid":{"rendered":"http:\/\/biblian.is\/videy\/jonas-4-kafli\/"},"modified":"2018-01-02T01:03:45","modified_gmt":"2018-01-02T01:03:45","slug":"jonas-4-kafli","status":"publish","type":"page","link":"https:\/\/biblian.is\/videy\/jonas-4-kafli\/","title":{"rendered":"J\u00f3nas 4. kafli"},"content":{"rendered":"<div class=\"fyrirsognVidey\">Gu\u00f0 \u00e1telur J\u00f3nas fyrir \u00fea\u00f0 a\u00f0 hann var \u00f3\u00e1n\u00e6g\u00f0ur yfir \u00fev\u00ed, a\u00f0 Gu\u00f0 haf\u00f0i \u00feyrmt Nin\u00edveborgarm\u00f6nnum.<\/div>\n<p><a name=\"1\"><span class=\"versanumer\">1<\/span><\/a>J\u00f3nasi misl\u00edka\u00f0i \u00feetta n\u00e6sta mj\u00f6g, og hann var\u00f0 rei\u00f0ur.<a name=\"2\"><span class=\"versanumer\">2<\/span><\/a>Hann ba\u00f0 til Drottins, og sag\u00f0i: heyr mig, Drottinn! kemur n\u00fa ekki a\u00f0 \u00fev\u00ed, sem eg hugsa\u00f0i, me\u00f0an eg enn var \u00ed m\u00ednu landi? \u00deess vegna vildi eg \u00ed fyrra sinni fl\u00fdja til Tarsisborgar; \u00fev\u00ed eg vissi, a\u00f0 \u00fe\u00fa ert l\u00edknsamur og miskunnsamur Gu\u00f0, \u00feolinm\u00f3\u00f0ur og g\u00e6skur\u00edkur, og \u00f3h\u00f3tr\u00e6kinn.<a name=\"3\"><span class=\"versanumer\">3<\/span><\/a>Eg bi\u00f0 \u00feig, Drottinn, tak n\u00fa m\u00edna \u00f6nd fr\u00e1 m\u00e9r! \u00fev\u00ed m\u00e9r er betra a\u00f0 deyja, en lifa.<a name=\"4\"><span class=\"versanumer\">4<\/span><\/a>Drottinn sag\u00f0i: er \u00fea\u00f0 r\u00e9tt gj\u00f6rt af \u00fe\u00e9r, a\u00f0 rei\u00f0ast svo?<a name=\"5\"><span class=\"versanumer\">5<\/span><\/a>J\u00f3nas haf\u00f0i fari\u00f0 \u00fat af borginni, og b\u00faist um fyrir austan borgina; \u00fear haf\u00f0i hann gj\u00f6rt s\u00e9r laufsk\u00e1la, og sat hann undir sk\u00e1lanum \u00ed fors\u00e6lunni, og bei\u00f0 \u00feess a\u00f0 hann s\u00e6i, hv\u00f6rnig Ninive borginni reiddi af.<a name=\"6\"><span class=\"versanumer\">6<\/span><\/a>\u00de\u00e1 l\u00e9t Drottinn Gu\u00f0 undurnj\u00f3la uppspretta, og vaxa upp yfir J\u00f3nas, til \u00feess a\u00f0 bera skugga \u00e1 h\u00f6fu\u00f0 hans, og frelsa hann fr\u00e1 \u00fev\u00ed, sem honum var a\u00f0 meini, og var\u00f0 J\u00f3nas st\u00f3rlega feginn undurnj\u00f3lanum.<a name=\"7\"><span class=\"versanumer\">7<\/span><\/a>En n\u00e6sta dag, \u00feegar morgunro\u00f0inn rann upp, l\u00e9t Gu\u00f0 orm koma; s\u00e1 stakk undurnj\u00f3lann, svo hann visna\u00f0i.<a name=\"8\"><span class=\"versanumer\">8<\/span><\/a>Og er s\u00f3l var \u00e1 loft komin, l\u00e9t Gu\u00f0 koma h\u00e6gan austanbl\u00e6, og skein s\u00f3lin svo heitt \u00e1 h\u00f6fu\u00f0 J\u00f3nasi, a\u00f0 hann vanmegna\u00f0ist; \u00fe\u00e1 \u00f3ska\u00f0i hann s\u00e9r dau\u00f0a, og sag\u00f0i: m\u00e9r er betra a\u00f0 deyja, en lifa!<a name=\"9\"><span class=\"versanumer\">9<\/span><\/a>\u00de\u00e1 sag\u00f0i Gu\u00f0 til J\u00f3nasar: er \u00fea\u00f0 r\u00e9tt gj\u00f6rt af \u00fe\u00e9r, a\u00f0 rei\u00f0ast svo vegna undurnj\u00f3lans? Hann svara\u00f0i: \u00fea\u00f0 er r\u00e9tt, a\u00f0 eg rei\u00f0ist til dau\u00f0a.<a name=\"10\"><span class=\"versanumer\">10<\/span><\/a>En Drottinn sag\u00f0i: \u00feig tekur s\u00e1rt til undurnj\u00f3lans, sem \u00fe\u00fa hefir ekkert fyrir haft og ekki uppklaki\u00f0, sem v\u00f3x \u00e1 n\u00f3ttu og hvarf \u00e1 n\u00f3ttu;<a name=\"11\"><span class=\"versanumer\">11<\/span><\/a>og mig skyldi ekki taka s\u00e1rt til Ninive, hinnar miklu borgar, \u00ed hv\u00f6rri a\u00f0 eru miklu meir en hundra\u00f0 og tuttugu \u00fe\u00fasundir manna, er ekki \u00feekkja h\u00e6gri h\u00f6nd s\u00edna fr\u00e1 hinni vinstri, og \u00fear me\u00f0 fj\u00f6ldi d\u00fdra.<\/p>\n<div class=\"footnoteVidey\">V. 6. Undurnj\u00f3li er vi\u00f0artegund, sem miki\u00f0 vex af \u00ed Gy\u00f0ingalandi; hann er graskynja\u00f0ur, holur innan, vex undrunarlega flj\u00f3tt svo a\u00f0 hann innan f\u00e1rra daga ver\u00f0ur a\u00f0 litlu tr\u00e9, bl\u00f6\u00f0in eru brei\u00f0 sem \u00e1 v\u00ednvi\u00f0i, og ber af \u00feeim mikinn skugga; af fr\u00e6kjarnanum f\u00e6st ol\u00eda, sem h\u00f6f\u00f0 er til l\u00e6kninga. Undurnj\u00f3li er eigi vanur a\u00f0 standa lengur en tv\u00f6 \u00e1r.<\/div>\n","protected":false},"excerpt":{"rendered":"<p>Gu\u00f0 \u00e1telur J\u00f3nas fyrir \u00fea\u00f0 a\u00f0 hann var \u00f3\u00e1n\u00e6g\u00f0ur yfir \u00fev\u00ed, a\u00f0 Gu\u00f0 haf\u00f0i \u00feyrmt Nin\u00edveborgarm\u00f6nnum. 1J\u00f3nasi misl\u00edka\u00f0i \u00feetta n\u00e6sta mj\u00f6g, og hann var\u00f0 rei\u00f0ur.2Hann ba\u00f0 til Drottins, og sag\u00f0i: heyr mig, Drottinn! kemur n\u00fa ekki a\u00f0 \u00fev\u00ed, sem eg hugsa\u00f0i, me\u00f0an eg enn var \u00ed m\u00ednu landi? \u00deess vegna vildi eg \u00ed fyrra sinni fl\u00fdja til Tarsisborgar; \u00fev\u00ed eg vissi, a\u00f0 \u00fe\u00fa ert l\u00edknsamur og miskunnsamur Gu\u00f0, \u00feolinm\u00f3\u00f0ur og g\u00e6skur\u00edkur, og \u00f3h\u00f3tr\u00e6kinn.3Eg bi\u00f0 \u00feig, Drottinn, tak n\u00fa m\u00edna \u00f6nd fr\u00e1 m\u00e9r! \u00fev\u00ed m\u00e9r er betra a\u00f0 deyja, en lifa.4Drottinn sag\u00f0i: er \u00fea\u00f0 r\u00e9tt gj\u00f6rt af \u00fe\u00e9r, a\u00f0 rei\u00f0ast svo?5J\u00f3nas <a href=\"https:\/\/biblian.is\/videy\/jonas-4-kafli\/\"> [&#8230;]<\/a><\/p>\n","protected":false},"author":1,"featured_media":0,"parent":0,"menu_order":0,"comment_status":"open","ping_status":"open","template":"bibliukaflar.php","meta":{"footnotes":""},"class_list":["post-21742","page","type-page","status-publish","hentry"],"_links":{"self":[{"href":"https:\/\/biblian.is\/videy\/wp-json\/wp\/v2\/pages\/21742","targetHints":{"allow":["GET"]}}],"collection":[{"href":"https:\/\/biblian.is\/videy\/wp-json\/wp\/v2\/pages"}],"about":[{"href":"https:\/\/biblian.is\/videy\/wp-json\/wp\/v2\/types\/page"}],"author":[{"embeddable":true,"href":"https:\/\/biblian.is\/videy\/wp-json\/wp\/v2\/users\/1"}],"replies":[{"embeddable":true,"href":"https:\/\/biblian.is\/videy\/wp-json\/wp\/v2\/comments?post=21742"}],"version-history":[{"count":0,"href":"https:\/\/biblian.is\/videy\/wp-json\/wp\/v2\/pages\/21742\/revisions"}],"wp:attachment":[{"href":"https:\/\/biblian.is\/videy\/wp-json\/wp\/v2\/media?parent=21742"}],"curies":[{"name":"wp","href":"https:\/\/api.w.org\/{rel}","templated":true}]}}