{"id":21741,"date":"2018-01-02T01:03:45","date_gmt":"2018-01-02T01:03:45","guid":{"rendered":"http:\/\/biblian.is\/videy\/jonas-3-kafli\/"},"modified":"2018-01-02T01:03:45","modified_gmt":"2018-01-02T01:03:45","slug":"jonas-3-kafli","status":"publish","type":"page","link":"https:\/\/biblian.is\/videy\/jonas-3-kafli\/","title":{"rendered":"J\u00f3nas 3. kafli"},"content":{"rendered":"<div class=\"fyrirsognVidey\">J\u00f3nas pr\u00e9dikar fyrir Niniveborgarm\u00f6nnum; \u00feeir betra sig og f\u00e1 uppgj\u00f6f synda sinna.<\/div>\n<p><a name=\"1\"><span class=\"versanumer\">1<\/span><\/a>Drottinn tala\u00f0i til J\u00f3nasar anna\u00f0 sinn, og sag\u00f0i:<a name=\"2\"><span class=\"versanumer\">2<\/span><\/a>far af sta\u00f0, og gakk til Ninive, hinnar miklu borgar, og flyt henni \u00feann bo\u00f0skap, er eg mun birta \u00fe\u00e9r.<a name=\"3\"><span class=\"versanumer\">3<\/span><\/a>J\u00f3nas f\u00f3r af sta\u00f0, og gekk til Ninive eftir skipun Drottins; en Ninive var fur\u00f0ulega mikil borg, \u00ferj\u00e1r daglei\u00f0ir <span class='VideyAth'>(umhverfis)<\/span>.<a name=\"4\"><span class=\"versanumer\">4<\/span><\/a>J\u00f3nas gekk fyrst eina daglei\u00f0 innan borgar, \u00fev\u00ed n\u00e6st kalla\u00f0i hann og sag\u00f0i: \u201ea\u00f0 li\u00f0num 40 d\u00f6gum skal Ninive ver\u00f0a ey\u00f0il\u00f6g\u00f0\u201c.<a name=\"5\"><span class=\"versanumer\">5<\/span><\/a>Niniveborgar menn hl\u00fdddu Gu\u00f0i, kunngj\u00f6r\u00f0u f\u00f6stuhald, og kl\u00e6ddu sig \u00ed sorgarb\u00faning, b\u00e6\u00f0i ungir og gamlir.<a name=\"6\"><span class=\"versanumer\">6<\/span><\/a>Og sem \u00feetta barst til konungsins \u00ed Ninive, st\u00f3\u00f0 hann upp \u00far h\u00e1s\u00e6ti s\u00ednu, lag\u00f0i af s\u00e9r skikkju s\u00edna, kl\u00e6ddi sig \u00ed h\u00e1rkl\u00e6\u00f0i, og settist \u00ed \u00f6sku.<a name=\"7\"><span class=\"versanumer\">7<\/span><\/a>Var \u00fe\u00e1 me\u00f0 atkv\u00e6\u00f0um konungs og hans vildarmanna gj\u00f6r\u00f0 heyrumkunnug \u00ed Ninive svol\u00e1tandi skipun: \u201e\u00f6ngvir menn e\u00f0a f\u00e9na\u00f0ur, hv\u00f6rki naut, n\u00e9 sau\u00f0ir, skulu nokku\u00f0 smakka, ekki \u00e1 gras ganga e\u00f0a vatn drekka;<a name=\"8\"><span class=\"versanumer\">8<\/span><\/a>b\u00e6\u00f0i menn og skepnur skulu \u00edkl\u00e6\u00f0ast sorgarb\u00faningi, og kalla \u00e1kaflega til Gu\u00f0s; hv\u00f6r ma\u00f0ur skal l\u00e1ta af sinni vondri breytni, og af \u00feeim rangindum, sem hann hefir um h\u00f6nd haft;<a name=\"9\"><span class=\"versanumer\">9<\/span><\/a>hv\u00f6r veit, nema Gu\u00f0 kunni a\u00f0 sj\u00e1 sig um h\u00f6nd, kenna \u00ed brj\u00f3sti um oss, og l\u00e1ta af sinni brennandi rei\u00f0i, svo v\u00e9r ekki fyrirf\u00f6rumst\u201c.<a name=\"10\"><span class=\"versanumer\">10<\/span><\/a>En er Gu\u00f0 s\u00e1 breytni \u00feeirra, a\u00f0 \u00feeir l\u00e9tu af s\u00ednu vonda ath\u00e6fi, \u00fe\u00e1 l\u00e9t Gu\u00f0 hj\u00e1 l\u00ed\u00f0a \u00fe\u00e1 hegningu, er hann haf\u00f0i h\u00f3ta\u00f0 \u00feeim, og l\u00e9t hana ekki fram koma.<\/p>\n<div class=\"footnoteVidey\"><\/div>\n","protected":false},"excerpt":{"rendered":"<p>J\u00f3nas pr\u00e9dikar fyrir Niniveborgarm\u00f6nnum; \u00feeir betra sig og f\u00e1 uppgj\u00f6f synda sinna. 1Drottinn tala\u00f0i til J\u00f3nasar anna\u00f0 sinn, og sag\u00f0i:2far af sta\u00f0, og gakk til Ninive, hinnar miklu borgar, og flyt henni \u00feann bo\u00f0skap, er eg mun birta \u00fe\u00e9r.3J\u00f3nas f\u00f3r af sta\u00f0, og gekk til Ninive eftir skipun Drottins; en Ninive var fur\u00f0ulega mikil borg, \u00ferj\u00e1r daglei\u00f0ir (umhverfis).4J\u00f3nas gekk fyrst eina daglei\u00f0 innan borgar, \u00fev\u00ed n\u00e6st kalla\u00f0i hann og sag\u00f0i: \u201ea\u00f0 li\u00f0num 40 d\u00f6gum skal Ninive ver\u00f0a ey\u00f0il\u00f6g\u00f0\u201c.5Niniveborgar menn hl\u00fdddu Gu\u00f0i, kunngj\u00f6r\u00f0u f\u00f6stuhald, og kl\u00e6ddu sig \u00ed sorgarb\u00faning, b\u00e6\u00f0i ungir og gamlir.6Og sem \u00feetta barst til konungsins \u00ed Ninive, st\u00f3\u00f0 <a href=\"https:\/\/biblian.is\/videy\/jonas-3-kafli\/\"> [&#8230;]<\/a><\/p>\n","protected":false},"author":1,"featured_media":0,"parent":0,"menu_order":0,"comment_status":"open","ping_status":"open","template":"bibliukaflar.php","meta":{"footnotes":""},"class_list":["post-21741","page","type-page","status-publish","hentry"],"_links":{"self":[{"href":"https:\/\/biblian.is\/videy\/wp-json\/wp\/v2\/pages\/21741","targetHints":{"allow":["GET"]}}],"collection":[{"href":"https:\/\/biblian.is\/videy\/wp-json\/wp\/v2\/pages"}],"about":[{"href":"https:\/\/biblian.is\/videy\/wp-json\/wp\/v2\/types\/page"}],"author":[{"embeddable":true,"href":"https:\/\/biblian.is\/videy\/wp-json\/wp\/v2\/users\/1"}],"replies":[{"embeddable":true,"href":"https:\/\/biblian.is\/videy\/wp-json\/wp\/v2\/comments?post=21741"}],"version-history":[{"count":0,"href":"https:\/\/biblian.is\/videy\/wp-json\/wp\/v2\/pages\/21741\/revisions"}],"wp:attachment":[{"href":"https:\/\/biblian.is\/videy\/wp-json\/wp\/v2\/media?parent=21741"}],"curies":[{"name":"wp","href":"https:\/\/api.w.org\/{rel}","templated":true}]}}