{"id":21740,"date":"2018-01-02T01:03:45","date_gmt":"2018-01-02T01:03:45","guid":{"rendered":"http:\/\/biblian.is\/videy\/jonas-2-kafli\/"},"modified":"2018-01-02T01:03:45","modified_gmt":"2018-01-02T01:03:45","slug":"jonas-2-kafli","status":"publish","type":"page","link":"https:\/\/biblian.is\/videy\/jonas-2-kafli\/","title":{"rendered":"J\u00f3nas 2. kafli"},"content":{"rendered":"<div class=\"fyrirsognVidey\">Lofs\u00f6ngur J\u00f3nasar \u00ed kvi\u00f0i st\u00f3rfiskjarins.<\/div>\n<p><a name=\"1\"><span class=\"versanumer\">1<\/span><\/a>\u00de\u00e1 sendi Drottinn st\u00f3rfisk til a\u00f0 svelgja J\u00f3nas; og J\u00f3nas var \u00ed kvi\u00f0i fiskjarins \u00ferj\u00e1 daga og \u00ferj\u00e1r n\u00e6tur.<a name=\"2\"><span class=\"versanumer\">2<\/span><\/a>J\u00f3nas ba\u00f0 til Drottins, s\u00edns Gu\u00f0s, \u00ed kvi\u00f0i fiskjarins,<a name=\"3\"><span class=\"versanumer\">3<\/span><\/a>og sag\u00f0i: <br \/>Eg kalla\u00f0i til Drottins \u00ed minni ney\u00f0, og hann svara\u00f0i m\u00e9r; eg hlj\u00f3\u00f0a\u00f0i fr\u00e1 afgrunni undirdj\u00fapsins, og \u00fe\u00fa heyr\u00f0ir m\u00edn hlj\u00f3\u00f0.<a name=\"4\"><span class=\"versanumer\">4<\/span><\/a>\u00de\u00fa varpa\u00f0ir m\u00e9r \u00ed dj\u00fapi\u00f0, \u00ed mi\u00f0bik sj\u00e1varins hvar straumurinn umkringdi mig; allar \u00fe\u00ednar b\u00e1rur og bylgjur gengu yfir mig.<a name=\"5\"><span class=\"versanumer\">5<\/span><\/a>Eg sag\u00f0i: \u201eeg er \u00fatrekinn fr\u00e1 \u00fe\u00ednu augliti! \u00de\u00f3 mun eg enn eitt sinn l\u00edta \u00feitt heilaga musteri\u201c.<a name=\"6\"><span class=\"versanumer\">6<\/span><\/a>V\u00f6tnin umkringdu mig inn a\u00f0 s\u00e1lunni <span class='VideyAth'>(S\u00e1lm. 69,2)<\/span>, svo a\u00f0 l\u00edfi m\u00ednu var h\u00e6tt: vatnageimurinn l\u00e1 \u00ed hring utan um mig: h\u00f6f\u00f0i m\u00ednu var falda\u00f0 me\u00f0 marh\u00e1lmi.<a name=\"7\"><span class=\"versanumer\">7<\/span><\/a>Eg s\u00f6kk ni\u00f0ur a\u00f0 grundv\u00f6llum fjallanna, m\u00e1tts\u00falur jar\u00f0arinnar voru eil\u00edflega l\u00e6star utan a\u00f0 m\u00e9r: en \u00fe\u00fa Drottinn, minn Gu\u00f0, f\u00e6r\u00f0ir l\u00edf mitt upp \u00far gryfjunni.<a name=\"8\"><span class=\"versanumer\">8<\/span><\/a>\u00deegar m\u00edn s\u00e1la vanmegna\u00f0ist \u00ed m\u00e9r, \u00fe\u00e1 minntist eg \u00e1 Drottin, og m\u00edn b\u00e6n kom til \u00fe\u00edn, til \u00fe\u00edns heilaga musteris.<a name=\"9\"><span class=\"versanumer\">9<\/span><\/a>\u00deeir sem d\u00fdrka einskisver\u00f0a hj\u00e1gu\u00f0i, \u00feeir hafna s\u00ednu, yfirgefa sitt hj\u00e1lpr\u00e6\u00f0i.<a name=\"10\"><span class=\"versanumer\">10<\/span><\/a>En eg vil me\u00f0 lofgj\u00f6r\u00f0ars\u00f6ng, f\u00e6ra \u00fe\u00e9r f\u00f3rnir, og efna mitt heit; hj\u00e1lpr\u00e6\u00f0i\u00f0 kemur fr\u00e1 Drottni.<br \/><a name=\"11\"><span class=\"versanumer\">11<\/span><\/a>Drottinn tala\u00f0i til fiskjarins, og fiskurinn spj\u00f3 J\u00f3nasi upp \u00e1 \u00feurrt.<\/p>\n<div class=\"footnoteVidey\"><\/div>\n","protected":false},"excerpt":{"rendered":"<p>Lofs\u00f6ngur J\u00f3nasar \u00ed kvi\u00f0i st\u00f3rfiskjarins. 1\u00de\u00e1 sendi Drottinn st\u00f3rfisk til a\u00f0 svelgja J\u00f3nas; og J\u00f3nas var \u00ed kvi\u00f0i fiskjarins \u00ferj\u00e1 daga og \u00ferj\u00e1r n\u00e6tur.2J\u00f3nas ba\u00f0 til Drottins, s\u00edns Gu\u00f0s, \u00ed kvi\u00f0i fiskjarins,3og sag\u00f0i: Eg kalla\u00f0i til Drottins \u00ed minni ney\u00f0, og hann svara\u00f0i m\u00e9r; eg hlj\u00f3\u00f0a\u00f0i fr\u00e1 afgrunni undirdj\u00fapsins, og \u00fe\u00fa heyr\u00f0ir m\u00edn hlj\u00f3\u00f0.4\u00de\u00fa varpa\u00f0ir m\u00e9r \u00ed dj\u00fapi\u00f0, \u00ed mi\u00f0bik sj\u00e1varins hvar straumurinn umkringdi mig; allar \u00fe\u00ednar b\u00e1rur og bylgjur gengu yfir mig.5Eg sag\u00f0i: \u201eeg er \u00fatrekinn fr\u00e1 \u00fe\u00ednu augliti! \u00de\u00f3 mun eg enn eitt sinn l\u00edta \u00feitt heilaga musteri\u201c.6V\u00f6tnin umkringdu mig inn a\u00f0 s\u00e1lunni (S\u00e1lm. 69,2), svo a\u00f0 l\u00edfi <a href=\"https:\/\/biblian.is\/videy\/jonas-2-kafli\/\"> [&#8230;]<\/a><\/p>\n","protected":false},"author":1,"featured_media":0,"parent":0,"menu_order":0,"comment_status":"open","ping_status":"open","template":"bibliukaflar.php","meta":{"footnotes":""},"class_list":["post-21740","page","type-page","status-publish","hentry"],"_links":{"self":[{"href":"https:\/\/biblian.is\/videy\/wp-json\/wp\/v2\/pages\/21740","targetHints":{"allow":["GET"]}}],"collection":[{"href":"https:\/\/biblian.is\/videy\/wp-json\/wp\/v2\/pages"}],"about":[{"href":"https:\/\/biblian.is\/videy\/wp-json\/wp\/v2\/types\/page"}],"author":[{"embeddable":true,"href":"https:\/\/biblian.is\/videy\/wp-json\/wp\/v2\/users\/1"}],"replies":[{"embeddable":true,"href":"https:\/\/biblian.is\/videy\/wp-json\/wp\/v2\/comments?post=21740"}],"version-history":[{"count":0,"href":"https:\/\/biblian.is\/videy\/wp-json\/wp\/v2\/pages\/21740\/revisions"}],"wp:attachment":[{"href":"https:\/\/biblian.is\/videy\/wp-json\/wp\/v2\/media?parent=21740"}],"curies":[{"name":"wp","href":"https:\/\/api.w.org\/{rel}","templated":true}]}}