{"id":21738,"date":"2018-01-02T01:03:45","date_gmt":"2018-01-02T01:03:45","guid":{"rendered":"http:\/\/biblian.is\/videy\/obadia-1-kafli\/"},"modified":"2018-01-02T01:03:45","modified_gmt":"2018-01-02T01:03:45","slug":"obadia-1-kafli","status":"publish","type":"page","link":"https:\/\/biblian.is\/videy\/obadia-1-kafli\/","title":{"rendered":"\u00d3bad\u00eda 1. kafli"},"content":{"rendered":"<div class=\"fyrirsognVidey\">\u00d3bad\u00edas bo\u00f0ar Edomsm\u00f6nnum Gu\u00f0s rei\u00f0i og hegningu; sp\u00e1ir a\u00f0 \u00cdsraelsr\u00edki muni vi\u00f0r\u00e9ttast.<\/div>\n<p><a name=\"1\"><span class=\"versanumer\">1<\/span><\/a>Sp\u00e1d\u00f3mur \u00d3bad\u00edass. Svo segir Drottinn hinn alvaldi um Edomsl\u00fd\u00f0: V\u00e9r h\u00f6fum fengi\u00f0 v\u00edsbendingu fr\u00e1 Drottni, a\u00f0 s\u00fa or\u00f0sending er gj\u00f6r\u00f0 hengjunum, a\u00f0 \u00feeir skuli b\u00faa sig til fer\u00f0ar, og a\u00f0 \u00feeir vilji r\u00edsa upp, og herja \u00e1 Edomsland.<a name=\"2\"><span class=\"versanumer\">2<\/span><\/a>Sj\u00e1! eg vil gj\u00f6ra \u00feig <span class='VideyAth'>(Edomsl\u00fd\u00f0ur!)<\/span> a\u00f0 l\u00edtilm\u00f3tlegri \u00fej\u00f3\u00f0, og \u00fe\u00fa skalt ver\u00f0a mj\u00f6g fyrirlitinn.<a name=\"3\"><span class=\"versanumer\">3<\/span><\/a>Ofmetna\u00f0ur \u00feinn hefir dregi\u00f0 \u00feig \u00e1 t\u00e1lar, \u00fear e\u00f0 \u00fe\u00fa \u00e1tt bygg\u00f0 \u00ed h\u00e1vum klettaskorum, og segir \u00ed \u00fe\u00ednu hjarta: hv\u00f6r getur steypt m\u00e9r til jar\u00f0ar?<a name=\"4\"><span class=\"versanumer\">4<\/span><\/a>\u00de\u00f3 \u00fe\u00fa v\u00e6rir svo h\u00e1fleygur, sem \u00f6rn, og hrei\u00f0ra\u00f0ir \u00feig me\u00f0al stjarnanna, skylda eg \u00fe\u00f3 steypa \u00fe\u00e9r ofan \u00fea\u00f0an, segir Drottinn.<a name=\"5\"><span class=\"versanumer\">5<\/span><\/a>Ef \u00fej\u00f3far k\u00e6mu a\u00f0 \u00fe\u00e9r, e\u00f0a r\u00e6ningjar \u00e1 n\u00e1ttar\u00feeli, mundir \u00fe\u00fa nokku\u00f0 ver\u00f0a uppn\u00e6mur fyrir \u00fea\u00f0? \u00deeir st\u00e6lu \u00fe\u00f3 ekki meiru, en \u00feeir k\u00e6must me\u00f0. Ef v\u00ednlestursmenn yfirfelli \u00feig, mundu \u00feeir \u00fe\u00f3 leifa \u00fe\u00e9r nokkurt eftirsafn.<a name=\"6\"><span class=\"versanumer\">6<\/span><\/a>En hv\u00f6rsu vandlega mun leita\u00f0 ver\u00f0a \u00e1 Esa\u00fani\u00f0jum, og ranns\u00f6ku\u00f0 fylgsni \u00feeirra!<a name=\"7\"><span class=\"versanumer\">7<\/span><\/a>Vi\u00f0 landamerkin munu allir sambandsmenn \u00fe\u00ednir v\u00edsa \u00fe\u00e9r \u00e1 burt; vinir \u00fe\u00ednir, sem or\u00f0nir eru \u00fe\u00e9r ofvaxnir, munu pretta \u00feig, og setja v\u00e9lar fyrir \u00feig, til a\u00f0 ginna fr\u00e1 \u00fe\u00e9r matbj\u00f6rg \u00fe\u00edna; og s\u00e9st \u00fe\u00e1, a\u00f0 \u00feig skortir heldur vitsmuni.<a name=\"8\"><span class=\"versanumer\">8<\/span><\/a>Sj\u00e1! \u00e1 \u00feeim degi vil eg, segir Drottinn, afm\u00e1 vitra menn \u00ed Edomslandi, og hyggindin \u00e1 Esa\u00fafjalli.<a name=\"9\"><span class=\"versanumer\">9<\/span><\/a>Kappar \u00fe\u00ednir, Temansborg, skulu standa agndofa, svo a\u00f0 hv\u00f6rt mannsbarn \u00e1 Esa\u00fafjalli skal ver\u00f0a drepi\u00f0 ni\u00f0ur.<a name=\"10\"><span class=\"versanumer\">10<\/span><\/a>S\u00f6kum \u00feess ofr\u00edkis, er \u00fe\u00fa gj\u00f6r\u00f0ir Jakobsni\u00f0jum, br\u00e6\u00f0rum \u00fe\u00ednum, skal sv\u00edvir\u00f0ingin hylja \u00feig, og \u00fe\u00fa skalt a\u00f0 eil\u00edfu uppr\u00e6ttur ver\u00f0a.<a name=\"11\"><span class=\"versanumer\">11<\/span><\/a>\u00deann dag er \u00fe\u00fa st\u00f3\u00f0st \u00f6ndver\u00f0ur gegnt \u00feeim, \u00feegar \u00f3\u00fej\u00f3\u00f0irnar herleiddu hermenn \u00feeirra, og \u00fatlendir menn gengu inn um borgarhli\u00f0in og urpu hlutkesti um Jer\u00fasalemsborg\u2014\u00e1 \u00feeim degi varst \u00fe\u00fa sem einn af \u00f3vinunum.<a name=\"12\"><span class=\"versanumer\">12<\/span><\/a>\u00de\u00fa hef\u00f0ir \u00fe\u00f3 ekki \u00e1tt a\u00f0 horfa upp \u00e1 eymdarhag br\u00e6\u00f0ra \u00feinna, upp \u00e1 \u00feenna \u00feeirra \u00f3hamingjudag! \u00fe\u00fa hef\u00f0ir ekki \u00e1tt a\u00f0 gle\u00f0ja \u00feig yfir J\u00fadar\u00edkis m\u00f6nnum \u00e1 ey\u00f0ileggingardegi \u00feeirra, og ekki hafa drembileg st\u00f3ryr\u00f0i \u00e1 v\u00f6rum \u00fe\u00e9r \u00e1 \u00feeirra ney\u00f0ardegi!<a name=\"13\"><span class=\"versanumer\">13<\/span><\/a>\u00de\u00fa hef\u00f0ir ekki \u00e1tt a\u00f0 ganga inn um borgarhli\u00f0 m\u00edns f\u00f3lks \u00e1 \u00feess \u00f3hamingjudegi, ekki horfa upp \u00e1 \u00f3farir \u00feess \u00e1 \u00feess \u00f3hamingjudegi, ekki r\u00e9tta \u00f3mildar hendur a\u00f0 fj\u00e1rmunum \u00feess \u00e1 \u00feess \u00f3hamingjudegi!<a name=\"14\"><span class=\"versanumer\">14<\/span><\/a>\u00de\u00fa hef\u00f0ir ekki \u00e1tt a\u00f0 standa \u00e1 vegam\u00f3tunum, til a\u00f0 drepa ni\u00f0ur fl\u00f3ttamenn \u00feeirra, og ekki selja \u00fe\u00e1 \u00ed hers hendur, sem af komust, \u00e1 ney\u00f0ardegi \u00feeirra!<a name=\"15\"><span class=\"versanumer\">15<\/span><\/a>\u00dev\u00ed hegningardagur Drottins er n\u00e1l\u00e6gur \u00f6llum \u00fej\u00f3\u00f0um; eins og \u00fe\u00fa hefir \u00f6\u00f0rum gj\u00f6rt, eins skal \u00fe\u00e9r gj\u00f6rt ver\u00f0a; \u00fea\u00f0 sem \u00fe\u00fa hefir til unni\u00f0, \u00fea\u00f0 skal yfir \u00feitt h\u00f6fu\u00f0 koma.<a name=\"16\"><span class=\"versanumer\">16<\/span><\/a>\u00dev\u00ed, \u00e1 \u00fev\u00ed sama sem \u00fe\u00e9r <span class='VideyAth'>(\u00cdsraelsmenn!)<\/span> hafi\u00f0 bergt, \u00e1 m\u00ednu heilaga fjalli, \u00e1 \u00fev\u00ed hinu sama skulu allar \u00fej\u00f3\u00f0ir \u00e1vallt bergja; \u00fe\u00e6r skulu bergja og til botns drekka, og ver\u00f0a eins og \u00fe\u00e6r aldrei hef\u00f0u til veri\u00f0. <br \/><a name=\"17\"><span class=\"versanumer\">17<\/span><\/a>En \u00e1 S\u00edonsfjalli skal vera athvarf, \u00fear skal vera helgista\u00f0ur, og Jakobs ni\u00f0jar skulu f\u00e1 aftur eignir s\u00ednar.<a name=\"18\"><span class=\"versanumer\">18<\/span><\/a>\u00de\u00e1 skulu Jakobs ni\u00f0jar vera sem eldur, og J\u00f3seps ni\u00f0jar sem logi, en Esa\u00fani\u00f0jar sem h\u00e1lmleggir, sem hinir skulu brenna og ey\u00f0a, svo a\u00f0 ekkert skal eftir ver\u00f0a af Esa\u00fani\u00f0jum; \u00fev\u00ed Drottinn hefir svo bo\u00f0i\u00f0.<a name=\"19\"><span class=\"versanumer\">19<\/span><\/a>\u00deeir skulu eignast su\u00f0urlandi\u00f0 \u00e1samt me\u00f0 Esa\u00fafjalli, og undirlendi\u00f0 \u00e1samt me\u00f0 Filistalandi, \u00feeir skulu eignast Effraimsland og Samar\u00eduland og Benjam\u00ednsland me\u00f0 G\u00edlea\u00f0slandi.<a name=\"20\"><span class=\"versanumer\">20<\/span><\/a>\u00deessi herleiddi flokkur \u00cdsraelsmanna skal eignast Kanverjaland allt til Sareftuborgar; og \u00feeir sem herleiddir hafa veri\u00f0 fr\u00e1 Jer\u00fasalemsborg til Seffara\u00f0sborgar, skulu eignast su\u00f0urborgirnar.<a name=\"21\"><span class=\"versanumer\">21<\/span><\/a>\u00de\u00e1 skulu frelsendur upp st\u00edga \u00e1 S\u00edonsfjall, til a\u00f0 d\u00e6ma Esa\u00fafjall; og r\u00edki\u00f0 skal tilheyra Drottni.<\/p>\n<div class=\"footnoteVidey\"><\/div>\n","protected":false},"excerpt":{"rendered":"<p>\u00d3bad\u00edas bo\u00f0ar Edomsm\u00f6nnum Gu\u00f0s rei\u00f0i og hegningu; sp\u00e1ir a\u00f0 \u00cdsraelsr\u00edki muni vi\u00f0r\u00e9ttast. 1Sp\u00e1d\u00f3mur \u00d3bad\u00edass. Svo segir Drottinn hinn alvaldi um Edomsl\u00fd\u00f0: V\u00e9r h\u00f6fum fengi\u00f0 v\u00edsbendingu fr\u00e1 Drottni, a\u00f0 s\u00fa or\u00f0sending er gj\u00f6r\u00f0 hengjunum, a\u00f0 \u00feeir skuli b\u00faa sig til fer\u00f0ar, og a\u00f0 \u00feeir vilji r\u00edsa upp, og herja \u00e1 Edomsland.2Sj\u00e1! eg vil gj\u00f6ra \u00feig (Edomsl\u00fd\u00f0ur!) a\u00f0 l\u00edtilm\u00f3tlegri \u00fej\u00f3\u00f0, og \u00fe\u00fa skalt ver\u00f0a mj\u00f6g fyrirlitinn.3Ofmetna\u00f0ur \u00feinn hefir dregi\u00f0 \u00feig \u00e1 t\u00e1lar, \u00fear e\u00f0 \u00fe\u00fa \u00e1tt bygg\u00f0 \u00ed h\u00e1vum klettaskorum, og segir \u00ed \u00fe\u00ednu hjarta: hv\u00f6r getur steypt m\u00e9r til jar\u00f0ar?4\u00de\u00f3 \u00fe\u00fa v\u00e6rir svo h\u00e1fleygur, sem \u00f6rn, og hrei\u00f0ra\u00f0ir \u00feig me\u00f0al stjarnanna, <a href=\"https:\/\/biblian.is\/videy\/obadia-1-kafli\/\"> [&#8230;]<\/a><\/p>\n","protected":false},"author":1,"featured_media":0,"parent":0,"menu_order":0,"comment_status":"open","ping_status":"open","template":"bibliukaflar.php","meta":{"footnotes":""},"class_list":["post-21738","page","type-page","status-publish","hentry"],"_links":{"self":[{"href":"https:\/\/biblian.is\/videy\/wp-json\/wp\/v2\/pages\/21738","targetHints":{"allow":["GET"]}}],"collection":[{"href":"https:\/\/biblian.is\/videy\/wp-json\/wp\/v2\/pages"}],"about":[{"href":"https:\/\/biblian.is\/videy\/wp-json\/wp\/v2\/types\/page"}],"author":[{"embeddable":true,"href":"https:\/\/biblian.is\/videy\/wp-json\/wp\/v2\/users\/1"}],"replies":[{"embeddable":true,"href":"https:\/\/biblian.is\/videy\/wp-json\/wp\/v2\/comments?post=21738"}],"version-history":[{"count":0,"href":"https:\/\/biblian.is\/videy\/wp-json\/wp\/v2\/pages\/21738\/revisions"}],"wp:attachment":[{"href":"https:\/\/biblian.is\/videy\/wp-json\/wp\/v2\/media?parent=21738"}],"curies":[{"name":"wp","href":"https:\/\/api.w.org\/{rel}","templated":true}]}}