{"id":21736,"date":"2018-01-02T01:03:45","date_gmt":"2018-01-02T01:03:45","guid":{"rendered":"http:\/\/biblian.is\/videy\/amos-8-kafli\/"},"modified":"2018-01-02T01:03:45","modified_gmt":"2018-01-02T01:03:45","slug":"amos-8-kafli","status":"publish","type":"page","link":"https:\/\/biblian.is\/videy\/amos-8-kafli\/","title":{"rendered":"Amos 8. kafli"},"content":{"rendered":"<div class=\"fyrirsognVidey\">Amos afm\u00e1lar si\u00f0aspillingu \u00cdsraelsmanna, og \u00fe\u00e6r \u00f3farir sem \u00feeim voru b\u00fanar.<\/div>\n<p><a name=\"1\"><span class=\"versanumer\">1<\/span><\/a>Drottinn alvaldur l\u00e9t \u00feessa s\u00fdn bera fyrir mig: eg s\u00e1 k\u00f6rf me\u00f0 sumar\u00e1v\u00f6xtum.<a name=\"2\"><span class=\"versanumer\">2<\/span><\/a>Hann sag\u00f0i: hva\u00f0 s\u00e9r \u00fe\u00fa, Amos? Eg svara\u00f0i: k\u00f6rf me\u00f0 sumar\u00e1v\u00f6xtum. \u00de\u00e1 sag\u00f0i Drottinn til m\u00edn: endirinn er kominn yfir minn l\u00fd\u00f0, \u00cdsraelsl\u00fd\u00f0; eg vil ekki lengur lei\u00f0a hj\u00e1 m\u00e9r misgj\u00f6r\u00f0ir hans.<a name=\"3\"><span class=\"versanumer\">3<\/span><\/a>S\u00f6ngl\u00e6tin \u00ed h\u00f6llinni skulu \u00e1 \u00feeim degi ver\u00f0a a\u00f0 harmakveini, segir Drottinn alvaldur; fj\u00f6ldi l\u00edka skal \u00e1 \u00f6llum st\u00f6\u00f0um ver\u00f0a \u00fat borinn \u00ed kyrr\u00feey.<a name=\"4\"><span class=\"versanumer\">4<\/span><\/a>Heyri\u00f0 \u00feetta, \u00fe\u00e9r sem vilji\u00f0 gleypa hinn f\u00e1t\u00e6ka, og undirk\u00faga hina nau\u00f0st\u00f6ddu \u00ed landinu,<a name=\"5\"><span class=\"versanumer\">5<\/span><\/a>og segi\u00f0: hv\u00f6n\u00e6r mun tunglkomuh\u00e1t\u00ed\u00f0in l\u00ed\u00f0a, svo v\u00e9r megum selja matv\u00f6runa, og hv\u00edldardagurinn, a\u00f0 v\u00e9r megum l\u00e1ta korni\u00f0 falt, minnka m\u00e6lirinn, \u00feyngja metin, og sv\u00edkja me\u00f0 rangri vog;<a name=\"6\"><span class=\"versanumer\">6<\/span><\/a>svo v\u00e9r getum keypt aumingjann fyrir silfur, og f\u00e1t\u00e6klinginn fyrir eina sk\u00f3, og selt korns\u00e1\u00f0irnar.<a name=\"7\"><span class=\"versanumer\">7<\/span><\/a>Drottinn sver vi\u00f0 \u00feann sem Jakobsni\u00f0jar st\u00e6ra sig af: eg skal aldrei til eil\u00edf\u00f0ar gleyma ath\u00e6fi \u00feeirra.<a name=\"8\"><span class=\"versanumer\">8<\/span><\/a>Skyldi landi\u00f0 ekki skelfast af \u00feessu, og allir \u00feess innbyggjendur ver\u00f0a sorgbitnir? Gj\u00f6rvallt landi\u00f0 skal ver\u00f0a \u00ed einu fl\u00f3\u00f0i, eins og \u00ed vatnagangi, \u00fea\u00f0 skal burtskolast og fara \u00ed kaf, eins og Egyptalandsflj\u00f3t rynni yfir \u00fea\u00f0.<a name=\"9\"><span class=\"versanumer\">9<\/span><\/a>\u00c1 \u00feeim degi, segir Drottinn alvaldur, skal eg l\u00e1ta s\u00f3lina ganga til vi\u00f0ar um mi\u00f0jan dag, og landi\u00f0 ver\u00f0a myrkt \u00e1 lj\u00f3sum degi.<a name=\"10\"><span class=\"versanumer\">10<\/span><\/a>Eg skal sn\u00faa y\u00f0ar h\u00e1t\u00ed\u00f0um \u00ed sorg, og \u00f6llum y\u00f0ar gle\u00f0is\u00f6ngvum \u00ed harmakv\u00e6\u00f0i; eg skal \u00edkl\u00e6\u00f0a \u00fe\u00e1 sorgarb\u00faningi, og gj\u00f6ra h\u00f6fu\u00f0 \u00feeirra h\u00e1rlaus; eg skal gj\u00f6ra landi\u00f0 sorgbiti\u00f0, eins og \u00fe\u00e1 menn harma l\u00e1t einkasonar s\u00edns, og endalok \u00feess skulu ver\u00f0a sem hrygg\u00f0ardagur.<a name=\"11\"><span class=\"versanumer\">11<\/span><\/a>Sj\u00e1! \u00feeir dagar koma, segir Drottinn alvaldur, a\u00f0 eg mun senda hungur inn \u00ed landi\u00f0, ekki hungur eftir brau\u00f0i, e\u00f0a \u00feorsta eftir vatni, heldur eftir \u00fev\u00ed, a\u00f0 heyra or\u00f0 Drottins.<a name=\"12\"><span class=\"versanumer\">12<\/span><\/a>\u00deeir skulu reika fr\u00e1 einu hafinu til annars, fr\u00e1 nor\u00f0ri til austurs; \u00feeir skulu renna hinga\u00f0 og \u00feanga\u00f0, til a\u00f0 leita eftir or\u00f0i Drottins, og \u00fe\u00f3 ekki finna \u00fea\u00f0.<a name=\"13\"><span class=\"versanumer\">13<\/span><\/a>\u00c1 \u00feeim degi skulu fr\u00ed\u00f0ar meyjar og \u00e6skumenn vanmegnast af \u00feorsta.<a name=\"14\"><span class=\"versanumer\">14<\/span><\/a>\u00deeir er sverja vi\u00f0 gl\u00e6psku Samar\u00edu, og segja: \u201esvo sannarlega sem \u00feinn gu\u00f0 lifir, Danborg <span class='VideyAth'>(1 K\u00f3ng. 12,29.30)<\/span>! svo sannarlega sem \u00feinn \u00e1tr\u00fana\u00f0ur lifir, Berseba!\u201c! \u00feeir hinir s\u00f6mu skulu falla, og ekki framar \u00e1 f\u00e6tur r\u00edsa.<\/p>\n<div class=\"footnoteVidey\">V. 7. Vi\u00f0 \u00feann, sem J. st\u00e6ra sig af, \u00fe. e. vi\u00f0 sj\u00e1lfan sig; Gy\u00f0ingar st\u00e6r\u00f0u sig af \u00fev\u00ed, a\u00f0 Drottinn var \u00feeirra Gu\u00f0 og bjargv\u00e6ttur (5,14), en brutust \u00fe\u00f3 \u00ed gegn honum me\u00f0 hj\u00e1gu\u00f0a\u00e1tr\u00fana\u00f0i og illum lifna\u00f0i.  V. 14. Gl\u00e6pska Samar\u00edu, \u00fe. e. gullk\u00e1lfurinn, sem Samar\u00eda gl\u00e6ptist \u00e1.<\/div>\n","protected":false},"excerpt":{"rendered":"<p>Amos afm\u00e1lar si\u00f0aspillingu \u00cdsraelsmanna, og \u00fe\u00e6r \u00f3farir sem \u00feeim voru b\u00fanar. 1Drottinn alvaldur l\u00e9t \u00feessa s\u00fdn bera fyrir mig: eg s\u00e1 k\u00f6rf me\u00f0 sumar\u00e1v\u00f6xtum.2Hann sag\u00f0i: hva\u00f0 s\u00e9r \u00fe\u00fa, Amos? Eg svara\u00f0i: k\u00f6rf me\u00f0 sumar\u00e1v\u00f6xtum. \u00de\u00e1 sag\u00f0i Drottinn til m\u00edn: endirinn er kominn yfir minn l\u00fd\u00f0, \u00cdsraelsl\u00fd\u00f0; eg vil ekki lengur lei\u00f0a hj\u00e1 m\u00e9r misgj\u00f6r\u00f0ir hans.3S\u00f6ngl\u00e6tin \u00ed h\u00f6llinni skulu \u00e1 \u00feeim degi ver\u00f0a a\u00f0 harmakveini, segir Drottinn alvaldur; fj\u00f6ldi l\u00edka skal \u00e1 \u00f6llum st\u00f6\u00f0um ver\u00f0a \u00fat borinn \u00ed kyrr\u00feey.4Heyri\u00f0 \u00feetta, \u00fe\u00e9r sem vilji\u00f0 gleypa hinn f\u00e1t\u00e6ka, og undirk\u00faga hina nau\u00f0st\u00f6ddu \u00ed landinu,5og segi\u00f0: hv\u00f6n\u00e6r mun tunglkomuh\u00e1t\u00ed\u00f0in l\u00ed\u00f0a, svo v\u00e9r megum selja <a href=\"https:\/\/biblian.is\/videy\/amos-8-kafli\/\"> [&#8230;]<\/a><\/p>\n","protected":false},"author":1,"featured_media":0,"parent":0,"menu_order":0,"comment_status":"open","ping_status":"open","template":"bibliukaflar.php","meta":{"footnotes":""},"class_list":["post-21736","page","type-page","status-publish","hentry"],"_links":{"self":[{"href":"https:\/\/biblian.is\/videy\/wp-json\/wp\/v2\/pages\/21736","targetHints":{"allow":["GET"]}}],"collection":[{"href":"https:\/\/biblian.is\/videy\/wp-json\/wp\/v2\/pages"}],"about":[{"href":"https:\/\/biblian.is\/videy\/wp-json\/wp\/v2\/types\/page"}],"author":[{"embeddable":true,"href":"https:\/\/biblian.is\/videy\/wp-json\/wp\/v2\/users\/1"}],"replies":[{"embeddable":true,"href":"https:\/\/biblian.is\/videy\/wp-json\/wp\/v2\/comments?post=21736"}],"version-history":[{"count":0,"href":"https:\/\/biblian.is\/videy\/wp-json\/wp\/v2\/pages\/21736\/revisions"}],"wp:attachment":[{"href":"https:\/\/biblian.is\/videy\/wp-json\/wp\/v2\/media?parent=21736"}],"curies":[{"name":"wp","href":"https:\/\/api.w.org\/{rel}","templated":true}]}}