{"id":21735,"date":"2018-01-02T01:03:45","date_gmt":"2018-01-02T01:03:45","guid":{"rendered":"http:\/\/biblian.is\/videy\/amos-7-kafli\/"},"modified":"2018-01-02T01:03:45","modified_gmt":"2018-01-02T01:03:45","slug":"amos-7-kafli","status":"publish","type":"page","link":"https:\/\/biblian.is\/videy\/amos-7-kafli\/","title":{"rendered":"Amos 7. kafli"},"content":{"rendered":"<div class=\"fyrirsognVidey\">Amos sp\u00e1ir \u00cdsraelsm\u00f6nnum ey\u00f0ileggingu, og jafnvel konungs\u00e6ttinni; \u00fe\u00e1 \u00e1k\u00e6rir Amas\u00eda hann, og bannar honum a\u00f0 sp\u00e1.<\/div>\n<p><a name=\"1\"><span class=\"versanumer\">1<\/span><\/a>Drottinn, hinn Alvaldi, l\u00e9t mig sj\u00e1 \u00feessa s\u00fdn: Sj\u00e1, hann bj\u00f3 til engisprettur, \u00ed \u00fea\u00f0 mund a\u00f0 h\u00e1in t\u00f3k til a\u00f0 spretta, eftir \u00fea\u00f0 a\u00f0 konungur haf\u00f0i l\u00e1ti\u00f0 sl\u00e1 akra s\u00edna.<a name=\"2\"><span class=\"versanumer\">2<\/span><\/a>En er \u00fe\u00e6r h\u00f6f\u00f0u me\u00f0 \u00f6llu afeti\u00f0 grasi\u00f0 af j\u00f6r\u00f0unni, sag\u00f0i eg: Drottinn alvaldi, eg bi\u00f0, fyrirgef! Hv\u00f6rsu m\u00e1 Jakobs \u00e6tt standast? \u00fev\u00ed h\u00fan m\u00e1 s\u00e9r l\u00edti\u00f0.<a name=\"3\"><span class=\"versanumer\">3<\/span><\/a>\u00de\u00e1 i\u00f0ra\u00f0i Drottinn \u00feessa; \u201e\u00fea\u00f0 skal ekki vera\u201c, sag\u00f0i Drottinn.<a name=\"4\"><span class=\"versanumer\">4<\/span><\/a>Drottinn alvaldur l\u00e9t mig enn sj\u00e1 \u00feessa s\u00fdn: Sj\u00e1, Drottinn, hinn alvaldi, kalla\u00f0i \u00e1 eldinn til hegningar \u00feeim, og eldurinn uppsvalg st\u00f3r v\u00f6tn og eyddi landinu.<a name=\"5\"><span class=\"versanumer\">5<\/span><\/a>\u00de\u00e1 sag\u00f0i eg: eg bi\u00f0, Drottinn alvaldur, l\u00e1t af! Hv\u00f6rsu m\u00e1 Jakobs\u00e6tt standast, \u00fear sem h\u00fan er svo vanmegn?<a name=\"6\"><span class=\"versanumer\">6<\/span><\/a>\u00de\u00e1 i\u00f0ra\u00f0i Drottinn \u00feessa; \u201e\u00feetta skal ekki heldur vera\u201c, sag\u00f0i Drottinn alvaldur.<a name=\"7\"><span class=\"versanumer\">7<\/span><\/a>Og enn l\u00e9t hann mig sj\u00e1 s\u00fdn: Sj\u00e1, hinn alvaldi st\u00f3\u00f0 uppi \u00e1 \u00fer\u00e1\u00f0r\u00e9ttum m\u00farvegg, og h\u00e9lt \u00e1 m\u00e6li\u00fer\u00e6\u00f0i.<a name=\"8\"><span class=\"versanumer\">8<\/span><\/a>Drottinn sag\u00f0i til m\u00edn: hva\u00f0 s\u00e9r \u00fe\u00fa, Amos? Eg svara\u00f0i: m\u00e6li\u00fer\u00e1\u00f0. \u00de\u00e1 sag\u00f0i hinn Alvaldi: sj\u00e1 \u00fe\u00fa, eg legg m\u00e6li\u00fer\u00e1\u00f0 mitt \u00e1 me\u00f0al m\u00edns f\u00f3lks, \u00cdsraelsl\u00fd\u00f0s; eg vil ekki lengur v\u00e6gja honum.<a name=\"9\"><span class=\"versanumer\">9<\/span><\/a>H\u00f6rgar \u00cdsraelsni\u00f0ja skulu \u00ed ey\u00f0i lag\u00f0ir ver\u00f0a, og helgista\u00f0ir \u00cdsraelsmanna au\u00f0ir standa; eg vil r\u00edsa \u00ed gegn Jer\u00f3b\u00f3ams\u00e6tt me\u00f0 reiddu sver\u00f0i. <br \/><a name=\"10\"><span class=\"versanumer\">10<\/span><\/a>\u00de\u00e1 sendi Amas\u00eda, kennima\u00f0ur \u00ed Betel, til Jer\u00f3b\u00f3ams, \u00cdsraelsmannakonungs, og l\u00e9t segja: Amos hefir gj\u00f6rt sams\u00e6ri m\u00f3ti \u00fe\u00e9r, mitt \u00e1 me\u00f0al \u00cdsraelsl\u00fd\u00f0s; landi\u00f0 getur eigi \u00feola\u00f0 \u00f6ll hans or\u00f0;<a name=\"11\"><span class=\"versanumer\">11<\/span><\/a>\u00fev\u00ed Amos hefir svo til or\u00f0a teki\u00f0: \u201eJer\u00f3b\u00f3am skal fyrir sver\u00f0i falla og \u00cdsraelsmenn skulu ver\u00f0a herleiddir og fluttir burt \u00far landi \u00feeirra\u201c.<a name=\"12\"><span class=\"versanumer\">12<\/span><\/a>\u00de\u00e1 sag\u00f0i Amas\u00eda til Amos: far \u00e1 burt, \u00fe\u00fa sp\u00e1ma\u00f0ur, fl\u00fd til J\u00fadalands, halt \u00fe\u00e9r \u00fear uppi og sp\u00e1 \u00fear;<a name=\"13\"><span class=\"versanumer\">13<\/span><\/a>en \u00ed Betel m\u00e1ttu ekki sp\u00e1 framar, \u00fev\u00ed \u00fear er helgista\u00f0ur konungsins og h\u00f6fu\u00f0sta\u00f0ur r\u00edkisins.<a name=\"14\"><span class=\"versanumer\">14<\/span><\/a>Amos svara\u00f0i og sag\u00f0i til Amas\u00edu: eg er engi sp\u00e1ma\u00f0ur, og ekki sp\u00e1mannsson, heldur er eg hir\u00f0ir, og lifi \u00e1 m\u00f3rberjaf\u00edkjum;<a name=\"15\"><span class=\"versanumer\">15<\/span><\/a>en Drottinn t\u00f3k mig fr\u00e1 hjar\u00f0argeymslunni; og Drottinn sag\u00f0i til m\u00edn: gakk, og sp\u00e1 fyrir m\u00ednum l\u00fd\u00f0, \u00cdsraelsl\u00fd\u00f0!<a name=\"16\"><span class=\"versanumer\">16<\/span><\/a>Heyr \u00fe\u00fa n\u00fa atkv\u00e6\u00f0i Drottins: \u00fe\u00fa bannar m\u00e9r a\u00f0 sp\u00e1 \u00ed gegn \u00cdsraelsm\u00f6nnum og l\u00e1ta or\u00f0 m\u00edn streyma gegn \u00cdsraelsni\u00f0jum:<a name=\"17\"><span class=\"versanumer\">17<\/span><\/a>\u00feess vegna <span class='VideyAth'>(svo segir Drottinn)<\/span> skal kona \u00fe\u00edn ver\u00f0a sm\u00e1nu\u00f0 \u00ed borginni, synir \u00fe\u00ednir og d\u00e6tur \u00fe\u00ednar skulu fyrir sver\u00f0i falla, j\u00f6r\u00f0 \u00feinni skal sundurskipt ver\u00f0a me\u00f0 va\u00f0, og \u00fe\u00fa sj\u00e1lfur skalt deyja \u00ed hei\u00f0nu landi, en \u00cdsraelsmenn skulu ver\u00f0a herleiddir og fara \u00fatl\u00e6gir af s\u00ednu landi.<\/p>\n<div class=\"footnoteVidey\"><\/div>\n","protected":false},"excerpt":{"rendered":"<p>Amos sp\u00e1ir \u00cdsraelsm\u00f6nnum ey\u00f0ileggingu, og jafnvel konungs\u00e6ttinni; \u00fe\u00e1 \u00e1k\u00e6rir Amas\u00eda hann, og bannar honum a\u00f0 sp\u00e1. 1Drottinn, hinn Alvaldi, l\u00e9t mig sj\u00e1 \u00feessa s\u00fdn: Sj\u00e1, hann bj\u00f3 til engisprettur, \u00ed \u00fea\u00f0 mund a\u00f0 h\u00e1in t\u00f3k til a\u00f0 spretta, eftir \u00fea\u00f0 a\u00f0 konungur haf\u00f0i l\u00e1ti\u00f0 sl\u00e1 akra s\u00edna.2En er \u00fe\u00e6r h\u00f6f\u00f0u me\u00f0 \u00f6llu afeti\u00f0 grasi\u00f0 af j\u00f6r\u00f0unni, sag\u00f0i eg: Drottinn alvaldi, eg bi\u00f0, fyrirgef! Hv\u00f6rsu m\u00e1 Jakobs \u00e6tt standast? \u00fev\u00ed h\u00fan m\u00e1 s\u00e9r l\u00edti\u00f0.3\u00de\u00e1 i\u00f0ra\u00f0i Drottinn \u00feessa; \u201e\u00fea\u00f0 skal ekki vera\u201c, sag\u00f0i Drottinn.4Drottinn alvaldur l\u00e9t mig enn sj\u00e1 \u00feessa s\u00fdn: Sj\u00e1, Drottinn, hinn alvaldi, kalla\u00f0i \u00e1 eldinn til hegningar \u00feeim, og <a href=\"https:\/\/biblian.is\/videy\/amos-7-kafli\/\"> [&#8230;]<\/a><\/p>\n","protected":false},"author":1,"featured_media":0,"parent":0,"menu_order":0,"comment_status":"open","ping_status":"open","template":"bibliukaflar.php","meta":{"footnotes":""},"class_list":["post-21735","page","type-page","status-publish","hentry"],"_links":{"self":[{"href":"https:\/\/biblian.is\/videy\/wp-json\/wp\/v2\/pages\/21735","targetHints":{"allow":["GET"]}}],"collection":[{"href":"https:\/\/biblian.is\/videy\/wp-json\/wp\/v2\/pages"}],"about":[{"href":"https:\/\/biblian.is\/videy\/wp-json\/wp\/v2\/types\/page"}],"author":[{"embeddable":true,"href":"https:\/\/biblian.is\/videy\/wp-json\/wp\/v2\/users\/1"}],"replies":[{"embeddable":true,"href":"https:\/\/biblian.is\/videy\/wp-json\/wp\/v2\/comments?post=21735"}],"version-history":[{"count":0,"href":"https:\/\/biblian.is\/videy\/wp-json\/wp\/v2\/pages\/21735\/revisions"}],"wp:attachment":[{"href":"https:\/\/biblian.is\/videy\/wp-json\/wp\/v2\/media?parent=21735"}],"curies":[{"name":"wp","href":"https:\/\/api.w.org\/{rel}","templated":true}]}}