{"id":21733,"date":"2018-01-02T01:03:45","date_gmt":"2018-01-02T01:03:45","guid":{"rendered":"http:\/\/biblian.is\/videy\/amos-5-kafli\/"},"modified":"2018-01-02T01:03:45","modified_gmt":"2018-01-02T01:03:45","slug":"amos-5-kafli","status":"publish","type":"page","link":"https:\/\/biblian.is\/videy\/amos-5-kafli\/","title":{"rendered":"Amos 5. kafli"},"content":{"rendered":"<div class=\"fyrirsognVidey\">Amos afm\u00e1lar \u00fe\u00e1 \u00f3g\u00e6fu, sem l\u00e1 fyrir \u00cdsraelsm\u00f6nnum; upphvetur \u00fe\u00e1 til r\u00e9ttv\u00edsi; varar \u00fe\u00e1 vi\u00f0 hj\u00e1gu\u00f0ad\u00fdrkun.<\/div>\n<p><a name=\"1\"><span class=\"versanumer\">1<\/span><\/a>Heyri\u00f0 \u00feetta or\u00f0, sem eg m\u00e6li vi\u00f0 y\u00f0ur, \u00cdsraelsmenn! \u00fea\u00f0 er harmakv\u00e6\u00f0i.<a name=\"2\"><span class=\"versanumer\">2<\/span><\/a>\u00cdsraelsjungfr\u00fa er fallin, og stendur ekki upp framar; henni er varpa\u00f0 til jar\u00f0ar, og engi reisir hana \u00e1 f\u00e6tur.<a name=\"3\"><span class=\"versanumer\">3<\/span><\/a>\u00dev\u00ed svo segir Drottinn alvaldur: s\u00fa borg, sem sendi fr\u00e1 s\u00e9r 1000 manns, skal hafa eftir 100, og s\u00fa sem sendi 100, skal hafa 10 eftir handa \u00cdsraels \u00fej\u00f3\u00f0.<br \/><a name=\"4\"><span class=\"versanumer\">4<\/span><\/a>Svo segir Drottinn til \u00cdsraelsmanna: leiti\u00f0 m\u00edn, og munu\u00f0 \u00fe\u00e9r lifa!<a name=\"5\"><span class=\"versanumer\">5<\/span><\/a>Leiti\u00f0 ekki til Betels! komi\u00f0 eigi til Gilgals! fari\u00f0 ekki til Berseba! \u00fev\u00ed Gilgal skal herleidd ver\u00f0a, og Betel ver\u00f0a a\u00f0 au\u00f0n.<a name=\"6\"><span class=\"versanumer\">6<\/span><\/a>Leiti\u00f0 Drottins, og munu\u00f0 \u00fe\u00e9r lifa! Ella mun hann yfirfalla J\u00f3seps\u00e6tt, sem eldur, og s\u00e1 eldur skal ey\u00f0a henni, og enginn \u00ed Betel skal f\u00e1 \u00feann eld sl\u00f6kktan.<a name=\"7\"><span class=\"versanumer\">7<\/span><\/a>\u00de\u00e9r, sem umhverfi\u00f0 lagar\u00e9ttinum \u00ed \u00f3lyfjan, og varpi\u00f0 r\u00e9ttv\u00edsinni til jar\u00f0ar,<a name=\"8\"><span class=\"versanumer\">8<\/span><\/a>leiti\u00f0 hans, sem sk\u00f3p sj\u00f6stj\u00f6rnuna og Or\u00edon; sem gj\u00f6rir ni\u00f0myrkur a\u00f0 bj\u00f6rtum morgni, og dag a\u00f0 dimmri n\u00f3tt; sem kallar til sj\u00e1varvatnsins, og eys \u00fev\u00ed yfir j\u00f6r\u00f0ina: Drottin er hans nafn;<a name=\"9\"><span class=\"versanumer\">9<\/span><\/a>hans, sem l\u00e6tur tj\u00f3ni\u00f0 upp renna yfir hinn volduga, svo a\u00f0 ey\u00f0ilegging kemur yfir v\u00edggirta sta\u00f0i.<a name=\"10\"><span class=\"versanumer\">10<\/span><\/a>\u00deegar \u00feeir eru \u00e1 \u00feingum, hata \u00feeir \u00feann sem d\u00e6mir, og hafa vi\u00f0bj\u00f3\u00f0 \u00e1 \u00feeim, sem talar satt.<a name=\"11\"><span class=\"versanumer\">11<\/span><\/a>\u00deess vegna, s\u00f6kum \u00feess \u00fe\u00e9r f\u00f3ttro\u00f0i\u00f0 l\u00edtilmagnann, og k\u00fagi\u00f0 af honum kornskatt, \u00fe\u00e1 hafi\u00f0 \u00fe\u00e9r byggt y\u00f0ur h\u00fas af h\u00f6ggnum steinum, en \u00fe\u00e9r skulu\u00f0 ekki \u00ed \u00feeim b\u00faa; \u00fe\u00e9r hafi\u00f0 planta\u00f0 lystilega v\u00edngar\u00f0a, en \u00fe\u00e9r skulu\u00f0 ekki drekka v\u00edni\u00f0, sem kemur af \u00feeim:<a name=\"12\"><span class=\"versanumer\">12<\/span><\/a>\u00dev\u00ed eg veit, a\u00f0 y\u00f0ar misgj\u00f6r\u00f0ir eru miklar, og y\u00f0ar syndir margar. \u00deeir \u00fer\u00f6ngva hinum saklausa, \u00feiggja m\u00fatu, og halla r\u00e9tti f\u00e1t\u00e6kra manna \u00e1 \u00feingum.<a name=\"13\"><span class=\"versanumer\">13<\/span><\/a>\u00deess vegna, hv\u00f6r sem \u00e1 \u00feessum t\u00edma er hygginn, s\u00e1 \u00feegir; \u00fev\u00ed \u00feessi t\u00edmi er vondur.<a name=\"14\"><span class=\"versanumer\">14<\/span><\/a>Leiti\u00f0 hins g\u00f3\u00f0a, en eigi hins illa, svo \u00fe\u00e9r megi\u00f0 lifa! \u00fe\u00e1 mun Drottinn, Gu\u00f0 allsherjar, vera me\u00f0 y\u00f0ur, eins og \u00fe\u00e9r n\u00fa hr\u00f3si\u00f0.<a name=\"15\"><span class=\"versanumer\">15<\/span><\/a>Hati\u00f0 hi\u00f0 vonda, og elski\u00f0 hi\u00f0 g\u00f3\u00f0a, og efli\u00f0 l\u00f6g og r\u00e9ttindi \u00e1 \u00feingum; \u00fe\u00e1 mun Drottinn, Gu\u00f0 allsherjar, miskunna sig yfir \u00fe\u00e1, sem enn eru eftir af J\u00f3seps\u00e6tt.<br \/><a name=\"16\"><span class=\"versanumer\">16<\/span><\/a>En sannarlega\u2014svo segir Drottinn, Gu\u00f0 allsherjar, hinn Alvaldi\u2014\u00e1 \u00f6llum torgum skal heyrast harmakvein, og \u00e1 \u00f6llum str\u00e6tum skal sagt ver\u00f0a, \u201evei, vei\u201c! ; menn skulu kalla akurmanninn til sorgarh\u00e1t\u00ed\u00f0a, og bj\u00f3\u00f0a \u00feanga\u00f0 hv\u00f6rjum sem kann harmakv\u00e6\u00f0i;<a name=\"17\"><span class=\"versanumer\">17<\/span><\/a>og \u00ed \u00f6llum v\u00edng\u00f6r\u00f0um skal harmakvein heyrast, \u00feegar eg fer \u00ed gegnum land \u00feitt, segir Drottinn.<a name=\"18\"><span class=\"versanumer\">18<\/span><\/a>Vei \u00feeim, sem \u00f3ska, a\u00f0 hegningardagur Drottins komi! Hv\u00ed skulu\u00f0 \u00fe\u00e9r \u00e6skja hegningardags Drottins? Hann er dimmur, en ekki bjartur.<a name=\"19\"><span class=\"versanumer\">19<\/span><\/a>Eins og ef ma\u00f0ur fl\u00fdi undan lj\u00f3ni, en yr\u00f0i \u00fe\u00e1 vegi fyrir bjarnd\u00fdri, k\u00e6mist \u00fe\u00f3 heim og styddi hendi sinni vi\u00f0 h\u00fasvegginn, en \u00fe\u00e1 biti h\u00f6ggormur hann:<a name=\"20\"><span class=\"versanumer\">20<\/span><\/a>er ekki <span class='VideyAth'>(\u00e1 l\u00edkan h\u00e1tt)<\/span> rei\u00f0idagur Drottins dimmur, en ekki bjartur? j\u00fa, myrkur er hann, og \u00e1n nokkurar lj\u00f3sgl\u00e6tu.<a name=\"21\"><span class=\"versanumer\">21<\/span><\/a>Eg hata, eg fyrirl\u00edt y\u00f0ar helgidaga, og hefi enga vel\u00fe\u00f3knun \u00e1 y\u00f0ar h\u00e1t\u00ed\u00f0asamkomum.<a name=\"22\"><span class=\"versanumer\">22<\/span><\/a>\u00de\u00f3 \u00fe\u00e9r f\u00f3rni\u00f0 m\u00e9r brennif\u00f3rnum og matarf\u00f3rnum, \u00fe\u00e1 \u00fe\u00f3knast m\u00e9r \u00fe\u00e6r ekki, og eg vil ekki l\u00edta vi\u00f0 \u00feakkarf\u00f3rnum af y\u00f0ar alif\u00e9.<a name=\"23\"><span class=\"versanumer\">23<\/span><\/a>Burt fr\u00e1 m\u00e9r me\u00f0 glauminn y\u00f0varra s\u00f6ngva! Eg vil ekki heyra hlj\u00f3minn y\u00f0varra harpna.<a name=\"24\"><span class=\"versanumer\">24<\/span><\/a>L\u00e1ti\u00f0 heldur r\u00e9ttinn framflj\u00f3ta sem vatn, og r\u00e9ttl\u00e6ti\u00f0 sem s\u00edrennanda straum.<a name=\"25\"><span class=\"versanumer\">25<\/span><\/a>Var \u00fea\u00f0 m\u00e9r til hei\u00f0urs <span class='VideyAth'>(d\u00fdr\u00f0ar)<\/span>, \u00cdsraelsmenn, a\u00f0 \u00fe\u00e9r f\u00e6r\u00f0u\u00f0 brennif\u00f3rnir og matarf\u00f3rnir \u00feau 40 \u00e1r, sem \u00fe\u00e9r voru\u00f0 \u00ed ey\u00f0im\u00f6rkinni?<a name=\"26\"><span class=\"versanumer\">26<\/span><\/a>Nei! \u00fe\u00e9r b\u00e1ru\u00f0 tjald y\u00f0vars M\u00f3loks, og K\u00ed\u00fan, y\u00f0ar l\u00edkneski, stj\u00f6rnu y\u00f0vars gu\u00f0s, er \u00fe\u00e9r h\u00f6f\u00f0u\u00f0 gj\u00f6rt y\u00f0ur.<a name=\"27\"><span class=\"versanumer\">27<\/span><\/a>Eg vil \u00fev\u00ed flytja y\u00f0ur \u00ed \u00fatleg\u00f0 yfir fyrir Dammaskusborg, segir Drottinn, Gu\u00f0 allsherjar; \u00fea\u00f0 er hans nafn.<\/p>\n<div class=\"footnoteVidey\">V. 6. J\u00f3seps\u00e6tt \u00fe. e. Efra\u00edms\u00e6tt, a\u00f0al\u00e6ttkv\u00edsl \u00cdsraelsr\u00edkis.  V. 8. Or\u00edon, stj\u00f6rnuflokkur, er svo heitir; \u00ed honum er Or\u00edonsbelti (Fj\u00f3sakonurnar) og Or\u00edonssver\u00f0 (Fj\u00f3sakarlarnir).  V. 26. K\u00ed\u00fan halda menn s\u00e9 s\u00fa reikandi stjarna, er kallast Sat\u00farnus.<\/div>\n","protected":false},"excerpt":{"rendered":"<p>Amos afm\u00e1lar \u00fe\u00e1 \u00f3g\u00e6fu, sem l\u00e1 fyrir \u00cdsraelsm\u00f6nnum; upphvetur \u00fe\u00e1 til r\u00e9ttv\u00edsi; varar \u00fe\u00e1 vi\u00f0 hj\u00e1gu\u00f0ad\u00fdrkun. 1Heyri\u00f0 \u00feetta or\u00f0, sem eg m\u00e6li vi\u00f0 y\u00f0ur, \u00cdsraelsmenn! \u00fea\u00f0 er harmakv\u00e6\u00f0i.2\u00cdsraelsjungfr\u00fa er fallin, og stendur ekki upp framar; henni er varpa\u00f0 til jar\u00f0ar, og engi reisir hana \u00e1 f\u00e6tur.3\u00dev\u00ed svo segir Drottinn alvaldur: s\u00fa borg, sem sendi fr\u00e1 s\u00e9r 1000 manns, skal hafa eftir 100, og s\u00fa sem sendi 100, skal hafa 10 eftir handa \u00cdsraels \u00fej\u00f3\u00f0.4Svo segir Drottinn til \u00cdsraelsmanna: leiti\u00f0 m\u00edn, og munu\u00f0 \u00fe\u00e9r lifa!5Leiti\u00f0 ekki til Betels! komi\u00f0 eigi til Gilgals! fari\u00f0 ekki til Berseba! \u00fev\u00ed Gilgal skal herleidd ver\u00f0a, <a href=\"https:\/\/biblian.is\/videy\/amos-5-kafli\/\"> [&#8230;]<\/a><\/p>\n","protected":false},"author":1,"featured_media":0,"parent":0,"menu_order":0,"comment_status":"open","ping_status":"open","template":"bibliukaflar.php","meta":{"footnotes":""},"class_list":["post-21733","page","type-page","status-publish","hentry"],"_links":{"self":[{"href":"https:\/\/biblian.is\/videy\/wp-json\/wp\/v2\/pages\/21733","targetHints":{"allow":["GET"]}}],"collection":[{"href":"https:\/\/biblian.is\/videy\/wp-json\/wp\/v2\/pages"}],"about":[{"href":"https:\/\/biblian.is\/videy\/wp-json\/wp\/v2\/types\/page"}],"author":[{"embeddable":true,"href":"https:\/\/biblian.is\/videy\/wp-json\/wp\/v2\/users\/1"}],"replies":[{"embeddable":true,"href":"https:\/\/biblian.is\/videy\/wp-json\/wp\/v2\/comments?post=21733"}],"version-history":[{"count":0,"href":"https:\/\/biblian.is\/videy\/wp-json\/wp\/v2\/pages\/21733\/revisions"}],"wp:attachment":[{"href":"https:\/\/biblian.is\/videy\/wp-json\/wp\/v2\/media?parent=21733"}],"curies":[{"name":"wp","href":"https:\/\/api.w.org\/{rel}","templated":true}]}}