{"id":21732,"date":"2018-01-02T01:03:45","date_gmt":"2018-01-02T01:03:45","guid":{"rendered":"http:\/\/biblian.is\/videy\/amos-4-kafli\/"},"modified":"2018-01-02T01:03:45","modified_gmt":"2018-01-02T01:03:45","slug":"amos-4-kafli","status":"publish","type":"page","link":"https:\/\/biblian.is\/videy\/amos-4-kafli\/","title":{"rendered":"Amos 4. kafli"},"content":{"rendered":"<div class=\"fyrirsognVidey\">Hegning drambl\u00e1tra kvenna; illar aflei\u00f0ingar skur\u00f0go\u00f0a d\u00fdrkunarinnar.<\/div>\n<p><a name=\"1\"><span class=\"versanumer\">1<\/span><\/a>Heyri\u00f0 \u00feetta or\u00f0, \u00fe\u00e9r Basans kv\u00edgur, sem eru\u00f0 \u00e1 Samar\u00edufjalli! \u00fe\u00e9r, sem k\u00fagi\u00f0 aumingjana, undiroki\u00f0 hinn f\u00e1t\u00e6ka, og segi\u00f0 til l\u00e1var\u00f0a y\u00f0varra: ber hinga\u00f0, svo v\u00e9r megum drekka!<a name=\"2\"><span class=\"versanumer\">2<\/span><\/a>Drottinn hinn alvaldi sver vi\u00f0 sinn heilagleik: Sj\u00e1i\u00f0, \u00feeir dagar munu yfir y\u00f0ur koma, a\u00f0 sumar af y\u00f0ur skulu ver\u00f0a burtu f\u00e6r\u00f0ar me\u00f0 kr\u00f3kstj\u00f6kum, og hinar me\u00f0 fiski\u00f6nglum;<a name=\"3\"><span class=\"versanumer\">3<\/span><\/a>\u00fe\u00e9r skulu\u00f0 \u00fat fara \u00fat um v\u00edgsk\u00f6r\u00f0in, hv\u00f6r beint sem horfir, og keyr\u00f0ar ver\u00f0a \u00ed kvennab\u00far, segir Drottinn.<br \/><a name=\"4\"><span class=\"versanumer\">4<\/span><\/a>Gangi\u00f0 til Betels, og syndgi\u00f0 \u00fear! Margfaldi\u00f0 syndina \u00ed Gilgal, og framberi\u00f0 y\u00f0ar f\u00f3rnir \u00e1 morgni hv\u00f6rjum, og y\u00f0ar t\u00edundir \u00feri\u00f0ja hv\u00f6rt \u00e1r!<a name=\"5\"><span class=\"versanumer\">5<\/span><\/a>Tendri\u00f0 reykelsisf\u00f3rnir af rangfengnu f\u00e9 \u00ed \u00feakkarf\u00f3rn! Augl\u00fdsi\u00f0 sj\u00e1lfviljugar f\u00f3rnir, gj\u00f6ri\u00f0 \u00fe\u00e6r heyrumkunnar! \u00fev\u00ed \u00fea\u00f0 er y\u00f0ar yndi, \u00cdsraelsmanna, segir Drottinn alvaldur.<a name=\"6\"><span class=\"versanumer\">6<\/span><\/a>Einmitt vegna \u00feessa hefi eg l\u00e1ti\u00f0 ver\u00f0a sult og seyru \u00ed \u00f6llum y\u00f0ar borgum, og matarskort \u00ed \u00f6llum y\u00f0ar b\u00fast\u00f6\u00f0um; og \u00fe\u00f3 hafi\u00f0 \u00fe\u00e9r ekki sn\u00fai\u00f0 y\u00f0ur til m\u00edn, segir Drottinn.<a name=\"7\"><span class=\"versanumer\">7<\/span><\/a>Eg synja\u00f0i y\u00f0ur um regn \u00ed \u00ferj\u00e1 m\u00e1nu\u00f0i fyrir uppskerut\u00edmann; eg l\u00e9t rigna \u00ed einni borg, en ekki \u00ed annarri; eitt bygg\u00f0arlag v\u00f6kva\u00f0ist af regni, en anna\u00f0 bygg\u00f0arlag skr\u00e6lna\u00f0i, af \u00fev\u00ed \u00fear kom ekkert regn.<a name=\"8\"><span class=\"versanumer\">8<\/span><\/a>Tv\u00e6r e\u00f0a \u00ferj\u00e1r borgir f\u00f3ru til einnar borgar, til a\u00f0 f\u00e1 s\u00e9r vatn, en fengu \u00fe\u00f3 ekki n\u00f3g; og \u00fe\u00f3 sneru\u00f0 \u00fe\u00e9r y\u00f0ur ekki til m\u00edn, segir Drottinn.<a name=\"9\"><span class=\"versanumer\">9<\/span><\/a>Eg sendi y\u00f0ur \u00fe\u00e1 pl\u00e1gu, a\u00f0 korni\u00f0 svi\u00f0na\u00f0i og gulna\u00f0i; engisprettur upp\u00e1tu flesta y\u00f0ar aldingar\u00f0a og v\u00edngar\u00f0a, f\u00edkjutr\u00e9 og vi\u00f0smj\u00f6rstr\u00e9: og \u00fe\u00f3 sneru\u00f0 \u00fe\u00e9r y\u00f0ur ekki til m\u00edn, segir Drottinn.<a name=\"10\"><span class=\"versanumer\">10<\/span><\/a>Eg senda y\u00f0ur dreps\u00f3tt fr\u00e1 Egyptalandi; eg sl\u00f3 \u00e6skumenn y\u00f0ar \u00ed hel me\u00f0 sver\u00f0i, sem og hesta y\u00f0ar, er eg haf\u00f0a herteki\u00f0, og l\u00e9t hr\u00e6vadauninn af y\u00f0ar <span class='VideyAth'>(fallna)<\/span> herli\u00f0i upp st\u00edga, og br\u00e1 honum fyrir vit y\u00f0ur: og \u00fe\u00f3 sneru\u00f0 \u00fe\u00e9r y\u00f0ur ekki til m\u00edn, segir Drottinn.<a name=\"11\"><span class=\"versanumer\">11<\/span><\/a>Eg gj\u00f6r\u00f0i ey\u00f0ileggingar y\u00f0ar \u00e1 me\u00f0al, l\u00edkar \u00feeirri ey\u00f0ilegging, sem Gu\u00f0 l\u00e9t ganga yfir S\u00f3d\u00f3mu og G\u00f3morru; \u00fe\u00e9r voru\u00f0 eins og brandur \u00far b\u00e1li dreginn, og \u00fe\u00f3 sneru\u00f0 \u00fe\u00e9r y\u00f0ur ekki til m\u00edn, segir Drottinn.<a name=\"12\"><span class=\"versanumer\">12<\/span><\/a>\u00deess vegna vil eg n\u00fa eins me\u00f0 y\u00f0ur fara, \u00cdsraelsmenn; og s\u00f6kum \u00feess eg hefi \u00e1sett m\u00e9r a\u00f0 fara svo me\u00f0 y\u00f0ur, \u00fe\u00e1 veri\u00f0 n\u00fa til taks, \u00cdsraelsmenn, a\u00f0 m\u00e6ta y\u00f0ar Gu\u00f0i.<a name=\"13\"><span class=\"versanumer\">13<\/span><\/a>\u00dev\u00ed sj\u00e1i\u00f0, hann er s\u00e1 sem myndar fj\u00f6llin og skapar vindinn; hann kunngj\u00f6rir manninum, hv\u00f6r s\u00edn hugsun s\u00e9; hann gj\u00f6rir dagslj\u00f3si\u00f0 a\u00f0 myrkri, og gengur \u00e1 h\u00e6\u00f0um jar\u00f0arinnar: Drottinn, Gu\u00f0 allsherjar, er hans nafn.<\/p>\n<div class=\"footnoteVidey\">V. 1. Basans kv\u00edgur kallar sp\u00e1ma\u00f0urinn hinar s\u00e6ll\u00edfu h\u00f6f\u00f0ingjakonur \u00ed Samar\u00edu, er lokku\u00f0u menn s\u00edna til har\u00f0\u00fd\u00f0gi vi\u00f0 undirmenn \u00feeirra.<\/div>\n","protected":false},"excerpt":{"rendered":"<p>Hegning drambl\u00e1tra kvenna; illar aflei\u00f0ingar skur\u00f0go\u00f0a d\u00fdrkunarinnar. 1Heyri\u00f0 \u00feetta or\u00f0, \u00fe\u00e9r Basans kv\u00edgur, sem eru\u00f0 \u00e1 Samar\u00edufjalli! \u00fe\u00e9r, sem k\u00fagi\u00f0 aumingjana, undiroki\u00f0 hinn f\u00e1t\u00e6ka, og segi\u00f0 til l\u00e1var\u00f0a y\u00f0varra: ber hinga\u00f0, svo v\u00e9r megum drekka!2Drottinn hinn alvaldi sver vi\u00f0 sinn heilagleik: Sj\u00e1i\u00f0, \u00feeir dagar munu yfir y\u00f0ur koma, a\u00f0 sumar af y\u00f0ur skulu ver\u00f0a burtu f\u00e6r\u00f0ar me\u00f0 kr\u00f3kstj\u00f6kum, og hinar me\u00f0 fiski\u00f6nglum;3\u00fe\u00e9r skulu\u00f0 \u00fat fara \u00fat um v\u00edgsk\u00f6r\u00f0in, hv\u00f6r beint sem horfir, og keyr\u00f0ar ver\u00f0a \u00ed kvennab\u00far, segir Drottinn.4Gangi\u00f0 til Betels, og syndgi\u00f0 \u00fear! Margfaldi\u00f0 syndina \u00ed Gilgal, og framberi\u00f0 y\u00f0ar f\u00f3rnir \u00e1 morgni hv\u00f6rjum, og y\u00f0ar t\u00edundir \u00feri\u00f0ja hv\u00f6rt <a href=\"https:\/\/biblian.is\/videy\/amos-4-kafli\/\"> [&#8230;]<\/a><\/p>\n","protected":false},"author":1,"featured_media":0,"parent":0,"menu_order":0,"comment_status":"open","ping_status":"open","template":"bibliukaflar.php","meta":{"footnotes":""},"class_list":["post-21732","page","type-page","status-publish","hentry"],"_links":{"self":[{"href":"https:\/\/biblian.is\/videy\/wp-json\/wp\/v2\/pages\/21732","targetHints":{"allow":["GET"]}}],"collection":[{"href":"https:\/\/biblian.is\/videy\/wp-json\/wp\/v2\/pages"}],"about":[{"href":"https:\/\/biblian.is\/videy\/wp-json\/wp\/v2\/types\/page"}],"author":[{"embeddable":true,"href":"https:\/\/biblian.is\/videy\/wp-json\/wp\/v2\/users\/1"}],"replies":[{"embeddable":true,"href":"https:\/\/biblian.is\/videy\/wp-json\/wp\/v2\/comments?post=21732"}],"version-history":[{"count":0,"href":"https:\/\/biblian.is\/videy\/wp-json\/wp\/v2\/pages\/21732\/revisions"}],"wp:attachment":[{"href":"https:\/\/biblian.is\/videy\/wp-json\/wp\/v2\/media?parent=21732"}],"curies":[{"name":"wp","href":"https:\/\/api.w.org\/{rel}","templated":true}]}}