{"id":21731,"date":"2018-01-02T01:03:45","date_gmt":"2018-01-02T01:03:45","guid":{"rendered":"http:\/\/biblian.is\/videy\/amos-3-kafli\/"},"modified":"2018-01-02T01:03:45","modified_gmt":"2018-01-02T01:03:45","slug":"amos-3-kafli","status":"publish","type":"page","link":"https:\/\/biblian.is\/videy\/amos-3-kafli\/","title":{"rendered":"Amos 3. kafli"},"content":{"rendered":"<div class=\"fyrirsognVidey\">Amos s\u00fdnir, a\u00f0 hegning var nau\u00f0s\u00fdnleg og \u00f3umfl\u00fdjanleg.<\/div>\n<p><a name=\"1\"><span class=\"versanumer\">1<\/span><\/a>Heyri\u00f0 \u00feetta or\u00f0, sem Drottinn talar gegn y\u00f0ur, \u00cdsraelsmenn, gegn \u00f6llum \u00feeim kynkv\u00edslum, er eg \u00fatleiddi af Egyptalandi, segjandi:<a name=\"2\"><span class=\"versanumer\">2<\/span><\/a>Sannarlega hefi eg l\u00e1ti\u00f0 m\u00e9r annt um y\u00f0ur fremur \u00f6llum kynkv\u00edslum jar\u00f0arinnar; \u00feess vegna vil eg hegna y\u00f0ur fyrir allar y\u00f0ar misgj\u00f6r\u00f0ir.<a name=\"3\"><span class=\"versanumer\">3<\/span><\/a>Megu tveir menn ver\u00f0a samfer\u00f0a, nema \u00feeir m\u00e6li s\u00e9r m\u00f3t?<a name=\"4\"><span class=\"versanumer\">4<\/span><\/a>Mun lj\u00f3ni\u00f0 \u00f6skra \u00ed sk\u00f3ginum, ef \u00fea\u00f0 s\u00e9r \u00f6ngva br\u00e1\u00f0? Mun lj\u00f3nsk\u00e1lfurinn l\u00e1ta til s\u00edn heyra \u00ed b\u00e6li s\u00ednu, ef hann hefir engu n\u00e1\u00f0?<a name=\"5\"><span class=\"versanumer\">5<\/span><\/a>Getur fuglinn komi\u00f0 \u00ed sn\u00f6runa \u00e1 j\u00f6r\u00f0inni, ef engi snara er fyrir hann l\u00f6g\u00f0? Mun snaran ver\u00f0a upp tekin af j\u00f6r\u00f0unni, ef ekkert hefir \u00ed hana fengist?<a name=\"6\"><span class=\"versanumer\">6<\/span><\/a>Ver\u00f0ur nokkur l\u00fa\u00f0ur svo \u00feeyttur innan borgar, a\u00f0 f\u00f3lkinu skj\u00f3ti eigi skelk \u00ed bringu? Vill nokkurt andstreymi til \u00ed borginni, a\u00f0 Drottinn ekki l\u00e1ti \u00fea\u00f0 a\u00f0 hendi bera?<br \/><a name=\"7\"><span class=\"versanumer\">7<\/span><\/a>En Drottinn alvaldur gj\u00f6rir ekkert, nema hann kunngj\u00f6ri sinn leyndard\u00f3m fyrir s\u00ednum \u00fej\u00f3num, sp\u00e1m\u00f6nnunum.<a name=\"8\"><span class=\"versanumer\">8<\/span><\/a>Lj\u00f3ni\u00f0 \u00f6skrar; hv\u00f6r skyldi ekki \u00f3ttast? Drottinn hinn alvaldi talar; hv\u00f6r skyldi ekki sp\u00e1?<br \/><a name=\"9\"><span class=\"versanumer\">9<\/span><\/a>Birti\u00f0 \u00feann bo\u00f0skap \u00ed h\u00f6llunum \u00ed Asdodsborg og \u00ed h\u00f6llum Egyptalands og segi\u00f0: \u201esafnist saman upp \u00e1 Samar\u00edufj\u00f6ll, og l\u00edti\u00f0 \u00e1 hina miklu styrj\u00f6ld mitt \u00ed sta\u00f0num, og \u00e1 hina undirk\u00fagu\u00f0u innan borgar\u201c.<a name=\"10\"><span class=\"versanumer\">10<\/span><\/a>\u00deeir hir\u00f0a ekki um a\u00f0 gj\u00f6ra hva\u00f0 r\u00e9tt er, segir Drottinn, heldur hla\u00f0a saman ofr\u00edki og k\u00fagunum \u00ed h\u00f6llum s\u00ednum.<a name=\"11\"><span class=\"versanumer\">11<\/span><\/a>\u00dear fyrir segir Drottinn alvaldur: fjandmenn skulu umkringja landi\u00f0 \u00e1 alla vegu, taka fr\u00e1 \u00fe\u00e9r styrk \u00feinn, og \u00fe\u00ednar hallir skulu r\u00e6ndar ver\u00f0a.<a name=\"12\"><span class=\"versanumer\">12<\/span><\/a>Svo segir Drottinn: eins og hir\u00f0irinn \u00fer\u00edfur tv\u00f6 l\u00e6ri e\u00f0a snepil af eyra \u00far munni lj\u00f3nsins, eins skulu \u00feeir \u00cdsraelsmenn, er \u00ed Samar\u00edu b\u00faa, for\u00f0a s\u00e9r \u00ed bekkjarhorni og \u00ed silkir\u00fambl\u00e6jum.<a name=\"13\"><span class=\"versanumer\">13<\/span><\/a>Heyri\u00f0 og veri\u00f0 vottar til \u00feessa, \u00fe\u00e9r Jakobsni\u00f0jar, segir Drottinn alvaldur, Gu\u00f0 allsherjar:<a name=\"14\"><span class=\"versanumer\">14<\/span><\/a>\u00feann dag er eg hegni \u00cdsraelsm\u00f6nnum fyrir misgj\u00f6r\u00f0ir \u00feeirra, vil eg l\u00e1ta hegninguna koma ni\u00f0ur \u00e1 go\u00f0ast\u00f6llunum \u00ed Betel <span class='VideyAth'>(H\u00f3s. 4,15)<\/span>; hornin upp af go\u00f0astallanum skulu ver\u00f0a af brotin, og falla til jar\u00f0ar.<a name=\"15\"><span class=\"versanumer\">15<\/span><\/a>Eg skal ni\u00f0urbrj\u00f3ta vetrarhallirnar \u00e1samt me\u00f0 sumarh\u00f6llunum, f\u00edlabeinshallirnar skulu hverfa, og m\u00f6rg h\u00fas til grunna ganga, segir Drottinn.<\/p>\n<div class=\"footnoteVidey\"><\/div>\n","protected":false},"excerpt":{"rendered":"<p>Amos s\u00fdnir, a\u00f0 hegning var nau\u00f0s\u00fdnleg og \u00f3umfl\u00fdjanleg. 1Heyri\u00f0 \u00feetta or\u00f0, sem Drottinn talar gegn y\u00f0ur, \u00cdsraelsmenn, gegn \u00f6llum \u00feeim kynkv\u00edslum, er eg \u00fatleiddi af Egyptalandi, segjandi:2Sannarlega hefi eg l\u00e1ti\u00f0 m\u00e9r annt um y\u00f0ur fremur \u00f6llum kynkv\u00edslum jar\u00f0arinnar; \u00feess vegna vil eg hegna y\u00f0ur fyrir allar y\u00f0ar misgj\u00f6r\u00f0ir.3Megu tveir menn ver\u00f0a samfer\u00f0a, nema \u00feeir m\u00e6li s\u00e9r m\u00f3t?4Mun lj\u00f3ni\u00f0 \u00f6skra \u00ed sk\u00f3ginum, ef \u00fea\u00f0 s\u00e9r \u00f6ngva br\u00e1\u00f0? Mun lj\u00f3nsk\u00e1lfurinn l\u00e1ta til s\u00edn heyra \u00ed b\u00e6li s\u00ednu, ef hann hefir engu n\u00e1\u00f0?5Getur fuglinn komi\u00f0 \u00ed sn\u00f6runa \u00e1 j\u00f6r\u00f0inni, ef engi snara er fyrir hann l\u00f6g\u00f0? Mun snaran ver\u00f0a upp tekin af j\u00f6r\u00f0unni, <a href=\"https:\/\/biblian.is\/videy\/amos-3-kafli\/\"> [&#8230;]<\/a><\/p>\n","protected":false},"author":1,"featured_media":0,"parent":0,"menu_order":0,"comment_status":"open","ping_status":"open","template":"bibliukaflar.php","meta":{"footnotes":""},"class_list":["post-21731","page","type-page","status-publish","hentry"],"_links":{"self":[{"href":"https:\/\/biblian.is\/videy\/wp-json\/wp\/v2\/pages\/21731","targetHints":{"allow":["GET"]}}],"collection":[{"href":"https:\/\/biblian.is\/videy\/wp-json\/wp\/v2\/pages"}],"about":[{"href":"https:\/\/biblian.is\/videy\/wp-json\/wp\/v2\/types\/page"}],"author":[{"embeddable":true,"href":"https:\/\/biblian.is\/videy\/wp-json\/wp\/v2\/users\/1"}],"replies":[{"embeddable":true,"href":"https:\/\/biblian.is\/videy\/wp-json\/wp\/v2\/comments?post=21731"}],"version-history":[{"count":0,"href":"https:\/\/biblian.is\/videy\/wp-json\/wp\/v2\/pages\/21731\/revisions"}],"wp:attachment":[{"href":"https:\/\/biblian.is\/videy\/wp-json\/wp\/v2\/media?parent=21731"}],"curies":[{"name":"wp","href":"https:\/\/api.w.org\/{rel}","templated":true}]}}