{"id":21730,"date":"2018-01-02T01:03:45","date_gmt":"2018-01-02T01:03:45","guid":{"rendered":"http:\/\/biblian.is\/videy\/amos-2-kafli\/"},"modified":"2018-01-02T01:03:45","modified_gmt":"2018-01-02T01:03:45","slug":"amos-2-kafli","status":"publish","type":"page","link":"https:\/\/biblian.is\/videy\/amos-2-kafli\/","title":{"rendered":"Amos 2. kafli"},"content":{"rendered":"<div class=\"fyrirsognVidey\">Amos bo\u00f0ar M\u00f3absm\u00f6nnum, J\u00fadar\u00edkism\u00f6nnum og \u00cdsraelsm\u00f6nnum hegningu Gu\u00f0s.<\/div>\n<p><a name=\"1\"><span class=\"versanumer\">1<\/span><\/a>Svo segir Drottinn: s\u00f6kum \u00feriggja synda M\u00f3absmanna hefi eg \u00e1sett m\u00e9r a\u00f0 hegna \u00feeim, en s\u00f6kum hinnar fj\u00f3r\u00f0u vil eg eigi l\u00e1ta hegninguna, \u00fev\u00ed \u00feeir brenndu bein Edomsmannakonungs a\u00f0 kalki <span class='VideyAth'>(2 K\u00f3ng. 3, 27)<\/span>.<a name=\"2\"><span class=\"versanumer\">2<\/span><\/a>\u00deess vegna skal eg skj\u00f3ta eldi \u00e1 M\u00f3absland, og hann skal ey\u00f0a h\u00f6llum Kirjotsborgar, og M\u00f3absmenn skulu deyja \u00ed vopnagn\u00fd, undir her\u00f3pi og l\u00fa\u00f0ragangi.<a name=\"3\"><span class=\"versanumer\">3<\/span><\/a>Eg skal afm\u00e1 landstj\u00f3rarann, og af l\u00edfi taka alla landsins h\u00f6f\u00f0ingja \u00e1samt honum, segir Drottinn.<br \/><a name=\"4\"><span class=\"versanumer\">4<\/span><\/a>Svo segir Drottinn: s\u00f6kum \u00feriggja synda J\u00fadar\u00edkismanna hefi eg \u00e1sett m\u00e9r a\u00f0 hegna \u00feeim, en s\u00f6kum hinnar fj\u00f3r\u00f0u vil eg eigi l\u00e1ta hegninguna undanganga, fyrir \u00fev\u00ed a\u00f0 \u00feeir hafa fyrirliti\u00f0 l\u00f6gm\u00e1l Drottins og ekki g\u00e6tt hans bo\u00f0or\u00f0a, heldur l\u00e1ti\u00f0 \u00feann h\u00e9g\u00f3ma villa sig, er forfe\u00f0ur \u00feeirra gengu eftir.<a name=\"5\"><span class=\"versanumer\">5<\/span><\/a>\u00deess vegna vil eg varpa eldi \u00e1 J\u00fadaland, og s\u00e1 eldur skal ey\u00f0a h\u00f6llum Jer\u00fasalemsborgar.<br \/><a name=\"6\"><span class=\"versanumer\">6<\/span><\/a>Svo segir Drottinn: s\u00f6kum \u00feriggja synda \u00cdsraelsmanna hefi eg \u00e1sett m\u00e9r a\u00f0 hegna \u00feeim, en s\u00f6kum hinnar fj\u00f3r\u00f0u skal eg eigi l\u00e1ta hegninguna undanganga; \u00fev\u00ed \u00feeir selja hinn saklausa fyrir silfur, og hinn f\u00e1t\u00e6ka fyrir eina sk\u00f3.<a name=\"7\"><span class=\"versanumer\">7<\/span><\/a>\u00deeir f\u00edkjast \u00ed l\u00edtinn jar\u00f0arblett, \u00fe\u00f3 l\u00edf f\u00e1t\u00e6ks manns s\u00e9 \u00ed ve\u00f0i, og halla r\u00e9tti aumingjans; fa\u00f0ir og sonur ganga til s\u00f6mu kvensniftar, til a\u00f0 vanhelga mitt heilaga nafn.<a name=\"8\"><span class=\"versanumer\">8<\/span><\/a>\u00deeir liggja \u00e1 ve\u00f0teknum kl\u00e6\u00f0um hj\u00e1 s\u00e9rhv\u00f6rjum go\u00f0astalla, og drekka v\u00edn sekta\u00f0ra manna \u00ed go\u00f0ah\u00fasum s\u00ednum.<a name=\"9\"><span class=\"versanumer\">9<\/span><\/a>Og \u00fe\u00f3 rudda eg Amor\u00edtum \u00far vegi \u00feeirra, er svo voru h\u00e1vir sem sedrustr\u00e9, og svo sterkir sem eikitr\u00e9; eg eyddi \u00e1v\u00f6xtum \u00feeirra a\u00f0 ofanver\u00f0u, og r\u00f3tum \u00feeirra a\u00f0 ne\u00f0an.<a name=\"10\"><span class=\"versanumer\">10<\/span><\/a>Eg f\u00e6r\u00f0i y\u00f0ur \u00fat af Egyptalandi, lei\u00f0beindi y\u00f0ur um 40 \u00e1r \u00ed ey\u00f0im\u00f6rkinni, svo \u00fe\u00e9r m\u00e6ttu\u00f0 eignast Amor\u00edtaland;<a name=\"11\"><span class=\"versanumer\">11<\/span><\/a>eg uppvakti sp\u00e1menn me\u00f0al sona y\u00f0varra, og heitbr\u00e6\u00f0ur <span class='VideyAth'>(4 M\u00f3s. 6,2)<\/span> me\u00f0al y\u00f0ar \u00e6skumanna. Er \u00feetta eigi svo, \u00cdsraelsmenn? segir Drottinn.<a name=\"12\"><span class=\"versanumer\">12<\/span><\/a>En \u00fe\u00e9r g\u00e1fu\u00f0 heitbr\u00e6\u00f0runum v\u00edn a\u00f0 drekka, og bu\u00f0u\u00f0 sp\u00e1m\u00f6nnunum og s\u00f6g\u00f0u\u00f0, \u201e\u00fe\u00e9r megi\u00f0 ekki sp\u00e1\u201c.<a name=\"13\"><span class=\"versanumer\">13<\/span><\/a>Sj\u00e1, eg skal \u00fer\u00fdsta y\u00f0ur ni\u00f0ur, eins og s\u00e1 vagn \u00fer\u00fdstir, sem hla\u00f0inn er kornkerfum;<a name=\"14\"><span class=\"versanumer\">14<\/span><\/a>s\u00e1, sem er l\u00e9ttur \u00e1 s\u00e9r, skal ekkert undanf\u00e6ri hafa: s\u00e1, sem sterkur er, skal ekki f\u00e1 neytt krafta sinna, og kappinn skal ekki for\u00f0a mega fj\u00f6rvi s\u00ednu;<a name=\"15\"><span class=\"versanumer\">15<\/span><\/a>bogma\u00f0urinn skal ekki f\u00e1 sta\u00f0ist, hinn f\u00f3thvati skal eigi f\u00e1 undankomist, og riddarinn skal ekki mega bjarga l\u00edfi s\u00ednu:<a name=\"16\"><span class=\"versanumer\">16<\/span><\/a>hinn hugdjarfasti kappi skal \u00e1 \u00feeim degi nakinn \u00ed burtu fl\u00fdja, segir Drottinn.<\/p>\n<div class=\"footnoteVidey\"><\/div>\n","protected":false},"excerpt":{"rendered":"<p>Amos bo\u00f0ar M\u00f3absm\u00f6nnum, J\u00fadar\u00edkism\u00f6nnum og \u00cdsraelsm\u00f6nnum hegningu Gu\u00f0s. 1Svo segir Drottinn: s\u00f6kum \u00feriggja synda M\u00f3absmanna hefi eg \u00e1sett m\u00e9r a\u00f0 hegna \u00feeim, en s\u00f6kum hinnar fj\u00f3r\u00f0u vil eg eigi l\u00e1ta hegninguna, \u00fev\u00ed \u00feeir brenndu bein Edomsmannakonungs a\u00f0 kalki (2 K\u00f3ng. 3, 27).2\u00deess vegna skal eg skj\u00f3ta eldi \u00e1 M\u00f3absland, og hann skal ey\u00f0a h\u00f6llum Kirjotsborgar, og M\u00f3absmenn skulu deyja \u00ed vopnagn\u00fd, undir her\u00f3pi og l\u00fa\u00f0ragangi.3Eg skal afm\u00e1 landstj\u00f3rarann, og af l\u00edfi taka alla landsins h\u00f6f\u00f0ingja \u00e1samt honum, segir Drottinn.4Svo segir Drottinn: s\u00f6kum \u00feriggja synda J\u00fadar\u00edkismanna hefi eg \u00e1sett m\u00e9r a\u00f0 hegna \u00feeim, en s\u00f6kum hinnar fj\u00f3r\u00f0u vil eg eigi l\u00e1ta <a href=\"https:\/\/biblian.is\/videy\/amos-2-kafli\/\"> [&#8230;]<\/a><\/p>\n","protected":false},"author":1,"featured_media":0,"parent":0,"menu_order":0,"comment_status":"open","ping_status":"open","template":"bibliukaflar.php","meta":{"footnotes":""},"class_list":["post-21730","page","type-page","status-publish","hentry"],"_links":{"self":[{"href":"https:\/\/biblian.is\/videy\/wp-json\/wp\/v2\/pages\/21730","targetHints":{"allow":["GET"]}}],"collection":[{"href":"https:\/\/biblian.is\/videy\/wp-json\/wp\/v2\/pages"}],"about":[{"href":"https:\/\/biblian.is\/videy\/wp-json\/wp\/v2\/types\/page"}],"author":[{"embeddable":true,"href":"https:\/\/biblian.is\/videy\/wp-json\/wp\/v2\/users\/1"}],"replies":[{"embeddable":true,"href":"https:\/\/biblian.is\/videy\/wp-json\/wp\/v2\/comments?post=21730"}],"version-history":[{"count":0,"href":"https:\/\/biblian.is\/videy\/wp-json\/wp\/v2\/pages\/21730\/revisions"}],"wp:attachment":[{"href":"https:\/\/biblian.is\/videy\/wp-json\/wp\/v2\/media?parent=21730"}],"curies":[{"name":"wp","href":"https:\/\/api.w.org\/{rel}","templated":true}]}}