{"id":21728,"date":"2018-01-02T01:03:38","date_gmt":"2018-01-02T01:03:38","guid":{"rendered":"http:\/\/biblian.is\/videy\/joel-3-kafli\/"},"modified":"2018-01-02T01:03:38","modified_gmt":"2018-01-02T01:03:38","slug":"joel-3-kafli","status":"publish","type":"page","link":"https:\/\/biblian.is\/videy\/joel-3-kafli\/","title":{"rendered":"J\u00f3el 3. kafli"},"content":{"rendered":"<div class=\"fyrirsognVidey\">J\u00f3el talar um refsid\u00f3m Drottins yfir hei\u00f0ingjum, um frelsun Gy\u00f0inga undan valdi \u00f3vina \u00feeirra.<\/div>\n<p><a name=\"1\"><span class=\"versanumer\">1<\/span><\/a>H\u00e9r eftir mun eg \u00fathella m\u00ednum anda yfir allsh\u00e1ttar menn: synir y\u00f0ar og d\u00e6tur skulu sp\u00e1, y\u00f0ar \u00f6ldunga skal drauma dreyma, og y\u00f0ar ungu menn sj\u00e1 sj\u00f3nir;<a name=\"2\"><span class=\"versanumer\">2<\/span><\/a>og jafnvel yfir \u00fer\u00e6la og amb\u00e1ttir skal eg \u00e1 \u00feeim t\u00edmum \u00fathella m\u00ednum anda.<a name=\"3\"><span class=\"versanumer\">3<\/span><\/a>Eg skal l\u00e1ta t\u00e1kn ver\u00f0a \u00e1 himni og \u00e1 j\u00f6r\u00f0u, bl\u00f3\u00f0, eld og reykjarstr\u00f3ka:<a name=\"4\"><span class=\"versanumer\">4<\/span><\/a>s\u00f3lin skal sn\u00faast \u00ed myrkur, og tungli\u00f0 \u00ed bl\u00f3\u00f0, \u00e1\u00f0ur en kemur hinn mikli og \u00f3gurlegi dagur Drottins.<a name=\"5\"><span class=\"versanumer\">5<\/span><\/a>\u00de\u00e1 skal s\u00e9rhv\u00f6r, sem \u00e1kallar nafn Drottins, frelstur ver\u00f0a: \u00fev\u00ed \u00e1 S\u00edonsfjalli og \u00ed Jer\u00fasalemsborg skal h\u00e6li finnast, eins og Drottinn hefir heiti\u00f0, sem og hj\u00e1 \u00feeim er a\u00f0 r\u00e1\u00f0st\u00f6fun Drottins hafa komist.<br \/><a name=\"6\"><span class=\"versanumer\">6<\/span><\/a>\u00dev\u00ed, sj\u00e1, \u00e1 \u00feeim d\u00f6gum, \u00ed \u00fea\u00f0 mund er eg lei\u00f0i heim aftur hina herleiddu J\u00fadar\u00edkismenn og innbyggjendur Jer\u00fasalemsborgar,<a name=\"7\"><span class=\"versanumer\">7<\/span><\/a>\u00fe\u00e1 vil eg samansafna \u00f6llum hei\u00f0ingjum, og f\u00e6ra \u00fe\u00e1 ofan \u00ed J\u00f3safatsdal <span class='VideyAth'>(d\u00f3msdal Gu\u00f0s)<\/span>, og ganga \u00fear \u00ed lagad\u00f3m vi\u00f0 \u00fe\u00e1, s\u00f6kum \u00feess a\u00f0 \u00feeir dreif\u00f0u m\u00ednu f\u00f3lki og m\u00ednum \u00fatvalda l\u00fd\u00f0, \u00cdsraelsl\u00fd\u00f0i, me\u00f0al hei\u00f0ingjanna, skiptu milli s\u00edn landi m\u00ednu,<a name=\"8\"><span class=\"versanumer\">8<\/span><\/a>k\u00f6stu\u00f0u hlut um mitt f\u00f3lk, g\u00e1fu unga sveina sk\u00e6kjum til launa, og seldu meyjar fyrir v\u00edn til a\u00f0 drekka.<a name=\"9\"><span class=\"versanumer\">9<\/span><\/a>Og n\u00fa, \u00fe\u00fa T\u00fdrusborg og S\u00eddonsborg og Filistaland, hva\u00f0 hafi\u00f0 \u00fe\u00e9r vi\u00f0 mig a\u00f0 k\u00e6ra? Hv\u00f6rt vilji\u00f0 \u00fe\u00e9r hefna y\u00f0ar \u00e1 m\u00e9r? Ef \u00fe\u00e9r vilji\u00f0 y\u00f0ar \u00e1 m\u00e9r, \u00fe\u00e1 skal eg flj\u00f3tt og skj\u00f3tlega sn\u00faa y\u00f0varri hefnd \u00e1 hendur sj\u00e1lfum y\u00f0ur,<a name=\"10\"><span class=\"versanumer\">10<\/span><\/a>\u00fear e\u00f0 \u00fe\u00e9r t\u00f3ku\u00f0 mitt silfur og gull, og fluttu\u00f0 m\u00ednar bestu gersemar \u00ed go\u00f0ahof y\u00f0ar,<a name=\"11\"><span class=\"versanumer\">11<\/span><\/a>seldu\u00f0 J\u00fadar\u00edkismenn og Jer\u00fasalemsmenn Grikkjum, til \u00feess \u00feeir flytti \u00fe\u00e1 langt \u00ed burt fr\u00e1 landamerkjum \u00feeirra.<a name=\"12\"><span class=\"versanumer\">12<\/span><\/a>Sj\u00e1i\u00f0, eg vil flytja \u00fe\u00e1 aftur fr\u00e1 \u00feeim sta\u00f0, sem \u00fe\u00e9r seldu\u00f0 \u00fe\u00e1, og sn\u00faa hefndinni \u00e1 hendur sj\u00e1lfum y\u00f0ur:<a name=\"13\"><span class=\"versanumer\">13<\/span><\/a>eg skal selja sonu y\u00f0ar og d\u00e6tur \u00ed hendur J\u00fadar\u00edkism\u00f6nnum, og \u00feeir skulu selja \u00feau Sabam\u00f6nnum \u00ed fjarl\u00e6gu landi; \u00fev\u00ed Drottinn hefir svo bo\u00f0i\u00f0.<a name=\"14\"><span class=\"versanumer\">14<\/span><\/a>Kunngj\u00f6ri\u00f0 \u00feetta hei\u00f0ingjunum, b\u00fai\u00f0 y\u00f0ur til str\u00ed\u00f0s, kve\u00f0ji\u00f0 upp kappana; komi fram allir herf\u00e6rir menn, og fari \u00ed lei\u00f0angur.<a name=\"15\"><span class=\"versanumer\">15<\/span><\/a>Gj\u00f6ri\u00f0 sver\u00f0 af y\u00f0ar pl\u00f3gj\u00e1rnum, og spj\u00f3t af y\u00f0ar sig\u00f0um; hinn vanf\u00e6ri segi: eg er hetja!<a name=\"16\"><span class=\"versanumer\">16<\/span><\/a>Heimti\u00f0 y\u00f0ur saman \u00ed flokka! Komi\u00f0, allir hei\u00f0ingjar, sem umhverfis eru\u00f0, og safnist saman!\u2014Drottinn, l\u00e1t \u00fe\u00ednar hetjur st\u00edga ofan \u00feanga\u00f0!<a name=\"17\"><span class=\"versanumer\">17<\/span><\/a>Hei\u00f0ingjarnir skulu hefja fer\u00f0 s\u00edna og halda upp \u00ed J\u00f3safatsdal; \u00fev\u00ed \u00fear vil eg sitja og l\u00e1ta d\u00f3m ganga yfir alla hei\u00f0ingja, sem umhverfis eru.<a name=\"18\"><span class=\"versanumer\">18<\/span><\/a>Breg\u00f0i\u00f0 sig\u00f0inni! \u00fev\u00ed v\u00ednberin eru fullvaxin; komi\u00f0, gangi\u00f0 ofan! Tro\u00f0slukeri\u00f0 er fullt, og lagarkerin \u00e1 barma; \u00fev\u00ed \u00feeirra vonska er st\u00f3r.<a name=\"19\"><span class=\"versanumer\">19<\/span><\/a>Flokkarnir \u00feyrpast saman \u00ed D\u00f3msdalnum; \u00fev\u00ed dagur Drottins er n\u00e1l\u00e6gur \u00ed D\u00f3msdalnum:<a name=\"20\"><span class=\"versanumer\">20<\/span><\/a>s\u00f3l og tungl skulu myrk ver\u00f0a, og stj\u00f6rnurnar afturhalda lj\u00f3si s\u00ednu:<a name=\"21\"><span class=\"versanumer\">21<\/span><\/a>Drottinn skal kalla me\u00f0 lj\u00f3nsr\u00f6ddu af S\u00edonsfjalli, og hefja upp s\u00edna <span class='VideyAth'>(\u00ferumu)<\/span>raust fr\u00e1 Jer\u00fasalemsborg, svo himinn og j\u00f6r\u00f0 skal leika \u00e1 rei\u00f0iskj\u00e1lfi; en Drottinn er athvarf s\u00edns f\u00f3lks og v\u00edgi \u00cdsraelsmanna.<a name=\"22\"><span class=\"versanumer\">22<\/span><\/a>Og \u00fe\u00e9r skulu\u00f0 vi\u00f0urkenna, a\u00f0 eg Drottinn, y\u00f0ar Gu\u00f0, b\u00fd \u00e1 S\u00edon, m\u00ednu ena helga fjalli; og Jer\u00fasalemsborg skal heil\u00f6g vera, og \u00f6ngvir \u00fatlendir menn skulu framar um hana ganga.<br \/><a name=\"23\"><span class=\"versanumer\">23<\/span><\/a>\u00c1 \u00feeim degi skulu fj\u00f6llin drj\u00fapa af v\u00ednberjalegi, og h\u00e1lsarnir flj\u00f3ta \u00ed mj\u00f3lk; allir l\u00e6kir \u00ed J\u00fadalandi skulu renna vatnsfullir, og vatnslind skal framspretta undan h\u00fasi Drottins, og v\u00f6kva Sittimsdal.<a name=\"24\"><span class=\"versanumer\">24<\/span><\/a>Egyptaland skal ver\u00f0a a\u00f0 \u00f6r\u00e6fum, og Ed\u00f3msland a\u00f0 \u00f3bygg\u00f0ri ey\u00f0im\u00f6rku, s\u00f6kum ofr\u00edkis \u00feeirra vi\u00f0 J\u00fadar\u00edkismenn, er \u00feeir dr\u00e1pu saklausa \u00ed landi \u00feeirra;<a name=\"25\"><span class=\"versanumer\">25<\/span><\/a>en J\u00fadar\u00edki skal standa a\u00f0 eil\u00edfu, og Jer\u00fasalemsborg um aldur og \u00e6vi.<a name=\"26\"><span class=\"versanumer\">26<\/span><\/a>\u00de\u00e1 skal eg l\u00e1ta hefnt ver\u00f0a \u00feess bl\u00f3\u00f0s, sem eg haf\u00f0a ekki \u00e1\u00f0ur hefnt; \u00fev\u00ed Drottinn b\u00fdr \u00e1 S\u00edonsfjalli.<\/p>\n<div class=\"footnoteVidey\"><\/div>\n","protected":false},"excerpt":{"rendered":"<p>J\u00f3el talar um refsid\u00f3m Drottins yfir hei\u00f0ingjum, um frelsun Gy\u00f0inga undan valdi \u00f3vina \u00feeirra. 1H\u00e9r eftir mun eg \u00fathella m\u00ednum anda yfir allsh\u00e1ttar menn: synir y\u00f0ar og d\u00e6tur skulu sp\u00e1, y\u00f0ar \u00f6ldunga skal drauma dreyma, og y\u00f0ar ungu menn sj\u00e1 sj\u00f3nir;2og jafnvel yfir \u00fer\u00e6la og amb\u00e1ttir skal eg \u00e1 \u00feeim t\u00edmum \u00fathella m\u00ednum anda.3Eg skal l\u00e1ta t\u00e1kn ver\u00f0a \u00e1 himni og \u00e1 j\u00f6r\u00f0u, bl\u00f3\u00f0, eld og reykjarstr\u00f3ka:4s\u00f3lin skal sn\u00faast \u00ed myrkur, og tungli\u00f0 \u00ed bl\u00f3\u00f0, \u00e1\u00f0ur en kemur hinn mikli og \u00f3gurlegi dagur Drottins.5\u00de\u00e1 skal s\u00e9rhv\u00f6r, sem \u00e1kallar nafn Drottins, frelstur ver\u00f0a: \u00fev\u00ed \u00e1 S\u00edonsfjalli og \u00ed Jer\u00fasalemsborg skal h\u00e6li <a href=\"https:\/\/biblian.is\/videy\/joel-3-kafli\/\"> [&#8230;]<\/a><\/p>\n","protected":false},"author":1,"featured_media":0,"parent":0,"menu_order":0,"comment_status":"open","ping_status":"open","template":"bibliukaflar.php","meta":{"footnotes":""},"class_list":["post-21728","page","type-page","status-publish","hentry"],"_links":{"self":[{"href":"https:\/\/biblian.is\/videy\/wp-json\/wp\/v2\/pages\/21728","targetHints":{"allow":["GET"]}}],"collection":[{"href":"https:\/\/biblian.is\/videy\/wp-json\/wp\/v2\/pages"}],"about":[{"href":"https:\/\/biblian.is\/videy\/wp-json\/wp\/v2\/types\/page"}],"author":[{"embeddable":true,"href":"https:\/\/biblian.is\/videy\/wp-json\/wp\/v2\/users\/1"}],"replies":[{"embeddable":true,"href":"https:\/\/biblian.is\/videy\/wp-json\/wp\/v2\/comments?post=21728"}],"version-history":[{"count":0,"href":"https:\/\/biblian.is\/videy\/wp-json\/wp\/v2\/pages\/21728\/revisions"}],"wp:attachment":[{"href":"https:\/\/biblian.is\/videy\/wp-json\/wp\/v2\/media?parent=21728"}],"curies":[{"name":"wp","href":"https:\/\/api.w.org\/{rel}","templated":true}]}}