{"id":21726,"date":"2018-01-02T01:03:38","date_gmt":"2018-01-02T01:03:38","guid":{"rendered":"http:\/\/biblian.is\/videy\/joel-1-kafli\/"},"modified":"2018-01-02T01:03:38","modified_gmt":"2018-01-02T01:03:38","slug":"joel-1-kafli","status":"publish","type":"page","link":"https:\/\/biblian.is\/videy\/joel-1-kafli\/","title":{"rendered":"J\u00f3el 1. kafli"},"content":{"rendered":"<div class=\"fyrirsognVidey\">J\u00f3el bo\u00f0ar mikla landpl\u00e1gu af engisprettum (sem l\u00edklega \u00e1 a\u00f0 merkja herna\u00f0 utanr\u00edkis \u00f3vina), l\u00fdsir almennri h\u00f6rmung landsins, og r\u00e6\u00f0ur f\u00f3lkinu til a\u00f0 \u00e1kalla Gu\u00f0 um hj\u00e1lp.<\/div>\n<p><a name=\"1\"><span class=\"versanumer\">1<\/span><\/a>\u00deetta er \u00fea\u00f0 or\u00f0, sem Drottinn tala\u00f0i til J\u00f3els Pet\u00faelssonar.<a name=\"2\"><span class=\"versanumer\">2<\/span><\/a>Heyri\u00f0 \u00feetta, \u00fe\u00e9r h\u00f6f\u00f0ingjar! taki\u00f0 eftir, allir landsins innbyggjendur! Hefir sl\u00edkt nokkurn t\u00edma til bori\u00f0 \u00e1 y\u00f0ar d\u00f6gum, e\u00f0a \u00e1 d\u00f6gum fe\u00f0ra y\u00f0varra?<a name=\"3\"><span class=\"versanumer\">3<\/span><\/a>Segi\u00f0 b\u00f6rnum y\u00f0ar fr\u00e1 \u00fev\u00ed, segi \u00feau aftur s\u00ednum b\u00f6rnum, og \u00feeirra b\u00f6rn s\u00ednum ni\u00f0jum fram \u00ed \u00e6ttir.<a name=\"4\"><span class=\"versanumer\">4<\/span><\/a>\u00dea\u00f0 sem ein engisprettutegundin eftir skilur, \u00fea\u00f0 uppetur \u00f6nnur; \u00fea\u00f0 sem h\u00fan leyfir, uppetur hin \u00feri\u00f0ja; \u00fea\u00f0 sem s\u00fa leyfir, uppetur hin fj\u00f3r\u00f0a.<a name=\"5\"><span class=\"versanumer\">5<\/span><\/a>Vakni\u00f0 \u00fe\u00e9r upp, \u00fe\u00e9r ofdrykkjumenn, og gr\u00e1ti\u00f0; veini\u00f0, allir \u00fe\u00e9r sem v\u00edn drekki\u00f0, vegna v\u00ednberjalagarins, \u00fev\u00ed hann er \u00ed burtu tekinn fr\u00e1 y\u00f0ar munni.<a name=\"6\"><span class=\"versanumer\">6<\/span><\/a>\u00dev\u00ed voldug og \u00f3t\u00f6luleg \u00fej\u00f3\u00f0 gengur yfir land mitt; tennur hennar eru sem lj\u00f3nstennur, og v\u00edgtennur hennar, sem d\u00fdrsins \u00f3arga;<a name=\"7\"><span class=\"versanumer\">7<\/span><\/a>h\u00fan leggur m\u00edn v\u00edntr\u00e9 \u00ed ey\u00f0i, br\u00fdtur m\u00edn f\u00edkjutr\u00e9, fl\u00e6r allan b\u00f6rk af \u00feeim, og kastar \u00feeim burt, og greinar \u00feeirra eru hv\u00edtar eftir.<br \/><a name=\"8\"><span class=\"versanumer\">8<\/span><\/a>Kveina \u00fe\u00fa <span class='VideyAth'>(Jer\u00fasalem!)<\/span>, eins og s\u00fa mey, sem \u00edkl\u00e6dd sorgarb\u00faningi gr\u00e6tur unnusta sinn!<a name=\"9\"><span class=\"versanumer\">9<\/span><\/a>matarf\u00f3rn og dreypif\u00f3rn er burt tekin fr\u00e1 Drottins h\u00fasi; kennimennirnir, \u00fej\u00f3nar Drottins, eru hryggvir;<a name=\"10\"><span class=\"versanumer\">10<\/span><\/a>akrarnir eru \u00ed ey\u00f0i: landi\u00f0 harmar, \u00fev\u00ed korni\u00f0 er eytt, v\u00ednberjal\u00f6gurinn \u00feorna\u00f0ur, vi\u00f0smj\u00f6ri\u00f0 horfi\u00f0.<a name=\"11\"><span class=\"versanumer\">11<\/span><\/a>Akurmennirnir eru sneyptir, v\u00ednyrkjumennirnir kveinandi, vegna hveitisins og byggsins: \u00fev\u00ed \u00fats\u00e9\u00f0 er um nokkura uppskeru af akrinum;<a name=\"12\"><span class=\"versanumer\">12<\/span><\/a>v\u00edntr\u00e9\u00f0, p\u00e1lmatr\u00e9\u00f0, eplatr\u00e9\u00f0 og \u00f6ll sk\u00f3gartr\u00e9n eru upp\u00feornu\u00f0; \u00feess vegna er \u00f6ll gle\u00f0i horfin fr\u00e1 mannanna b\u00f6rnum.<a name=\"13\"><span class=\"versanumer\">13<\/span><\/a>Taki\u00f0 sorgarb\u00faning og harmi\u00f0, \u00fe\u00e9r kennimenn; kveini\u00f0, \u00fe\u00e9r \u00fej\u00f3nar altarisins; gangi\u00f0, \u00fej\u00f3nar m\u00edns Gu\u00f0s, inn <span class='VideyAth'>(\u00ed forgar\u00f0 musterisins)<\/span>, og veri\u00f0 \u00fear n\u00e1ttlangt, \u00edkl\u00e6ddir sorgarb\u00faningi: \u00fev\u00ed matarf\u00f3rn og dreypif\u00f3rn er burt tekin fr\u00e1 h\u00fasi y\u00f0vars Gu\u00f0s.<br \/><a name=\"14\"><span class=\"versanumer\">14<\/span><\/a>Haldi\u00f0 f\u00f6stu, stefni\u00f0 h\u00e1t\u00ed\u00f0isfund, kalli\u00f0 saman h\u00f6f\u00f0ingjana og alla landsins innbyggjendur \u00ed h\u00fas Drottins, y\u00f0vars Gu\u00f0s, og \u00e1kalli\u00f0 Drottin:<a name=\"15\"><span class=\"versanumer\">15<\/span><\/a>\u00f3, hv\u00edl\u00edkur dagur! dagur Drottins er n\u00e1l\u00e6gur! hann mun koma sem ey\u00f0ilegging fr\u00e1 hinum Alm\u00e1ttuga.<a name=\"16\"><span class=\"versanumer\">16<\/span><\/a>Er ekki f\u00e6\u00f0an \u00e1 burtu svipt fyrir augum vorum, og horfin gle\u00f0i og f\u00f6gnu\u00f0ur \u00far h\u00fasi vors Gu\u00f0s?<a name=\"17\"><span class=\"versanumer\">17<\/span><\/a>Fr\u00e6kornin hja\u00f0na undir moldarkekkjunum, for\u00f0ab\u00farin eru eydd, kornhl\u00f6\u00f0urnar ni\u00f0urrifnar, \u00fev\u00ed korni\u00f0 er uppskr\u00e6lna\u00f0.<a name=\"18\"><span class=\"versanumer\">18<\/span><\/a>O, hv\u00f6rsu skepnurnar stynja! nautahjar\u00f0irnar \u00feola einnig nau\u00f0.<a name=\"19\"><span class=\"versanumer\">19<\/span><\/a>Eg kalla til \u00fe\u00edn, Drottinn, \u00fev\u00ed eldur hefir eytt haglendi ey\u00f0imerkurinnar, og logi hefir svi\u00f0i\u00f0 \u00f6ll tr\u00e9 sk\u00f3garins;<a name=\"20\"><span class=\"versanumer\">20<\/span><\/a>einnig sk\u00f3gard\u00fdrin m\u00e6na til \u00fe\u00edn, \u00fev\u00ed vatnslindirnar eru upp\u00feorna\u00f0ar, og eldur hefir eytt grash\u00f6gum ey\u00f0imerkurinnar.<\/p>\n<div class=\"footnoteVidey\"><\/div>\n","protected":false},"excerpt":{"rendered":"<p>J\u00f3el bo\u00f0ar mikla landpl\u00e1gu af engisprettum (sem l\u00edklega \u00e1 a\u00f0 merkja herna\u00f0 utanr\u00edkis \u00f3vina), l\u00fdsir almennri h\u00f6rmung landsins, og r\u00e6\u00f0ur f\u00f3lkinu til a\u00f0 \u00e1kalla Gu\u00f0 um hj\u00e1lp. 1\u00deetta er \u00fea\u00f0 or\u00f0, sem Drottinn tala\u00f0i til J\u00f3els Pet\u00faelssonar.2Heyri\u00f0 \u00feetta, \u00fe\u00e9r h\u00f6f\u00f0ingjar! taki\u00f0 eftir, allir landsins innbyggjendur! Hefir sl\u00edkt nokkurn t\u00edma til bori\u00f0 \u00e1 y\u00f0ar d\u00f6gum, e\u00f0a \u00e1 d\u00f6gum fe\u00f0ra y\u00f0varra?3Segi\u00f0 b\u00f6rnum y\u00f0ar fr\u00e1 \u00fev\u00ed, segi \u00feau aftur s\u00ednum b\u00f6rnum, og \u00feeirra b\u00f6rn s\u00ednum ni\u00f0jum fram \u00ed \u00e6ttir.4\u00dea\u00f0 sem ein engisprettutegundin eftir skilur, \u00fea\u00f0 uppetur \u00f6nnur; \u00fea\u00f0 sem h\u00fan leyfir, uppetur hin \u00feri\u00f0ja; \u00fea\u00f0 sem s\u00fa leyfir, uppetur hin fj\u00f3r\u00f0a.5Vakni\u00f0 \u00fe\u00e9r upp, <a href=\"https:\/\/biblian.is\/videy\/joel-1-kafli\/\"> [&#8230;]<\/a><\/p>\n","protected":false},"author":1,"featured_media":0,"parent":0,"menu_order":0,"comment_status":"open","ping_status":"open","template":"bibliukaflar.php","meta":{"footnotes":""},"class_list":["post-21726","page","type-page","status-publish","hentry"],"_links":{"self":[{"href":"https:\/\/biblian.is\/videy\/wp-json\/wp\/v2\/pages\/21726","targetHints":{"allow":["GET"]}}],"collection":[{"href":"https:\/\/biblian.is\/videy\/wp-json\/wp\/v2\/pages"}],"about":[{"href":"https:\/\/biblian.is\/videy\/wp-json\/wp\/v2\/types\/page"}],"author":[{"embeddable":true,"href":"https:\/\/biblian.is\/videy\/wp-json\/wp\/v2\/users\/1"}],"replies":[{"embeddable":true,"href":"https:\/\/biblian.is\/videy\/wp-json\/wp\/v2\/comments?post=21726"}],"version-history":[{"count":0,"href":"https:\/\/biblian.is\/videy\/wp-json\/wp\/v2\/pages\/21726\/revisions"}],"wp:attachment":[{"href":"https:\/\/biblian.is\/videy\/wp-json\/wp\/v2\/media?parent=21726"}],"curies":[{"name":"wp","href":"https:\/\/api.w.org\/{rel}","templated":true}]}}