{"id":21725,"date":"2018-01-02T01:03:38","date_gmt":"2018-01-02T01:03:38","guid":{"rendered":"http:\/\/biblian.is\/videy\/hosea-14-kafli\/"},"modified":"2018-01-02T01:03:38","modified_gmt":"2018-01-02T01:03:38","slug":"hosea-14-kafli","status":"publish","type":"page","link":"https:\/\/biblian.is\/videy\/hosea-14-kafli\/","title":{"rendered":"H\u00f3sea 14. kafli"},"content":{"rendered":"<div class=\"fyrirsognVidey\">H\u00f3seas br\u00fdnir enn fyrir \u00cdsraelsm\u00f6nnum, hv\u00f6r hegning fyrir \u00feeim liggi fyrir \u00f3hollustu \u00feeirra vi\u00f0 Gu\u00f0. Sp\u00e1ma\u00f0urinn leggur \u00feeim or\u00f0 \u00ed munn, hv\u00f6rsu \u00feeir skuli leita l\u00edknar hj\u00e1 Gu\u00f0i, og segir a\u00f0 Gu\u00f0 muni miskunna sig yfir \u00fe\u00e1, ef \u00feeir leiti hans og betri sig.<\/div>\n<p><a name=\"1\"><span class=\"versanumer\">1<\/span><\/a>Samar\u00eda er sakfallin, af \u00fev\u00ed h\u00fan gj\u00f6r\u00f0i uppreisn gegn Gu\u00f0i s\u00ednum; \u00feeir skulu \u00fev\u00ed falla fyrir sver\u00f0i, ungb\u00f6rnum \u00feeirra skal ver\u00f0a slegi\u00f0 ni\u00f0ur vi\u00f0, og \u00feunga\u00f0ar kvinnur hj\u00e1 \u00feeim skulu ver\u00f0a sundurh\u00f6ggnar.<br \/><a name=\"2\"><span class=\"versanumer\">2<\/span><\/a>Sn\u00fa \u00fe\u00e9r, \u00cdsraels l\u00fd\u00f0ur, til Drottins, Gu\u00f0s \u00fe\u00edns, \u00fev\u00ed \u00fe\u00fa ert \u00e1 fallanda f\u00e6ti s\u00f6kum misgj\u00f6r\u00f0a \u00feinna.<a name=\"3\"><span class=\"versanumer\">3<\/span><\/a>L\u00e1ti\u00f0 y\u00f0ur eigi or\u00f0 skorta, sn\u00fai\u00f0 y\u00f0ur til Drottins, og segi\u00f0 til hans: \u201eFyrirgef allar vorar syndir! vert oss l\u00edknsamur! v\u00e9r viljum gjalda \u00fe\u00e9r f\u00f3rnir vara vorra.<a name=\"4\"><span class=\"versanumer\">4<\/span><\/a>Ass\u00fdr\u00edukonungur skal ekki hj\u00e1lpa oss, v\u00e9r viljum ekki treysta \u00e1 riddarali\u00f0i\u00f0, og ekki framar segja vi\u00f0 verkin vorra handa: \u00fe\u00e9r eru\u00f0 vorir gu\u00f0ir; \u00fev\u00ed hj\u00e1 \u00fe\u00e9r finnur hinn f\u00f6\u00f0urlausi miskunn\u201c.<a name=\"5\"><span class=\"versanumer\">5<\/span><\/a>Eg vil fyrirgefa \u00feeim \u00feeirra drottinssvik <span class='VideyAth'>(mun Drottinn segja)<\/span>, eg elska \u00fe\u00e1 gjarna, \u00fev\u00ed m\u00edn rei\u00f0i er vikin fr\u00e1 \u00feeim.<a name=\"6\"><span class=\"versanumer\">6<\/span><\/a>Eg skal vera \u00cdsraelsm\u00f6nnum sem d\u00f6gg, \u00feeir skulu bl\u00f3mgast sem lilja, og skj\u00f3ta r\u00f3tum sem L\u00edbanonsfjall.<a name=\"7\"><span class=\"versanumer\">7<\/span><\/a>Limar \u00feeirra skulu dreifast v\u00ed\u00f0s vegar, toppskr\u00fa\u00f0 \u00feeirra skal ver\u00f0a sem \u00e1 vi\u00f0smj\u00f6rstr\u00e9, og ilmur \u00feeirra sem L\u00edbanonsfjalls;<a name=\"8\"><span class=\"versanumer\">8<\/span><\/a>\u00feeir skulu aftur hverfa til a\u00f0 b\u00faa \u00ed fors\u00e6lu \u00feess, \u00feeir skulu spretta upp sem korn, bl\u00f3mgast sem v\u00edntr\u00e9, og ver\u00f0a eins og nafntoga\u00f0ir og v\u00edni\u00f0 fr\u00e1 L\u00edbanonsfjalli.<a name=\"9\"><span class=\"versanumer\">9<\/span><\/a>Hva\u00f0 \u00fearf Efraims kynkv\u00edsl framar a\u00f0 skipta s\u00e9r af go\u00f0al\u00edkneskjum?\u2014eg hefi b\u00e6nheyrt hana og liti\u00f0 miskunnaraugum til hennar. Eg er sem laufgr\u00e6nt furutr\u00e9: fr\u00e1 m\u00e9r skulu \u00fe\u00ednir \u00e1vextir koma.<br \/><a name=\"10\"><span class=\"versanumer\">10<\/span><\/a>Hv\u00f6r sem er v\u00eds, hann mun hyggja a\u00f0 \u00feessu; hv\u00f6r sem vitur er, mun skilja \u00fea\u00f0; \u00dev\u00ed vegir Drottins eru r\u00e9ttir: hinir r\u00e9ttl\u00e1tu ganga \u00e1 hans vegum, en hinir rangl\u00e1tu hrasa \u00e1 \u00feeim.<\/p>\n<div class=\"footnoteVidey\">V. 4. Riddarali\u00f0i\u00f0, nefnil., fr\u00e1 Egyptalandi.<\/div>\n","protected":false},"excerpt":{"rendered":"<p>H\u00f3seas br\u00fdnir enn fyrir \u00cdsraelsm\u00f6nnum, hv\u00f6r hegning fyrir \u00feeim liggi fyrir \u00f3hollustu \u00feeirra vi\u00f0 Gu\u00f0. Sp\u00e1ma\u00f0urinn leggur \u00feeim or\u00f0 \u00ed munn, hv\u00f6rsu \u00feeir skuli leita l\u00edknar hj\u00e1 Gu\u00f0i, og segir a\u00f0 Gu\u00f0 muni miskunna sig yfir \u00fe\u00e1, ef \u00feeir leiti hans og betri sig. 1Samar\u00eda er sakfallin, af \u00fev\u00ed h\u00fan gj\u00f6r\u00f0i uppreisn gegn Gu\u00f0i s\u00ednum; \u00feeir skulu \u00fev\u00ed falla fyrir sver\u00f0i, ungb\u00f6rnum \u00feeirra skal ver\u00f0a slegi\u00f0 ni\u00f0ur vi\u00f0, og \u00feunga\u00f0ar kvinnur hj\u00e1 \u00feeim skulu ver\u00f0a sundurh\u00f6ggnar.2Sn\u00fa \u00fe\u00e9r, \u00cdsraels l\u00fd\u00f0ur, til Drottins, Gu\u00f0s \u00fe\u00edns, \u00fev\u00ed \u00fe\u00fa ert \u00e1 fallanda f\u00e6ti s\u00f6kum misgj\u00f6r\u00f0a \u00feinna.3L\u00e1ti\u00f0 y\u00f0ur eigi or\u00f0 skorta, sn\u00fai\u00f0 y\u00f0ur til Drottins, <a href=\"https:\/\/biblian.is\/videy\/hosea-14-kafli\/\"> [&#8230;]<\/a><\/p>\n","protected":false},"author":1,"featured_media":0,"parent":0,"menu_order":0,"comment_status":"open","ping_status":"open","template":"bibliukaflar.php","meta":{"footnotes":""},"class_list":["post-21725","page","type-page","status-publish","hentry"],"_links":{"self":[{"href":"https:\/\/biblian.is\/videy\/wp-json\/wp\/v2\/pages\/21725","targetHints":{"allow":["GET"]}}],"collection":[{"href":"https:\/\/biblian.is\/videy\/wp-json\/wp\/v2\/pages"}],"about":[{"href":"https:\/\/biblian.is\/videy\/wp-json\/wp\/v2\/types\/page"}],"author":[{"embeddable":true,"href":"https:\/\/biblian.is\/videy\/wp-json\/wp\/v2\/users\/1"}],"replies":[{"embeddable":true,"href":"https:\/\/biblian.is\/videy\/wp-json\/wp\/v2\/comments?post=21725"}],"version-history":[{"count":0,"href":"https:\/\/biblian.is\/videy\/wp-json\/wp\/v2\/pages\/21725\/revisions"}],"wp:attachment":[{"href":"https:\/\/biblian.is\/videy\/wp-json\/wp\/v2\/media?parent=21725"}],"curies":[{"name":"wp","href":"https:\/\/api.w.org\/{rel}","templated":true}]}}