{"id":21724,"date":"2018-01-02T01:03:38","date_gmt":"2018-01-02T01:03:38","guid":{"rendered":"http:\/\/biblian.is\/videy\/hosea-13-kafli\/"},"modified":"2018-01-02T01:03:38","modified_gmt":"2018-01-02T01:03:38","slug":"hosea-13-kafli","status":"publish","type":"page","link":"https:\/\/biblian.is\/videy\/hosea-13-kafli\/","title":{"rendered":"H\u00f3sea 13. kafli"},"content":{"rendered":"<div class=\"fyrirsognVidey\">H\u00f3seas kennir, a\u00f0 skur\u00f0go\u00f0ad\u00fdrkun og drambsemi \u00cdsraelsmanna hafi baka\u00f0 \u00feeim maklega hegningu Gu\u00f0s.<\/div>\n<p><a name=\"1\"><span class=\"versanumer\">1<\/span><\/a>\u00deegar Efraims\u00e6tt tala\u00f0i, st\u00f3\u00f0 \u00cdsraelsm\u00f6nnum \u00f3gn af henni; en h\u00fan gl\u00e6ptist \u00e1 Baal, og \u00fea\u00f0 var\u00f0 hennar dau\u00f0amein.<a name=\"2\"><span class=\"versanumer\">2<\/span><\/a>\u00deeir halda enn \u00e1fram a\u00f0 syndga, og gj\u00f6ra s\u00e9r steyptar go\u00f0al\u00edkneskjur af \u00fev\u00ed silfri, sem \u00feeir eiga; allar \u00fe\u00e6r l\u00edkneskjur eru tilb\u00fanar eftir hugviti \u00feeirra, og sm\u00ed\u00f0a\u00f0ar af hagleiksm\u00f6nnum. Um \u00feessar l\u00edkneskjur segja \u00feeir: hv\u00f6r ma\u00f0ur, sem f\u00e6rir f\u00f3rnir, skal kyssa k\u00e1lfana.<a name=\"3\"><span class=\"versanumer\">3<\/span><\/a>\u00deess vegna skulu \u00feeir ver\u00f0a sem sk\u00fd \u00e1 morgni dags, eins og d\u00f6gg, sem sn\u00f6gglega hverfur, eins og s\u00e1\u00f0ir, sem fj\u00faka af l\u00e1fanum, eins og reykur upp \u00far reykh\u00e1f.<br \/><a name=\"4\"><span class=\"versanumer\">4<\/span><\/a>Eg er Drottinn, \u00feinn Gu\u00f0, <span class='VideyAth'>(sem frelsa\u00f0i \u00feig)<\/span> fr\u00e1 Egyptalandi; \u00fe\u00fa \u00e1ttir \u00fev\u00ed engan Gu\u00f0 a\u00f0 j\u00e1ta, nema mig einan, \u00fev\u00ed enginn er hj\u00e1lpari, nema eg.<a name=\"5\"><span class=\"versanumer\">5<\/span><\/a>Eg t\u00f3k \u00feig a\u00f0 m\u00e9r \u00ed ey\u00f0im\u00f6rkinni, \u00fev\u00ed hinu \u00feurra landinu;<a name=\"6\"><span class=\"versanumer\">6<\/span><\/a>\u00feeir fengu sa\u00f0ning sinn, eins og \u00fe\u00e1 lysti til, en \u00feegar \u00feeir voru saddir or\u00f0nir, \u00fe\u00e1 metna\u00f0ist hjarta \u00feeirra, og \u00feess vegna gleymdu \u00feeir m\u00e9r.<a name=\"7\"><span class=\"versanumer\">7<\/span><\/a>N\u00fa skal eg ver\u00f0a \u00feeim eins og lj\u00f3n, eins og pardusd\u00fdr, sem situr fyrir fer\u00f0am\u00f6nnum;<a name=\"8\"><span class=\"versanumer\">8<\/span><\/a>eg skal m\u00e6ta \u00feeim eins og birna, sem misst hefir h\u00fana s\u00edna; eg skal sundurr\u00edfa \u00feeirra brj\u00f3st og eta \u00fe\u00e1 \u00feegar \u00ed sta\u00f0, sem lj\u00f3nsm\u00e6\u00f0ra: sk\u00f3gard\u00fdrin skulu sundurr\u00edfa \u00fe\u00e1.<br \/><a name=\"9\"><span class=\"versanumer\">9<\/span><\/a>\u00dea\u00f0 ver\u00f0ur \u00fe\u00e9r a\u00f0 tj\u00f3ni, \u00cdsraelsl\u00fd\u00f0ur, a\u00f0 \u00fe\u00fa r\u00eds \u00ed gegn m\u00e9r, hj\u00e1lpara \u00fe\u00ednum.<a name=\"10\"><span class=\"versanumer\">10<\/span><\/a>Hvar er n\u00fa konungur \u00feinn, a\u00f0 hann hj\u00e1lpi \u00fe\u00e9r \u00ed \u00f6llum \u00fe\u00ednum borgum? og d\u00f3marar \u00fe\u00ednir, er \u00fe\u00fa ba\u00f0st um, \u00fe\u00e1 \u00fe\u00fa sag\u00f0ir, \u201egef m\u00e9r konung og h\u00f6f\u00f0ingja\u201c?<a name=\"11\"><span class=\"versanumer\">11<\/span><\/a>Eg gaf \u00fe\u00e9r konung \u00ed rei\u00f0i minni, og \u00ed br\u00e6\u00f0i minni t\u00f3k eg hann aftur \u00e1 burt.<a name=\"12\"><span class=\"versanumer\">12<\/span><\/a>Misgj\u00f6r\u00f0ir Efraims eru samansafna\u00f0ar \u00ed eitt, hans syndir eru geymdar <span class='VideyAth'>(Job 14,17)<\/span>;<a name=\"13\"><span class=\"versanumer\">13<\/span><\/a>harmkv\u00e6li j\u00f3\u00f0sj\u00fakrar kvinnu skulu yfir hann koma; hann er heimskt barn: \u00fe\u00f3 stundin s\u00e9 komin, kemur hann ekki fram a\u00f0 f\u00e6\u00f0ingarsta\u00f0num.<br \/><a name=\"14\"><span class=\"versanumer\">14<\/span><\/a>Eg vildi \u00fe\u00f3 frelsa \u00fe\u00e1 fr\u00e1 heimi myrkranna, og leysa \u00fe\u00e1 fr\u00e1 dau\u00f0anum; dau\u00f0i! eg vildi vera \u00fe\u00edn dreps\u00f3tt: myrkraheimur! eg vildi vera \u00feitt dau\u00f0amein; en\u2014\u00f6ll me\u00f0aumkvun v\u00edkur fr\u00e1 m\u00e9r.<a name=\"15\"><span class=\"versanumer\">15<\/span><\/a>\u00deess vegna, \u00fe\u00f3 hann <span class='VideyAth'>(Efraim)<\/span> n\u00fa bl\u00f3mgist me\u00f0al br\u00e6\u00f0ra sinna, skal austanstormur koma, og Drottins ve\u00f0ur upp st\u00edga af ey\u00f0im\u00f6rkinni, \u00fe\u00e1 skulu hans vatnslindir \u00feorna, og hans uppsprettubrunnar \u00fej\u00f3ta, og ve\u00f0ri\u00f0 skal burtu svipta \u00f6llum hans gripum og gersemum.<\/p>\n<div class=\"footnoteVidey\">V. 3. S\u00e1\u00f0ir, kornh\u00fd\u00f0i; l\u00e1fi, sj\u00e1 9, 1. 2.  V. 13. Meiningin er: Efraims \u00e6ttkv\u00edsl skal s\u00e6ta \u00feyngstu hegningu, \u00fear e\u00f0 h\u00fan er \u00fer\u00e1l\u00e1t \u00ed hinu vonda og vill eigi endurf\u00e6\u00f0ast til betra lifna\u00f0ar.  V. 15. Austanstormur, Drottins ve\u00f0ur, \u00fe. e. Assyr\u00edukonungur, hv\u00f6rn Gu\u00f0 sendi til a\u00f0 framkv\u00e6ma sinn refsid\u00f3m \u00e1 Gy\u00f0ingum.<\/div>\n","protected":false},"excerpt":{"rendered":"<p>H\u00f3seas kennir, a\u00f0 skur\u00f0go\u00f0ad\u00fdrkun og drambsemi \u00cdsraelsmanna hafi baka\u00f0 \u00feeim maklega hegningu Gu\u00f0s. 1\u00deegar Efraims\u00e6tt tala\u00f0i, st\u00f3\u00f0 \u00cdsraelsm\u00f6nnum \u00f3gn af henni; en h\u00fan gl\u00e6ptist \u00e1 Baal, og \u00fea\u00f0 var\u00f0 hennar dau\u00f0amein.2\u00deeir halda enn \u00e1fram a\u00f0 syndga, og gj\u00f6ra s\u00e9r steyptar go\u00f0al\u00edkneskjur af \u00fev\u00ed silfri, sem \u00feeir eiga; allar \u00fe\u00e6r l\u00edkneskjur eru tilb\u00fanar eftir hugviti \u00feeirra, og sm\u00ed\u00f0a\u00f0ar af hagleiksm\u00f6nnum. Um \u00feessar l\u00edkneskjur segja \u00feeir: hv\u00f6r ma\u00f0ur, sem f\u00e6rir f\u00f3rnir, skal kyssa k\u00e1lfana.3\u00deess vegna skulu \u00feeir ver\u00f0a sem sk\u00fd \u00e1 morgni dags, eins og d\u00f6gg, sem sn\u00f6gglega hverfur, eins og s\u00e1\u00f0ir, sem fj\u00faka af l\u00e1fanum, eins og reykur upp \u00far reykh\u00e1f.4Eg <a href=\"https:\/\/biblian.is\/videy\/hosea-13-kafli\/\"> [&#8230;]<\/a><\/p>\n","protected":false},"author":1,"featured_media":0,"parent":0,"menu_order":0,"comment_status":"open","ping_status":"open","template":"bibliukaflar.php","meta":{"footnotes":""},"class_list":["post-21724","page","type-page","status-publish","hentry"],"_links":{"self":[{"href":"https:\/\/biblian.is\/videy\/wp-json\/wp\/v2\/pages\/21724","targetHints":{"allow":["GET"]}}],"collection":[{"href":"https:\/\/biblian.is\/videy\/wp-json\/wp\/v2\/pages"}],"about":[{"href":"https:\/\/biblian.is\/videy\/wp-json\/wp\/v2\/types\/page"}],"author":[{"embeddable":true,"href":"https:\/\/biblian.is\/videy\/wp-json\/wp\/v2\/users\/1"}],"replies":[{"embeddable":true,"href":"https:\/\/biblian.is\/videy\/wp-json\/wp\/v2\/comments?post=21724"}],"version-history":[{"count":0,"href":"https:\/\/biblian.is\/videy\/wp-json\/wp\/v2\/pages\/21724\/revisions"}],"wp:attachment":[{"href":"https:\/\/biblian.is\/videy\/wp-json\/wp\/v2\/media?parent=21724"}],"curies":[{"name":"wp","href":"https:\/\/api.w.org\/{rel}","templated":true}]}}