{"id":21723,"date":"2018-01-02T01:03:38","date_gmt":"2018-01-02T01:03:38","guid":{"rendered":"http:\/\/biblian.is\/videy\/hosea-12-kafli\/"},"modified":"2018-01-02T01:03:38","modified_gmt":"2018-01-02T01:03:38","slug":"hosea-12-kafli","status":"publish","type":"page","link":"https:\/\/biblian.is\/videy\/hosea-12-kafli\/","title":{"rendered":"H\u00f3sea 12. kafli"},"content":{"rendered":"<div class=\"fyrirsognVidey\">H\u00f3seas upphvetur \u00cdsraelsmenn og J\u00fadar\u00edkisinnbyggjendur til tr\u00far\u00e6kni og st\u00f6\u00f0uglyndis, me\u00f0 \u00fev\u00ed a\u00f0 setja \u00feeim fyrir sj\u00f3nir eftird\u00e6mi Jakobs, forf\u00f6\u00f0urs \u00feeirra.<\/div>\n<p><a name=\"1\"><span class=\"versanumer\">1<\/span><\/a>Efraims\u00e6tt umkringdi mig me\u00f0 lygum, og \u00cdsraelsmenn me\u00f0 svikum, me\u00f0an J\u00fadar\u00edkismenn enn \u00fe\u00e1 voru Gu\u00f0i fylgisamir, og h\u00e9ldu s\u00e9r st\u00f6\u00f0uglega vi\u00f0 hinn allrahelgasta.<a name=\"2\"><span class=\"versanumer\">2<\/span><\/a>Efraims\u00e6tt s\u00e6kist eftir h\u00e9g\u00f3manum og eltir austanvindinn, fer me\u00f0 lygar \u00e1 degi hv\u00f6rjum, margfaldar s\u00edna \u00f3g\u00e6fu, gj\u00f6rir s\u00e1ttm\u00e1la vi\u00f0 Assyr\u00edumenn, og flytur vi\u00f0smj\u00f6r til Egyptalands.<a name=\"3\"><span class=\"versanumer\">3<\/span><\/a>Drottinn hefir og s\u00f6k \u00e1 hendur J\u00fadar\u00edkism\u00f6nnum. Hann vill hegna Jakobsni\u00f0jum eftir \u00feeirra breytni, og endurgjalda \u00feeim eftir \u00feeirra verkum.<a name=\"4\"><span class=\"versanumer\">4<\/span><\/a>Jakob h\u00e9lt um h\u00e6l br\u00f3\u00f0ur s\u00edns \u00ed m\u00f3\u00f0urkvi\u00f0i <span class='VideyAth'>(1 M\u00f3s. 25,26)<\/span>, og gl\u00edmdi sterklega vi\u00f0 Gu\u00f0,<a name=\"5\"><span class=\"versanumer\">5<\/span><\/a>hann gl\u00edmdi vi\u00f0 engilinn <span class='VideyAth'>(1. M\u00f3s. 32)<\/span>, og vann, \u00fev\u00ed hann t\u00e1ra\u00f0ist og ba\u00f0 hann l\u00edknar; hann fann hann \u00ed Betel <span class='VideyAth'>(1 M\u00f3s. 28)<\/span>; \u00fear mun hann einnig tala vi\u00f0 oss.<a name=\"6\"><span class=\"versanumer\">6<\/span><\/a>Drottinn er Gu\u00f0 allsherjar, Drottinn er hans nafn.<a name=\"7\"><span class=\"versanumer\">7<\/span><\/a>Sn\u00fa \u00fe\u00fa \u00fe\u00e9r \u00fev\u00ed aftur til \u00fe\u00edns Gu\u00f0s, \u00e1stunda miskunnsemi og r\u00e9ttl\u00e6ti, og vona \u00e1vallt \u00e1 \u00feinn Gu\u00f0.<a name=\"8\"><span class=\"versanumer\">8<\/span><\/a>Kanan\u00edtinn heldur \u00e1 rangri vog \u00ed hendi s\u00e9r, hann er gjarn \u00e1 a\u00f0 hafa ranglega af \u00f6\u00f0rum.<a name=\"9\"><span class=\"versanumer\">9<\/span><\/a>En Efraims\u00e6tt segir: eg er au\u00f0ug or\u00f0in, og hefi afla\u00f0 m\u00e9r fj\u00e1r; \u00ed \u00f6ngvum m\u00ednum ath\u00f6fnum skal finnast hj\u00e1 m\u00e9r nokkur s\u00fa yfirsj\u00f3n, sem synd s\u00e9 \u00ed.<a name=\"10\"><span class=\"versanumer\">10<\/span><\/a>Eg er Drottinn, \u00feinn Gu\u00f0, <span class='VideyAth'>(sem leysti \u00feig)<\/span> af Egyptalandi: hinga\u00f0 til hefi eg l\u00e1ti\u00f0 \u00feig b\u00faa \u00ed tjaldb\u00fa\u00f0um, eins og \u00e1 h\u00e1t\u00ed\u00f0isd\u00f6gum:<a name=\"11\"><span class=\"versanumer\">11<\/span><\/a>eg tala\u00f0i fyrir munn sp\u00e1mannanna, eg fj\u00f6lga\u00f0i s\u00fdnum, eg l\u00e9t sp\u00e1mennina tala \u00ed eftirl\u00edkingum.<a name=\"12\"><span class=\"versanumer\">12<\/span><\/a>Allt fyrir \u00fea\u00f0 er G\u00edlea\u00f0 <span class='VideyAth'>(6,8)<\/span> b\u00fasta\u00f0ur gl\u00e6pa og eint\u00f3ms h\u00e9g\u00f3ma; \u00ed Gilgal eru uxar f\u00f3rnf\u00e6r\u00f0ir, j\u00e1, bl\u00f3tstallar \u00feeirra eru sem steinahr\u00fagur \u00e1 pl\u00e6g\u00f0um akri.<a name=\"13\"><span class=\"versanumer\">13<\/span><\/a>Jakob var\u00f0 a\u00f0 fl\u00fdja til S\u00fdrlands, og \u00cdsrael var\u00f0 a\u00f0 vinna \u00fea\u00f0 til kvonfangs s\u00e9r, a\u00f0 \u00fej\u00f3na og vera fj\u00e1rgeymsluma\u00f0ur.<a name=\"14\"><span class=\"versanumer\">14<\/span><\/a>En Drottinn l\u00e9t sp\u00e1mann nokkurn lei\u00f0a \u00cdsraelsni\u00f0ja \u00fat af Egyptalandi, og \u00feann hinn sama sp\u00e1mann l\u00e9t hann g\u00e6ta \u00feeirra.<a name=\"15\"><span class=\"versanumer\">15<\/span><\/a>Allt fyrir \u00fea\u00f0 hefir Efraims\u00e6tt skaprauna\u00f0 Drottni s\u00ednum s\u00e1rlega, og \u00feess vegna mun hann l\u00e1ta hennar bl\u00f3\u00f0sekt yfir henni hv\u00edla, og gjalda henni hennar sv\u00edvir\u00f0ingar.<\/p>\n<div class=\"footnoteVidey\">V. 5. \u00dear, \u00ed Betel, hvar gullk\u00e1lfurinn st\u00f3\u00f0.  V. 8. Kanan\u00edtinn, hinir fenisku kaupmenn voru rangsleitnir og \u00e1s\u00e6lnir; en Efraims\u00e6tt, h\u00f6fu\u00f0kynkv\u00edsl \u00cdsraelsr\u00edkis, var ekki betri.  V. 14. Sp\u00e1mann, M\u00f3ses.<\/div>\n","protected":false},"excerpt":{"rendered":"<p>H\u00f3seas upphvetur \u00cdsraelsmenn og J\u00fadar\u00edkisinnbyggjendur til tr\u00far\u00e6kni og st\u00f6\u00f0uglyndis, me\u00f0 \u00fev\u00ed a\u00f0 setja \u00feeim fyrir sj\u00f3nir eftird\u00e6mi Jakobs, forf\u00f6\u00f0urs \u00feeirra. 1Efraims\u00e6tt umkringdi mig me\u00f0 lygum, og \u00cdsraelsmenn me\u00f0 svikum, me\u00f0an J\u00fadar\u00edkismenn enn \u00fe\u00e1 voru Gu\u00f0i fylgisamir, og h\u00e9ldu s\u00e9r st\u00f6\u00f0uglega vi\u00f0 hinn allrahelgasta.2Efraims\u00e6tt s\u00e6kist eftir h\u00e9g\u00f3manum og eltir austanvindinn, fer me\u00f0 lygar \u00e1 degi hv\u00f6rjum, margfaldar s\u00edna \u00f3g\u00e6fu, gj\u00f6rir s\u00e1ttm\u00e1la vi\u00f0 Assyr\u00edumenn, og flytur vi\u00f0smj\u00f6r til Egyptalands.3Drottinn hefir og s\u00f6k \u00e1 hendur J\u00fadar\u00edkism\u00f6nnum. Hann vill hegna Jakobsni\u00f0jum eftir \u00feeirra breytni, og endurgjalda \u00feeim eftir \u00feeirra verkum.4Jakob h\u00e9lt um h\u00e6l br\u00f3\u00f0ur s\u00edns \u00ed m\u00f3\u00f0urkvi\u00f0i (1 M\u00f3s. 25,26), og gl\u00edmdi sterklega vi\u00f0 <a href=\"https:\/\/biblian.is\/videy\/hosea-12-kafli\/\"> [&#8230;]<\/a><\/p>\n","protected":false},"author":1,"featured_media":0,"parent":0,"menu_order":0,"comment_status":"open","ping_status":"open","template":"bibliukaflar.php","meta":{"footnotes":""},"class_list":["post-21723","page","type-page","status-publish","hentry"],"_links":{"self":[{"href":"https:\/\/biblian.is\/videy\/wp-json\/wp\/v2\/pages\/21723","targetHints":{"allow":["GET"]}}],"collection":[{"href":"https:\/\/biblian.is\/videy\/wp-json\/wp\/v2\/pages"}],"about":[{"href":"https:\/\/biblian.is\/videy\/wp-json\/wp\/v2\/types\/page"}],"author":[{"embeddable":true,"href":"https:\/\/biblian.is\/videy\/wp-json\/wp\/v2\/users\/1"}],"replies":[{"embeddable":true,"href":"https:\/\/biblian.is\/videy\/wp-json\/wp\/v2\/comments?post=21723"}],"version-history":[{"count":0,"href":"https:\/\/biblian.is\/videy\/wp-json\/wp\/v2\/pages\/21723\/revisions"}],"wp:attachment":[{"href":"https:\/\/biblian.is\/videy\/wp-json\/wp\/v2\/media?parent=21723"}],"curies":[{"name":"wp","href":"https:\/\/api.w.org\/{rel}","templated":true}]}}