{"id":21721,"date":"2018-01-02T01:03:38","date_gmt":"2018-01-02T01:03:38","guid":{"rendered":"http:\/\/biblian.is\/videy\/hosea-10-kafli\/"},"modified":"2018-01-02T01:03:38","modified_gmt":"2018-01-02T01:03:38","slug":"hosea-10-kafli","status":"publish","type":"page","link":"https:\/\/biblian.is\/videy\/hosea-10-kafli\/","title":{"rendered":"H\u00f3sea 10. kafli"},"content":{"rendered":"<div class=\"fyrirsognVidey\">H\u00f3seas l\u00fdsir enn framar, si\u00f0aspillingu \u00cdsraelsmanna, segir \u00feeim fyrir, a\u00f0 \u00feeir skuli herleiddir ver\u00f0a til Assyr\u00edu, og \u00f3sigurs\u00e6lir \u00ed bar\u00e1ttunni vi\u00f0 \u00f3vinina.<\/div>\n<p><a name=\"1\"><span class=\"versanumer\">1<\/span><\/a>\u00cdsraelsmenn eru eins og gr\u00f3skufullur v\u00ednvi\u00f0ur, hv\u00f6rs \u00e1v\u00f6xtur l\u00edkist sj\u00e1lfu tr\u00e9nu: eftir \u00fev\u00ed sem \u00e1vextir \u00cdsraelsmanna \u00fer\u00f3u\u00f0ust, eftir \u00fev\u00ed fj\u00f6lgu\u00f0u \u00feeir go\u00f0ast\u00f6llunum, a\u00f0 \u00fev\u00ed skapi sem velmegun landsins j\u00f3kst, a\u00f0 \u00fev\u00ed skapi pr\u00fdddu \u00feeir go\u00f0al\u00edkneskjurnar.<a name=\"2\"><span class=\"versanumer\">2<\/span><\/a>\u00deeirra hjarta er \u00f3heilt. Br\u00e1\u00f0um skulu \u00feeir \u00ed ey\u00f0i lag\u00f0ir ver\u00f0a: Drottinn mun umturna go\u00f0ast\u00f6llum \u00feeirra, og ey\u00f0ileggja go\u00f0al\u00edkneskjur \u00feeirra.<a name=\"3\"><span class=\"versanumer\">3<\/span><\/a>\u00dev\u00ed n\u00fa segja \u00feeir: v\u00e9r h\u00f6fum engan konung, \u00fev\u00ed Drottin \u00f3ttumst v\u00e9r ekki, og hva\u00f0 g\u00e6ti konungurinn \u00fe\u00e1 gj\u00f6rt oss?<a name=\"4\"><span class=\"versanumer\">4<\/span><\/a>\u00deeir tala h\u00e9g\u00f3mam\u00e1l; \u00feegar \u00feeir gj\u00f6ra s\u00e1ttm\u00e1la, sverja \u00feeir markleysuei\u00f0a; \u00feess vegna mun refsingin \u00fat springa, eins og eiturjurt upp \u00far pl\u00f3gf\u00f6rum \u00e1 akri.<a name=\"5\"><span class=\"versanumer\">5<\/span><\/a>Innbyggjendur Samar\u00edu munu kv\u00ed\u00f0andi ver\u00f0a \u00fat af k\u00e1lfunum \u00ed Betaven, \u00fev\u00ed bl\u00f3tmenn k\u00e1lfsins munu daprir ver\u00f0a \u00fat af honum, og bl\u00f3tgo\u00f0arnir, sem l\u00e9ku s\u00e9r af k\u00e6ti hans vegna, munu ver\u00f0a hnuggnir, \u00feegar \u00feessi gersemi ver\u00f0ur fr\u00e1 \u00feeim tekin.<a name=\"6\"><span class=\"versanumer\">6<\/span><\/a>\u00dev\u00ed k\u00e1lfurinn skal einnig ver\u00f0a burt fluttur til Assyr\u00edu, og gefinn Jareb konungi; \u00fe\u00e1 skal Efraims\u00e6tt skammast s\u00edn, og \u00cdsraelsmenn fyrirver\u00f0a sig fyrir tilt\u00e6ki sitt.<a name=\"7\"><span class=\"versanumer\">7<\/span><\/a>Samar\u00eda skal \u00ed ey\u00f0i l\u00f6g\u00f0 ver\u00f0a, og konungur hennar skal ver\u00f0a eins og skipsflak \u00e1 vatni.<a name=\"8\"><span class=\"versanumer\">8<\/span><\/a>Bl\u00f3th\u00f6rgarnir \u00ed <span class='VideyAth'>(Bet-)<\/span>Aven, hvar \u00cdsraelsmenn syndgu\u00f0u, skulu ni\u00f0urbrotnir ver\u00f0a: \u00feyrnar og \u00feistlar skulu upp vaxa \u00e1 bl\u00f3tst\u00f6llum \u00feeirra, \u00feeir skulu segja til fjallanna, \u201ehylji\u00f0 oss\u201c, og til h\u00e1lsanna, \u201ehrynji\u00f0 yfir oss\u201c.<a name=\"9\"><span class=\"versanumer\">9<\/span><\/a>\u00de\u00e9r, \u00cdsraelsmenn, hafi\u00f0 dr\u00fdgt meiri syndir en \u00ed G\u00edbea t\u00ed\u00f0 <span class='VideyAth'>(D\u00f3m. 19)<\/span>. \u00cd \u00fea\u00f0 sinn st\u00f3\u00f0ust \u00feeir \u00fe\u00f3, svo a\u00f0 \u00f3fri\u00f0urinn vi\u00f0 \u00f3jafna\u00f0armennina \u00ed G\u00edbea var\u00f0 \u00feeim ekki a\u00f0 meini.<a name=\"10\"><span class=\"versanumer\">10<\/span><\/a>N\u00fa vil eg hegna \u00feeim eftir minni vild, og \u00fej\u00f3\u00f0irnar skulu samansafnast m\u00f3ti \u00feeim til \u00feess a\u00f0 hneppa \u00fe\u00e1 \u00ed \u00fer\u00e6ld\u00f3m.<br \/><a name=\"11\"><span class=\"versanumer\">11<\/span><\/a>Efraims\u00e6tt er eins og ar\u00f0urkv\u00edga, h\u00fan er v\u00f6n vi\u00f0 a\u00f0 \u00fereskja og hefir gaman af \u00fev\u00ed; en eg skal st\u00edga \u00e1 hennar \u00e1sj\u00e1lega h\u00e1ls: eg skal beita Efraim fyrir \u00fereskivagninn, J\u00fada skal pl\u00e6gja, og Jakob harfa \u00e1 eftir honum.<a name=\"12\"><span class=\"versanumer\">12<\/span><\/a>S\u00e1i\u00f0 r\u00e9ttl\u00e6ti, \u00fe\u00e1 muni\u00f0 \u00fe\u00e9r uppskera miskunnsemi; taki\u00f0 y\u00f0ur n\u00fdtt land til yrkingar! \u00dea\u00f0 er t\u00edmi til a\u00f0 leita Drottins, a\u00f0 hann komi og uppfr\u00e6\u00f0i y\u00f0ur \u00ed r\u00e9ttl\u00e6tinu.<a name=\"13\"><span class=\"versanumer\">13<\/span><\/a>\u00de\u00e9r hafi\u00f0 pl\u00e6gt ni\u00f0ur gu\u00f0leysi, uppskori\u00f0 rangindi og eti\u00f0 \u00e1vexti lyginnar; \u00fev\u00ed \u00fe\u00fa reiddir \u00feig \u00e1 \u00fe\u00edna r\u00e1\u00f0astofnun, og \u00e1 fj\u00f6lda hermanna \u00feinna.<a name=\"14\"><span class=\"versanumer\">14<\/span><\/a>En hergn\u00fdr mun upp r\u00edsa me\u00f0al \u00fe\u00edns f\u00f3lks, og \u00f6ll \u00fe\u00edn virki munu ver\u00f0a \u00ed ey\u00f0i l\u00f6g\u00f0, eins og \u00ed \u00f3fri\u00f0inum, \u00feegar Salman lag\u00f0i Bet-Arbel \u00ed ey\u00f0i, og m\u00e6\u00f0urnar voru rota\u00f0ar \u00ed hel \u00e1samt me\u00f0 b\u00f6rnunum.<a name=\"15\"><span class=\"versanumer\">15<\/span><\/a>Eins mun fyrir y\u00f0ur fara, \u00fe\u00e9r Betelsmenn, s\u00f6kum y\u00f0ar d\u00e6malausu vonsku; a\u00f0 morgni dags skal konungur \u00cdsraelsmanna ver\u00f0a af l\u00edfi tekinn.<\/p>\n<div class=\"footnoteVidey\">V. 11. Harfa, a\u00f0 jafna og mylja pl\u00e6g\u00f0a j\u00f6r\u00f0 me\u00f0 tindsl\u00f3\u00f0a (herfi).  V. 12. N\u00fdtt land, \u00fe. e. yrki\u00f0 \u00e1 n\u00fdjan stofn, byrji\u00f0 n\u00fdtt og betra l\u00edferni!  V. 15. Betelsmenn, \u00fe. e. \u00fe\u00e9r \u00cdsraelsmenn, sem bl\u00f3ti\u00f0 gullk\u00e1lfinn \u00ed Betel.<\/div>\n","protected":false},"excerpt":{"rendered":"<p>H\u00f3seas l\u00fdsir enn framar, si\u00f0aspillingu \u00cdsraelsmanna, segir \u00feeim fyrir, a\u00f0 \u00feeir skuli herleiddir ver\u00f0a til Assyr\u00edu, og \u00f3sigurs\u00e6lir \u00ed bar\u00e1ttunni vi\u00f0 \u00f3vinina. 1\u00cdsraelsmenn eru eins og gr\u00f3skufullur v\u00ednvi\u00f0ur, hv\u00f6rs \u00e1v\u00f6xtur l\u00edkist sj\u00e1lfu tr\u00e9nu: eftir \u00fev\u00ed sem \u00e1vextir \u00cdsraelsmanna \u00fer\u00f3u\u00f0ust, eftir \u00fev\u00ed fj\u00f6lgu\u00f0u \u00feeir go\u00f0ast\u00f6llunum, a\u00f0 \u00fev\u00ed skapi sem velmegun landsins j\u00f3kst, a\u00f0 \u00fev\u00ed skapi pr\u00fdddu \u00feeir go\u00f0al\u00edkneskjurnar.2\u00deeirra hjarta er \u00f3heilt. Br\u00e1\u00f0um skulu \u00feeir \u00ed ey\u00f0i lag\u00f0ir ver\u00f0a: Drottinn mun umturna go\u00f0ast\u00f6llum \u00feeirra, og ey\u00f0ileggja go\u00f0al\u00edkneskjur \u00feeirra.3\u00dev\u00ed n\u00fa segja \u00feeir: v\u00e9r h\u00f6fum engan konung, \u00fev\u00ed Drottin \u00f3ttumst v\u00e9r ekki, og hva\u00f0 g\u00e6ti konungurinn \u00fe\u00e1 gj\u00f6rt oss?4\u00deeir tala h\u00e9g\u00f3mam\u00e1l; \u00feegar \u00feeir gj\u00f6ra <a href=\"https:\/\/biblian.is\/videy\/hosea-10-kafli\/\"> [&#8230;]<\/a><\/p>\n","protected":false},"author":1,"featured_media":0,"parent":0,"menu_order":0,"comment_status":"open","ping_status":"open","template":"bibliukaflar.php","meta":{"footnotes":""},"class_list":["post-21721","page","type-page","status-publish","hentry"],"_links":{"self":[{"href":"https:\/\/biblian.is\/videy\/wp-json\/wp\/v2\/pages\/21721","targetHints":{"allow":["GET"]}}],"collection":[{"href":"https:\/\/biblian.is\/videy\/wp-json\/wp\/v2\/pages"}],"about":[{"href":"https:\/\/biblian.is\/videy\/wp-json\/wp\/v2\/types\/page"}],"author":[{"embeddable":true,"href":"https:\/\/biblian.is\/videy\/wp-json\/wp\/v2\/users\/1"}],"replies":[{"embeddable":true,"href":"https:\/\/biblian.is\/videy\/wp-json\/wp\/v2\/comments?post=21721"}],"version-history":[{"count":0,"href":"https:\/\/biblian.is\/videy\/wp-json\/wp\/v2\/pages\/21721\/revisions"}],"wp:attachment":[{"href":"https:\/\/biblian.is\/videy\/wp-json\/wp\/v2\/media?parent=21721"}],"curies":[{"name":"wp","href":"https:\/\/api.w.org\/{rel}","templated":true}]}}