{"id":21720,"date":"2018-01-02T01:03:38","date_gmt":"2018-01-02T01:03:38","guid":{"rendered":"http:\/\/biblian.is\/videy\/hosea-9-kafli\/"},"modified":"2018-01-02T01:03:38","modified_gmt":"2018-01-02T01:03:38","slug":"hosea-9-kafli","status":"publish","type":"page","link":"https:\/\/biblian.is\/videy\/hosea-9-kafli\/","title":{"rendered":"H\u00f3sea 9. kafli"},"content":{"rendered":"<div class=\"fyrirsognVidey\">H\u00f3seas segir fyrir, a\u00f0 \u00cdsraelsmenn muni ver\u00f0a herleiddir.<\/div>\n<p><a name=\"1\"><span class=\"versanumer\">1<\/span><\/a>Ekki \u00fearftu a\u00f0 gle\u00f0jast, \u00cdsraelsl\u00fd\u00f0ur, svo a\u00f0 \u00fe\u00fa leikir \u00fe\u00e9r af k\u00e6ti, sem a\u00f0rar \u00fej\u00f3\u00f0ir; \u00fev\u00ed me\u00f0 \u00fe\u00ednum saurlifna\u00f0i fjarl\u00e6gir \u00fe\u00fa \u00feig Gu\u00f0i \u00fe\u00ednum. \u00de\u00fa hlakkar til kaupgjaldsins \u00e1 \u00f6llum kornl\u00e1fum.<a name=\"2\"><span class=\"versanumer\">2<\/span><\/a>En hv\u00f6rki skulu l\u00e1far n\u00e9 v\u00ednpressur f\u00e6\u00f0a \u00fe\u00e1 <span class='VideyAth'>(\u00cdsraelsmenn)<\/span>, og v\u00ednberjal\u00f6gurinn skal breg\u00f0ast \u00ed landinu.<a name=\"3\"><span class=\"versanumer\">3<\/span><\/a>\u00deeir skulu ekki b\u00faa \u00ed landi Drottins; Efraims\u00e6tt skal aftur hverfa til Egyptalands, og \u00ed Ass\u00fdr\u00edalandi skulu \u00feeir eta \u00f3hreina f\u00e6\u00f0u.<a name=\"4\"><span class=\"versanumer\">4<\/span><\/a>\u00deeir skulu ekki geta f\u00f3rna\u00f0 Drottni v\u00ednf\u00f3rn, og sl\u00e1tursf\u00f3rnir \u00feeirra skulu eigi ver\u00f0a honum \u00fe\u00f3knanlegar, \u00fe\u00e6r skulu ver\u00f0a \u00feeim eins og sorgarf\u00e6\u00f0a, s\u00fa er allir ver\u00f0a \u00f3hreinir er af neyta; \u00fev\u00ed matur \u00feeirra skal vera handa sj\u00e1lfum \u00feeim, en ekki koma \u00ed Drottins h\u00fas.<a name=\"5\"><span class=\"versanumer\">5<\/span><\/a>Hva\u00f0 vilji\u00f0 \u00fe\u00e9r gj\u00f6ra \u00e1 l\u00f6ghelgum og \u00e1 h\u00e1t\u00ed\u00f0isd\u00f6gum Drottins?<a name=\"6\"><span class=\"versanumer\">6<\/span><\/a>\u00dev\u00ed, sj\u00e1 \u00fe\u00fa, \u00feeir skulu skilja vi\u00f0 ni\u00f0urbrotna b\u00fasta\u00f0i: Egyptaland skal safna \u00feeim, og M\u00f3f skal jar\u00f0a \u00fe\u00e1. Hva\u00f0 silfurgersemum \u00feeirra vi\u00f0v\u00edkur, \u00fe\u00e1 skulu \u00feistlarnir eignast \u00fe\u00e6r, og \u00feyrnar uppvaxa \u00ed b\u00fast\u00f6\u00f0um \u00feeirra.<a name=\"7\"><span class=\"versanumer\">7<\/span><\/a>Hegningart\u00edminn kemur, endurgjaldst\u00edminn er \u00ed n\u00e1nd! \u00de\u00e1 skulu \u00cdsraelsmenn vi\u00f0urkenna, a\u00f0 sp\u00e1ma\u00f0urinn var f\u00edfl og v\u00edsindama\u00f0urinn brj\u00e1la\u00f0ur, \u00fear sem misgj\u00f6r\u00f0ir \u00fe\u00ednar <span class='VideyAth'>(\u00cdsraels\u00fej\u00f3\u00f0!)<\/span> voru svo st\u00f3rar, og spillingin mikil.<a name=\"8\"><span class=\"versanumer\">8<\/span><\/a>Efraims\u00e6tt leitar vefr\u00e9tta, \u00fe\u00f3 h\u00fan eigi kost \u00e1 a\u00f0 a\u00f0spyrja minn Gu\u00f0; en hv\u00f6rt sem h\u00fan fer, ver\u00f0ur sp\u00e1ma\u00f0urinn eins og fuglasnara og f\u00f3takefli \u00ed h\u00fasi hennar Gu\u00f0s.<a name=\"9\"><span class=\"versanumer\">9<\/span><\/a>\u00deeir eru gj\u00f6rspilltir or\u00f0nir, eins og \u00e1 G\u00edbea t\u00ed\u00f0 <span class='VideyAth'>(D\u00f3m. 19)<\/span>; \u00feess vegna vill Gu\u00f0 minnast misgj\u00f6r\u00f0a \u00feeirra, og hegna \u00feeirra synda.<br \/><a name=\"10\"><span class=\"versanumer\">10<\/span><\/a>Eg fann \u00cdsraelsmenn <span class='VideyAth'>(for\u00f0um)<\/span> eins og v\u00ednber \u00e1 ey\u00f0im\u00f6rku; eg s\u00e1 y\u00f0ar fe\u00f0ur, eins og snemmavaxna f\u00edkju, frumgr\u00f3\u00f0a f\u00edkjutr\u00e9sins; en \u00feeir gengu til Baalpeors <span class='VideyAth'>(4 M\u00f3s. 25)<\/span>, helgu\u00f0u sig \u00feessu andstyggilega go\u00f0i, og felldu hug sinn til \u00fdmissra sv\u00edvir\u00f0inga.<a name=\"11\"><span class=\"versanumer\">11<\/span><\/a>\u00c1g\u00e6ti Efraims\u00e6ttar skal burtflj\u00faga, sem fugl, svo a\u00f0 \u00fear skulu konur ekki f\u00e6\u00f0a, ekki \u00feunga\u00f0ar ver\u00f0a, og ekki b\u00f6rn geta;<a name=\"12\"><span class=\"versanumer\">12<\/span><\/a>og \u00fe\u00f3 \u00feeir ali upp b\u00f6rn s\u00edn, \u00fear til \u00feau ver\u00f0a fullt\u00ed\u00f0a, \u00fe\u00e1 skal eg \u00fe\u00f3 gj\u00f6ra \u00feau barnlaus, svo engi ma\u00f0ur skal af \u00feeim \u00e6xlast: \u00fev\u00ed vei \u00feeim einnig, \u00feegar eg v\u00edk fr\u00e1 \u00feeim.<a name=\"13\"><span class=\"versanumer\">13<\/span><\/a>Efraims\u00e6tt er, eins og eg s\u00e9 a\u00f0 T\u00fdrusborg er, gr\u00f3\u00f0ursett \u00ed fagri lands\u00e1lfu, en\u2014til \u00feess a\u00f0 selja b\u00f6rn s\u00edn vegandanum \u00ed hendur.<a name=\"14\"><span class=\"versanumer\">14<\/span><\/a>Gef \u00feeim, Drottinn!\u2014hva\u00f0 skaltu gefa \u00feeim? Gef \u00feeim \u00f3frj\u00f3s\u00f6m m\u00f3\u00f0url\u00edf og mj\u00f3lkurlaus brj\u00f3st!<a name=\"15\"><span class=\"versanumer\">15<\/span><\/a>\u00d6ll \u00feeirra vonska framfer \u00ed Gilgal <span class='VideyAth'>(4,15)<\/span>; \u00fear hata eg \u00fe\u00e1. S\u00f6kum \u00feeirra vonda ath\u00e6fis vil eg hrinda \u00feeim \u00fat af m\u00ednu h\u00fasi, eg get ekki elska\u00f0 \u00fe\u00e1 framar; allir \u00feeirra h\u00f6f\u00f0ingjar eru \u00feverm\u00f3\u00f0skufullir.<a name=\"16\"><span class=\"versanumer\">16<\/span><\/a>Efraims\u00e6tt er lostin: r\u00f3t \u00feeirra er skr\u00e6lnu\u00f0, \u00feeir bera engan \u00e1v\u00f6xt; og \u00fe\u00f3 \u00feeir eigi b\u00f6rn, \u00fe\u00e1 vil eg af l\u00edfi taka \u00feeirra eftir\u00e6sktu l\u00edfsafkv\u00e6mi.<a name=\"17\"><span class=\"versanumer\">17<\/span><\/a>Minn Gu\u00f0 mun \u00fatsk\u00fafa \u00feeim, \u00fev\u00ed \u00feeir hl\u00fd\u00f0a honum ekki, og fyrir \u00fev\u00ed skulu \u00feeir fara landfl\u00f3tta me\u00f0al hei\u00f0ingjanna.<\/p>\n<div class=\"footnoteVidey\">Kap. 9. V. 1. Kaupgjald, \u00fe. e. gn\u00f3tt \u00e1vaxta og matv\u00e6la, sem hinir bl\u00f3tf\u00edknu Gy\u00f0ingar \u00fe\u00f6kku\u00f0u hj\u00e1gu\u00f0um s\u00ednum, 2, 14.  V. 1. 2. Kornl\u00e1fi, l\u00e1fi, \u00fereskifl\u00f6tur, hvar korn er \u00fereskt (bari\u00f0 \u00far axinu); anna\u00f0 er kornhla\u00f0a, hvar \u00fea\u00f0 \u00fereskta korn er geymt.  V. 6. Safna \u00feeim, \u00fe. e. \u00feeir skulu allir deyja \u00ed Egyptalandi; M\u00f3f, Memfis, e\u00f0a N\u00f3f. Sbr. Esaj. 19, 13. Jer. 2, 16.  V. 7. Sp\u00e1ma\u00f0ur, lygisp\u00e1menn, er leiddu f\u00f3lki\u00f0 afvega.<\/div>\n","protected":false},"excerpt":{"rendered":"<p>H\u00f3seas segir fyrir, a\u00f0 \u00cdsraelsmenn muni ver\u00f0a herleiddir. 1Ekki \u00fearftu a\u00f0 gle\u00f0jast, \u00cdsraelsl\u00fd\u00f0ur, svo a\u00f0 \u00fe\u00fa leikir \u00fe\u00e9r af k\u00e6ti, sem a\u00f0rar \u00fej\u00f3\u00f0ir; \u00fev\u00ed me\u00f0 \u00fe\u00ednum saurlifna\u00f0i fjarl\u00e6gir \u00fe\u00fa \u00feig Gu\u00f0i \u00fe\u00ednum. \u00de\u00fa hlakkar til kaupgjaldsins \u00e1 \u00f6llum kornl\u00e1fum.2En hv\u00f6rki skulu l\u00e1far n\u00e9 v\u00ednpressur f\u00e6\u00f0a \u00fe\u00e1 (\u00cdsraelsmenn), og v\u00ednberjal\u00f6gurinn skal breg\u00f0ast \u00ed landinu.3\u00deeir skulu ekki b\u00faa \u00ed landi Drottins; Efraims\u00e6tt skal aftur hverfa til Egyptalands, og \u00ed Ass\u00fdr\u00edalandi skulu \u00feeir eta \u00f3hreina f\u00e6\u00f0u.4\u00deeir skulu ekki geta f\u00f3rna\u00f0 Drottni v\u00ednf\u00f3rn, og sl\u00e1tursf\u00f3rnir \u00feeirra skulu eigi ver\u00f0a honum \u00fe\u00f3knanlegar, \u00fe\u00e6r skulu ver\u00f0a \u00feeim eins og sorgarf\u00e6\u00f0a, s\u00fa er allir ver\u00f0a \u00f3hreinir er <a href=\"https:\/\/biblian.is\/videy\/hosea-9-kafli\/\"> [&#8230;]<\/a><\/p>\n","protected":false},"author":1,"featured_media":0,"parent":0,"menu_order":0,"comment_status":"open","ping_status":"open","template":"bibliukaflar.php","meta":{"footnotes":""},"class_list":["post-21720","page","type-page","status-publish","hentry"],"_links":{"self":[{"href":"https:\/\/biblian.is\/videy\/wp-json\/wp\/v2\/pages\/21720","targetHints":{"allow":["GET"]}}],"collection":[{"href":"https:\/\/biblian.is\/videy\/wp-json\/wp\/v2\/pages"}],"about":[{"href":"https:\/\/biblian.is\/videy\/wp-json\/wp\/v2\/types\/page"}],"author":[{"embeddable":true,"href":"https:\/\/biblian.is\/videy\/wp-json\/wp\/v2\/users\/1"}],"replies":[{"embeddable":true,"href":"https:\/\/biblian.is\/videy\/wp-json\/wp\/v2\/comments?post=21720"}],"version-history":[{"count":0,"href":"https:\/\/biblian.is\/videy\/wp-json\/wp\/v2\/pages\/21720\/revisions"}],"wp:attachment":[{"href":"https:\/\/biblian.is\/videy\/wp-json\/wp\/v2\/media?parent=21720"}],"curies":[{"name":"wp","href":"https:\/\/api.w.org\/{rel}","templated":true}]}}