{"id":21719,"date":"2018-01-02T01:03:38","date_gmt":"2018-01-02T01:03:38","guid":{"rendered":"http:\/\/biblian.is\/videy\/hosea-8-kafli\/"},"modified":"2018-01-02T01:03:38","modified_gmt":"2018-01-02T01:03:38","slug":"hosea-8-kafli","status":"publish","type":"page","link":"https:\/\/biblian.is\/videy\/hosea-8-kafli\/","title":{"rendered":"H\u00f3sea 8. kafli"},"content":{"rendered":"<div class=\"fyrirsognVidey\">H\u00f3saes kennir, a\u00f0 \u00cdsraelsmenn eigi engrar v\u00e6g\u00f0ar von, s\u00f6kum \u00feeirra afgu\u00f0ad\u00fdrkunar og fr\u00e1falls fr\u00e1 Gu\u00f0i.<\/div>\n<p><a name=\"1\"><span class=\"versanumer\">1<\/span><\/a>Set l\u00fa\u00f0urinn \u00e1 munn \u00fe\u00e9r! Hann kemur, sem \u00f6rn, yfir Drottins h\u00fas, s\u00f6kum \u00feess \u00feeir rufu minn s\u00e1ttm\u00e1la og viku fr\u00e1 m\u00ednu l\u00f6gm\u00e1li.<a name=\"2\"><span class=\"versanumer\">2<\/span><\/a>\u00de\u00e1 munu \u00feeir kalla til m\u00edn: \u201eminn Gu\u00f0! v\u00e9r \u00cdsraelsmenn g\u00f6fgum \u00feig.\u201c<a name=\"3\"><span class=\"versanumer\">3<\/span><\/a>\u00cdsraelsmenn hafna hinu g\u00f3\u00f0a; \u00f3vinurinn skal ofs\u00e6kja \u00fe\u00e1!<a name=\"4\"><span class=\"versanumer\">4<\/span><\/a>\u00deeir v\u00f6ldu s\u00e9r konunga, \u00e1n minna atkv\u00e6\u00f0a, og settu h\u00f6f\u00f0ingja a\u00f0 m\u00e9r fornspur\u00f0um; \u00feeir gj\u00f6r\u00f0u s\u00e9r go\u00f0al\u00edkneskjur af \u00fev\u00ed silfri og gulli, sem \u00feeir \u00e1ttu, s\u00e9r sj\u00e1lfum til gl\u00f6tunar.<a name=\"5\"><span class=\"versanumer\">5<\/span><\/a>Andstyggilegur er \u00feinn k\u00e1lfur, Samar\u00eda! M\u00edn rei\u00f0i er upptendru\u00f0 m\u00f3ti \u00feeim. Hve lengi \u00e1 svo til a\u00f0 ganga? \u00deeir hafa ekkert s\u00e9r til afb\u00f6tunar,<a name=\"6\"><span class=\"versanumer\">6<\/span><\/a>k\u00e1lfurinn er gj\u00f6r\u00f0ur af \u00cdsraelsm\u00f6nnum, einhv\u00f6r hagleiksma\u00f0urinn hefir b\u00fai\u00f0 hann til; hann er ekki neinn gu\u00f0: nei, k\u00e1lfur Samar\u00edu skal klofinn ver\u00f0a \u00ed sk\u00ed\u00f0ur einar.<a name=\"7\"><span class=\"versanumer\">7<\/span><\/a>Af \u00fev\u00ed \u00feeir s\u00e1 vindi, skulu \u00feeir uppskera storm: korni\u00f0 dafnar ekki hj\u00e1 \u00feeim, st\u00f6ngin ver\u00f0ur kjarnalaus, og \u00fe\u00f3 h\u00fan gefi kjarna, skulu \u00fatlendingar gleypa hann \u00ed sig.<a name=\"8\"><span class=\"versanumer\">8<\/span><\/a>\u00cdsraelsmenn eru uppsvelgdir: \u00fej\u00f3\u00f0irnar meta \u00fe\u00e1 n\u00fa ekki meir en eitthv\u00f6rt \u00edl\u00e1t, sem engi skeytir um;<a name=\"9\"><span class=\"versanumer\">9<\/span><\/a>\u00fev\u00ed \u00feeir fara upp til Ass\u00fdr\u00edulands, eins og sk\u00f3garasnar, sem taka sig fr\u00e1 \u00f6\u00f0rum d\u00fdrum; Efraims\u00e6tt kaupir s\u00e9r \u00e1stir.<a name=\"10\"><span class=\"versanumer\">10<\/span><\/a>Einmitt s\u00f6kum \u00feess a\u00f0 \u00feeir vilja kaupa s\u00e9r hylli hei\u00f0ingjanna, vil eg n\u00fa \u00feegar safna hei\u00f0ingjunum saman \u00e1 m\u00f3ti \u00feeim; \u00feeir taka n\u00fa og til a\u00f0 kveina undan \u00e1l\u00f6gum jarlakonungsins.<a name=\"11\"><span class=\"versanumer\">11<\/span><\/a>\u00dev\u00ed Efraims\u00e6tt fj\u00f6lga\u00f0i bl\u00f3tst\u00f6llum til a\u00f0 syndgast \u00e1, og bl\u00f3tstallarnir ur\u00f0u henni a\u00f0 synd.<a name=\"12\"><span class=\"versanumer\">12<\/span><\/a>Eg haf\u00f0i rita\u00f0 henni m\u00f6rg bo\u00f0or\u00f0, en \u00feau eru \u00e1litin eins og \u00fatlend.<a name=\"13\"><span class=\"versanumer\">13<\/span><\/a>\u00deeim f\u00f3rnarg\u00e1fum, sem \u00feeir f\u00e6ra m\u00e9r, er svo vari\u00f0, a\u00f0 \u00feeir sl\u00e1tra kj\u00f6ti og eta \u00fea\u00f0; en Drottinn hefir enga \u00fe\u00f3knun \u00e1 \u00fev\u00ed; nei, hann vill minnast illverka \u00feeirra, og hegna \u00feeim fyrir \u00feeirra syndir: \u00feeir ver\u00f0a a\u00f0 fara til Egyptalands a\u00f0 n\u00fdju.<a name=\"14\"><span class=\"versanumer\">14<\/span><\/a>\u00cdsraelsmenn gleyma honum, sem \u00fatvaldi \u00fe\u00e1, og sm\u00ed\u00f0a s\u00e9r hallir; og J\u00fadar\u00edkismenn fj\u00f6lga hj\u00e1 s\u00e9r v\u00edggirtum borgum. En eg skal skj\u00f3ta eldi \u00ed borgir \u00feeirra, og hann skal ey\u00f0a \u00feeirra h\u00f6llum.<\/p>\n<div class=\"footnoteVidey\">Kap. 8. V. 1. Hann, \u00fe. e. \u00f3vinurinn Ass\u00fdriukonungur.  V. 5. K\u00e1lfur, sj\u00e1 4,15.  V. 9. \u00c1stir, \u00fe. e. hylli \u00fatlendra h\u00f6f\u00f0ingja.  V. 10. Jarlakonungsins, \u00fe. e. Ass\u00fdr\u00edukonungs.  V. 12. \u00datlend, \u00cdsraelsm\u00f6nnum \u00f3vi\u00f0komandi.  V. 13. A\u00f0 n\u00fdju, eins og forfe\u00f0ur \u00feeirra voru for\u00f0um \u00ed \u00e1nau\u00f0 \u00ed Egyptalandi.<\/div>\n","protected":false},"excerpt":{"rendered":"<p>H\u00f3saes kennir, a\u00f0 \u00cdsraelsmenn eigi engrar v\u00e6g\u00f0ar von, s\u00f6kum \u00feeirra afgu\u00f0ad\u00fdrkunar og fr\u00e1falls fr\u00e1 Gu\u00f0i. 1Set l\u00fa\u00f0urinn \u00e1 munn \u00fe\u00e9r! Hann kemur, sem \u00f6rn, yfir Drottins h\u00fas, s\u00f6kum \u00feess \u00feeir rufu minn s\u00e1ttm\u00e1la og viku fr\u00e1 m\u00ednu l\u00f6gm\u00e1li.2\u00de\u00e1 munu \u00feeir kalla til m\u00edn: \u201eminn Gu\u00f0! v\u00e9r \u00cdsraelsmenn g\u00f6fgum \u00feig.\u201c3\u00cdsraelsmenn hafna hinu g\u00f3\u00f0a; \u00f3vinurinn skal ofs\u00e6kja \u00fe\u00e1!4\u00deeir v\u00f6ldu s\u00e9r konunga, \u00e1n minna atkv\u00e6\u00f0a, og settu h\u00f6f\u00f0ingja a\u00f0 m\u00e9r fornspur\u00f0um; \u00feeir gj\u00f6r\u00f0u s\u00e9r go\u00f0al\u00edkneskjur af \u00fev\u00ed silfri og gulli, sem \u00feeir \u00e1ttu, s\u00e9r sj\u00e1lfum til gl\u00f6tunar.5Andstyggilegur er \u00feinn k\u00e1lfur, Samar\u00eda! M\u00edn rei\u00f0i er upptendru\u00f0 m\u00f3ti \u00feeim. Hve lengi \u00e1 svo til a\u00f0 <a href=\"https:\/\/biblian.is\/videy\/hosea-8-kafli\/\"> [&#8230;]<\/a><\/p>\n","protected":false},"author":1,"featured_media":0,"parent":0,"menu_order":0,"comment_status":"open","ping_status":"open","template":"bibliukaflar.php","meta":{"footnotes":""},"class_list":["post-21719","page","type-page","status-publish","hentry"],"_links":{"self":[{"href":"https:\/\/biblian.is\/videy\/wp-json\/wp\/v2\/pages\/21719","targetHints":{"allow":["GET"]}}],"collection":[{"href":"https:\/\/biblian.is\/videy\/wp-json\/wp\/v2\/pages"}],"about":[{"href":"https:\/\/biblian.is\/videy\/wp-json\/wp\/v2\/types\/page"}],"author":[{"embeddable":true,"href":"https:\/\/biblian.is\/videy\/wp-json\/wp\/v2\/users\/1"}],"replies":[{"embeddable":true,"href":"https:\/\/biblian.is\/videy\/wp-json\/wp\/v2\/comments?post=21719"}],"version-history":[{"count":0,"href":"https:\/\/biblian.is\/videy\/wp-json\/wp\/v2\/pages\/21719\/revisions"}],"wp:attachment":[{"href":"https:\/\/biblian.is\/videy\/wp-json\/wp\/v2\/media?parent=21719"}],"curies":[{"name":"wp","href":"https:\/\/api.w.org\/{rel}","templated":true}]}}