{"id":21717,"date":"2018-01-02T01:03:38","date_gmt":"2018-01-02T01:03:38","guid":{"rendered":"http:\/\/biblian.is\/videy\/hosea-6-kafli\/"},"modified":"2018-01-02T01:03:38","modified_gmt":"2018-01-02T01:03:38","slug":"hosea-6-kafli","status":"publish","type":"page","link":"https:\/\/biblian.is\/videy\/hosea-6-kafli\/","title":{"rendered":"H\u00f3sea 6. kafli"},"content":{"rendered":"<div class=\"fyrirsognVidey\">H\u00f3seas talar um umvendun Gy\u00f0inga, hv\u00f6rsu \u00f3einl\u00e6g og sta\u00f0festulaus h\u00fan s\u00e9.<\/div>\n<p><a name=\"1\"><span class=\"versanumer\">1<\/span><\/a>\u201eKomi\u00f0 <span class='VideyAth'>(munu \u00feeir segja)<\/span>, l\u00e1tum oss aftur hverfa til Drottins! Hann hefir sundursliti\u00f0 oss, hann skal og gr\u00e6\u00f0a oss; hann hefir slegi\u00f0 oss, hann skal og binda um vor s\u00e1r;<a name=\"2\"><span class=\"versanumer\">2<\/span><\/a>hann skal l\u00edfga oss \u00e1 tveggja daga fresti, og reisa oss upp \u00e1 \u00feri\u00f0ja degi, svo v\u00e9r skulum standa lifandi frammi fyrir honum.<a name=\"3\"><span class=\"versanumer\">3<\/span><\/a>L\u00e1tum oss kannast vi\u00f0 \u00feetta! l\u00e1tum oss kosta kapps um a\u00f0 \u00feekkja Drottin! Sannarlega mun hann upprenna, sem morgunro\u00f0i, og til vor koma, sem regnsk\u00far, eins og vord\u00f6gg, er v\u00f6kvar j\u00f6r\u00f0ina\u201c.<a name=\"4\"><span class=\"versanumer\">4<\/span><\/a>Hva\u00f0 skal eg vi\u00f0 \u00feig gj\u00f6ra, \u00fe\u00fa Efraims\u00e6tt? Hva\u00f0 skal eg gj\u00f6ra vi\u00f0 y\u00f0ur, \u00fe\u00e9r J\u00fadar\u00edkismenn? Y\u00f0ar hollusta er sem morgunsk\u00fd, eins og d\u00f6gg, sem sn\u00f6gglega hverfur.<a name=\"5\"><span class=\"versanumer\">5<\/span><\/a>\u00deess vegna v\u00f3 eg a\u00f0 \u00feeim fyrir h\u00f6nd sp\u00e1mannanna, og bana\u00f0i \u00feeim me\u00f0 atkv\u00e6\u00f0um m\u00edns munns; hva\u00f0 \u00fe\u00fa hefir til unni\u00f0 <span class='VideyAth'>(\u00cdsraelsr\u00edki!)<\/span>, \u00fea\u00f0 skal \u00ed lj\u00f3s koma.<a name=\"6\"><span class=\"versanumer\">6<\/span><\/a>\u00dev\u00ed \u00e1 miskunnsemi hefi eg \u00fe\u00f3knun, en ekki \u00e1 sl\u00e1tursf\u00f3rn, og gu\u00f0r\u00e6kni met eg meir en brennif\u00f3rnir.<a name=\"7\"><span class=\"versanumer\">7<\/span><\/a>En \u00feeir rj\u00fafa s\u00e1ttm\u00e1lan, eins og Adam; h\u00e9r \u00ed eru \u00feeir m\u00e9r \u00f3tr\u00fair.<a name=\"8\"><span class=\"versanumer\">8<\/span><\/a>G\u00edlea\u00f0 er gl\u00e6pamannab\u00fasta\u00f0ur, fullur af bl\u00f3\u00f0ferlum.<a name=\"9\"><span class=\"versanumer\">9<\/span><\/a>Kennimannast\u00e9ttin er eins og r\u00e6ningjasveit, sem gj\u00f6rir m\u00f6nnum fyrirs\u00e1tur: \u00feeir myr\u00f0a menn \u00e1 veginum til Sikems, \u00fev\u00ed \u00feeir sv\u00edfast engra illverka.<a name=\"10\"><span class=\"versanumer\">10<\/span><\/a>M\u00e9r ofb\u00fd\u00f0ur a\u00f0 horfa \u00e1 \u00fe\u00e6r \u00f3d\u00e1\u00f0ir, sem fram fara \u00ed \u00cdsraelsr\u00edki: \u00fear fremur Efraims\u00e6tt saurlifna\u00f0, og \u00cdsraelsmenn eru flekka\u00f0ir.<a name=\"11\"><span class=\"versanumer\">11<\/span><\/a>Einnig \u00fe\u00e9r, J\u00fadar\u00edki, er uppskera b\u00fain.<\/p>\n<div class=\"footnoteVidey\">V. 5. V\u00f3 eg a\u00f0 \u00feeim, \u00fe. e. eg l\u00e9t sp\u00e1mennina kunngj\u00f6ra \u00feeim rei\u00f0i m\u00edna.  V. 8. G\u00edlea\u00f0, borg og land fyrir handan J\u00f3rdan.  V. 9. Sikem, gri\u00f0asta\u00f0ur, J\u00f3s. 21, 21.  V. 11. Uppskera, \u00fe. e. endurgjald illverka \u00feinna.<\/div>\n","protected":false},"excerpt":{"rendered":"<p>H\u00f3seas talar um umvendun Gy\u00f0inga, hv\u00f6rsu \u00f3einl\u00e6g og sta\u00f0festulaus h\u00fan s\u00e9. 1\u201eKomi\u00f0 (munu \u00feeir segja), l\u00e1tum oss aftur hverfa til Drottins! Hann hefir sundursliti\u00f0 oss, hann skal og gr\u00e6\u00f0a oss; hann hefir slegi\u00f0 oss, hann skal og binda um vor s\u00e1r;2hann skal l\u00edfga oss \u00e1 tveggja daga fresti, og reisa oss upp \u00e1 \u00feri\u00f0ja degi, svo v\u00e9r skulum standa lifandi frammi fyrir honum.3L\u00e1tum oss kannast vi\u00f0 \u00feetta! l\u00e1tum oss kosta kapps um a\u00f0 \u00feekkja Drottin! Sannarlega mun hann upprenna, sem morgunro\u00f0i, og til vor koma, sem regnsk\u00far, eins og vord\u00f6gg, er v\u00f6kvar j\u00f6r\u00f0ina\u201c.4Hva\u00f0 skal eg vi\u00f0 \u00feig gj\u00f6ra, \u00fe\u00fa Efraims\u00e6tt? <a href=\"https:\/\/biblian.is\/videy\/hosea-6-kafli\/\"> [&#8230;]<\/a><\/p>\n","protected":false},"author":1,"featured_media":0,"parent":0,"menu_order":0,"comment_status":"open","ping_status":"open","template":"bibliukaflar.php","meta":{"footnotes":""},"class_list":["post-21717","page","type-page","status-publish","hentry"],"_links":{"self":[{"href":"https:\/\/biblian.is\/videy\/wp-json\/wp\/v2\/pages\/21717","targetHints":{"allow":["GET"]}}],"collection":[{"href":"https:\/\/biblian.is\/videy\/wp-json\/wp\/v2\/pages"}],"about":[{"href":"https:\/\/biblian.is\/videy\/wp-json\/wp\/v2\/types\/page"}],"author":[{"embeddable":true,"href":"https:\/\/biblian.is\/videy\/wp-json\/wp\/v2\/users\/1"}],"replies":[{"embeddable":true,"href":"https:\/\/biblian.is\/videy\/wp-json\/wp\/v2\/comments?post=21717"}],"version-history":[{"count":0,"href":"https:\/\/biblian.is\/videy\/wp-json\/wp\/v2\/pages\/21717\/revisions"}],"wp:attachment":[{"href":"https:\/\/biblian.is\/videy\/wp-json\/wp\/v2\/media?parent=21717"}],"curies":[{"name":"wp","href":"https:\/\/api.w.org\/{rel}","templated":true}]}}