{"id":21716,"date":"2018-01-02T01:03:38","date_gmt":"2018-01-02T01:03:38","guid":{"rendered":"http:\/\/biblian.is\/videy\/hosea-5-kafli\/"},"modified":"2018-01-02T01:03:38","modified_gmt":"2018-01-02T01:03:38","slug":"hosea-5-kafli","status":"publish","type":"page","link":"https:\/\/biblian.is\/videy\/hosea-5-kafli\/","title":{"rendered":"H\u00f3sea 5. kafli"},"content":{"rendered":"<div class=\"fyrirsognVidey\">H\u00f3seas talar um trygg\u00f0arleysi Gy\u00f0inga vi\u00f0 Gu\u00f0, og um hr\u00e6sni \u00feeirra, um \u00fe\u00e1 hegningu, sem \u00cdsraelsm\u00f6nnum s\u00e9 v\u00eds, og eins J\u00fadar\u00edkisinnb\u00faum.<\/div>\n<p><a name=\"1\"><span class=\"versanumer\">1<\/span><\/a>Heyri\u00f0 \u00feetta, \u00fe\u00e9r kennimenn! taki\u00f0 eftir, \u00fe\u00e9r \u00cdsraelsmenn! hlusta grandg\u00e6filega til, \u00fe\u00fa konungs\u00e6tt! \u00fev\u00ed \u00fe\u00e9r eigi\u00f0 hegningu \u00ed v\u00e6ndum, fyrir \u00fea\u00f0 a\u00f0 \u00fe\u00e9r voru\u00f0 sem snara \u00e1 Mispa, og sem \u00fat\u00feani\u00f0 net \u00e1 Tabor.<a name=\"2\"><span class=\"versanumer\">2<\/span><\/a>Me\u00f0 sl\u00e1tursf\u00f3rnum leitast \u00feeir vi\u00f0 a\u00f0 dylja s\u00ednar yfirtro\u00f0slur, en eg skal refsa \u00feeim \u00f6llum saman.<a name=\"3\"><span class=\"versanumer\">3<\/span><\/a>Eg \u00feekki Efraims\u00e6tt, og \u00cdsraelsmenn dyljast ekki fyrir m\u00e9r, \u00fev\u00ed \u00fe\u00fa, Efraims\u00e6tt, lokkar n\u00fa a\u00f0ra til saurlifna\u00f0ar, og \u00cdsraelsmenn saurga sig.<a name=\"4\"><span class=\"versanumer\">4<\/span><\/a>Athafnir \u00feeirra leyfa \u00feeim eigi a\u00f0 sn\u00faa s\u00e9r til Gu\u00f0s s\u00edns, \u00fev\u00ed saurl\u00edfisandinn b\u00fdr \u00ed \u00feeirra hjartans grunni, og Drottin \u00feekkja \u00feeir ekki.<a name=\"5\"><span class=\"versanumer\">5<\/span><\/a>\u00d3sv\u00edfnin vitnar \u00ed gegn \u00cdsraelsm\u00f6nnum; b\u00e6\u00f0i Efraims\u00e6tt og \u00cdsraelsmenn skulu falla \u00e1 misgj\u00f6r\u00f0um s\u00ednum, og eins skulu J\u00fadar\u00edkismenn falla me\u00f0 \u00feeim:<a name=\"6\"><span class=\"versanumer\">6<\/span><\/a>\u00feeir koma me\u00f0 sau\u00f0f\u00e9na\u00f0 sinn og nautpening til a\u00f0 leita Drottins, en \u00feeir finna hann ekki, hann er vikinn fr\u00e1 \u00feeim.<a name=\"7\"><span class=\"versanumer\">7<\/span><\/a>\u00deeir voru trygg\u00f0arlausir vi\u00f0 Drottin, \u00fev\u00ed \u00feeir g\u00e1tu \u00f3skilgetin b\u00f6rn; n\u00fa skal voveifleg \u00f3g\u00e6fa ey\u00f0a \u00feeim og \u00fev\u00ed sem \u00feeir eiga.<br \/><a name=\"8\"><span class=\"versanumer\">8<\/span><\/a>\u00deeyti\u00f0 l\u00fa\u00f0urinn \u00ed G\u00edbea! bl\u00e1si\u00f0 \u00ed b\u00e1s\u00fanur \u00ed Rama! \u00e6pi\u00f0 her\u00f3p \u00ed Betaven! Fjandma\u00f0urinn er \u00e1 h\u00e6lum \u00fe\u00e9r, Benjam\u00edns \u00e6ttkv\u00edsl.<a name=\"9\"><span class=\"versanumer\">9<\/span><\/a>Efraims \u00e6ttkv\u00edsl skal ver\u00f0a a\u00f0 au\u00f0n \u00e1 degi hegningarinnar; \u00fea\u00f0, sem eg hefi kunngj\u00f6rt \u00cdsraelsm\u00f6nnum skal fram koma.<a name=\"10\"><span class=\"versanumer\">10<\/span><\/a>J\u00fadar\u00edkish\u00f6f\u00f0ingjar eru l\u00edkir \u00feeim, sem f\u00e6ra marksteina \u00far sta\u00f0; eg vil \u00fathella yfir \u00fe\u00e1 rei\u00f0i minni, sem \u00e1rstraumi.<a name=\"11\"><span class=\"versanumer\">11<\/span><\/a>Efraims\u00e6tt ver\u00f0ur me\u00f0 r\u00e9ttu k\u00fagu\u00f0 og sundurmarin, \u00fev\u00ed h\u00fan breytir eftir sj\u00e1lfgj\u00f6r\u00f0u l\u00f6gm\u00e1li;<a name=\"12\"><span class=\"versanumer\">12<\/span><\/a>eg er sem m\u00f6lur \u00ed augum Efraims\u00e6ttar, og sem maur \u00ed augum J\u00fadar\u00edkismanna.<a name=\"13\"><span class=\"versanumer\">13<\/span><\/a>\u00deegar Efraims\u00e6tt leit \u00e1 sitt s\u00e1r, og J\u00fadar\u00edkismenn \u00e1 s\u00edn s\u00e1rab\u00f6nd, \u00fe\u00e1 leita\u00f0i Efraims\u00e6tt trausts hj\u00e1 Ass\u00fdr\u00edum\u00f6nnum, en hinir gj\u00f6r\u00f0u bo\u00f0 til Jarebs k\u00f3ngs; en hann mun eigi f\u00e1 l\u00e6kna\u00f0 y\u00f0ur, og s\u00e1rab\u00f6ndin munu eigi af y\u00f0ur ganga;<a name=\"14\"><span class=\"versanumer\">14<\/span><\/a>\u00fev\u00ed eg skal vera Efraims\u00e6tt eins og d\u00fdri\u00f0 \u00f3arga, og J\u00fadar\u00edkism\u00f6nnum eins og lj\u00f3nsk\u00e1lfur: eg skal sundurr\u00edfa og fara burt me\u00f0 br\u00e1\u00f0ina, og engi skal geta hrifsa\u00f0 hana af m\u00e9r.<a name=\"15\"><span class=\"versanumer\">15<\/span><\/a>Eg vil ganga \u00fea\u00f0an, og hverfa aftur \u00feanga\u00f0, sem eg var, \u00fear til er \u00feeir kannast vi\u00f0 s\u00edn afbrot og leita m\u00edns auglitis; \u00feegar a\u00f0 \u00feeim \u00ferengir, munu \u00feeir leita trausts hj\u00e1 m\u00e9r.<\/p>\n<div class=\"footnoteVidey\">V. 1. \u00c1 fj\u00f6llum Mispa og Tabor voru fuglvei\u00f0ar. Meiningin er: fyrir \u00fea\u00f0 a\u00f0 \u00fe\u00e9r leiddu\u00f0 f\u00f3lki\u00f0 afvega.  V. 8. G\u00edbea, Rama, borgir \u00ed J\u00fadar\u00edki; Betaven, sj\u00e1 4, 15.  V. 10. \u00deeim sem f\u00e6ra marksteina \u00far sta\u00f0, \u00fe. e. st\u00f3rgl\u00e6pam\u00f6nnum, 5 M\u00f3s 27, 17.  V. 12. Sem m\u00f6lur, maur, \u00fe. e. Gy\u00f0ingar vir\u00f0a mitt l\u00f6gm\u00e1l einskis.<\/div>\n","protected":false},"excerpt":{"rendered":"<p>H\u00f3seas talar um trygg\u00f0arleysi Gy\u00f0inga vi\u00f0 Gu\u00f0, og um hr\u00e6sni \u00feeirra, um \u00fe\u00e1 hegningu, sem \u00cdsraelsm\u00f6nnum s\u00e9 v\u00eds, og eins J\u00fadar\u00edkisinnb\u00faum. 1Heyri\u00f0 \u00feetta, \u00fe\u00e9r kennimenn! taki\u00f0 eftir, \u00fe\u00e9r \u00cdsraelsmenn! hlusta grandg\u00e6filega til, \u00fe\u00fa konungs\u00e6tt! \u00fev\u00ed \u00fe\u00e9r eigi\u00f0 hegningu \u00ed v\u00e6ndum, fyrir \u00fea\u00f0 a\u00f0 \u00fe\u00e9r voru\u00f0 sem snara \u00e1 Mispa, og sem \u00fat\u00feani\u00f0 net \u00e1 Tabor.2Me\u00f0 sl\u00e1tursf\u00f3rnum leitast \u00feeir vi\u00f0 a\u00f0 dylja s\u00ednar yfirtro\u00f0slur, en eg skal refsa \u00feeim \u00f6llum saman.3Eg \u00feekki Efraims\u00e6tt, og \u00cdsraelsmenn dyljast ekki fyrir m\u00e9r, \u00fev\u00ed \u00fe\u00fa, Efraims\u00e6tt, lokkar n\u00fa a\u00f0ra til saurlifna\u00f0ar, og \u00cdsraelsmenn saurga sig.4Athafnir \u00feeirra leyfa \u00feeim eigi a\u00f0 sn\u00faa s\u00e9r til Gu\u00f0s s\u00edns, <a href=\"https:\/\/biblian.is\/videy\/hosea-5-kafli\/\"> [&#8230;]<\/a><\/p>\n","protected":false},"author":1,"featured_media":0,"parent":0,"menu_order":0,"comment_status":"open","ping_status":"open","template":"bibliukaflar.php","meta":{"footnotes":""},"class_list":["post-21716","page","type-page","status-publish","hentry"],"_links":{"self":[{"href":"https:\/\/biblian.is\/videy\/wp-json\/wp\/v2\/pages\/21716","targetHints":{"allow":["GET"]}}],"collection":[{"href":"https:\/\/biblian.is\/videy\/wp-json\/wp\/v2\/pages"}],"about":[{"href":"https:\/\/biblian.is\/videy\/wp-json\/wp\/v2\/types\/page"}],"author":[{"embeddable":true,"href":"https:\/\/biblian.is\/videy\/wp-json\/wp\/v2\/users\/1"}],"replies":[{"embeddable":true,"href":"https:\/\/biblian.is\/videy\/wp-json\/wp\/v2\/comments?post=21716"}],"version-history":[{"count":0,"href":"https:\/\/biblian.is\/videy\/wp-json\/wp\/v2\/pages\/21716\/revisions"}],"wp:attachment":[{"href":"https:\/\/biblian.is\/videy\/wp-json\/wp\/v2\/media?parent=21716"}],"curies":[{"name":"wp","href":"https:\/\/api.w.org\/{rel}","templated":true}]}}