{"id":21715,"date":"2018-01-02T01:03:38","date_gmt":"2018-01-02T01:03:38","guid":{"rendered":"http:\/\/biblian.is\/videy\/hosea-4-kafli\/"},"modified":"2018-01-02T01:03:38","modified_gmt":"2018-01-02T01:03:38","slug":"hosea-4-kafli","status":"publish","type":"page","link":"https:\/\/biblian.is\/videy\/hosea-4-kafli\/","title":{"rendered":"H\u00f3sea 4. kafli"},"content":{"rendered":"<div class=\"fyrirsognVidey\">H\u00f3seas \u00e1v\u00edtar \u00cdsraelsmenn um gu\u00f0leysi og illlifna\u00f0, og bo\u00f0ar \u00feeim hegningu Gu\u00f0s. Hann varar J\u00fadamenn vi\u00f0 a\u00f0 fylgja \u00feeirra vondu d\u00e6mum.<\/div>\n<p><a name=\"1\"><span class=\"versanumer\">1<\/span><\/a>Heyri\u00f0 or\u00f0 Drottins, \u00fe\u00e9r \u00cdsraelsmenn! Drottinn hefir s\u00f6k \u00e1 hendur <span class='VideyAth'>(m\u00e1l a\u00f0 k\u00e6ra vi\u00f0)<\/span> innbyggjendum landsins, \u00fev\u00ed \u00ed landinu finnst engi r\u00e1\u00f0vendni, engi mannelska, engi \u00feekking \u00e1 Gu\u00f0i.<a name=\"2\"><span class=\"versanumer\">2<\/span><\/a>\u00deeir vinna meins\u00e6ri, v\u00edg, \u00fej\u00f3fna\u00f0 og h\u00f3rd\u00f3m; \u00feeir fara fram me\u00f0 ofr\u00edki, og ein v\u00edgs\u00f6kin tekur vi\u00f0 af annarri.<a name=\"3\"><span class=\"versanumer\">3<\/span><\/a>Fyrir \u00fe\u00e1 s\u00f6k dr\u00fapir landi\u00f0, allir \u00feess innbyggjendur eru daprir, jafnt sk\u00f3gard\u00fdrin, sem fuglar himinsins, og jafnvel fiskar sj\u00e1varins strj\u00faka burt.<a name=\"4\"><span class=\"versanumer\">4<\/span><\/a>Til einskis er a\u00f0 \u00e1v\u00edta \u00fe\u00e1 e\u00f0a vanda um vi\u00f0 \u00fe\u00e1, \u00fev\u00ed innb\u00faar \u00fe\u00ednir <span class='VideyAth'>(\u00cdsraelsland!)<\/span> eru eins \u00feverm\u00f3\u00f0skufullir og kennimennirnir eru.<a name=\"5\"><span class=\"versanumer\">5<\/span><\/a>\u00de\u00fa munt hrasa \u00e1 bj\u00f6rtum degi, og sp\u00e1ma\u00f0urinn, sem \u00fe\u00e9r fylgir, mun einnig hrasa \u00e1 n\u00f3ttunni, \u00fev\u00ed h\u00f6fu\u00f0borg \u00fe\u00edna mun eg \u00ed ey\u00f0i leggja.<a name=\"6\"><span class=\"versanumer\">6<\/span><\/a>Mitt f\u00f3lk glatast af \u00feekkingarleysi; af \u00fev\u00ed \u00fe\u00fa <span class='VideyAth'>(kennima\u00f0ur!)<\/span> fyrirl\u00edtur \u00feekkinguna, \u00fe\u00e1 vil eg fyrirl\u00edta \u00feig, svo \u00fe\u00fa skalt eigi minn kennima\u00f0ur vera; og eins og \u00fe\u00fa <span class='VideyAth'>(Gy\u00f0ingal\u00fd\u00f0ur!)<\/span> gleymir l\u00f6gm\u00e1li \u00fe\u00edns Gu\u00f0s, eins vil eg og gleyma \u00fe\u00ednum b\u00f6rnum.<a name=\"7\"><span class=\"versanumer\">7<\/span><\/a>\u00deeir syndga m\u00f3ti m\u00e9r, eins og \u00feeir eru margir til; \u00feess vegna vil eg gj\u00f6ra \u00feeirra vegsemd a\u00f0 sm\u00e1n.<a name=\"8\"><span class=\"versanumer\">8<\/span><\/a>\u00deeir <span class='VideyAth'>(kennimennirnir)<\/span> lifa af syndaf\u00f3rnum m\u00edns f\u00f3lks, og \u00fe\u00e1 langar eftir \u00feess misgj\u00f6rningum.<a name=\"9\"><span class=\"versanumer\">9<\/span><\/a>\u00deess vegna skal fara fyrir kennim\u00f6nnunum, eins og fyrir f\u00f3lkinu; eg skal hegna \u00feeim fyrir \u00feeirra ath\u00e6fi og gjalda \u00feeim fyrir \u00feeirra verk.<a name=\"10\"><span class=\"versanumer\">10<\/span><\/a>\u00deeir skulu eta, en \u00fe\u00f3 ekki saddir ver\u00f0a, fremja saurlifna\u00f0, en \u00fe\u00f3 ekki fj\u00f6lga, s\u00f6kum \u00feess a\u00f0 \u00feeir eru h\u00e6ttir a\u00f0 d\u00fdrka Drottin.<a name=\"11\"><span class=\"versanumer\">11<\/span><\/a>Saurlifna\u00f0ur, v\u00edn og \u00fer\u00fagnal\u00f6gur tekur viti\u00f0 fr\u00e1 manni.<a name=\"12\"><span class=\"versanumer\">12<\/span><\/a>Mitt f\u00f3lk gengur til fr\u00e9tta vi\u00f0 tr\u00e9drumbinn, og stafsprotinn veitir \u00fev\u00ed andsv\u00f6r; \u00fev\u00ed saurl\u00edfisandinn lei\u00f0ir \u00fea\u00f0 afvega, og me\u00f0 s\u00ednum illlifna\u00f0i villist \u00fea\u00f0 fr\u00e1 Gu\u00f0i s\u00ednum.<a name=\"13\"><span class=\"versanumer\">13<\/span><\/a>\u00deeir f\u00f3rnf\u00e6ra efst \u00e1 fjallatindunum, brenna reykelsi \u00e1 h\u00e6\u00f0unum, undir eikitrj\u00e1m, storaxtrj\u00e1m og terpent\u00edntrj\u00e1m, af \u00fev\u00ed skuggi \u00feeirra er ununarfullur. \u00deess vegna fremja d\u00e6tur y\u00f0ar saurl\u00edfi, og m\u00e1gkonur y\u00f0ar h\u00f3rd\u00f3m.<a name=\"14\"><span class=\"versanumer\">14<\/span><\/a>\u00dea\u00f0 gagnar ekki, \u00fe\u00f3 eg hegni d\u00e6trum y\u00f0ar, \u00fe\u00e1 \u00fe\u00e6r fremja saurl\u00edfi, e\u00f0a m\u00e1gkonum y\u00f0ar, \u00fe\u00e1 \u00fe\u00e6r dr\u00fdgja h\u00f3rd\u00f3m: \u00fev\u00ed \u00feeir ganga sj\u00e1lfir afs\u00ed\u00f0is me\u00f0 h\u00f3rkonum, og f\u00e6ra f\u00f3rnir me\u00f0 hinum \u00f3sv\u00edfnustu sk\u00e6kjum; og hin g\u00e1lausa al\u00fe\u00fd\u00f0a anar \u00fear eftir.<br \/><a name=\"15\"><span class=\"versanumer\">15<\/span><\/a>\u00de\u00f3 \u00fe\u00e9r, \u00cdsraelsmenn, vilji\u00f0 dr\u00fdgja h\u00f3rd\u00f3m, \u00fe\u00e1 l\u00e1ti \u00fe\u00f3 J\u00fadar\u00edkismenn s\u00e9r hi\u00f0 sama eigi \u00e1 ver\u00f0a; fari\u00f0 ekki til Gilgals, og gangi\u00f0 ekki upp til Betavens, og sverji\u00f0 ekki: svo sannarlega sem Drottinn lifir <span class='VideyAth'>(Amos 8,14)<\/span>.<a name=\"16\"><span class=\"versanumer\">16<\/span><\/a>\u00dev\u00ed \u00cdsraelsl\u00fd\u00f0ur er \u00f3vi\u00f0r\u00e1\u00f0anlegur, eins og baldst\u00fdrug kv\u00edga; n\u00fa vill Drottinn halda \u00feeim \u00e1 beit, eins og l\u00f6mbum, \u00e1 n\u00f3gu r\u00famlendi.<a name=\"17\"><span class=\"versanumer\">17<\/span><\/a>Efraim er skur\u00f0go\u00f0um h\u00e1\u00f0ur; l\u00e1ti\u00f0 hann eiga sig sj\u00e1lfan!<a name=\"18\"><span class=\"versanumer\">18<\/span><\/a>\u00deegar v\u00edn \u00feeirra er uppgengi\u00f0, fremja \u00feeir saurlifna\u00f0, og h\u00f6f\u00f0ingjum landsins \u00feykir mj\u00f6g v\u00e6nt um \u00feetta sv\u00edvir\u00f0ilega ath\u00e6fi.<a name=\"19\"><span class=\"versanumer\">19<\/span><\/a>En \u00feegar stormurinn hefir handsama\u00f0 \u00fe\u00e1 me\u00f0 v\u00e6ngjum s\u00ednum, munu \u00feeir skammast s\u00edn fyrir s\u00ednar f\u00f3rnf\u00e6ringar.<\/p>\n<div class=\"footnoteVidey\">V. 15. Gilgal, J\u00f3s. 4, 19; gullk\u00e1lfurinn st\u00f3\u00f0 \u00ed Betel (1 K\u00f3ng. 12, 29), sem sp\u00e1ma\u00f0urinn kallar h\u00e9r Bet-Aven (Syndah\u00fas).  V. 19. Stormurinn me\u00f0 s\u00ednum v\u00e6ngjum, \u00fe. e. Ass\u00fdr\u00edukonungur.<\/div>\n","protected":false},"excerpt":{"rendered":"<p>H\u00f3seas \u00e1v\u00edtar \u00cdsraelsmenn um gu\u00f0leysi og illlifna\u00f0, og bo\u00f0ar \u00feeim hegningu Gu\u00f0s. Hann varar J\u00fadamenn vi\u00f0 a\u00f0 fylgja \u00feeirra vondu d\u00e6mum. 1Heyri\u00f0 or\u00f0 Drottins, \u00fe\u00e9r \u00cdsraelsmenn! Drottinn hefir s\u00f6k \u00e1 hendur (m\u00e1l a\u00f0 k\u00e6ra vi\u00f0) innbyggjendum landsins, \u00fev\u00ed \u00ed landinu finnst engi r\u00e1\u00f0vendni, engi mannelska, engi \u00feekking \u00e1 Gu\u00f0i.2\u00deeir vinna meins\u00e6ri, v\u00edg, \u00fej\u00f3fna\u00f0 og h\u00f3rd\u00f3m; \u00feeir fara fram me\u00f0 ofr\u00edki, og ein v\u00edgs\u00f6kin tekur vi\u00f0 af annarri.3Fyrir \u00fe\u00e1 s\u00f6k dr\u00fapir landi\u00f0, allir \u00feess innbyggjendur eru daprir, jafnt sk\u00f3gard\u00fdrin, sem fuglar himinsins, og jafnvel fiskar sj\u00e1varins strj\u00faka burt.4Til einskis er a\u00f0 \u00e1v\u00edta \u00fe\u00e1 e\u00f0a vanda um vi\u00f0 \u00fe\u00e1, \u00fev\u00ed innb\u00faar \u00fe\u00ednir <a href=\"https:\/\/biblian.is\/videy\/hosea-4-kafli\/\"> [&#8230;]<\/a><\/p>\n","protected":false},"author":1,"featured_media":0,"parent":0,"menu_order":0,"comment_status":"open","ping_status":"open","template":"bibliukaflar.php","meta":{"footnotes":""},"class_list":["post-21715","page","type-page","status-publish","hentry"],"_links":{"self":[{"href":"https:\/\/biblian.is\/videy\/wp-json\/wp\/v2\/pages\/21715","targetHints":{"allow":["GET"]}}],"collection":[{"href":"https:\/\/biblian.is\/videy\/wp-json\/wp\/v2\/pages"}],"about":[{"href":"https:\/\/biblian.is\/videy\/wp-json\/wp\/v2\/types\/page"}],"author":[{"embeddable":true,"href":"https:\/\/biblian.is\/videy\/wp-json\/wp\/v2\/users\/1"}],"replies":[{"embeddable":true,"href":"https:\/\/biblian.is\/videy\/wp-json\/wp\/v2\/comments?post=21715"}],"version-history":[{"count":0,"href":"https:\/\/biblian.is\/videy\/wp-json\/wp\/v2\/pages\/21715\/revisions"}],"wp:attachment":[{"href":"https:\/\/biblian.is\/videy\/wp-json\/wp\/v2\/media?parent=21715"}],"curies":[{"name":"wp","href":"https:\/\/api.w.org\/{rel}","templated":true}]}}