{"id":21714,"date":"2018-01-02T01:03:38","date_gmt":"2018-01-02T01:03:38","guid":{"rendered":"http:\/\/biblian.is\/videy\/hosea-3-kafli\/"},"modified":"2018-01-02T01:03:38","modified_gmt":"2018-01-02T01:03:38","slug":"hosea-3-kafli","status":"publish","type":"page","link":"https:\/\/biblian.is\/videy\/hosea-3-kafli\/","title":{"rendered":"H\u00f3sea 3. kafli"},"content":{"rendered":"<div class=\"fyrirsognVidey\">H\u00f3seas kennir, a\u00f0 Gu\u00f0 vilji miskunna sig yfir Gy\u00f0inga, ef \u00feeir sn\u00fai s\u00e9r til hans, og b\u00e6ti r\u00e1\u00f0 sitt.<\/div>\n<p><a name=\"1\"><span class=\"versanumer\">1<\/span><\/a>Drottinn sag\u00f0i til m\u00edn: far enn, og elska konu \u00fe\u00e1, er \u00e1\u00f0ur hefir unnt \u00f6\u00f0rum manni, en gj\u00f6rt s\u00ed\u00f0an vi\u00f0 hann hj\u00faskaparspj\u00f6ll; \u00fe\u00fa skalt unna henni, eins og Drottinn elskar \u00cdsraelsmenn, en \u00fe\u00f3tt \u00feeir hafi augun \u00e1 hj\u00e1gu\u00f0um og s\u00e9u s\u00f3lgnir \u00ed \u00fer\u00fagnasykur.<a name=\"2\"><span class=\"versanumer\">2<\/span><\/a>Eg keypti m\u00e9r \u00fe\u00e1 konu fyrir 15 sikla silfurs og h\u00e1lfan annan g\u00f3mer byggs,<a name=\"3\"><span class=\"versanumer\">3<\/span><\/a>og sag\u00f0i til hennar: ver kyrr hj\u00e1 m\u00e9r \u00ed marga daga, frem ekki h\u00f3rd\u00f3m, og skipt \u00fe\u00e9r ekki af \u00f6\u00f0rum m\u00f6nnum, \u00fe\u00e1 skal eg l\u00edka halda trygg\u00f0 vi\u00f0 \u00feig.<a name=\"4\"><span class=\"versanumer\">4<\/span><\/a>\u00dev\u00ed \u00cdsraelsmenn skulu \u00ed marga daga vera \u00e1n konungs og h\u00f6f\u00f0ingja, \u00e1n f\u00f3rnar og l\u00edkneskja, \u00e1n h\u00f6kuls og h\u00fasgo\u00f0a.<a name=\"5\"><span class=\"versanumer\">5<\/span><\/a>Eftir \u00fea\u00f0 skulu \u00cdsraelsmenn sn\u00faa s\u00e9r og leita Drottins, s\u00edns Gu\u00f0s, og Dav\u00ed\u00f0s, s\u00edns konungs; \u00feeir skulu fl\u00fdja \u00e1 n\u00e1\u00f0ir Drottins og til hans miskunnar \u00e1 hinum s\u00ed\u00f0ustu t\u00edmum.<\/p>\n<div class=\"footnoteVidey\">V. 1. \u00der\u00fagnasykur: af \u00fer\u00fagnalegi var fyrst tilb\u00fai\u00f0 \u00fer\u00fagnas\u00fdr\u00f3p, \u00feetta var s\u00ed\u00f0an so\u00f0i\u00f0, uns \u00fea\u00f0 har\u00f0na\u00f0i og var\u00f0 \u00fe\u00e1 \u00far \u00fev\u00ed \u00fer\u00fagnasykur, \u00feynntu menn \u00fea\u00f0 aftur og gj\u00f6r\u00f0u \u00far \u00fev\u00ed s\u00e6tan, lj\u00faffengan drykk.<\/div>\n","protected":false},"excerpt":{"rendered":"<p>H\u00f3seas kennir, a\u00f0 Gu\u00f0 vilji miskunna sig yfir Gy\u00f0inga, ef \u00feeir sn\u00fai s\u00e9r til hans, og b\u00e6ti r\u00e1\u00f0 sitt. 1Drottinn sag\u00f0i til m\u00edn: far enn, og elska konu \u00fe\u00e1, er \u00e1\u00f0ur hefir unnt \u00f6\u00f0rum manni, en gj\u00f6rt s\u00ed\u00f0an vi\u00f0 hann hj\u00faskaparspj\u00f6ll; \u00fe\u00fa skalt unna henni, eins og Drottinn elskar \u00cdsraelsmenn, en \u00fe\u00f3tt \u00feeir hafi augun \u00e1 hj\u00e1gu\u00f0um og s\u00e9u s\u00f3lgnir \u00ed \u00fer\u00fagnasykur.2Eg keypti m\u00e9r \u00fe\u00e1 konu fyrir 15 sikla silfurs og h\u00e1lfan annan g\u00f3mer byggs,3og sag\u00f0i til hennar: ver kyrr hj\u00e1 m\u00e9r \u00ed marga daga, frem ekki h\u00f3rd\u00f3m, og skipt \u00fe\u00e9r ekki af \u00f6\u00f0rum m\u00f6nnum, \u00fe\u00e1 skal eg l\u00edka halda <a href=\"https:\/\/biblian.is\/videy\/hosea-3-kafli\/\"> [&#8230;]<\/a><\/p>\n","protected":false},"author":1,"featured_media":0,"parent":0,"menu_order":0,"comment_status":"open","ping_status":"open","template":"bibliukaflar.php","meta":{"footnotes":""},"class_list":["post-21714","page","type-page","status-publish","hentry"],"_links":{"self":[{"href":"https:\/\/biblian.is\/videy\/wp-json\/wp\/v2\/pages\/21714","targetHints":{"allow":["GET"]}}],"collection":[{"href":"https:\/\/biblian.is\/videy\/wp-json\/wp\/v2\/pages"}],"about":[{"href":"https:\/\/biblian.is\/videy\/wp-json\/wp\/v2\/types\/page"}],"author":[{"embeddable":true,"href":"https:\/\/biblian.is\/videy\/wp-json\/wp\/v2\/users\/1"}],"replies":[{"embeddable":true,"href":"https:\/\/biblian.is\/videy\/wp-json\/wp\/v2\/comments?post=21714"}],"version-history":[{"count":0,"href":"https:\/\/biblian.is\/videy\/wp-json\/wp\/v2\/pages\/21714\/revisions"}],"wp:attachment":[{"href":"https:\/\/biblian.is\/videy\/wp-json\/wp\/v2\/media?parent=21714"}],"curies":[{"name":"wp","href":"https:\/\/api.w.org\/{rel}","templated":true}]}}