{"id":21713,"date":"2018-01-02T01:03:38","date_gmt":"2018-01-02T01:03:38","guid":{"rendered":"http:\/\/biblian.is\/videy\/hosea-2-kafli\/"},"modified":"2018-01-02T01:03:38","modified_gmt":"2018-01-02T01:03:38","slug":"hosea-2-kafli","status":"publish","type":"page","link":"https:\/\/biblian.is\/videy\/hosea-2-kafli\/","title":{"rendered":"H\u00f3sea 2. kafli"},"content":{"rendered":"<div class=\"fyrirsognVidey\">H\u00f3seas talar um Gu\u00f0s n\u00e1\u00f0 1\u20133; r\u00e9ttl\u00e6ti 4\u201315; og miskunnsemi vi\u00f0 Gy\u00f0inga 16\u201325.<\/div>\n<p><a name=\"1\"><span class=\"versanumer\">1<\/span><\/a>Tala \u00cdsraelsmanna skal ver\u00f0a sem sandur sj\u00e1var, sem ekki ver\u00f0ur m\u00e6ldur og ekki talinn; og \u00e1 \u00feeim sta\u00f0, hvar til \u00feeirra var sagt, \u201e\u00fe\u00e9r eru\u00f0 ekki mitt f\u00f3lk\u201c, \u00fear skal til \u00feeirra sagt ver\u00f0a: \u00fe\u00e9r b\u00f6rn ens lifanda Gu\u00f0s!<a name=\"2\"><span class=\"versanumer\">2<\/span><\/a>J\u00fadar\u00edkis menn og \u00cdsraels menn skulu allir til samans safnast, velja s\u00e9r einn yfirmann, og hefja fer\u00f0 s\u00edna upp af landinu <span class='VideyAth'>f)<\/span>;<a name=\"3\"><span class=\"versanumer\">3<\/span><\/a>\u00fe\u00e1 skulu\u00f0 \u00fe\u00e9r kalla y\u00f0ar br\u00e6\u00f0ur Amm\u00ed <span class='VideyAth'>(mitt f\u00f3lk)<\/span>, og segja til y\u00f0ar systra: R\u00fdkama <span class='VideyAth'>(h\u00fan er til n\u00e1\u00f0ar tekin)<\/span>.<br \/><a name=\"4\"><span class=\"versanumer\">4<\/span><\/a>Vandi\u00f0 um vi\u00f0 m\u00f3\u00f0ur y\u00f0ar <span class='VideyAth'>g)<\/span>, vandi\u00f0 um vi\u00f0 hana <span class='VideyAth'>(\u00fev\u00ed h\u00fan er n\u00fa ekki m\u00edn eiginkona, og eg ekki hennar ma\u00f0ur)<\/span>, a\u00f0 h\u00fan sn\u00fai augum s\u00ednum fr\u00e1 lostagirnd, og brj\u00f3stum s\u00ednum fr\u00e1 hj\u00faskaparspj\u00f6llum;<a name=\"5\"><span class=\"versanumer\">5<\/span><\/a>svo eg ekki afkl\u00e6\u00f0i hana, \u00fear til h\u00fan ver\u00f0ur nakin, og l\u00e1ti hana vera fyrir mannasj\u00f3num, eins og \u00feann dag er h\u00fan f\u00e6ddist, gj\u00f6ri hana a\u00f0 ey\u00f0im\u00f6rku og a\u00f0 vatnslausu landi, og l\u00e1ti hana deyja af \u00feorsta,<a name=\"6\"><span class=\"versanumer\">6<\/span><\/a>og sj\u00e1i ekki aumur \u00e1 b\u00f6rnum hennar; \u00fev\u00ed \u00feau eru h\u00f3rgetin.<a name=\"7\"><span class=\"versanumer\">7<\/span><\/a>J\u00e1, m\u00f3\u00f0ir \u00feeirra dr\u00fdgir h\u00f3rd\u00f3m; h\u00fan, sem gat \u00feau, sm\u00e1nar sj\u00e1lfa sig! \u00fev\u00ed h\u00fan segir: eg vil fylgja \u00e1stm\u00f6nnum m\u00ednum, sem gefa m\u00e9r brau\u00f0 og vatn, ull og h\u00f6r, vi\u00f0smj\u00f6r og drykk?<a name=\"8\"><span class=\"versanumer\">8<\/span><\/a>\u00dear fyrir, sj\u00e1 \u00fe\u00fa! eg gir\u00f0i fyrir veg \u00feinn me\u00f0 \u00feyrnum, og hle\u00f0 \u00fevergar\u00f0 fyrir hann, svo h\u00fan finni ekki s\u00edna stigu;<a name=\"9\"><span class=\"versanumer\">9<\/span><\/a>svo a\u00f0, \u00fe\u00e1 h\u00fan hleypur eftir \u00e1stm\u00f6nnum s\u00ednum og n\u00e6r \u00feeim ekki, leitar \u00feeirra og finnur ekki, a\u00f0 h\u00fan \u00fe\u00e1 segi: eg vil hverfa aftur til m\u00edns fyrsta manns, \u00fev\u00ed \u00fear \u00e1tti eg betra, en n\u00fa \u00e1 eg.<a name=\"10\"><span class=\"versanumer\">10<\/span><\/a>H\u00fan vildi ekki vi\u00f0 \u00fea\u00f0 kannast, a\u00f0 eg v\u00e6ri s\u00e1, sem g\u00e6fi henni korni\u00f0, \u00fer\u00fagnal\u00f6ginn og vi\u00f0smj\u00f6ri\u00f0, og veitti henni gn\u00f3tt silfurs og gulls, \u00far hv\u00f6rju \u00feeir hafa sm\u00ed\u00f0a\u00f0 gersemar handa Baal.<a name=\"11\"><span class=\"versanumer\">11<\/span><\/a>\u00deess vegna vil eg taka aftur mitt korn \u00e1 uppskerut\u00edmanum og minn \u00fer\u00fagnal\u00f6g \u00e1 v\u00ednlesturst\u00edmanum, eg vil taka aftur m\u00edna ull og minn h\u00f6r, sem h\u00fan hefir haft til a\u00f0 sk\u00fdla s\u00e9r me\u00f0.<a name=\"12\"><span class=\"versanumer\">12<\/span><\/a>N\u00fa vil eg gj\u00f6ra henni opinbera sm\u00e1n \u00ed augs\u00fdn fylgismanna hennar, og engi skal f\u00e1 \u00ferifi\u00f0 hana undan minni hendi.<a name=\"13\"><span class=\"versanumer\">13<\/span><\/a>Eg vil enda gj\u00f6ra \u00e1 allri hennar gle\u00f0i, hennar helgid\u00f6gum, tunglkomuh\u00e1t\u00ed\u00f0um, hv\u00edldard\u00f6gum og \u00f6llum hennar l\u00f6gh\u00e1t\u00ed\u00f0um.<a name=\"14\"><span class=\"versanumer\">14<\/span><\/a>Eg vil \u00ed ey\u00f0i leggja hennar v\u00edntr\u00e9 og f\u00edkjutr\u00e9, \u00fear e\u00f0 h\u00fan segir: \u00feetta eru \u00feau laun, sem \u00e1stmenn m\u00ednir hafa gefi\u00f0 m\u00e9r; eg skal gj\u00f6ra \u00feau a\u00f0 sk\u00f3garm\u00f6rk, svo a\u00f0 sk\u00f3gard\u00fdrin uppeti \u00feau.<a name=\"15\"><span class=\"versanumer\">15<\/span><\/a>\u00deannig vil eg hegna henni fyrir s\u00edn h\u00e1t\u00ed\u00f0ah\u00f6ld til hei\u00f0urs vi\u00f0 \u00fe\u00e1 Baalsgu\u00f0i, fyrir hv\u00f6rjum h\u00fan brenndi reykelsi, og pr\u00fdddi sig me\u00f0 nasanistum og h\u00e1lsmenjum, fylgdi \u00e1stm\u00f6nnum s\u00ednum, en gleymdi m\u00e9r, segir Drottinn.<br \/><a name=\"16\"><span class=\"versanumer\">16<\/span><\/a>\u00deess vegna, sj\u00e1 \u00fe\u00fa! eg skal la\u00f0a hana og lei\u00f0a hana \u00fat \u00e1 ey\u00f0im\u00f6rku, og telja \u00fear um fyrir henni.<a name=\"17\"><span class=\"versanumer\">17<\/span><\/a>Eftir \u00fea\u00f0 vil eg gefa henni hennar v\u00edngar\u00f0a, og Akorsdal, \u00fe\u00e6r vonardyrnar; \u00fear skal h\u00fan syngja s\u00f6ngva \u00e1 v\u00edxl, eins og \u00e1 hennar \u00e6skud\u00f6gum, eins og \u00feann dag er h\u00fan f\u00f3r \u00fat af Egyptalandi.<a name=\"18\"><span class=\"versanumer\">18<\/span><\/a>\u00c1 \u00feeim degi, segir Drottinn, skaltu til m\u00edn kalla: hjarta\u00f0 mitt! \u00fe\u00e1 skaltu ekki framar segja: Baal minn!<a name=\"19\"><span class=\"versanumer\">19<\/span><\/a>\u00fev\u00ed eg vil venja hana af a\u00f0 hafa n\u00f6fn Baalsgo\u00f0a \u00e1 v\u00f6rum s\u00e9r, svo ekki ver\u00f0i framar minnst \u00e1 \u00feau n\u00f6fn.<a name=\"20\"><span class=\"versanumer\">20<\/span><\/a>\u00c1 hinum sama degi vil eg fyrir h\u00f6nd \u00cdsraelsmanna gj\u00f6ra fri\u00f0ars\u00e1ttm\u00e1la vi\u00f0 d\u00fdr sk\u00f3garins, fugla himinsins og vi\u00f0 skri\u00f0kvikindi jar\u00f0ar; bogana, sver\u00f0in og hervopnin vil eg sundurbrj\u00f3ta og varpa \u00feeim \u00fat af landinu, og l\u00e1ta \u00fe\u00e1 b\u00faa \u00fear \u00ed fri\u00f0i.<a name=\"21\"><span class=\"versanumer\">21<\/span><\/a>Eg vil festa \u00feig m\u00e9r til eiginor\u00f0s, eg vil festa \u00feig m\u00e9r \u00ed r\u00e9ttl\u00e6ti og r\u00e9ttv\u00edsi, \u00ed l\u00edkn og miskunnsemi,<a name=\"22\"><span class=\"versanumer\">22<\/span><\/a>eg vil festa \u00feig m\u00e9r \u00ed tr\u00fafesti, og \u00fe\u00fa skalt \u00feekkja Drottin.<a name=\"23\"><span class=\"versanumer\">23<\/span><\/a>\u00c1 \u00feeim hinum sama degi vil eg b\u00e6nheyra, segir Drottinn, eg vil b\u00e6nheyra himininn, og hann skal b\u00e6nheyra j\u00f6r\u00f0ina,<a name=\"24\"><span class=\"versanumer\">24<\/span><\/a>j\u00f6r\u00f0in skal b\u00e6nheyra korni\u00f0, \u00fer\u00fagnal\u00f6ginn og vi\u00f0smj\u00f6ri\u00f0, og \u00feau skulu b\u00e6nheyra \u00cdsrael.<a name=\"25\"><span class=\"versanumer\">25<\/span><\/a>Eg vil gr\u00f3\u00f0ursetja hana handa m\u00e9r \u00ed landinu, og miskunna mig yfir L\u00f3-r\u00fdk\u00f6mu; og eg vil segja vi\u00f0 L\u00f3-amm\u00ed: \u00fe\u00fa ert mitt f\u00f3lk! og hann skal segja: minn Gu\u00f0!<\/p>\n<div class=\"footnoteVidey\">V. 2. f. \u00dar \u00fatleg\u00f0inni.  V. 4. g. \u00de\u00e9r \u00cdsraelsmenn, sem vilji\u00f0 vel y\u00f0ar f\u00f6\u00f0urlandi, setji\u00f0 \u00fej\u00f3\u00f0inni fyrir sj\u00f3nir, hva\u00f0 illt \u00fea\u00f0 s\u00e9 fyrir land og l\u00fd\u00f0, a\u00f0 h\u00fan hefir falli\u00f0 fr\u00e1 s\u00ednum Drottni til a\u00f0 \u00fej\u00f3na skur\u00f0go\u00f0um.  V. 17. \u00cdsraelsmenn f\u00f3ru Akorsdal inn \u00ed Kanaansland.  V. 24. J\u00edsreel, sj\u00e1, 1, 11.  V. 25. L\u00f3-r\u00fdkama, sj\u00e1 1,6; L\u00f3-amm\u00ed, sj\u00e1 1,9.<\/div>\n","protected":false},"excerpt":{"rendered":"<p>H\u00f3seas talar um Gu\u00f0s n\u00e1\u00f0 1\u20133; r\u00e9ttl\u00e6ti 4\u201315; og miskunnsemi vi\u00f0 Gy\u00f0inga 16\u201325. 1Tala \u00cdsraelsmanna skal ver\u00f0a sem sandur sj\u00e1var, sem ekki ver\u00f0ur m\u00e6ldur og ekki talinn; og \u00e1 \u00feeim sta\u00f0, hvar til \u00feeirra var sagt, \u201e\u00fe\u00e9r eru\u00f0 ekki mitt f\u00f3lk\u201c, \u00fear skal til \u00feeirra sagt ver\u00f0a: \u00fe\u00e9r b\u00f6rn ens lifanda Gu\u00f0s!2J\u00fadar\u00edkis menn og \u00cdsraels menn skulu allir til samans safnast, velja s\u00e9r einn yfirmann, og hefja fer\u00f0 s\u00edna upp af landinu f);3\u00fe\u00e1 skulu\u00f0 \u00fe\u00e9r kalla y\u00f0ar br\u00e6\u00f0ur Amm\u00ed (mitt f\u00f3lk), og segja til y\u00f0ar systra: R\u00fdkama (h\u00fan er til n\u00e1\u00f0ar tekin).4Vandi\u00f0 um vi\u00f0 m\u00f3\u00f0ur y\u00f0ar g), vandi\u00f0 um vi\u00f0 <a href=\"https:\/\/biblian.is\/videy\/hosea-2-kafli\/\"> [&#8230;]<\/a><\/p>\n","protected":false},"author":1,"featured_media":0,"parent":0,"menu_order":0,"comment_status":"open","ping_status":"open","template":"bibliukaflar.php","meta":{"footnotes":""},"class_list":["post-21713","page","type-page","status-publish","hentry"],"_links":{"self":[{"href":"https:\/\/biblian.is\/videy\/wp-json\/wp\/v2\/pages\/21713","targetHints":{"allow":["GET"]}}],"collection":[{"href":"https:\/\/biblian.is\/videy\/wp-json\/wp\/v2\/pages"}],"about":[{"href":"https:\/\/biblian.is\/videy\/wp-json\/wp\/v2\/types\/page"}],"author":[{"embeddable":true,"href":"https:\/\/biblian.is\/videy\/wp-json\/wp\/v2\/users\/1"}],"replies":[{"embeddable":true,"href":"https:\/\/biblian.is\/videy\/wp-json\/wp\/v2\/comments?post=21713"}],"version-history":[{"count":0,"href":"https:\/\/biblian.is\/videy\/wp-json\/wp\/v2\/pages\/21713\/revisions"}],"wp:attachment":[{"href":"https:\/\/biblian.is\/videy\/wp-json\/wp\/v2\/media?parent=21713"}],"curies":[{"name":"wp","href":"https:\/\/api.w.org\/{rel}","templated":true}]}}