{"id":21711,"date":"2018-01-02T01:03:38","date_gmt":"2018-01-02T01:03:38","guid":{"rendered":"http:\/\/biblian.is\/videy\/daniel-12-kafli\/"},"modified":"2018-01-02T01:03:38","modified_gmt":"2018-01-02T01:03:38","slug":"daniel-12-kafli","status":"publish","type":"page","link":"https:\/\/biblian.is\/videy\/daniel-12-kafli\/","title":{"rendered":"Dan\u00edel 12. kafli"},"content":{"rendered":"<div class=\"fyrirsognVidey\">\u00c1lyktunaror\u00f0 sp\u00e1d\u00f3msins.<\/div>\n<p><a name=\"1\"><span class=\"versanumer\">1<\/span><\/a>\u00c1 \u00feeim t\u00edma mun Mikael h\u00f6fu\u00f0engill fram ganga, hann sem er verjandi landsmanna \u00feinna\u2014\u00fev\u00ed \u00fe\u00e1 mun s\u00fa h\u00f6rmungart\u00ed\u00f0 koma, a\u00f0 sl\u00edk mun aldrei veri\u00f0 hafa, fr\u00e1 \u00fev\u00ed a\u00f0 menn ur\u00f0u fyrst til og allt til \u00feessara t\u00edma\u2014og \u00e1 \u00feeim t\u00edma munu landsmenn \u00fe\u00ednir frelsa\u00f0ir ver\u00f0a, allir \u00feeir sem skr\u00e1\u00f0ir finnast \u00e1 b\u00f3kinni.<a name=\"2\"><span class=\"versanumer\">2<\/span><\/a>Og margir af \u00feeim sem sofa \u00ed dufti jar\u00f0arinnar, munu uppvakna, sumir til \u00e6varandi l\u00edfs, sumir til \u00e6varandi skammar og sm\u00e1nar.<a name=\"3\"><span class=\"versanumer\">3<\/span><\/a>\u00deeir tr\u00faf\u00f6stu munu lj\u00f3ma sem himingeislar, og \u00feeir, sem m\u00f6rgum hafa v\u00edsa\u00f0 \u00e1 r\u00e9ttan veg, munu sk\u00edna sem stj\u00f6rnur um aldur og \u00e6vi.<a name=\"4\"><span class=\"versanumer\">4<\/span><\/a>Og \u00fe\u00fa, Dan\u00edel, geym sp\u00e1d\u00f3minn og innsigla b\u00f3kina, allt \u00fear til endirinn kemur. \u00de\u00e1 munu margir rannsaka hann, og ver\u00f0a v\u00edsari hins sanna.<a name=\"5\"><span class=\"versanumer\">5<\/span><\/a>Ennfremur s\u00e1 eg, Dan\u00edel, a\u00f0 tveir a\u00f0rir menn st\u00f3\u00f0u s\u00ednumegin flj\u00f3tsins hv\u00f6r,<a name=\"6\"><span class=\"versanumer\">6<\/span><\/a>og sag\u00f0i annar \u00feeirra til l\u00ednkl\u00e6dda mannsins, sem st\u00f3\u00f0 fyrir ofan flj\u00f3tsv\u00f6tnin: hv\u00f6n\u00e6r mun endir ver\u00f0a \u00e1 \u00feessum st\u00f3rmerkjum?<a name=\"7\"><span class=\"versanumer\">7<\/span><\/a>\u00de\u00e1 heyr\u00f0i eg til hins l\u00ednkl\u00e6dda manns, sem st\u00f3\u00f0 fyrir ofan flj\u00f3tsv\u00f6tnin, a\u00f0 hann h\u00f3f upp s\u00edna h\u00e6gri og vinstri h\u00f6nd til himins, og s\u00f3r vi\u00f0 \u00feann sem lifir eil\u00edflega: eftir eina t\u00ed\u00f0, tv\u00e6r t\u00ed\u00f0ir og h\u00e1lfa t\u00ed\u00f0 <span class='VideyAth'>a)<\/span>, og \u00feegar sundurdreifing hins heilaga f\u00f3lksins er \u00e1 enda, mun allt \u00feetta fram koma.<a name=\"8\"><span class=\"versanumer\">8<\/span><\/a>Eg heyr\u00f0i \u00feetta, en skildi \u00fea\u00f0 ekki, og spur\u00f0i \u00fev\u00ed: hv\u00f6r mun endir \u00e1 \u00feessu ver\u00f0a?<a name=\"9\"><span class=\"versanumer\">9<\/span><\/a>En hann sag\u00f0i: gakk, Dan\u00edel! \u00fev\u00ed or\u00f0in eru afturlukt og innsiglu\u00f0, \u00fear til endirinn kemur;<a name=\"10\"><span class=\"versanumer\">10<\/span><\/a>margir munu ver\u00f0a hreinir, kl\u00e1rir og sk\u00edrir, en \u00feeir \u00f3gu\u00f0legu munu tj\u00e1 sig \u00f3gu\u00f0lega; enginn af \u00feeim \u00f3gu\u00f0legu mun skilja \u00feetta, en \u00feeir tr\u00far\u00e6knu munu skilja \u00fea\u00f0.<a name=\"11\"><span class=\"versanumer\">11<\/span><\/a>Fr\u00e1 \u00feeim t\u00edma, a\u00f0 hin daglega f\u00f3rn ver\u00f0ur aftekin, og til \u00feess a\u00f0 sv\u00edvir\u00f0ing ey\u00f0ileggjandans ver\u00f0ur upp reist, munu vera 1290 dagar <span class='VideyAth'>b)<\/span>.<a name=\"12\"><span class=\"versanumer\">12<\/span><\/a>S\u00e6ll er s\u00e1, sem \u00feolugur \u00fereyr, og n\u00e1\u00f0 getur 1335 d\u00f6gum.<a name=\"13\"><span class=\"versanumer\">13<\/span><\/a>En \u00fe\u00fa gakk \u00feitt skei\u00f0! og \u00fe\u00fa munt hv\u00edld \u00f6\u00f0last, og upp standa til a\u00f0 me\u00f0taka \u00feitt hlutskipti vi\u00f0 endir daganna.<\/p>\n<div class=\"footnoteVidey\">V. 7. a. \u00de. e. 31\/3  \u00e1r.  V. 11. b. Sami t\u00edmi \u00ed dagatali, sem \u00ed 7. v.<\/div>\n","protected":false},"excerpt":{"rendered":"<p>\u00c1lyktunaror\u00f0 sp\u00e1d\u00f3msins. 1\u00c1 \u00feeim t\u00edma mun Mikael h\u00f6fu\u00f0engill fram ganga, hann sem er verjandi landsmanna \u00feinna\u2014\u00fev\u00ed \u00fe\u00e1 mun s\u00fa h\u00f6rmungart\u00ed\u00f0 koma, a\u00f0 sl\u00edk mun aldrei veri\u00f0 hafa, fr\u00e1 \u00fev\u00ed a\u00f0 menn ur\u00f0u fyrst til og allt til \u00feessara t\u00edma\u2014og \u00e1 \u00feeim t\u00edma munu landsmenn \u00fe\u00ednir frelsa\u00f0ir ver\u00f0a, allir \u00feeir sem skr\u00e1\u00f0ir finnast \u00e1 b\u00f3kinni.2Og margir af \u00feeim sem sofa \u00ed dufti jar\u00f0arinnar, munu uppvakna, sumir til \u00e6varandi l\u00edfs, sumir til \u00e6varandi skammar og sm\u00e1nar.3\u00deeir tr\u00faf\u00f6stu munu lj\u00f3ma sem himingeislar, og \u00feeir, sem m\u00f6rgum hafa v\u00edsa\u00f0 \u00e1 r\u00e9ttan veg, munu sk\u00edna sem stj\u00f6rnur um aldur og \u00e6vi.4Og \u00fe\u00fa, Dan\u00edel, geym sp\u00e1d\u00f3minn <a href=\"https:\/\/biblian.is\/videy\/daniel-12-kafli\/\"> [&#8230;]<\/a><\/p>\n","protected":false},"author":1,"featured_media":0,"parent":0,"menu_order":0,"comment_status":"open","ping_status":"open","template":"bibliukaflar.php","meta":{"footnotes":""},"class_list":["post-21711","page","type-page","status-publish","hentry"],"_links":{"self":[{"href":"https:\/\/biblian.is\/videy\/wp-json\/wp\/v2\/pages\/21711","targetHints":{"allow":["GET"]}}],"collection":[{"href":"https:\/\/biblian.is\/videy\/wp-json\/wp\/v2\/pages"}],"about":[{"href":"https:\/\/biblian.is\/videy\/wp-json\/wp\/v2\/types\/page"}],"author":[{"embeddable":true,"href":"https:\/\/biblian.is\/videy\/wp-json\/wp\/v2\/users\/1"}],"replies":[{"embeddable":true,"href":"https:\/\/biblian.is\/videy\/wp-json\/wp\/v2\/comments?post=21711"}],"version-history":[{"count":0,"href":"https:\/\/biblian.is\/videy\/wp-json\/wp\/v2\/pages\/21711\/revisions"}],"wp:attachment":[{"href":"https:\/\/biblian.is\/videy\/wp-json\/wp\/v2\/media?parent=21711"}],"curies":[{"name":"wp","href":"https:\/\/api.w.org\/{rel}","templated":true}]}}