{"id":21710,"date":"2018-01-02T01:03:38","date_gmt":"2018-01-02T01:03:38","guid":{"rendered":"http:\/\/biblian.is\/videy\/daniel-11-kafli\/"},"modified":"2018-01-02T01:03:38","modified_gmt":"2018-01-02T01:03:38","slug":"daniel-11-kafli","status":"publish","type":"page","link":"https:\/\/biblian.is\/videy\/daniel-11-kafli\/","title":{"rendered":"Dan\u00edel 11. kafli"},"content":{"rendered":"<div class=\"fyrirsognVidey\">Um nokkura Persa konunga, um Alexander mikla, og um deilingu Grikklandsr\u00edkis \u00ed fj\u00f6gur r\u00edki, eftir dau\u00f0a Alexanders, 1\u20134; um vi\u00f0ureign hins egypska og s\u00fdrlenska r\u00edkis og \u00e1gang \u00feeirra \u00e1 Gy\u00f0inga, 5\u201320; um herfarir Ant\u00ed\u00f3kkus hins g\u00f6fga m\u00f3ti Egyptalandi, og hv\u00f6rsu hann mundi vilja nau\u00f0ga Gy\u00f0ingum til a\u00f0 kasta tr\u00fa sinni, 21\u201345.<\/div>\n<p><a name=\"1\"><span class=\"versanumer\">1<\/span><\/a>\u201e\u00c1 fyrsta \u00e1ri Dar\u00ed\u00fass fr\u00e1 Med\u00edalandi st\u00f3\u00f0 eg honum til styrktar og a\u00f0sto\u00f0ar.<a name=\"2\"><span class=\"versanumer\">2<\/span><\/a>N\u00fa vil eg segja \u00fe\u00e9r sannleikann: sj\u00e1! \u00fer\u00edr konungar <span class='VideyAth'>a)<\/span> munu enn koma til r\u00edkis \u00ed Persalandi, en hinn fj\u00f3r\u00f0i <span class='VideyAth'>b)<\/span> mun au\u00f0ugri ver\u00f0a en allir a\u00f0rir, og \u00ed trausti til sinnar au\u00f0leg\u00f0ar mun hann beita \u00f6llum s\u00ednum styrk m\u00f3ti Grikklandsr\u00edki.<a name=\"3\"><span class=\"versanumer\">3<\/span><\/a>\u00dear eftir mun upp r\u00edsa voldugur konungur <span class='VideyAth'>c)<\/span>, hann mun ver\u00f0a v\u00ed\u00f0lendur konungur, og til lei\u00f0ar koma \u00fev\u00ed er hann vill.<a name=\"4\"><span class=\"versanumer\">4<\/span><\/a>En \u00feegar uppgangur hans er sem mestur, \u00fe\u00e1 mun sundrast r\u00edki hans og skiptast \u00ed fj\u00f3rar \u00e1ttir, en \u00fe\u00f3 ekki til eftirkomenda hans, og ekki me\u00f0 sl\u00edku veldi sem hann haf\u00f0i, heldur mun r\u00edki hans afm\u00e1st, og komast \u00ed annarra hendur en \u00feeirra.<a name=\"5\"><span class=\"versanumer\">5<\/span><\/a>Konungurinn \u00ed Su\u00f0urr\u00edki <span class='VideyAth'>d)<\/span> mun voldugur ver\u00f0a; \u00fe\u00f3 mun annar af h\u00f6fu\u00f0sm\u00f6nnum hans <span class='VideyAth'>(Alexanders)<\/span> ver\u00f0a enn voldugri, og r\u00e1\u00f0a yfir miklu r\u00edki <span class='VideyAth'>e)<\/span>.<a name=\"6\"><span class=\"versanumer\">6<\/span><\/a>A\u00f0 nokkrum \u00e1rum li\u00f0num munu \u00feeir m\u00e6gjast hv\u00f6r vi\u00f0 annan; \u00fe\u00e1 mun d\u00f3ttir <span class='VideyAth'>f)<\/span> konungsins \u00ed Su\u00f0urr\u00edki ganga a\u00f0 eiga konunginn af Nor\u00f0urr\u00edki <span class='VideyAth'>a)<\/span>, til \u00feess a\u00f0 gj\u00f6ra fri\u00f0; en h\u00fan mun ekki nj\u00f3ta styrks \u00feess armleggsins, \u00fev\u00ed hv\u00f6rki mun hann n\u00e9 afkv\u00e6mi hans langg\u00e6tt ver\u00f0a; h\u00fan og \u00feeir, sem hana h\u00f6f\u00f0u flutt \u00feanga\u00f0, sonur hennar og \u00feeir, sem h\u00f6f\u00f0u veri\u00f0 henni til trausts \u00ed h\u00e1skanum, munu framseldir ver\u00f0a til dr\u00e1ps <span class='VideyAth'>b)<\/span>.<a name=\"7\"><span class=\"versanumer\">7<\/span><\/a>En \u00ed sta\u00f0 hans mun kvistur upp renna af hennar r\u00f3tum <span class='VideyAth'>c)<\/span>; s\u00e1 mun koma me\u00f0 li\u00f0safla, og fara m\u00f3ti virkjum konungsins af Nor\u00f0urr\u00edki, gj\u00f6ra \u00e1hlaup \u00e1 \u00feau, og hafa sigur;<a name=\"8\"><span class=\"versanumer\">8<\/span><\/a>j\u00e1, hann mun jafnvel herlei\u00f0a skur\u00f0go\u00f0 \u00feeirra <span class='VideyAth'>(S\u00fdrlendinga)<\/span>, \u00feeirra steyptu l\u00edkneskjur, og d\u00fdrindisker af gulli og silfri, og flytja \u00feau til Egyptalands, og \u00ed nokkur \u00e1r mun hann reisa r\u00f6nd vi\u00f0 konunginum af Nor\u00f0urr\u00edki.<a name=\"9\"><span class=\"versanumer\">9<\/span><\/a>S\u00ed\u00f0an mun \u00feessi <span class='VideyAth'>d)<\/span> fara me\u00f0 her inn \u00ed r\u00edki Sunnmanna konungs, og aftur hverfa heim \u00ed sitt land.<a name=\"10\"><span class=\"versanumer\">10<\/span><\/a>En synir hans munu treysta \u00e1 fremsta megn, og draga saman st\u00f3rmikinn mannfj\u00f6lda, og einn af \u00feeim <span class='VideyAth'>e)<\/span> mun fram brj\u00f3tast, og va\u00f0a yfir sem \u00e1rstraumur; hann mun b\u00faa sig a\u00f0 n\u00fdju, og brj\u00f3tast fram a\u00f0 kastala hans.<a name=\"11\"><span class=\"versanumer\">11<\/span><\/a>\u00deetta mun s\u00e1rna Su\u00f0urmanna konungi <span class='VideyAth'>f)<\/span>, og mun hann \u00fat fara og halda herna\u00f0 vi\u00f0 Nor\u00f0urr\u00edkis konung; hann mun kve\u00f0ja upp mikinn mannfj\u00f6lda, og mun s\u00e1 her settur ver\u00f0a undir sj\u00e1lfs hans herstj\u00f3rn.<a name=\"12\"><span class=\"versanumer\">12<\/span><\/a>Herinn mun ver\u00f0a st\u00f3rhuga, og hjarta konungsins metna\u00f0arfullt, hann mun a\u00f0 velli leggja 10 \u00fe\u00fasundir, og \u00fe\u00f3 ekki n\u00e1 yfirr\u00e1\u00f0um yfir landinu;<a name=\"13\"><span class=\"versanumer\">13<\/span><\/a>\u00dev\u00ed Nor\u00f0urr\u00edkiskonungur mun enn af n\u00fdju saman draga her, miklu meira en \u00ed fyrra sinni, og a\u00f0 li\u00f0num nokkurum \u00e1rum mun hann fram bruna me\u00f0 fj\u00f6lmennum li\u00f0safla og miklum vi\u00f0b\u00fana\u00f0i.<a name=\"14\"><span class=\"versanumer\">14<\/span><\/a>\u00c1 sama t\u00edma munu margir r\u00edsa \u00ed gegn Su\u00f0urmanna konungi <span class='VideyAth'>g)<\/span>; og \u00feeir af landsm\u00f6nnum \u00fe\u00ednum, sem eru uppiv\u00f6\u00f0slusamir, munu \u00fe\u00e1 hefja uppreisn <span class='VideyAth'>h)<\/span>, til \u00feess vitranin r\u00e6tist, og \u00feeir hinir s\u00f6mu munu falla.<a name=\"15\"><span class=\"versanumer\">15<\/span><\/a>Nor\u00f0urr\u00edkjakonungur <span class='VideyAth'>i)<\/span> mun n\u00fa koma, hleypa upp jar\u00f0hrygg, og n\u00e1 einni v\u00edggirtri borg <span class='VideyAth'>k)<\/span>, \u00fev\u00ed Su\u00f0urr\u00edkis hermenn munu engri m\u00f3tst\u00f6\u00f0u vi\u00f0 koma, og jafnvel einvalali\u00f0i\u00f0 mun \u00f6ngvan \u00fer\u00f3tt hafa til m\u00f3tvarnar.<a name=\"16\"><span class=\"versanumer\">16<\/span><\/a>\u00c1 \u00feessari sinni herfer\u00f0 m\u00f3ti honum <span class='VideyAth'>l)<\/span> mun hann fram fara eftir vild sinni, og enginn mun f\u00e1 sta\u00f0i\u00f0 \u00ed m\u00f3ti honum; hann mun f\u00e1 f\u00f3tfestu \u00ed hinu \u00e1g\u00e6ta landinu <span class='VideyAth'>m)<\/span> og koma \u00fev\u00ed til fulls undir sitt vald.<a name=\"17\"><span class=\"versanumer\">17<\/span><\/a>\u00dev\u00ed n\u00e6st mun hann hafa \u00fea\u00f0 \u00ed r\u00e1\u00f0i, a\u00f0 koma me\u00f0 gj\u00f6rv\u00f6llum styrk s\u00edns r\u00edkis; \u00fe\u00f3 mun hann gj\u00f6ra fri\u00f0 vi\u00f0 hann, og gifta honum konungsd\u00f3tturina <span class='VideyAth'>n)<\/span>, til \u00feess a\u00f0 h\u00fan skuli vinna honum tj\u00f3n; en \u00fea\u00f0 mun ei framgengt ver\u00f0a, og ekki takast honum.<a name=\"18\"><span class=\"versanumer\">18<\/span><\/a>S\u00ed\u00f0an mun hann renna augum s\u00ednum til strandbygg\u00f0anna, og vinna margar af \u00feeim; en hersh\u00f6f\u00f0ingi nokkur <span class='VideyAth'>o)<\/span> mun enda gj\u00f6ra \u00e1 hans yfirgangi, j\u00e1 l\u00e1ta sm\u00e1nina lenda \u00e1 honum sj\u00e1lfum.<a name=\"19\"><span class=\"versanumer\">19<\/span><\/a>\u00de\u00e1 mun hann aftur hverfa til hinna umgirtu borga \u00ed s\u00ednu eigin landi, en \u00fear mun hann hrasa og falla, og hans mun engan sta\u00f0 sj\u00e1 framar <span class='VideyAth'>p)<\/span>.<a name=\"20\"><span class=\"versanumer\">20<\/span><\/a>\u00de\u00e1 mun annar koma \u00ed hans sta\u00f0, s\u00e1 mun senda k\u00fagara nokkurn inn \u00ed hi\u00f0 veglega r\u00edki\u00f0 <span class='VideyAth'>q)<\/span>; en a\u00f0 f\u00e1rra daga fresti mun honum steypt ver\u00f0a, \u00fe\u00f3 ekki me\u00f0 ofr\u00edki e\u00f0a \u00ed bardaga.<a name=\"21\"><span class=\"versanumer\">21<\/span><\/a>N\u00fa mun \u00ed hans sta\u00f0 koma fyrirlitlegur ma\u00f0ur <span class='VideyAth'>a)<\/span>, hv\u00f6rjum konungstignin ekki var \u00e6tlu\u00f0; hann mun koma \u00far \u00feegjanda hlj\u00f3\u00f0i og n\u00e1 undir sig r\u00edkinu me\u00f0 fagurgala;<a name=\"22\"><span class=\"versanumer\">22<\/span><\/a>og herflokkar fl\u00e6\u00f0ilandsins <span class='VideyAth'>b)<\/span> munu af honum keyr\u00f0ir \u00ed kaf og sundurkramdir ver\u00f0a, og s\u00f6mulei\u00f0is sambandsh\u00f6f\u00f0inginn <span class='VideyAth'>e)<\/span>.<a name=\"23\"><span class=\"versanumer\">23<\/span><\/a>Upp fr\u00e1 \u00fev\u00ed a\u00f0 hann hefir bundi\u00f0 f\u00e9lagsskap vi\u00f0 hann, mun hann beita svikum, f\u00e6ra sig upp \u00e1 marki\u00f0, og ver\u00f0a efri, \u00fe\u00f3tt hann s\u00e9 f\u00e1li\u00f0a\u00f0ur.<a name=\"24\"><span class=\"versanumer\">24<\/span><\/a>Hann mun brj\u00f3tast inn \u00ed \u00fe\u00e6r ugglausu og frj\u00f3vs\u00f6mu lands\u00e1lfur, og \u00fear a\u00f0hafast \u00fea\u00f0, sem hv\u00f6rki fe\u00f0ur hans, n\u00e9 forfe\u00f0ur h\u00f6f\u00f0u a\u00f0hafst, s\u00f3a r\u00e6ndu og herteknu f\u00e9 til manna sinna, og hafa r\u00e1\u00f0agj\u00f6r\u00f0ir \u00ed hyggju gegn umgirtum borgum; og \u00feessu mun hann fram fara um hr\u00ed\u00f0.<a name=\"25\"><span class=\"versanumer\">25<\/span><\/a>\u00dev\u00ed n\u00e6st mun hann beita styrk s\u00ednum og hugrekki \u00ed gegn Sunnmanna konungi <span class='VideyAth'>d)<\/span> me\u00f0 miklum li\u00f0safla; en Su\u00f0urr\u00edkiskonungur mun hefja \u00f3fri\u00f0 vi\u00f0 hann me\u00f0 miklum her og mj\u00f6g v\u00edglegum, en \u00fe\u00f3 mun hann ekki f\u00e1 \u00ed m\u00f3ti sta\u00f0ist, \u00fev\u00ed honum munu svikr\u00e6\u00f0i b\u00fain.<a name=\"26\"><span class=\"versanumer\">26<\/span><\/a>M\u00f6tunautar hans munu steypa honum, og herli\u00f0 hans <span class='VideyAth'>(Anti\u00f3kuss)<\/span> mun yfir geysa, og margur ma\u00f0ur \u00ed val falla.<a name=\"27\"><span class=\"versanumer\">27<\/span><\/a>B\u00e1\u00f0ir konungarnir <span class='VideyAth'>e)<\/span> munu hafa illt \u00ed hyggju hv\u00f6r gegn \u00f6\u00f0rum, og tala fl\u00e6r\u00f0arsamlega a\u00f0 hinu sama bor\u00f0i; en \u00feetta mun \u00feeim ei takast, \u00fev\u00ed endalokin koma ei fyrr en \u00e1 tilteknum t\u00edma.<a name=\"28\"><span class=\"versanumer\">28<\/span><\/a>N\u00fa mun hann hverfa aftur heim \u00ed sitt land me\u00f0 miklum fj\u00e1rhlut, og sn\u00faa hug s\u00ednum \u00ed m\u00f3ti \u00feeim heilaga s\u00e1ttm\u00e1la, hann mun koma fram \u00e1formi s\u00ednu, og hverfa svo aftur heim \u00ed sitt land.<a name=\"29\"><span class=\"versanumer\">29<\/span><\/a>\u00c1 \u00e1kve\u00f0num t\u00edma mun hann aftur fara herf\u00f6r til Su\u00f0urr\u00edkis, og mun s\u00ed\u00f0ari f\u00f6rin ekki takast jafnvel sem hin fyrri;<a name=\"30\"><span class=\"versanumer\">30<\/span><\/a>\u00fev\u00ed skip munu koma \u00ed m\u00f3ti honum fr\u00e1 Kittealandi <span class='VideyAth'>f)<\/span>, svo hann mun sj\u00e1 sitt \u00f3v\u00e6nna og halda heimlei\u00f0is aftur; mun hann \u00fe\u00e1 l\u00e1ta heift s\u00edna koma ni\u00f0ur \u00e1 \u00feeim heilaga s\u00e1ttm\u00e1la, og a\u00f0 \u00fev\u00ed b\u00fanu hverfa aftur. Hann mun h\u00e6na a\u00f0 s\u00e9r \u00fe\u00e1, sem hafna hinum heilaga s\u00e1ttm\u00e1la;<a name=\"31\"><span class=\"versanumer\">31<\/span><\/a>herflokkar hans munu setjast \u00ed helgid\u00f3msvirki\u00f0 og vanhelga \u00fea\u00f0, aftaka hina daglegu f\u00f3rn, og reisa \u00fear vi\u00f0urstygg\u00f0 ey\u00f0ileggjandans <span class='VideyAth'>g)<\/span>;<a name=\"32\"><span class=\"versanumer\">32<\/span><\/a>\u00fe\u00e1, sem s\u00e1ttm\u00e1lanum hafna, mun hann me\u00f0 fagurm\u00e6lum a\u00f0 hei\u00f0ingjum gj\u00f6ra, en \u00feeir af f\u00f3lkinu, sem kannast vilja vi\u00f0 sinn Gu\u00f0, munu til s\u00edn taka dug og d\u00e1\u00f0, og \u00feeir gu\u00f0r\u00e6knu me\u00f0al f\u00f3lksins munu lei\u00f0r\u00e9tta marga.<a name=\"33\"><span class=\"versanumer\">33<\/span><\/a>A\u00f0 s\u00f6nnu munu \u00feeir um stundar sakir falla fyrir sver\u00f0i og b\u00e1li, af herlei\u00f0ingum og fj\u00e1rr\u00e1num,<a name=\"34\"><span class=\"versanumer\">34<\/span><\/a>en jafnvel \u00fe\u00f3 \u00feeir falli, mun \u00feeim samt veitast nokkur l\u00edtill styrkur, enn \u00fe\u00f3tt margir fylli flokk \u00feeirra af yfirdrepskap.<a name=\"35\"><span class=\"versanumer\">35<\/span><\/a>Nokkurir af \u00feeim gu\u00f0r\u00e6knu munu falla, svo a\u00f0rir ver\u00f0i hreinir, kl\u00e1rir og sk\u00edrir allt til enda; \u00fev\u00ed endirinn mun koma \u00e1 tilteknum t\u00edma.<a name=\"36\"><span class=\"versanumer\">36<\/span><\/a>En konungurinn mun fram fara eftir vild sinni, hann mun l\u00e1ta st\u00f3rlega og hefja sig upp yfir hv\u00f6rn gu\u00f0, og afaryr\u00f0i m\u00e6la \u00ed gegn Gu\u00f0i gu\u00f0anna; hann mun happadrj\u00fagur ver\u00f0a, allt \u00fear til rei\u00f0inni er loki\u00f0, sem ver\u00f0a mun, \u00feegar refsid\u00f3murinn er fram kominn.<a name=\"37\"><span class=\"versanumer\">37<\/span><\/a>Hann mun ekki skeyta gu\u00f0um fe\u00f0ra sinna, ekki hir\u00f0a um \u00fea\u00f0 fegursta gy\u00f0jul\u00edkneski, n\u00e9 um nokkurn gu\u00f0, \u00fev\u00ed hann mun hefja sig upp yfir allt.<a name=\"38\"><span class=\"versanumer\">38<\/span><\/a>Nema styrjaldargu\u00f0inn mun hann hei\u00f0ra, hvar sem hans l\u00edkneski stendur; \u00feann gu\u00f0, sem fe\u00f0ur hans hafa ekki \u00feekkt, mun hann veglegan gj\u00f6ra me\u00f0 gulli og silfri, me\u00f0 d\u00fdrum steinum og gersemum;<a name=\"39\"><span class=\"versanumer\">39<\/span><\/a>\u00feessar gersemar mun hann geyma \u00ed v\u00edggirtum go\u00f0ahofum. S\u00e9rhv\u00f6rjum \u00feeim, sem tekur vi\u00f0 \u00e1tr\u00fana\u00f0i hins \u00fatlenska gu\u00f0s, mun hann st\u00f3rar s\u00e6mdir veita, sl\u00edka mun hann gj\u00f6ra a\u00f0 h\u00f6fu\u00f0sm\u00f6nnum yfir fj\u00f6lda manns, og skipta landi me\u00f0 \u00feeim til ver\u00f0launa.<a name=\"40\"><span class=\"versanumer\">40<\/span><\/a>\u00deegar endirinn n\u00e1lgast, mun Su\u00f0urr\u00edkiskonungur fara me\u00f0 her \u00e1 hendur honum, en Nor\u00f0urr\u00edkiskonungur mun \u00feeysast \u00ed m\u00f3ti honum me\u00f0 v\u00f6gnum, riddurum og miklu skipali\u00f0i, og geysa yfir l\u00f6ndin eins og sj\u00e1varfl\u00f3\u00f0.<a name=\"41\"><span class=\"versanumer\">41<\/span><\/a>S\u00ed\u00f0an mun hann brj\u00f3tast inn \u00ed hi\u00f0 \u00e1g\u00e6ta landi\u00f0, og margir munu falla; \u00feessir munu undan komast yfirgangi hans, Edomsmenn, M\u00f3absmenn, og kjarninn af Ammonsm\u00f6nnum.<a name=\"42\"><span class=\"versanumer\">42<\/span><\/a>Hann mun sl\u00e1 hendi sinni yfir l\u00f6ndin, og Egyptaland mun ekki undan honum komast;<a name=\"43\"><span class=\"versanumer\">43<\/span><\/a>hann mun kasta eigu sinni \u00e1 fj\u00e1rsj\u00f3\u00f0u gulls og silfurs og allar gersemar Egyptalands: og Lib\u00fdumenn og Bl\u00e1lendingar munu vera \u00ed f\u00f6r me\u00f0 honum.<a name=\"44\"><span class=\"versanumer\">44<\/span><\/a>En hers\u00f6gur fr\u00e1 austri og nor\u00f0ri munu skelfa hann; mun hann \u00fe\u00e1 \u00ed mikilli br\u00e6\u00f0i hefja f\u00f6r s\u00edna, m\u00f6rgum m\u00f6nnum til tj\u00f3ns og ey\u00f0ileggingar;<a name=\"45\"><span class=\"versanumer\">45<\/span><\/a>hann mun sl\u00e1 landtjaldi s\u00ednu milli sj\u00e1varhafanna og helgid\u00f3msins fjalls, \u00fear mun hann undir lok l\u00ed\u00f0a og \u00f6ngvan frelsunarmann finna.<\/p>\n<div class=\"footnoteVidey\">V. 2. a. Kamb\u00fdses, Svika-Smerdes, og Dar\u00edus Hystaspes. b. Xerxes.  V. 3. c. Alexander mikli. V. 5. d. Egyptalandi. e. S\u00fdrlandi.  V. 6. f. Beren\u00edka, d\u00f3ttir T\u00f3l\u00f3meuss F\u00edladelfuss, Egyptakonungs. V. 6. a. Anti\u00f3kus Teus, S\u00fdrlandskonung, sem rak fr\u00e1 s\u00e9r fyrri konu s\u00edna La\u00f3diku. b. \u00dev\u00ed olli La\u00f3d\u00edka me\u00f0 v\u00e9lum.  V. 7. c. T\u00f3lomeus Evergetes, br\u00f3\u00f0ir Bereniku.  V. 9. d. Nefnil: Selvkus Kallinikus, S\u00fdrlandskonungur.  V. 10. e. Anti\u00f3kus hinn mikli, Kalln\u00edkusson; hann vann kastalann Raff\u00eda \u00ed Egyptalandi.  V. 11. f. T\u00f3l\u00f3meus Filopator.  V. 14. g. T\u00f3l\u00f3meus Ep\u00edfanes, sem var barn a\u00f0 aldri. h. Margir Gy\u00f0ingar gengu \u00fe\u00e1 undan Egyptum, og \u00ed li\u00f0 me\u00f0 S\u00fdrlendingum, og Anti\u00f3kusi mikla.  V. 15. i. Ant\u00ed\u00f3kus mikli. k. S\u00edd\u00f3nsborg.  V. 16. l. Egyptalandskonungi. m. \u00de. e. Gy\u00f0ingalandi.  V. 17. n. Kle\u00f3p\u00f6tru, d\u00f3ttur s\u00edna.  V. 18. o. L\u00fac\u00edus Sip\u00ed\u00f3, r\u00f3mverskur ma\u00f0ur.  V. 19. p. Ant\u00ed\u00f3kus mikli var drepinn \u00ed upphlaupi, \u00fear hann k\u00faga\u00f0i \u00fat f\u00e9 og r\u00e6ndi go\u00f0ahof innanr\u00edkis.  V. 20. q. Selecus F\u00edlopator, sonur Ant\u00ed\u00f3k\u00fass mikla, sendi gjaldkera sinn Heli\u00f3d\u00f3rus til a\u00f0 r\u00e6na musteri\u00f0 \u00ed Jer\u00fasalem, 2 Makkab. 3.  V. 21. a. Anti\u00f3kus Ep\u00edfanes (hinn g\u00f6fgi).  V. 22. b. Egyptalands, sem N\u00edl fl\u00f3ir yfir. c. T\u00f3l\u00f3meus Filometor, systurson Anti\u00f3kuss hins g\u00f6fga.  V. 25. d. L\u00edklega T\u00f3l\u00f3meus Fyskon, br\u00f3\u00f0ir Filometors, sem nokkurir h\u00f6f\u00f0u vali\u00f0 til konungs.  V. 27. e. T\u00f3l. F\u00edlometor og Ant. Ep\u00edfanes.  V. 30. f. Maked\u00f3nalandi; R\u00f3mverjar, sem \u00e1ttu \u00feenna skipaflota, v\u00edsu\u00f0u Ant\u00ed\u00f3kus burt \u00far Egyptalandi.  V. 31. g. Hei\u00f0inn go\u00f0astalla, sem Ant\u00ed\u00f3kus l\u00e9t reisa uppi \u00e1 brennif\u00f3rnaraltarinu \u00ed musterinu.<\/div>\n","protected":false},"excerpt":{"rendered":"<p>Um nokkura Persa konunga, um Alexander mikla, og um deilingu Grikklandsr\u00edkis \u00ed fj\u00f6gur r\u00edki, eftir dau\u00f0a Alexanders, 1\u20134; um vi\u00f0ureign hins egypska og s\u00fdrlenska r\u00edkis og \u00e1gang \u00feeirra \u00e1 Gy\u00f0inga, 5\u201320; um herfarir Ant\u00ed\u00f3kkus hins g\u00f6fga m\u00f3ti Egyptalandi, og hv\u00f6rsu hann mundi vilja nau\u00f0ga Gy\u00f0ingum til a\u00f0 kasta tr\u00fa sinni, 21\u201345. 1\u201e\u00c1 fyrsta \u00e1ri Dar\u00ed\u00fass fr\u00e1 Med\u00edalandi st\u00f3\u00f0 eg honum til styrktar og a\u00f0sto\u00f0ar.2N\u00fa vil eg segja \u00fe\u00e9r sannleikann: sj\u00e1! \u00fer\u00edr konungar a) munu enn koma til r\u00edkis \u00ed Persalandi, en hinn fj\u00f3r\u00f0i b) mun au\u00f0ugri ver\u00f0a en allir a\u00f0rir, og \u00ed trausti til sinnar au\u00f0leg\u00f0ar mun hann beita \u00f6llum <a href=\"https:\/\/biblian.is\/videy\/daniel-11-kafli\/\"> [&#8230;]<\/a><\/p>\n","protected":false},"author":1,"featured_media":0,"parent":0,"menu_order":0,"comment_status":"open","ping_status":"open","template":"bibliukaflar.php","meta":{"footnotes":""},"class_list":["post-21710","page","type-page","status-publish","hentry"],"_links":{"self":[{"href":"https:\/\/biblian.is\/videy\/wp-json\/wp\/v2\/pages\/21710","targetHints":{"allow":["GET"]}}],"collection":[{"href":"https:\/\/biblian.is\/videy\/wp-json\/wp\/v2\/pages"}],"about":[{"href":"https:\/\/biblian.is\/videy\/wp-json\/wp\/v2\/types\/page"}],"author":[{"embeddable":true,"href":"https:\/\/biblian.is\/videy\/wp-json\/wp\/v2\/users\/1"}],"replies":[{"embeddable":true,"href":"https:\/\/biblian.is\/videy\/wp-json\/wp\/v2\/comments?post=21710"}],"version-history":[{"count":0,"href":"https:\/\/biblian.is\/videy\/wp-json\/wp\/v2\/pages\/21710\/revisions"}],"wp:attachment":[{"href":"https:\/\/biblian.is\/videy\/wp-json\/wp\/v2\/media?parent=21710"}],"curies":[{"name":"wp","href":"https:\/\/api.w.org\/{rel}","templated":true}]}}