{"id":21709,"date":"2018-01-02T01:03:30","date_gmt":"2018-01-02T01:03:30","guid":{"rendered":"http:\/\/biblian.is\/videy\/daniel-10-kafli\/"},"modified":"2018-01-02T01:03:30","modified_gmt":"2018-01-02T01:03:30","slug":"daniel-10-kafli","status":"publish","type":"page","link":"https:\/\/biblian.is\/videy\/daniel-10-kafli\/","title":{"rendered":"Dan\u00edel 10. kafli"},"content":{"rendered":"<div class=\"fyrirsognVidey\">Dan\u00edel hughreystur af einum engli.<\/div>\n<p><a name=\"1\"><span class=\"versanumer\">1<\/span><\/a>\u00c1 \u00feri\u00f0ja \u00e1ri S\u00fdruss Persakonungs var\u00f0 sp\u00e1d\u00f3mur nokkur opinbera\u00f0ur Dan\u00edeli, sem kalla\u00f0ur var Beltsasar; \u00feessi sp\u00e1d\u00f3mur er sannur, og bo\u00f0ar st\u00f3rar \u00ferengingar. Hann hug\u00f0i a\u00f0 sp\u00e1d\u00f3minum, og f\u00e9kk skilning \u00e1 vitraninni.<a name=\"2\"><span class=\"versanumer\">2<\/span><\/a>\u00c1 \u00feeim d\u00f6gum haf\u00f0i eg, Dan\u00edel, syrgt \u00ed \u00ferj\u00e1r vikur;<a name=\"3\"><span class=\"versanumer\">3<\/span><\/a>eg neytti engrar d\u00fdrindisf\u00e6\u00f0u, kj\u00f6t og v\u00edn kom ekki inn fyrir m\u00ednar varir, og eg smur\u00f0a mig ekki, fyrr en \u00fe\u00e6r \u00ferj\u00e1r vikur voru li\u00f0nar.<a name=\"4\"><span class=\"versanumer\">4<\/span><\/a>En \u00e1 24\u00f0a degi hins fyrsta m\u00e1na\u00f0ar, \u00fe\u00e1 eg var staddur \u00e1 bakka hins mikla flj\u00f3ts, T\u00edgrisflj\u00f3tsins,<a name=\"5\"><span class=\"versanumer\">5<\/span><\/a>h\u00f3f eg upp m\u00edn augu og s\u00e1, og sj\u00e1! \u00fear st\u00f3\u00f0 ma\u00f0ur nokkur \u00ed l\u00ednkl\u00e6\u00f0um, og haf\u00f0i yfir um sig belti \u00far gulli fr\u00e1 Ufas <span class='VideyAth'>a)<\/span>.<a name=\"6\"><span class=\"versanumer\">6<\/span><\/a>L\u00edkami hans var sem gullsteinn, hans \u00e1sj\u00f3na sem leiftur, hans augu sem eldslogar, armleggirnir og f\u00e6turnar sem skygg\u00f0ur eirm\u00e1lmur, og r\u00f3murinn yfir m\u00e1li hans sem manngn\u00fdr.<a name=\"7\"><span class=\"versanumer\">7<\/span><\/a>Eg, Dan\u00edel, s\u00e1 \u00feessa s\u00fdn aleinn, en \u00f6ngvir af \u00feeim m\u00f6nnum, sem me\u00f0 m\u00e9r voru, s\u00e1u hana, heldur kom yfir \u00fe\u00e1 eitthv\u00f6rt ofbo\u00f0, svo \u00feeir fl\u00fa\u00f0u \u00ed felur.<a name=\"8\"><span class=\"versanumer\">8<\/span><\/a>Eg var\u00f0 \u00fe\u00e1 einnsaman eftir, og s\u00e1 \u00feessa hina miklu s\u00fdn; en hj\u00e1 m\u00e9r var enginn m\u00e1ttur eftir or\u00f0inn, minn yfirlitur var til l\u00fdta umbreyttur, og eg h\u00e9lt \u00f6ngvum styrk eftir.<a name=\"9\"><span class=\"versanumer\">9<\/span><\/a>Eg heyr\u00f0i m\u00e1lr\u00f3m hans, og \u00fe\u00e1 eg heyr\u00f0i \u00feann m\u00e1lr\u00f3m, lei\u00f0 eg \u00ed \u00f3megin ni\u00f0ur \u00e1 m\u00edna \u00e1sj\u00f3nu til jar\u00f0ar.<a name=\"10\"><span class=\"versanumer\">10<\/span><\/a>\u00de\u00e1 snart mig h\u00f6nd nokkur, og hj\u00e1lpa\u00f0i m\u00e9r \u00f3styrkum upp \u00e1 kn\u00e9n og l\u00f3fana.<a name=\"11\"><span class=\"versanumer\">11<\/span><\/a>Hann sag\u00f0i til m\u00edn: \u00e1stk\u00e6ri Dan\u00edel, tak eftir \u00feeim or\u00f0um, sem eg tala vi\u00f0 \u00feig: statt \u00e1 f\u00e6tur, \u00fev\u00ed eg em einmitt til \u00fe\u00edn sendur; og sem hann haf\u00f0i tala\u00f0 \u00feetta til m\u00edn, st\u00f3\u00f0 eg upp skj\u00e1lfandi.<a name=\"12\"><span class=\"versanumer\">12<\/span><\/a>\u00dev\u00ed n\u00e6st sag\u00f0i hann til m\u00edn; \u00f3ttast ekki, Dan\u00edel! \u00fev\u00ed fr\u00e1 \u00fev\u00ed fyrst a\u00f0 \u00fe\u00fa hneig\u00f0ir hug \u00feinn til a\u00f0 \u00f6\u00f0last uppl\u00fdsingu, og \u00fe\u00fa l\u00edtill\u00e6ttir \u00feig fyrir \u00fe\u00ednum Gu\u00f0i, eru \u00fe\u00edn or\u00f0 heyr\u00f0, og em eg \u00feeirra vegna hinga\u00f0 kominn.<a name=\"13\"><span class=\"versanumer\">13<\/span><\/a>Persar\u00edkish\u00f6f\u00f0ingi <span class='VideyAth'>(var\u00f0engill)<\/span> stendur \u00ed m\u00f3ti m\u00e9r \u00ed 21 dag, en sj\u00e1! Mikael, einn af \u00feeim \u00e6\u00f0stu h\u00f6f\u00f0ingjum <span class='VideyAth'>(h\u00f6fu\u00f0englum)<\/span>, kemur m\u00e9r til hj\u00e1lpar, svo a\u00f0 m\u00e9r mun veita betur \u00ed vi\u00f0skiptum vi\u00f0 konungana \u00fear \u00ed Persalandi;<a name=\"14\"><span class=\"versanumer\">14<\/span><\/a>en n\u00fa em eg kominn til a\u00f0 fr\u00e6\u00f0a \u00feig \u00e1 \u00fev\u00ed, sem s\u00ed\u00f0ar meir mun fram koma vi\u00f0 landsmenn \u00fe\u00edna; \u00fev\u00ed einnig \u00feessi vitran \u00e1 s\u00e9r langan aldur.<a name=\"15\"><span class=\"versanumer\">15<\/span><\/a>Me\u00f0an hann tala\u00f0i \u00feessum or\u00f0um til m\u00edn, horf\u00f0i eg til jar\u00f0ar, og var\u00f0 or\u00f0laus.<a name=\"16\"><span class=\"versanumer\">16<\/span><\/a>En sj\u00e1! \u00fe\u00e1 kom einhv\u00f6r \u00ed mannsl\u00edki, og snart varir m\u00ednar; lauk eg \u00fe\u00e1 upp munni m\u00ednum, og t\u00f3k til a\u00f0 m\u00e6la, og sag\u00f0i til \u00feess, sem frammi fyrir m\u00e9r st\u00f3\u00f0: \u201es\u00f6kum s\u00fdnarinnar er megn \u00f3tti yfir mig kominn, herra, og minn styrkur er \u00ferotinn.<a name=\"17\"><span class=\"versanumer\">17<\/span><\/a>Hv\u00f6rsu m\u00e1 \u00feessi \u00feinn \u00fej\u00f3n, herra, m\u00e6la vi\u00f0 sl\u00edkan sem \u00fe\u00fa ert, herra? Eins og eg n\u00fa er \u00e1 mig kominn, helst enginn styrkur vi\u00f0 \u00ed m\u00e9r, og enginn l\u00edfsandi er \u00ed m\u00e9r eftir or\u00f0inn\u201c.<a name=\"18\"><span class=\"versanumer\">18<\/span><\/a>S\u00e1, sem \u00ed mannsl\u00edki var, snart mig \u00fe\u00e1 aftur, styrkti mig,<a name=\"19\"><span class=\"versanumer\">19<\/span><\/a>og sag\u00f0i: \u201e\u00f3ttastu eigi, elskuma\u00f0ur! fri\u00f0ur s\u00e9 me\u00f0 \u00fe\u00e9r! vert \u00f6ruggur og \u00f3kv\u00ed\u00f0inn\u201c! og me\u00f0an hann tala\u00f0i vi\u00f0 mig, fann eg styrk \u00ed m\u00e9r, og sag\u00f0i: tala \u00fe\u00fa, herra, \u00fev\u00ed \u00fe\u00fa hefir mig styrkvan gj\u00f6rt.<a name=\"20\"><span class=\"versanumer\">20<\/span><\/a>Hann m\u00e6lti: veistu, hv\u00f6rs vegna eg em til \u00fe\u00edn kominn? eg mun br\u00e1\u00f0um aftur hverfa, til \u00feess a\u00f0 eiga bar\u00e1ttu vi\u00f0 var\u00f0engil Persalands, og \u00feegar eg f\u00e6 henni loki\u00f0, sj\u00e1! \u00fe\u00e1 mun koma var\u00f0engill Grikklands.<a name=\"21\"><span class=\"versanumer\">21<\/span><\/a>Samt vil eg gj\u00f6ra \u00fe\u00e9r kunnugt, hva\u00f0 skrifa\u00f0 stendur \u00ed sannleikans b\u00f3k. Og \u00fear er ekki einn einasti, sem veiti m\u00e9r li\u00f0 m\u00f3ti \u00feessum <span class='VideyAth'>(var\u00f0englum)<\/span>, nema Mikael, var\u00f0engill y\u00f0ar.<\/p>\n<div class=\"footnoteVidey\">V. 5. a. \u00d3kunnugt h\u00e9ra\u00f0, hvar gulln\u00e1mur hafa veri\u00f0.<\/div>\n","protected":false},"excerpt":{"rendered":"<p>Dan\u00edel hughreystur af einum engli. 1\u00c1 \u00feri\u00f0ja \u00e1ri S\u00fdruss Persakonungs var\u00f0 sp\u00e1d\u00f3mur nokkur opinbera\u00f0ur Dan\u00edeli, sem kalla\u00f0ur var Beltsasar; \u00feessi sp\u00e1d\u00f3mur er sannur, og bo\u00f0ar st\u00f3rar \u00ferengingar. Hann hug\u00f0i a\u00f0 sp\u00e1d\u00f3minum, og f\u00e9kk skilning \u00e1 vitraninni.2\u00c1 \u00feeim d\u00f6gum haf\u00f0i eg, Dan\u00edel, syrgt \u00ed \u00ferj\u00e1r vikur;3eg neytti engrar d\u00fdrindisf\u00e6\u00f0u, kj\u00f6t og v\u00edn kom ekki inn fyrir m\u00ednar varir, og eg smur\u00f0a mig ekki, fyrr en \u00fe\u00e6r \u00ferj\u00e1r vikur voru li\u00f0nar.4En \u00e1 24\u00f0a degi hins fyrsta m\u00e1na\u00f0ar, \u00fe\u00e1 eg var staddur \u00e1 bakka hins mikla flj\u00f3ts, T\u00edgrisflj\u00f3tsins,5h\u00f3f eg upp m\u00edn augu og s\u00e1, og sj\u00e1! \u00fear st\u00f3\u00f0 ma\u00f0ur nokkur \u00ed l\u00ednkl\u00e6\u00f0um, og <a href=\"https:\/\/biblian.is\/videy\/daniel-10-kafli\/\"> [&#8230;]<\/a><\/p>\n","protected":false},"author":1,"featured_media":0,"parent":0,"menu_order":0,"comment_status":"open","ping_status":"open","template":"bibliukaflar.php","meta":{"footnotes":""},"class_list":["post-21709","page","type-page","status-publish","hentry"],"_links":{"self":[{"href":"https:\/\/biblian.is\/videy\/wp-json\/wp\/v2\/pages\/21709","targetHints":{"allow":["GET"]}}],"collection":[{"href":"https:\/\/biblian.is\/videy\/wp-json\/wp\/v2\/pages"}],"about":[{"href":"https:\/\/biblian.is\/videy\/wp-json\/wp\/v2\/types\/page"}],"author":[{"embeddable":true,"href":"https:\/\/biblian.is\/videy\/wp-json\/wp\/v2\/users\/1"}],"replies":[{"embeddable":true,"href":"https:\/\/biblian.is\/videy\/wp-json\/wp\/v2\/comments?post=21709"}],"version-history":[{"count":0,"href":"https:\/\/biblian.is\/videy\/wp-json\/wp\/v2\/pages\/21709\/revisions"}],"wp:attachment":[{"href":"https:\/\/biblian.is\/videy\/wp-json\/wp\/v2\/media?parent=21709"}],"curies":[{"name":"wp","href":"https:\/\/api.w.org\/{rel}","templated":true}]}}