{"id":21705,"date":"2018-01-02T01:03:30","date_gmt":"2018-01-02T01:03:30","guid":{"rendered":"http:\/\/biblian.is\/videy\/daniel-6-kafli\/"},"modified":"2018-01-02T01:03:30","modified_gmt":"2018-01-02T01:03:30","slug":"daniel-6-kafli","status":"publish","type":"page","link":"https:\/\/biblian.is\/videy\/daniel-6-kafli\/","title":{"rendered":"Dan\u00edel 6. kafli"},"content":{"rendered":"<div class=\"fyrirsognVidey\">Dan\u00edeli kasta\u00f0 \u00ed lj\u00f3nagr\u00f6f.<\/div>\n<p><a name=\"1\"><span class=\"versanumer\">1<\/span><\/a>\u00de\u00e1 t\u00f3k Dar\u00edus fr\u00e1 Med\u00edalandi vi\u00f0 r\u00edkinu, og haf\u00f0i \u00fe\u00e1 tvo vetur um sextugt.<a name=\"2\"><span class=\"versanumer\">2<\/span><\/a>Dar\u00edus l\u00e9t s\u00e9r l\u00edka a\u00f0 setja yfir r\u00edki\u00f0 120 \u00fej\u00f3\u00f0jarla, og skipti \u00feeim \u00fat um allt r\u00edki\u00f0;<a name=\"3\"><span class=\"versanumer\">3<\/span><\/a>yfir \u00feessa setti hann \u00ferj\u00e1 yfirh\u00f6f\u00f0ingja, einn af \u00feeim var Dan\u00edel; skyldu \u00fej\u00f3\u00f0jarlarnir gj\u00f6ra \u00feeim skilagrein, svo konungur bi\u00f0i engan ska\u00f0a.<a name=\"4\"><span class=\"versanumer\">4<\/span><\/a>En af \u00fev\u00ed Dan\u00edel \u00feessi bar af yfirh\u00f6f\u00f0ingjunum og \u00fej\u00f3\u00f0j\u00f6rlunum, s\u00f6kum \u00feess hann haf\u00f0i fr\u00e1b\u00e6ra andagift, \u00fe\u00e1 hug\u00f0i konungur a\u00f0 setja hann yfir allt r\u00edki\u00f0.<a name=\"5\"><span class=\"versanumer\">5<\/span><\/a>\u00de\u00e1 leitu\u00f0u yfirh\u00f6f\u00f0ingjarnir a\u00f0 finna Dan\u00edeli eitthva\u00f0 til saka, \u00fea\u00f0 er landstj\u00f3rninni vi\u00f0v\u00e9ki, en g\u00e1tu enga s\u00f6k e\u00f0a misgj\u00f6r\u00f0 fundi\u00f0, \u00fev\u00ed hann var tr\u00far, svo ekkert afbrot e\u00f0a misgj\u00f6r\u00f0 fannst \u00ed fari hans.<a name=\"6\"><span class=\"versanumer\">6<\/span><\/a>\u00de\u00e1 s\u00f6g\u00f0u \u00feessir menn: v\u00e9r munum ekkert fundi\u00f0 geta Dan\u00edeli \u00feessum til saka, nema ef v\u00e9r finnum honum eitthva\u00f0 a\u00f0 s\u00f6k \u00ed \u00fev\u00ed, sem vi\u00f0kemur \u00e1tr\u00fana\u00f0i hans.<a name=\"7\"><span class=\"versanumer\">7<\/span><\/a>S\u00ed\u00f0an \u00feustu \u00feessir yfirh\u00f6f\u00f0ingjar og \u00fej\u00f3\u00f0jarlar til konungsins, og s\u00f6g\u00f0u svo til hans: Dar\u00edus konungur nj\u00f3ti langra l\u00edfdaga!<a name=\"8\"><span class=\"versanumer\">8<\/span><\/a>\u00d6llum yfirh\u00f6f\u00f0ingjum r\u00edkisins, yfirj\u00f6rlum, \u00fej\u00f3\u00f0j\u00f6rlum, r\u00e1\u00f0gj\u00f6fum og undirj\u00f6rlum hefir komi\u00f0 \u00e1samt um a\u00f0 l\u00e1ta \u00fe\u00e1 konungs skipun \u00fat ganga og \u00fea\u00f0 forbo\u00f0 sta\u00f0festa, a\u00f0 hv\u00f6r sem \u00ed 30 daga gj\u00f6rir b\u00e6n s\u00edna til nokkurs gu\u00f0s e\u00f0a manns, nema til \u00fe\u00edn, konungur, \u00feeim skal varpa\u00f0 \u00ed lj\u00f3nagryfju.<a name=\"9\"><span class=\"versanumer\">9<\/span><\/a>N\u00fa skaltu, konungur, sta\u00f0festa \u00feetta forbo\u00f0, og l\u00e1ta \u00fea\u00f0 skriflegt \u00fatganga, svo \u00fea\u00f0, eftir \u00f3rj\u00fafanlegu l\u00f6gm\u00e1li Meda og Persa, aldrei ver\u00f0i umbreytt.<a name=\"10\"><span class=\"versanumer\">10<\/span><\/a>Af \u00feessum s\u00f6kum l\u00e9t Dar\u00edus konungur \u00feetta forbo\u00f0 skriflegt \u00fatganga.<a name=\"11\"><span class=\"versanumer\">11<\/span><\/a>En er Dan\u00edel var\u00f0 \u00feess v\u00edsari, a\u00f0 \u00feessi skipun var \u00fatgengin, gekk hann inn \u00ed h\u00fas sitt, \u00fear haf\u00f0i hann uppi \u00ed loftsalnum opna glugga, sem sneru m\u00f3ti Jer\u00fasalemsborg; \u00fe\u00e1 kraup hann \u00e1 kn\u00e9 \u00ferem sinnum \u00e1 dag, ba\u00f0 til s\u00edns Gu\u00f0s, og vegsama\u00f0i hann, eins og hann \u00e1\u00f0ur var vanur a\u00f0 gj\u00f6ra.<a name=\"12\"><span class=\"versanumer\">12<\/span><\/a>\u00de\u00e1 \u00feustu \u00feessir menn a\u00f0, og fundu Dan\u00edel, \u00fear sem hann var a\u00f0 bi\u00f0ja og \u00e1kalla sinn Gu\u00f0.<a name=\"13\"><span class=\"versanumer\">13<\/span><\/a>N\u00fa gengu \u00feeir fyrir konunginn, og s\u00f6g\u00f0u \u00ed trausti til hins konunglega forbo\u00f0s: hefir \u00fe\u00fa ei l\u00e1ti\u00f0 \u00fea\u00f0 bo\u00f0 \u00fatganga, a\u00f0 hv\u00f6r sem \u00ed 30 daga gj\u00f6ri b\u00e6n s\u00edna til nokkurs gu\u00f0s e\u00f0a nokkurs manns, nema til \u00fe\u00edn, konungur, a\u00f0 \u00feeim hinum sama skuli varpa \u00ed lj\u00f3nagryfju? konungurinn svara\u00f0i og sag\u00f0i: \u00fea\u00f0 stendur st\u00f6\u00f0ugt, eftir \u00f3rj\u00fafanlegu l\u00f6gm\u00e1li Meda og Persa.<a name=\"14\"><span class=\"versanumer\">14<\/span><\/a>\u00de\u00e1 sv\u00f6ru\u00f0u \u00feeir, og s\u00f6g\u00f0u til konungsins: Dan\u00edel, einn af \u00feeim herleiddu Gy\u00f0ingum, skeytir hv\u00f6rki um \u00feig, konungur, n\u00e9 um \u00fea\u00f0 forbo\u00f0, sem \u00fe\u00fa hefir l\u00e1ti\u00f0 skriflegt \u00fatganga, heldur gj\u00f6rir b\u00e6n s\u00edna \u00ferem sinnum \u00e1 dag.<a name=\"15\"><span class=\"versanumer\">15<\/span><\/a>\u00deegar konungur heyr\u00f0i \u00feetta, \u00fe\u00e1 f\u00e9ll honum \u00fea\u00f0 n\u00e6sta illa, og lag\u00f0i allan hug \u00e1 a\u00f0 frelsa Dan\u00edel, og allt til s\u00f3larlags leita\u00f0i hann alls vi\u00f0, a\u00f0 hann fengi honum borgi\u00f0.<a name=\"16\"><span class=\"versanumer\">16<\/span><\/a>En \u00fe\u00e1 \u00feustu hinir s\u00f6mu menn til konungsins, og s\u00f6g\u00f0u til hans: \u00fe\u00fa veist, konungur, a\u00f0 \u00fea\u00f0 eru l\u00f6g hj\u00e1 Medum og Persum, a\u00f0 ekki m\u00e1 raska \u00fev\u00ed bo\u00f0i e\u00f0a banni, sem konungur hefir sj\u00e1lfur sta\u00f0fest.<a name=\"17\"><span class=\"versanumer\">17<\/span><\/a>\u00de\u00e1 bau\u00f0 konungur a\u00f0 lei\u00f0a Dan\u00edel fram, og kasta honum \u00ed lj\u00f3nagryfjuna; en konungurinn sag\u00f0i til Dan\u00edels: \u00feinn Gu\u00f0, sem \u00fe\u00fa d\u00fdrkar \u00e1n afl\u00e1ts, hann frelsi \u00feig!<a name=\"18\"><span class=\"versanumer\">18<\/span><\/a>S\u00ed\u00f0an var s\u00f3ttur steinn og lag\u00f0ur fyrir grafarmunnann, og innsigla\u00f0i konungur hann sj\u00e1lfur me\u00f0 s\u00ednum innsiglishring og me\u00f0 innsiglishringum st\u00f3rh\u00f6f\u00f0ingja sinna, til \u00feess s\u00fa r\u00e1\u00f0st\u00f6fun, sem gj\u00f6r\u00f0 var vi\u00f0 Dan\u00edel, skyldi ei raskast.<a name=\"19\"><span class=\"versanumer\">19<\/span><\/a>Eftir \u00fea\u00f0 gekk konungur heim til hallarinnar, var hann \u00fear um n\u00f3ttina og neytti einskis matar, og l\u00e9t \u00f6ngva af hj\u00e1konum s\u00ednum koma inn til s\u00edn, og var\u00f0 honum ekki svefnsamt.<a name=\"20\"><span class=\"versanumer\">20<\/span><\/a>Undir eins og l\u00fdsti af degi, st\u00f3\u00f0 konungur upp, og skunda\u00f0i til lj\u00f3nagryfjunnar,<a name=\"21\"><span class=\"versanumer\">21<\/span><\/a>og \u00feegar hann kom a\u00f0 gr\u00f6finni, kalla\u00f0i hann \u00e1 Dan\u00edel me\u00f0 sorglegri raust; konungurinn t\u00f3k til or\u00f0a og sag\u00f0i til Dan\u00edels: Dan\u00edel, \u00fej\u00f3n lifanda Gu\u00f0s! \u00feinn Gu\u00f0, sem \u00fe\u00fa d\u00fdrkar \u00e1n afl\u00e1ts, hefir \u00fe\u00e1 megna\u00f0 a\u00f0 frelsa \u00feig fr\u00e1 lj\u00f3nunum!<a name=\"22\"><span class=\"versanumer\">22<\/span><\/a>Dan\u00edel svara\u00f0i konunginum: nj\u00f3ti konungurinn langra l\u00edfdaga!<a name=\"23\"><span class=\"versanumer\">23<\/span><\/a>minn Gu\u00f0 sendi sinn engil til a\u00f0 afturloka munni lj\u00f3nanna, svo \u00feau skyldu m\u00e9r ekki granda, s\u00f6kum \u00feess a\u00f0 eg eftir hans d\u00f3mi er saklaus fundinn, eins og eg l\u00edka eftir \u00fe\u00ednum d\u00f3mi, konungur, \u00f6nga misgj\u00f6r\u00f0 hefi frami\u00f0.<a name=\"24\"><span class=\"versanumer\">24<\/span><\/a>\u00de\u00e1 var\u00f0 konungurinn n\u00e6sta gla\u00f0ur, og bau\u00f0 a\u00f0 draga Dan\u00edel upp af gr\u00f6finni; var Dan\u00edel \u00fe\u00e1 dreginn upp \u00far gr\u00f6finni, og fannst ekki a\u00f0 honum hef\u00f0i neitt a\u00f0 ska\u00f0a vor\u00f0i\u00f0, \u00fev\u00ed hann tr\u00fa\u00f0i s\u00ednum Gu\u00f0i.<a name=\"25\"><span class=\"versanumer\">25<\/span><\/a>\u00dev\u00ed n\u00e6st bau\u00f0 konungur a\u00f0 lei\u00f0a fram \u00fe\u00e1 menn, sem h\u00f6f\u00f0u r\u00e6gt Dan\u00edel, og kasta \u00feeim \u00ed lj\u00f3nagryfjuna me\u00f0 b\u00f6rnum \u00feeirra og konum; og \u00e1\u00f0ur en \u00feeir komust til botns \u00ed gryfjunni, hremmdu lj\u00f3nin \u00fe\u00e1, og sundurmuldu \u00f6ll \u00feeirra bein.<a name=\"26\"><span class=\"versanumer\">26<\/span><\/a>S\u00ed\u00f0an rita\u00f0i Dar\u00edus konungur br\u00e9f \u00f6llum  \u00fej\u00f3\u00f0um \u00ed \u00f6llu s\u00ednu r\u00edki, \u00ed hva\u00f0a landi sem \u00fe\u00e6r voru og \u00e1 hv\u00f6rja tungu sem \u00fe\u00e6r m\u00e6ltu: \u201eY\u00f0ar fri\u00f0ur s\u00e9 mikill!<a name=\"27\"><span class=\"versanumer\">27<\/span><\/a>\u00fea\u00f0 er m\u00edn skipun, a\u00f0 hvervetna \u00fear sem mitt r\u00edki yfir stendur, \u00fe\u00e1 skulu menn hr\u00e6\u00f0ast og \u00f3ttast Dan\u00edels Gu\u00f0; \u00fev\u00ed hann er lifandi Gu\u00f0, og varir a\u00f0 eil\u00edfu, hans r\u00edki kann ei til grunna a\u00f0 ganga, og hans veldi n\u00e6r allt til heimsenda;<a name=\"28\"><span class=\"versanumer\">28<\/span><\/a>hann er s\u00e1, sem frelsar og var\u00f0veitir, hann gj\u00f6rir t\u00e1kn og fur\u00f0uverk \u00e1 himni og j\u00f6r\u00f0u, hann frelsa\u00f0i Dan\u00edel fr\u00e1 valdi lj\u00f3nanna.\u201c<a name=\"29\"><span class=\"versanumer\">29<\/span><\/a>Dan\u00edel var \u00ed miklu gengi, me\u00f0an \u00feeir s\u00e1tu a\u00f0 r\u00edki Dar\u00edus og S\u00fdrus hinn persiski.<\/p>\n<div class=\"footnoteVidey\"><\/div>\n","protected":false},"excerpt":{"rendered":"<p>Dan\u00edeli kasta\u00f0 \u00ed lj\u00f3nagr\u00f6f. 1\u00de\u00e1 t\u00f3k Dar\u00edus fr\u00e1 Med\u00edalandi vi\u00f0 r\u00edkinu, og haf\u00f0i \u00fe\u00e1 tvo vetur um sextugt.2Dar\u00edus l\u00e9t s\u00e9r l\u00edka a\u00f0 setja yfir r\u00edki\u00f0 120 \u00fej\u00f3\u00f0jarla, og skipti \u00feeim \u00fat um allt r\u00edki\u00f0;3yfir \u00feessa setti hann \u00ferj\u00e1 yfirh\u00f6f\u00f0ingja, einn af \u00feeim var Dan\u00edel; skyldu \u00fej\u00f3\u00f0jarlarnir gj\u00f6ra \u00feeim skilagrein, svo konungur bi\u00f0i engan ska\u00f0a.4En af \u00fev\u00ed Dan\u00edel \u00feessi bar af yfirh\u00f6f\u00f0ingjunum og \u00fej\u00f3\u00f0j\u00f6rlunum, s\u00f6kum \u00feess hann haf\u00f0i fr\u00e1b\u00e6ra andagift, \u00fe\u00e1 hug\u00f0i konungur a\u00f0 setja hann yfir allt r\u00edki\u00f0.5\u00de\u00e1 leitu\u00f0u yfirh\u00f6f\u00f0ingjarnir a\u00f0 finna Dan\u00edeli eitthva\u00f0 til saka, \u00fea\u00f0 er landstj\u00f3rninni vi\u00f0v\u00e9ki, en g\u00e1tu enga s\u00f6k e\u00f0a misgj\u00f6r\u00f0 fundi\u00f0, \u00fev\u00ed hann var <a href=\"https:\/\/biblian.is\/videy\/daniel-6-kafli\/\"> [&#8230;]<\/a><\/p>\n","protected":false},"author":1,"featured_media":0,"parent":0,"menu_order":0,"comment_status":"open","ping_status":"open","template":"bibliukaflar.php","meta":{"footnotes":""},"class_list":["post-21705","page","type-page","status-publish","hentry"],"_links":{"self":[{"href":"https:\/\/biblian.is\/videy\/wp-json\/wp\/v2\/pages\/21705","targetHints":{"allow":["GET"]}}],"collection":[{"href":"https:\/\/biblian.is\/videy\/wp-json\/wp\/v2\/pages"}],"about":[{"href":"https:\/\/biblian.is\/videy\/wp-json\/wp\/v2\/types\/page"}],"author":[{"embeddable":true,"href":"https:\/\/biblian.is\/videy\/wp-json\/wp\/v2\/users\/1"}],"replies":[{"embeddable":true,"href":"https:\/\/biblian.is\/videy\/wp-json\/wp\/v2\/comments?post=21705"}],"version-history":[{"count":0,"href":"https:\/\/biblian.is\/videy\/wp-json\/wp\/v2\/pages\/21705\/revisions"}],"wp:attachment":[{"href":"https:\/\/biblian.is\/videy\/wp-json\/wp\/v2\/media?parent=21705"}],"curies":[{"name":"wp","href":"https:\/\/api.w.org\/{rel}","templated":true}]}}