{"id":21703,"date":"2018-01-02T01:03:30","date_gmt":"2018-01-02T01:03:30","guid":{"rendered":"http:\/\/biblian.is\/videy\/daniel-4-kafli\/"},"modified":"2018-01-02T01:03:30","modified_gmt":"2018-01-02T01:03:30","slug":"daniel-4-kafli","status":"publish","type":"page","link":"https:\/\/biblian.is\/videy\/daniel-4-kafli\/","title":{"rendered":"Dan\u00edel 4. kafli"},"content":{"rendered":"<div class=\"fyrirsognVidey\">Hegning Neb\u00fakadnesars fyrir drambl\u00e6ti sitt.<\/div>\n<p><a name=\"1\"><span class=\"versanumer\">1<\/span><\/a>Neb\u00fakadnesar konungur heilsar \u00f6llum m\u00f6nnum, sem \u00e1 j\u00f6r\u00f0unni b\u00faa, hv\u00f6rrar \u00fej\u00f3\u00f0ar, hva\u00f0a lands og hv\u00f6rrar tungu sem eru: y\u00f0ar fri\u00f0ur s\u00e9 mikill!<a name=\"2\"><span class=\"versanumer\">2<\/span><\/a>Eg hefi l\u00e1ti\u00f0 m\u00e9r vel l\u00edka, a\u00f0 kunngj\u00f6ra \u00feau t\u00e1kn og fur\u00f0uverk, sem hinn h\u00e6sti Gu\u00f0 hefir gj\u00f6rt vi\u00f0 mig;<a name=\"3\"><span class=\"versanumer\">3<\/span><\/a>hv\u00f6rsu st\u00f3r eru hans t\u00e1kn, hv\u00f6rsu m\u00e1ttug hans d\u00e1semdarverk! hans r\u00edki er eil\u00edft r\u00edki, og hans m\u00e1ttarveldi varir fr\u00e1 einni kynsl\u00f3\u00f0 til annarrar.<a name=\"4\"><span class=\"versanumer\">4<\/span><\/a>Eg Neb\u00fakadnesar lif\u00f0i \u00ed r\u00f3 \u00ed h\u00fasi m\u00ednu, og \u00e1tti g\u00f3\u00f0a daga \u00ed h\u00f6ll minni;<a name=\"5\"><span class=\"versanumer\">5<\/span><\/a>\u00fe\u00e1 dreymdi mig draum nokkurn, sem gj\u00f6r\u00f0i mig \u00f3ttaskelfdan; \u00fe\u00e6r hugsanir, sem eg haf\u00f0i \u00ed rekkju minni, og \u00fe\u00e6r sj\u00f3nir, sem fyrir mig b\u00e1ru, \u00fe\u00e6r sturlu\u00f0u mig.<a name=\"6\"><span class=\"versanumer\">6<\/span><\/a>Eg l\u00e9t \u00fe\u00e1 bo\u00f0skap \u00fat ganga, a\u00f0 allir v\u00edsindamenn \u00ed Babel skyldu koma \u00e1 minn fund, til \u00feess a\u00f0 segja m\u00e9r \u00fe\u00fd\u00f0ingu draumsins.<a name=\"7\"><span class=\"versanumer\">7<\/span><\/a>Eftir \u00fea\u00f0 komu kunn\u00e1ttumennirnir, stj\u00f6rnuvitringarnir, Kaldeaspekingar og sp\u00e1sagnarmennirnir \u00e1 fund minn, og sag\u00f0a eg \u00feeim drauminn, en \u00feeir g\u00e1tu ekki sagt m\u00e9r \u00fe\u00fd\u00f0ing hans.<a name=\"8\"><span class=\"versanumer\">8<\/span><\/a>Loksins kom Dan\u00edel til m\u00edn, sem kalla\u00f0ur er Beltsasar eftir nafni m\u00edns gu\u00f0s, \u00ed hv\u00f6rjum a\u00f0 b\u00fdr andi enna heil\u00f6gu gu\u00f0a. Eg sag\u00f0i honum drauminn:<a name=\"9\"><span class=\"versanumer\">9<\/span><\/a>Beltsasar, \u00fe\u00fa \u00e6\u00f0sti forstj\u00f3ri kunn\u00e1ttumannanna! eg veit, a\u00f0 \u00ed \u00fe\u00e9r b\u00fdr andi enna heil\u00f6gu gu\u00f0a, og a\u00f0 enginn leyndard\u00f3mur er \u00fe\u00e9r ofvaxinn. Seg m\u00e9r, hva\u00f0 s\u00fa s\u00fdn \u00e1 a\u00f0 \u00fe\u00fd\u00f0a, sem \u00ed draumi hefir fyrir mig bori\u00f0.<a name=\"10\"><span class=\"versanumer\">10<\/span><\/a>S\u00fa s\u00fdn, sem fyrir mig bar \u00ed rekkju minni, var \u00feessi: eg s\u00e1, og sj\u00e1! tr\u00e9 nokkurt st\u00f3\u00f0 \u00e1 mi\u00f0ri j\u00f6r\u00f0inni, geysih\u00e1tt;<a name=\"11\"><span class=\"versanumer\">11<\/span><\/a>tr\u00e9\u00f0 var miki\u00f0 og digurt, og svo h\u00e1tt, a\u00f0 upp t\u00f3k til himna, og m\u00e1tti sj\u00e1 \u00fea\u00f0 allavega fr\u00e1 ystu endim\u00f6rkum jar\u00f0arinnar;<a name=\"12\"><span class=\"versanumer\">12<\/span><\/a>\u00feess limar voru fagrar, og \u00e1v\u00f6xturinn mikill, svo a\u00f0 allt f\u00e9kk f\u00e6\u00f0slu \u00fear af: sk\u00f3gard\u00fdrin l\u00e1gu undir \u00feess skuggum, fuglar himinsins s\u00e1tu \u00e1 \u00feess kvistum, og allar skepnur n\u00e6r\u00f0ust af \u00fev\u00ed.<a name=\"13\"><span class=\"versanumer\">13<\/span><\/a>Ennfremur s\u00e1 eg sj\u00f3nir, sem fyrir mig b\u00e1ru \u00ed rekkju minni: sj\u00e1! v\u00f6r\u00f0ur <span class='VideyAth'>a)<\/span> nokkur e\u00f0a einhv\u00f6r enna heil\u00f6gu st\u00e9 ni\u00f0ur af himnum,<a name=\"14\"><span class=\"versanumer\">14<\/span><\/a>hann kalla\u00f0i h\u00e1rri r\u00f6ddu og m\u00e6lti svo: h\u00f6ggvi\u00f0 upp tr\u00e9\u00f0, afsn\u00ed\u00f0i\u00f0 limarnar, sl\u00edti\u00f0 af \u00fev\u00ed laufbl\u00f6\u00f0in, og dreifi\u00f0 \u00e1v\u00f6xtunum v\u00ed\u00f0s vegar, svo a\u00f0 d\u00fdrin fl\u00fdi burt undan \u00fev\u00ed, og fuglarnir flj\u00fagi af \u00feess kvistum.<a name=\"15\"><span class=\"versanumer\">15<\/span><\/a>Samt skulu\u00f0 \u00fe\u00e9r l\u00e1ta stofninn me\u00f0 r\u00f3tum s\u00ednum vera kyrran eftir \u00ed j\u00f6r\u00f0inni; j\u00e1rnvi\u00f0jum og eirfj\u00f6trum bundinn skal hann \u00ed grash\u00f6gum ganga, hann skal v\u00f6kna af loftsd\u00f6gginni og \u00e1samt me\u00f0 d\u00fdrunum skal hann hlutdeild taka \u00ed gr\u00f6sum jar\u00f0arinnar.<a name=\"16\"><span class=\"versanumer\">16<\/span><\/a>Hans hjarta skal umbreytast, svo a\u00f0 \u00ed honum skal ekki mannshjarta vera, heldur skal honum d\u00fdrshjarta fengi\u00f0 ver\u00f0a, uns sj\u00f6 t\u00ed\u00f0ir eru yfir hann li\u00f0nar.<a name=\"17\"><span class=\"versanumer\">17<\/span><\/a>\u00deetta er \u00e1lyktun var\u00f0haldaranna <span class='VideyAth'>b)<\/span>, \u00feetta er bo\u00f0skapur enna heil\u00f6gu, svo hinir lifendu skuli vi\u00f0urkenna, a\u00f0 hinn h\u00e6sti hefir vald yfir r\u00edkjum mannanna, og gefur \u00feau hv\u00f6rjum sem hann vill, og setur \u00fe\u00e1 l\u00edtilm\u00f3tlegustu me\u00f0al mannanna yfir \u00feau.<a name=\"18\"><span class=\"versanumer\">18<\/span><\/a>\u00deessi er s\u00e1 draumur, sem mig, Neb\u00fakadnesar konung, hefir dreymt; en \u00fe\u00fa, Beltsasar, seg \u00fe\u00fd\u00f0ing hans, fyrst enginn v\u00edsindama\u00f0ur \u00ed m\u00ednu r\u00edki getur sagt m\u00e9r, hva\u00f0 hann hafi a\u00f0 \u00fe\u00fd\u00f0a, en \u00fe\u00fa getur \u00fea\u00f0, \u00fev\u00ed \u00ed \u00fe\u00e9r b\u00fdr andi enna heil\u00f6gu gu\u00f0a.<a name=\"19\"><span class=\"versanumer\">19<\/span><\/a>\u00de\u00e1 var\u00f0 Dan\u00edel, sem nefndur var Beltsasar, fr\u00e1 s\u00e9r numinn um stund, og hans hugsanir sturlu\u00f0u hann. En konungurinn t\u00f3k til or\u00f0a og sag\u00f0i: Beltsasar! l\u00e1t eigi drauminn n\u00e9 hans \u00fat\u00fe\u00fd\u00f0ing sturla \u00feig. Beltsasar svara\u00f0i og sag\u00f0i: eg vildi \u00f3ska, herra, a\u00f0 draumurinn r\u00e6ttist \u00e1 \u00f3vinum \u00fe\u00ednum, og \u00fe\u00fd\u00f0ing hans \u00e1 \u00fe\u00ednum m\u00f3tst\u00f6\u00f0um\u00f6nnum!<a name=\"20\"><span class=\"versanumer\">20<\/span><\/a>\u00dea\u00f0 tr\u00e9, sem \u00fe\u00fa s\u00e1st, og sem b\u00e6\u00f0i var miki\u00f0 og gilt, og svo h\u00e1tt, a\u00f0 upp t\u00f3k allt til himins, og gat s\u00e9\u00f0 or\u00f0i\u00f0 um alla ver\u00f6ldina,<a name=\"21\"><span class=\"versanumer\">21<\/span><\/a>limar \u00feess fagrar, \u00e1v\u00f6xturinn svo mikill, a\u00f0 allt f\u00e9kk f\u00e6\u00f0slu \u00fear af, sk\u00f3gard\u00fdrin l\u00e1gu undir \u00fev\u00ed, og fuglar himins s\u00e1tu \u00e1 kvistum \u00feess:<a name=\"22\"><span class=\"versanumer\">22<\/span><\/a>\u00feetta tr\u00e9 ert \u00fe\u00fa, konungur, sem ert svo mikill og m\u00e1ttugur, og veldi \u00feitt svo st\u00f3rt, a\u00f0 \u00fea\u00f0 n\u00e6r til himins, og \u00fe\u00edn yfirdrottnun allt \u00fat til heimsenda.<a name=\"23\"><span class=\"versanumer\">23<\/span><\/a>En \u00fear er konungurinn s\u00e1 v\u00f6r\u00f0 nokkurn e\u00f0a einhv\u00f6rn enna heil\u00f6gu ni\u00f0ur st\u00edga af himni, og segja: \u201eh\u00f6ggvi\u00f0 upp tr\u00e9\u00f0 og ey\u00f0ileggi\u00f0 \u00fea\u00f0, en l\u00e1ti\u00f0 \u00fe\u00f3 stofninn me\u00f0 r\u00f3tum s\u00ednum kyrran eftir vera \u00ed j\u00f6r\u00f0inni; j\u00e1rnvi\u00f0jum og eirfj\u00f6trum bundinn skal hann \u00ed grash\u00f6gum ganga, hann skal v\u00f6kna af loftsd\u00f6gginni, og \u00e1samt me\u00f0 d\u00fdrunum hlutdeild hafa \u00ed gr\u00f6sum jar\u00f0arinnar, uns sj\u00f6 t\u00ed\u00f0ir eru yfir hann li\u00f0nar\u201c;<a name=\"24\"><span class=\"versanumer\">24<\/span><\/a>\u00fe\u00e1 hefir \u00fea\u00f0 \u00feetta a\u00f0 \u00fe\u00fd\u00f0a, konungur, og \u00feessi er r\u00e1\u00f0st\u00f6fun hins h\u00e6sta, sem koma mun fram \u00e1 m\u00ednum herra konunginum:<a name=\"25\"><span class=\"versanumer\">25<\/span><\/a>\u00fe\u00fa munt \u00fatrekinn ver\u00f0a \u00far mannaf\u00e9lagi, og b\u00faa me\u00f0al sk\u00f3gard\u00fdra; \u00fe\u00fa munt gras eta sem uxar, og v\u00f6kna af himind\u00f6gginni; \u00feannig skulu sj\u00f6 t\u00ed\u00f0ir yfir \u00feig l\u00ed\u00f0a, uns \u00fe\u00fa vi\u00f0urkennir, a\u00f0 s\u00e1 hinn h\u00e6sti hefir vald yfir r\u00edkjum mannanna, og veitir \u00feau hv\u00f6rjum sem hann vill.<a name=\"26\"><span class=\"versanumer\">26<\/span><\/a>En \u00fear er sagt var, a\u00f0 stofn tr\u00e9sins me\u00f0 r\u00f3tum s\u00ednum skyldi eftir ver\u00f0a, \u00fea\u00f0 merkir, a\u00f0 \u00fe\u00fa skalt halda r\u00edki \u00fe\u00ednu, \u00feegar \u00fe\u00fa kannast vi\u00f0, a\u00f0 allt valdi\u00f0 er \u00e1 himnum.<a name=\"27\"><span class=\"versanumer\">27<\/span><\/a>L\u00e1t \u00fe\u00e9r \u00fev\u00ed, konungur, \u00fe\u00f3knast r\u00e1\u00f0 mitt, frelsa syndir \u00fe\u00ednar me\u00f0 \u00f6lmusugj\u00f6fum, og \u00fe\u00ednar miklar misgj\u00f6r\u00f0ir me\u00f0 \u00fev\u00ed a\u00f0 kenna \u00ed brj\u00f3sti um aumingjana; m\u00e1 vera, a\u00f0 hamingjul\u00e1n \u00feitt ver\u00f0i vi\u00f0 \u00fea\u00f0 langg\u00e6\u00f0ara.<a name=\"28\"><span class=\"versanumer\">28<\/span><\/a>Allt \u00feetta kom fram vi\u00f0 Neb\u00fakadnesar konung.<a name=\"29\"><span class=\"versanumer\">29<\/span><\/a>\u00deegar konungur a\u00f0 li\u00f0num 12 m\u00e1nu\u00f0um var \u00e1 gangi \u00ed konungsh\u00f6llinni \u00ed Babel,<a name=\"30\"><span class=\"versanumer\">30<\/span><\/a>t\u00f3k hann til or\u00f0a og m\u00e6lti: \u201eer \u00feetta ekki s\u00fa hin mikla Babelsborg, sem eg hefi byggja l\u00e1ti\u00f0 me\u00f0 m\u00ednum veldisstyrk til konungsa\u00f0seturs og minni tign til fr\u00e6g\u00f0ar\u201c.<a name=\"31\"><span class=\"versanumer\">31<\/span><\/a>Me\u00f0an konungurinn haf\u00f0i \u00feessi or\u00f0 \u00e1 v\u00f6rum s\u00e9r, kom raust af himni ofan: \u00fe\u00e9r gj\u00f6rist h\u00e9r me\u00f0 vitanlegt, Neb\u00fakadnesar konungur, a\u00f0 konungd\u00f3murinn er vikinn \u00ed burtu fr\u00e1 \u00fe\u00e9r;<a name=\"32\"><span class=\"versanumer\">32<\/span><\/a>\u00fe\u00fa skalt \u00fatrekinn ver\u00f0a \u00far mannaf\u00e9lagi, og eiga bygg\u00f0 me\u00f0 sk\u00f3gard\u00fdrum, \u00fe\u00fa skalt gras eta sem uxar, og \u00feannig skulu sj\u00f6 t\u00ed\u00f0ir yfir \u00feig l\u00ed\u00f0a, uns \u00fe\u00fa vi\u00f0urkennir, a\u00f0 hinn h\u00e6sti hefir vald yfir r\u00edkjum mannanna, og veitir \u00feau hv\u00f6rjum sem hann vill.<a name=\"33\"><span class=\"versanumer\">33<\/span><\/a>\u00deessi umm\u00e6li r\u00e6ttust samstundis \u00e1 Neb\u00fakadnesar: hann var\u00f0 \u00fatsk\u00fafa\u00f0ur fr\u00e1 m\u00f6nnum, \u00e1t gras sem uxar, hans l\u00edkami v\u00f6kna\u00f0i af himind\u00f6gginni, og um s\u00ed\u00f0ir v\u00f3x h\u00e1r hans sem arnarfja\u00f0rir, og neglur hans sem fuglakl\u00e6r.<a name=\"34\"><span class=\"versanumer\">34<\/span><\/a>En a\u00f0 li\u00f0num \u00feessum t\u00edma h\u00f3f eg, Neb\u00fakadnesar, augu m\u00edn upp til himins, og f\u00e9kk eg \u00fe\u00e1 vit mitt aftur: eg vegsama\u00f0i hinn h\u00e6sta, lofa\u00f0i og hei\u00f0ra\u00f0i \u00feann, sem lifir eil\u00edflega; \u00fev\u00ed hans veldi er eil\u00edft veldi, og hans r\u00edki varir fr\u00e1 einni kynsl\u00f3\u00f0 til annarrar.<a name=\"35\"><span class=\"versanumer\">35<\/span><\/a>Allir \u00feeir, sem \u00e1 j\u00f6r\u00f0unni b\u00faa, eru einskis vir\u00f0i; hann breytir himnanna her og vi\u00f0 innbyggjendur jar\u00f0arinnar eins og hann sj\u00e1lfur vill; enginn er s\u00e1, sem megni honum t\u00e1lmun a\u00f0 gj\u00f6ra, e\u00f0a vi\u00f0 hann f\u00e1i sagt: hva\u00f0 gj\u00f6rir \u00fe\u00fa?<a name=\"36\"><span class=\"versanumer\">36<\/span><\/a>\u00c1 \u00feeim sama t\u00edma, sem eg f\u00e9kk vit mitt aftur, komst eg og aftur til minnar konunglegu tignar, fr\u00e6g\u00f0ar og vegsemdar; m\u00ednir r\u00e1\u00f0gjafar og vildarmenn leitu\u00f0u m\u00edn, eg var aftur skipa\u00f0ur yfir r\u00edki\u00f0, og var\u00f0 enn \u00e1g\u00e6tari en \u00e1\u00f0ur.<a name=\"37\"><span class=\"versanumer\">37<\/span><\/a>\u00deess vegna lofa eg, Neb\u00fakadnesar, upphef og vegsama himnanna konung; \u00fev\u00ed allar hans gj\u00f6r\u00f0ir eru sannleikur, hans vegir eru r\u00e9ttir, og \u00fe\u00e1, sem framganga \u00ed drambl\u00e6ti, kann hann a\u00f0 l\u00edtill\u00e6ta.<\/p>\n<div class=\"footnoteVidey\">V. 13. a. \u00de. e. engill, englanna.  V. 17. b. Sbr. v. 13.<\/div>\n","protected":false},"excerpt":{"rendered":"<p>Hegning Neb\u00fakadnesars fyrir drambl\u00e6ti sitt. 1Neb\u00fakadnesar konungur heilsar \u00f6llum m\u00f6nnum, sem \u00e1 j\u00f6r\u00f0unni b\u00faa, hv\u00f6rrar \u00fej\u00f3\u00f0ar, hva\u00f0a lands og hv\u00f6rrar tungu sem eru: y\u00f0ar fri\u00f0ur s\u00e9 mikill!2Eg hefi l\u00e1ti\u00f0 m\u00e9r vel l\u00edka, a\u00f0 kunngj\u00f6ra \u00feau t\u00e1kn og fur\u00f0uverk, sem hinn h\u00e6sti Gu\u00f0 hefir gj\u00f6rt vi\u00f0 mig;3hv\u00f6rsu st\u00f3r eru hans t\u00e1kn, hv\u00f6rsu m\u00e1ttug hans d\u00e1semdarverk! hans r\u00edki er eil\u00edft r\u00edki, og hans m\u00e1ttarveldi varir fr\u00e1 einni kynsl\u00f3\u00f0 til annarrar.4Eg Neb\u00fakadnesar lif\u00f0i \u00ed r\u00f3 \u00ed h\u00fasi m\u00ednu, og \u00e1tti g\u00f3\u00f0a daga \u00ed h\u00f6ll minni;5\u00fe\u00e1 dreymdi mig draum nokkurn, sem gj\u00f6r\u00f0i mig \u00f3ttaskelfdan; \u00fe\u00e6r hugsanir, sem eg haf\u00f0i \u00ed rekkju minni, og \u00fe\u00e6r <a href=\"https:\/\/biblian.is\/videy\/daniel-4-kafli\/\"> [&#8230;]<\/a><\/p>\n","protected":false},"author":1,"featured_media":0,"parent":0,"menu_order":0,"comment_status":"open","ping_status":"open","template":"bibliukaflar.php","meta":{"footnotes":""},"class_list":["post-21703","page","type-page","status-publish","hentry"],"_links":{"self":[{"href":"https:\/\/biblian.is\/videy\/wp-json\/wp\/v2\/pages\/21703","targetHints":{"allow":["GET"]}}],"collection":[{"href":"https:\/\/biblian.is\/videy\/wp-json\/wp\/v2\/pages"}],"about":[{"href":"https:\/\/biblian.is\/videy\/wp-json\/wp\/v2\/types\/page"}],"author":[{"embeddable":true,"href":"https:\/\/biblian.is\/videy\/wp-json\/wp\/v2\/users\/1"}],"replies":[{"embeddable":true,"href":"https:\/\/biblian.is\/videy\/wp-json\/wp\/v2\/comments?post=21703"}],"version-history":[{"count":0,"href":"https:\/\/biblian.is\/videy\/wp-json\/wp\/v2\/pages\/21703\/revisions"}],"wp:attachment":[{"href":"https:\/\/biblian.is\/videy\/wp-json\/wp\/v2\/media?parent=21703"}],"curies":[{"name":"wp","href":"https:\/\/api.w.org\/{rel}","templated":true}]}}