{"id":21699,"date":"2018-01-02T01:03:30","date_gmt":"2018-01-02T01:03:30","guid":{"rendered":"http:\/\/biblian.is\/videy\/esekiel-48-kafli\/"},"modified":"2018-01-02T01:03:30","modified_gmt":"2018-01-02T01:03:30","slug":"esekiel-48-kafli","status":"publish","type":"page","link":"https:\/\/biblian.is\/videy\/esekiel-48-kafli\/","title":{"rendered":"Esek\u00edel 48. kafli"},"content":{"rendered":"<div class=\"fyrirsognVidey\">Landshlutir hinna 7 kynkv\u00edsla \u00ed nor\u00f0urhluta Gy\u00f0ingalands, 1\u20137; hlutur helgid\u00f3msins, borgarinnar og landsh\u00f6f\u00f0ingjans, 8\u201322; arfahlutir hinna 5 kynkv\u00edsla \u00ed su\u00f0urhluta landsins, 23\u201329; borgarhli\u00f0in og nafn borgarinnar, 30\u201335.<\/div>\n<p><a name=\"1\"><span class=\"versanumer\">1<\/span><\/a>\u00deessi eru n\u00f6fn kynkv\u00edslanna: \u00e1 nor\u00f0urlandamerkjunum hj\u00e1 Ketlon, \u00fear sem lei\u00f0 liggur til Hamats og Hasar-Enons, og \u00e1 nor\u00f0urtakm\u00f6rkum Dammaskusborgar fram me\u00f0 Hamat, fr\u00e1 austri til vesturs, \u00fear er einn arfahluti, sem Dans \u00e6ttkv\u00edsl \u00e1.<a name=\"2\"><span class=\"versanumer\">2<\/span><\/a>\u00c1 takm\u00f6rkum Dans \u00e6ttkv\u00edslar, fr\u00e1 austri til vesturs, \u00fear er einn hluti, Asers \u00e6ttkv\u00edsl \u00e1 \u00feann.<a name=\"3\"><span class=\"versanumer\">3<\/span><\/a>Vi\u00f0 takm\u00f6rk Asers \u00e6ttkv\u00edslar, fr\u00e1 austri til vesturs, er einn hluti, \u00feann \u00e1 Naftal\u00ed \u00e6ttkv\u00edsl.<a name=\"4\"><span class=\"versanumer\">4<\/span><\/a>Vi\u00f0 takm\u00f6rk Naftal\u00ed \u00e6ttkv\u00edslar, fr\u00e1 austri til vesturs, er einn hluti, Manassis \u00e6ttkv\u00edsl \u00e1 hann.<a name=\"5\"><span class=\"versanumer\">5<\/span><\/a>Vi\u00f0 takm\u00f6rk Manassis \u00e6ttkv\u00edslar, fr\u00e1 austri til vesturs, er einn arfahluti, Efraims \u00e6ttkv\u00edsl \u00e1 hann.<a name=\"6\"><span class=\"versanumer\">6<\/span><\/a>Vi\u00f0 takm\u00f6rk Efraims \u00e6ttkv\u00edslar, fr\u00e1 austri til vesturs, \u00fear er einn hluti, R\u00fabens \u00e6ttkv\u00edsl \u00e1 hann.<a name=\"7\"><span class=\"versanumer\">7<\/span><\/a>Vi\u00f0 takm\u00f6rk R\u00fabens \u00e6ttkv\u00edslar, fr\u00e1 vestri til austurs, er einn hluti, \u00fea\u00f0 er arfur J\u00fada \u00e6ttkv\u00edslar.<br \/><a name=\"8\"><span class=\"versanumer\">8<\/span><\/a>Vi\u00f0 takm\u00f6rk J\u00fada \u00e6ttkv\u00edslar fr\u00e1 austri til vesturs, skal liggja s\u00e1 hluti lands, sem \u00fe\u00e9r skulu\u00f0 helga, \u00fea\u00f0 eru 25000 m\u00e6lisk\u00f6ft \u00e1 breidd, og \u00e1 lengd fr\u00e1 austri til vesturs eins og hv\u00f6r hinna arfahlutanna; \u00ed mi\u00f0jum \u00feessum hluta skal helgid\u00f3murinn vera.<a name=\"9\"><span class=\"versanumer\">9<\/span><\/a>S\u00e1 hluti lands, sem \u00fe\u00e9r skulu\u00f0 helga Drottni, skal vera 25000 m\u00e6lisk\u00f6ft \u00e1 lengd, og 10000 \u00e1 breidd.<a name=\"10\"><span class=\"versanumer\">10<\/span><\/a>\u00deessari fr\u00e1skildu hlutdeild helgid\u00f3msins skal \u00feannig skipta: kennim\u00f6nnunum skulu tilheyra 25000 m\u00e6lisk\u00f6ft til nor\u00f0urs, til vesturs 10000 \u00e1 breiddina, eins til austurs \u00e1 breidd 10000, til su\u00f0urs 25000 \u00e1 lengdina; og \u00fear \u00ed mi\u00f0junni skal Drottins helgid\u00f3mur vera.<a name=\"11\"><span class=\"versanumer\">11<\/span><\/a>\u00deetta skal helga\u00f0 vera kennim\u00f6nnunum, \u00feeim af Sadoksni\u00f0jum, sem g\u00e6ta \u00feess er eg vil g\u00e6ta l\u00e1ta, og sem ekki f\u00f3ru afvega me\u00f0 \u00f6r\u00f0um afvegaleiddum \u00cdsraelsm\u00f6nnum, \u00feegar Lev\u00edtarnir f\u00f3ru villir vega;<a name=\"12\"><span class=\"versanumer\">12<\/span><\/a>\u00feeirra einkahlutdeild skal \u00fev\u00ed vera \u00fea\u00f0 allrahelgasta af \u00fev\u00ed helga\u00f0a landi, til m\u00f3ts vi\u00f0 takm\u00f6rk Lev\u00edtanna.<a name=\"13\"><span class=\"versanumer\">13<\/span><\/a>Lev\u00edtarnir skulu hafa land til m\u00f3ts vi\u00f0 takm\u00f6rk kennimannanna, 25000 m\u00e6lisk\u00f6ft \u00e1 lengdina og 10000 \u00e1 breiddina; \u00f6ll lengdin er nefnilega 25000, breiddin 10000 m\u00e6lisk\u00f6ft.<a name=\"14\"><span class=\"versanumer\">14<\/span><\/a>Ekkert mega \u00feeir \u00fear af selja, og engin umskipti \u00e1 hafa, og ekki m\u00e1 landsins veglegasti hluti ganga til annarra eigenda, \u00fev\u00ed hann er Drottni helga\u00f0ur.<a name=\"15\"><span class=\"versanumer\">15<\/span><\/a>\u00de\u00e6r 5 \u00fe\u00fasundir m\u00e6liskafta \u00e1 breiddina og 25 \u00fe\u00fasundir \u00e1 lengdina, sem enn eru eftir, \u00fe\u00e6r skulu vera \u00f3helga\u00f0 land, til h\u00fasast\u00e6\u00f0a og almennings fyrir borgina; \u00ed mi\u00f0jum \u00feessum reit skal borgin standa.<a name=\"16\"><span class=\"versanumer\">16<\/span><\/a>\u00deetta skal vera v\u00f6xtur borgarinnar: nor\u00f0ur hli\u00f0vegurinn 4500 m\u00e6lisk\u00f6ft, su\u00f0urhli\u00f0vegurinn 4500, eystri hli\u00f0in 4500, og vestari hli\u00f0in 4500 m\u00e6lisk\u00f6ft.<a name=\"17\"><span class=\"versanumer\">17<\/span><\/a>Almenningur s\u00e1, er borginni tilheyrir, skal vera 250 m\u00e6lisk\u00f6ft a\u00f0 nor\u00f0anver\u00f0u, 250 a\u00f0 sunnanver\u00f0u, 250 a\u00f0 austanver\u00f0u, og 250 a\u00f0 vestanver\u00f0u.<a name=\"18\"><span class=\"versanumer\">18<\/span><\/a>\u00dea\u00f0 sem enn er eftir af lengdinni n\u00e6st vi\u00f0 einkahlutdeild helgid\u00f3msins, 10000 m\u00e6lisk\u00f6ft gegnt austri, og 10000 gegnt vestri, hva\u00f0 e\u00f0 liggja skal n\u00e6st einkalandi helgid\u00f3msins, aftektir \u00feess skulu vera til uppeldis \u00fej\u00f3nustum\u00f6nnum borgarinnar;<a name=\"19\"><span class=\"versanumer\">19<\/span><\/a>en \u00fej\u00f3nustumenn borgarinnar, \u00feeir e\u00f0 \u00feetta land taka til yrkingar, megu vera af \u00f6llum \u00e6ttkv\u00edslum \u00cdsraelsmanna.<a name=\"20\"><span class=\"versanumer\">20<\/span><\/a>Alla einkadeildina, 25000 m\u00e6lisk\u00f6ft \u00e1 lengdina og 25000 \u00e1 breiddina, sem er r\u00e9ttur ferhyrningur, hana skulu\u00f0 \u00fe\u00e9r veita helgid\u00f3minum og borginni til eignar.<a name=\"21\"><span class=\"versanumer\">21<\/span><\/a>En \u00fea\u00f0 sem enn er eftir beggjavegna, fyrir utan einkadeild helgid\u00f3msins og eign borgarinnar, \u00fea\u00f0 skal heyra landsh\u00f6f\u00f0ingjanum til; \u00fea\u00f0 sem liggur til m\u00f3ts vi\u00f0 \u00feau 25000 m\u00e6lisk\u00f6ft af \u00fev\u00ed \u00farskipta landi til \u00feeirra austl\u00e6gu landamerkja, og me\u00f0 hafstr\u00f6ndinni til m\u00f3ts vi\u00f0 \u00feau 25000 m\u00e6lisk\u00f6ft allt til hinna vestl\u00e6gu landamerkja, gagnvart landshlutum \u00e6ttkv\u00edslanna, \u00fea\u00f0 skal heyra landsh\u00f6f\u00f0ingjanum til, og skal einkadeild helgid\u00f3msins og \u00fea\u00f0 heilaga musterish\u00fas liggja \u00fear mitt innan \u00ed.<a name=\"22\"><span class=\"versanumer\">22<\/span><\/a>S\u00f6mulei\u00f0is skal \u00fea\u00f0, sem liggur milli takmarka J\u00fada \u00e6ttkv\u00edslar og Benjam\u00edns \u00e6ttkv\u00edslar, fr\u00e1 eign Lev\u00edtanna og borgareigninni, sem liggur mitt innan \u00ed landsh\u00f6f\u00f0ingjans hlutdeild, heyra landsh\u00f6f\u00f0ingjanum til. <br \/><a name=\"23\"><span class=\"versanumer\">23<\/span><\/a>Hva\u00f0 hinum \u00e6ttkv\u00edslunum vi\u00f0v\u00edkur, \u00fe\u00e1 er einn hluti lands fr\u00e1 austur\u00e1tt til vestur\u00e1ttar, \u00fea\u00f0 \u00e1 Benjam\u00edns \u00e6ttkv\u00edsl.<a name=\"24\"><span class=\"versanumer\">24<\/span><\/a>Vi\u00f0 takm\u00f6rk Benjam\u00edns \u00e6ttkv\u00edslar, fr\u00e1 austri til vesturs, er einn hluti, hann \u00e1 S\u00edmeons \u00e6ttkv\u00edsl.<a name=\"25\"><span class=\"versanumer\">25<\/span><\/a>Vi\u00f0 takm\u00f6rk S\u00edmeons \u00e6ttkv\u00edslar, fr\u00e1 austri til vesturs, er einn hluti, \u00fea\u00f0 er \u00cdsaskars \u00e6ttkv\u00edsl.<a name=\"26\"><span class=\"versanumer\">26<\/span><\/a>Vi\u00f0 takm\u00f6rk \u00cdsaskars \u00e6ttkv\u00edslar, fr\u00e1 austri til vesturs, er einn hluti, Seb\u00falons \u00e6ttkv\u00edsl \u00e1 \u00feann.<a name=\"27\"><span class=\"versanumer\">27<\/span><\/a>Vi\u00f0 takm\u00f6rk Seb\u00falons \u00e6ttkv\u00edslar, fr\u00e1 austri til vesturs, er einn hluti, \u00feann \u00e1 Ga\u00f0s \u00e6ttkv\u00edsl.<a name=\"28\"><span class=\"versanumer\">28<\/span><\/a>Vi\u00f0 takm\u00f6rk Ga\u00f0s \u00e6ttkv\u00edslar v\u00edkur landamerkinu til su\u00f0ur\u00e1ttar fr\u00e1 Tamar til deiluvatnsins Kades, m\u00f3ts vi\u00f0 dalinn og allt til Mikla hafs.<a name=\"29\"><span class=\"versanumer\">29<\/span><\/a>\u00deetta er \u00fea\u00f0 land, sem \u00fe\u00e9r skulu\u00f0 \u00fathluta \u00e6ttkv\u00edslum \u00cdsraelsmanna til arfleif\u00f0ar, og \u00feessir eru arfahlutar \u00feeirra, segir Drottinn alvaldur.<br \/><a name=\"30\"><span class=\"versanumer\">30<\/span><\/a>\u00deessi eru porthli\u00f0 borgarinnar: nor\u00f0ur hli\u00f0vegurinn er a\u00f0 m\u00e1li 4500 m\u00e6lisk\u00f6ft,<a name=\"31\"><span class=\"versanumer\">31<\/span><\/a>en porthli\u00f0 borgarinnar heita eftir n\u00f6fnum \u00cdsraels kynkv\u00edsla: \u00ferj\u00fa porthli\u00f0 nor\u00f0anmegin, R\u00fabens port eitt, anna\u00f0 J\u00fada port, \u00feri\u00f0ja Lev\u00ed port.<a name=\"32\"><span class=\"versanumer\">32<\/span><\/a>Austanmegin eru 4500 m\u00e6lisk\u00f6ft, og \u00ferj\u00fa porthli\u00f0, eitt J\u00f3seps port, anna\u00f0 Benjam\u00edns port, \u00feri\u00f0ja Dans port.<a name=\"33\"><span class=\"versanumer\">33<\/span><\/a>A\u00f0 sunnanver\u00f0u eru eins 4500 m\u00e6lisk\u00f6ft, og \u00ferj\u00fa port, eitt S\u00edmeons port, anna\u00f0 \u00cdsaskars port, \u00feri\u00f0ja Seb\u00falons port.<a name=\"34\"><span class=\"versanumer\">34<\/span><\/a>A\u00f0 vestanver\u00f0u eru 4500 m\u00e6lisk\u00f6ft, \u00fear \u00e1 eru \u00ferj\u00fa porthli\u00f0, Ga\u00f0s port eitt, Assers port anna\u00f0, Naftali port \u00feri\u00f0ja.<a name=\"35\"><span class=\"versanumer\">35<\/span><\/a>Umm\u00e1l borgarinnar er 18000 m\u00e6lisk\u00f6ft, og nafn hennar er upp fr\u00e1 \u00feeim degi \u201eSamasta\u00f0ur Drottins\u201c.<\/p>\n<div class=\"footnoteVidey\"><\/div>\n","protected":false},"excerpt":{"rendered":"<p>Landshlutir hinna 7 kynkv\u00edsla \u00ed nor\u00f0urhluta Gy\u00f0ingalands, 1\u20137; hlutur helgid\u00f3msins, borgarinnar og landsh\u00f6f\u00f0ingjans, 8\u201322; arfahlutir hinna 5 kynkv\u00edsla \u00ed su\u00f0urhluta landsins, 23\u201329; borgarhli\u00f0in og nafn borgarinnar, 30\u201335. 1\u00deessi eru n\u00f6fn kynkv\u00edslanna: \u00e1 nor\u00f0urlandamerkjunum hj\u00e1 Ketlon, \u00fear sem lei\u00f0 liggur til Hamats og Hasar-Enons, og \u00e1 nor\u00f0urtakm\u00f6rkum Dammaskusborgar fram me\u00f0 Hamat, fr\u00e1 austri til vesturs, \u00fear er einn arfahluti, sem Dans \u00e6ttkv\u00edsl \u00e1.2\u00c1 takm\u00f6rkum Dans \u00e6ttkv\u00edslar, fr\u00e1 austri til vesturs, \u00fear er einn hluti, Asers \u00e6ttkv\u00edsl \u00e1 \u00feann.3Vi\u00f0 takm\u00f6rk Asers \u00e6ttkv\u00edslar, fr\u00e1 austri til vesturs, er einn hluti, \u00feann \u00e1 Naftal\u00ed \u00e6ttkv\u00edsl.4Vi\u00f0 takm\u00f6rk Naftal\u00ed \u00e6ttkv\u00edslar, fr\u00e1 austri til vesturs, er einn <a href=\"https:\/\/biblian.is\/videy\/esekiel-48-kafli\/\"> [&#8230;]<\/a><\/p>\n","protected":false},"author":1,"featured_media":0,"parent":0,"menu_order":0,"comment_status":"open","ping_status":"open","template":"bibliukaflar.php","meta":{"footnotes":""},"class_list":["post-21699","page","type-page","status-publish","hentry"],"_links":{"self":[{"href":"https:\/\/biblian.is\/videy\/wp-json\/wp\/v2\/pages\/21699","targetHints":{"allow":["GET"]}}],"collection":[{"href":"https:\/\/biblian.is\/videy\/wp-json\/wp\/v2\/pages"}],"about":[{"href":"https:\/\/biblian.is\/videy\/wp-json\/wp\/v2\/types\/page"}],"author":[{"embeddable":true,"href":"https:\/\/biblian.is\/videy\/wp-json\/wp\/v2\/users\/1"}],"replies":[{"embeddable":true,"href":"https:\/\/biblian.is\/videy\/wp-json\/wp\/v2\/comments?post=21699"}],"version-history":[{"count":0,"href":"https:\/\/biblian.is\/videy\/wp-json\/wp\/v2\/pages\/21699\/revisions"}],"wp:attachment":[{"href":"https:\/\/biblian.is\/videy\/wp-json\/wp\/v2\/media?parent=21699"}],"curies":[{"name":"wp","href":"https:\/\/api.w.org\/{rel}","templated":true}]}}