{"id":21698,"date":"2018-01-02T01:03:30","date_gmt":"2018-01-02T01:03:30","guid":{"rendered":"http:\/\/biblian.is\/videy\/esekiel-47-kafli\/"},"modified":"2018-01-02T01:03:30","modified_gmt":"2018-01-02T01:03:30","slug":"esekiel-47-kafli","status":"publish","type":"page","link":"https:\/\/biblian.is\/videy\/esekiel-47-kafli\/","title":{"rendered":"Esek\u00edel 47. kafli"},"content":{"rendered":"<div class=\"fyrirsognVidey\">Um vatnsuppsprettu \u00feess n\u00fdja musteris, 1\u201312; takm\u00f6rk hins heilaga lands, 13\u201320; um arft\u00f6ku \u00fatlendra manna, 21\u201323.<\/div>\n<p><a name=\"1\"><span class=\"versanumer\">1<\/span><\/a>N\u00fa leiddi hann mig aftur a\u00f0 musteris dyrunum, og sj\u00e1! vatn nokkurt spratt upp undir \u00fereskildi h\u00fassins m\u00f3t austri, \u00fev\u00ed framhli\u00f0 musterisins vissi til austurs; \u00feetta vatn f\u00e9ll \u00ed j\u00f6r\u00f0 ni\u00f0ur h\u00e6gramegin musterisins fyrir sunnan altari\u00f0.<a name=\"2\"><span class=\"versanumer\">2<\/span><\/a>Hann leiddi mig n\u00fa \u00fat af nor\u00f0urportinu, og umkring a\u00f0 utanver\u00f0u til ytra portsins, sem horfir m\u00f3t austri; \u00fear til h\u00e6gri handar vall vatni\u00f0 upp aftur.<a name=\"3\"><span class=\"versanumer\">3<\/span><\/a>Ma\u00f0urinn gekk n\u00fa austur me\u00f0 vatninu, hann haf\u00f0i m\u00e6listreng \u00ed hendi s\u00e9r, og m\u00e6ldi 1000 \u00e1lnir, og l\u00e9t mig \u00fe\u00e1 ganga yfir um vatni\u00f0, og t\u00f3k \u00fea\u00f0 m\u00e9r \u00ed \u00f6kkla.<a name=\"4\"><span class=\"versanumer\">4<\/span><\/a>En m\u00e6ldi hann 1000 \u00e1lnir, og l\u00e9t mig \u00fear ganga yfir um, t\u00f3k vatni\u00f0 m\u00e9r \u00fe\u00e1 til kn\u00e9s; \u00fe\u00e1 m\u00e6ldi hann enn 1000 \u00e1lnir, og l\u00e9t mig fara yfir um, t\u00f3k vatni\u00f0 m\u00e9r \u00fear upp \u00e1 mja\u00f0mir.<a name=\"5\"><span class=\"versanumer\">5<\/span><\/a>\u00de\u00e1 m\u00e6ldi hann enn 1000 \u00e1lnir, var \u00fe\u00e1 vatni\u00f0 or\u00f0i\u00f0 a\u00f0 flj\u00f3ti, svo eg m\u00e1tti ei yfir \u00fea\u00f0 komast; \u00fear var hyld\u00fdpi, eins og sund\u00e1 e\u00f0a \u00f3v\u00e6tt flj\u00f3t.<a name=\"6\"><span class=\"versanumer\">6<\/span><\/a>Hann sag\u00f0i \u00fe\u00e1 til m\u00edn: hefir \u00fe\u00fa s\u00e9\u00f0 \u00feetta, \u00fe\u00fa mannsins son? leiddi hann mig \u00fe\u00e1 aftur upp \u00e1 flj\u00f3tsbakkann.<a name=\"7\"><span class=\"versanumer\">7<\/span><\/a>\u00c1 lei\u00f0inni til baka s\u00e1 eg mj\u00f6g m\u00f6rg tr\u00e9 \u00e1 flj\u00f3tsb\u00f6kkunum beggjavegna.<a name=\"8\"><span class=\"versanumer\">8<\/span><\/a>Hann sag\u00f0i til m\u00edn: \u00feetta vatn rennur \u00fat \u00e1 austurlandi\u00f0, og \u00fea\u00f0an ofan \u00e1 sl\u00e9ttlendi\u00f0, og fellur svo \u00ed hafi\u00f0 <span class='VideyAth'>a)<\/span>, og \u00feegar \u00fea\u00f0 er runni\u00f0 \u00ed hafi\u00f0, ver\u00f0ur sj\u00e1varvatni\u00f0 heiln\u00e6mt.<a name=\"9\"><span class=\"versanumer\">9<\/span><\/a>Allar lifandi skepnur, sem hr\u00e6ra sig, f\u00e1 n\u00fdtt l\u00edf, allsta\u00f0ar \u00fear sem \u00feessir vatnsstraumar koma, og fiskarnir ver\u00f0a mj\u00f6g margir; \u00fev\u00ed \u00fear sem \u00feessi v\u00f6tn koma fram, ver\u00f0ur sj\u00e1varl\u00f6gurinn heiln\u00e6mur, og allt lifnar vi\u00f0, \u00fear sem vatnsstraumurinn kemur.<a name=\"10\"><span class=\"versanumer\">10<\/span><\/a>Fiskimennirnir skulu standa vi\u00f0 hafi\u00f0 fr\u00e1 En-Gedd\u00ed og allt til En-Eglajim, og vera \u00fear a\u00f0 brei\u00f0a net s\u00edn; \u00fear skulu finnast \u00fdmislegar fiskategundir, og fiskifj\u00f6ldinn skal vera st\u00f3rmikill, eins og \u00ed Hafinu mikla <span class='VideyAth'>b)<\/span>;<a name=\"11\"><span class=\"versanumer\">11<\/span><\/a>en pyttirnir og s\u00edkin \u00fear hj\u00e1 skulu ekki hafa heiln\u00e6mt vatn, heldur eru \u00feeir \u00e6tla\u00f0ir til saltfengjar.<a name=\"12\"><span class=\"versanumer\">12<\/span><\/a>Me\u00f0 fram flj\u00f3tinu \u00e1 vatnsb\u00f6kkunum beggja vegna skulu upp renna alls konar frj\u00f3vsamleg aldintr\u00e9, \u00feeirra laufbl\u00f6\u00f0 skulu ekki visna, \u00feeirra \u00e1v\u00f6xtur ekki dv\u00edna, hv\u00f6rn m\u00e1nu\u00f0 skulu \u00feau bera n\u00fdjan \u00e1v\u00f6xt, \u00fev\u00ed v\u00f6tnin, sem \u00feau lifa vi\u00f0, koma fr\u00e1 helgid\u00f3minum; \u00feeirra \u00e1v\u00f6xtur skal gagna til f\u00e6\u00f0slu og laufbl\u00f6\u00f0in til l\u00e6kninga.<br \/><a name=\"13\"><span class=\"versanumer\">13<\/span><\/a>Svo segir Drottinn alvaldur: \u00feetta eru \u00feau takm\u00f6rk, eftir hv\u00f6rjum \u00fe\u00e9r skulu\u00f0 skipta landinu til eignar \u00e1 me\u00f0al \u00cdsraels 12 \u00e6ttkv\u00edsla. J\u00f3seps\u00e6tt skal hafa tvo hluti.<a name=\"14\"><span class=\"versanumer\">14<\/span><\/a>\u00de\u00e9r skulu\u00f0 taka landi\u00f0 \u00ed arf, jafnt hv\u00f6r me\u00f0 \u00f6\u00f0rum; eg h\u00e9t me\u00f0 uppr\u00e9ttri hendi a\u00f0 gefa \u00fea\u00f0 fe\u00f0rum y\u00f0ar, og \u00fev\u00ed skal \u00feetta land falla \u00ed y\u00f0ar arf.<a name=\"15\"><span class=\"versanumer\">15<\/span><\/a>\u00deetta eru takm\u00f6rk landsins: a\u00f0 nor\u00f0anver\u00f0u, fr\u00e1 hafinu mikla, sem lei\u00f0 liggur til Ketlons, \u00fea\u00f0an til Sedads,<a name=\"16\"><span class=\"versanumer\">16<\/span><\/a>Hamats, Ber\u00f3tu, Sibraims, sem liggur \u00e1 landamerkjunum milli Dammaskusborgar og Hamats, og \u00fea\u00f0an til Haser-T\u00edk\u00f3ns, sem liggur vi\u00f0 Havransland;<a name=\"17\"><span class=\"versanumer\">17<\/span><\/a>landamerkin skulu \u00fe\u00e1 liggja fr\u00e1 hafinu til Hasar-Enons, og nyrsta takmark skal vera Dammaskusborg og Hamat. \u00deetta eru takm\u00f6rkin a\u00f0 nor\u00f0anver\u00f0u.<a name=\"18\"><span class=\"versanumer\">18<\/span><\/a>A\u00f0 austanver\u00f0u skulu\u00f0 \u00fe\u00e9r m\u00e6la takm\u00f6rkin milli Havrans, Dammaskusborgar, Gilea\u00f0s, gegnum \u00cdsraelsland til J\u00f3rdanar, og allt til Austursj\u00f3arins <span class='VideyAth'>c)<\/span>. \u00deetta eru landamerkin a\u00f0 austanver\u00f0u.<a name=\"19\"><span class=\"versanumer\">19<\/span><\/a>Su\u00f0urtakmarki\u00f0 liggur fr\u00e1 Tamar til deiluvatnsins Kades, m\u00f3ts vi\u00f0 dalinn og allt til Hafsins mikla. \u00deetta eru landamerkin a\u00f0 sunnanver\u00f0u.<a name=\"20\"><span class=\"versanumer\">20<\/span><\/a>Vesturtakmarki\u00f0 er Mikla haf og \u00fea\u00f0an \u00fevert yfir fr\u00e1, sem lei\u00f0 liggur til Hamats; \u00feetta eru landamerkin a\u00f0 vestanver\u00f0u. <br \/><a name=\"21\"><span class=\"versanumer\">21<\/span><\/a>\u00deessu landi skulu \u00fe\u00e9r skipta me\u00f0al y\u00f0ar, \u00ed milli \u00e6ttkv\u00edsla \u00cdsraelsmanna.<a name=\"22\"><span class=\"versanumer\">22<\/span><\/a>En \u00fe\u00e9r skulu\u00f0 skipta \u00fev\u00ed me\u00f0 hlutf\u00f6llum y\u00f0ur til eignar og \u00feeim \u00fatlendu m\u00f6nnum, sem b\u00faa me\u00f0al y\u00f0ar og b\u00f6rn hafa \u00e1tt hj\u00e1 y\u00f0ur; \u00fe\u00e9r skulu\u00f0 \u00e1l\u00edta \u00fe\u00e1 sem innf\u00e6dda \u00cdsraelsmenn, \u00feeir skulu ganga til arfs me\u00f0 y\u00f0ur, jafnt og a\u00f0rar kynkv\u00edslir \u00cdsraelsmanna;<a name=\"23\"><span class=\"versanumer\">23<\/span><\/a>\u00fe\u00e9r skulu\u00f0 gefa hv\u00f6rjum \u00fatlendum manni arfahluta \u00ed \u00feeirri \u00e6ttkv\u00edsl, sem hann b\u00fdr \u00ed sem \u00fatlendingur, segir Drottinn alvaldur.<\/p>\n<div class=\"footnoteVidey\">V. 8. a. Dau\u00f0ahaf.  V. 10. b. Mi\u00f0jar\u00f0arhafinu.  V. 18. c. Dau\u00f0ahafs.<\/div>\n","protected":false},"excerpt":{"rendered":"<p>Um vatnsuppsprettu \u00feess n\u00fdja musteris, 1\u201312; takm\u00f6rk hins heilaga lands, 13\u201320; um arft\u00f6ku \u00fatlendra manna, 21\u201323. 1N\u00fa leiddi hann mig aftur a\u00f0 musteris dyrunum, og sj\u00e1! vatn nokkurt spratt upp undir \u00fereskildi h\u00fassins m\u00f3t austri, \u00fev\u00ed framhli\u00f0 musterisins vissi til austurs; \u00feetta vatn f\u00e9ll \u00ed j\u00f6r\u00f0 ni\u00f0ur h\u00e6gramegin musterisins fyrir sunnan altari\u00f0.2Hann leiddi mig n\u00fa \u00fat af nor\u00f0urportinu, og umkring a\u00f0 utanver\u00f0u til ytra portsins, sem horfir m\u00f3t austri; \u00fear til h\u00e6gri handar vall vatni\u00f0 upp aftur.3Ma\u00f0urinn gekk n\u00fa austur me\u00f0 vatninu, hann haf\u00f0i m\u00e6listreng \u00ed hendi s\u00e9r, og m\u00e6ldi 1000 \u00e1lnir, og l\u00e9t mig \u00fe\u00e1 ganga yfir um vatni\u00f0, <a href=\"https:\/\/biblian.is\/videy\/esekiel-47-kafli\/\"> [&#8230;]<\/a><\/p>\n","protected":false},"author":1,"featured_media":0,"parent":0,"menu_order":0,"comment_status":"open","ping_status":"open","template":"bibliukaflar.php","meta":{"footnotes":""},"class_list":["post-21698","page","type-page","status-publish","hentry"],"_links":{"self":[{"href":"https:\/\/biblian.is\/videy\/wp-json\/wp\/v2\/pages\/21698","targetHints":{"allow":["GET"]}}],"collection":[{"href":"https:\/\/biblian.is\/videy\/wp-json\/wp\/v2\/pages"}],"about":[{"href":"https:\/\/biblian.is\/videy\/wp-json\/wp\/v2\/types\/page"}],"author":[{"embeddable":true,"href":"https:\/\/biblian.is\/videy\/wp-json\/wp\/v2\/users\/1"}],"replies":[{"embeddable":true,"href":"https:\/\/biblian.is\/videy\/wp-json\/wp\/v2\/comments?post=21698"}],"version-history":[{"count":0,"href":"https:\/\/biblian.is\/videy\/wp-json\/wp\/v2\/pages\/21698\/revisions"}],"wp:attachment":[{"href":"https:\/\/biblian.is\/videy\/wp-json\/wp\/v2\/media?parent=21698"}],"curies":[{"name":"wp","href":"https:\/\/api.w.org\/{rel}","templated":true}]}}