{"id":21697,"date":"2018-01-02T01:03:30","date_gmt":"2018-01-02T01:03:30","guid":{"rendered":"http:\/\/biblian.is\/videy\/esekiel-46-kafli\/"},"modified":"2018-01-02T01:03:30","modified_gmt":"2018-01-02T01:03:30","slug":"esekiel-46-kafli","status":"publish","type":"page","link":"https:\/\/biblian.is\/videy\/esekiel-46-kafli\/","title":{"rendered":"Esek\u00edel 46. kafli"},"content":{"rendered":"<div class=\"fyrirsognVidey\">Um f\u00f3rnir, 1\u201315; konungsjar\u00f0ir, 16\u201318; matgj\u00f6r\u00f0arh\u00fasi\u00f0, 19\u201324.<\/div>\n<p><a name=\"1\"><span class=\"versanumer\">1<\/span><\/a>Svo segir Drottinn alvaldur: eystra porti\u00f0 a\u00f0 innra forgar\u00f0inum skal vera l\u00e6st \u00fe\u00e1 sex daga, sem virkir eru, en \u00e1 hv\u00edldard\u00f6gum og tunglkomuh\u00e1t\u00ed\u00f0um skal \u00fea\u00f0 vera opi\u00f0.<a name=\"2\"><span class=\"versanumer\">2<\/span><\/a>Landsh\u00f6f\u00f0inginn skal ganga inn um st\u00f3lpaganginn hj\u00e1 ytra portinu, og nema sta\u00f0ar vi\u00f0 dyrastafi portsins; kennimennirnir skulu f\u00f3rnf\u00e6ra hans brennif\u00f3rn og \u00feakkarf\u00f3rn, en hann skal falla fram til b\u00e6nar \u00e1 \u00fereskildi portsins, og ganga s\u00ed\u00f0an \u00fat aftur. Portinu skal ekki loka til kv\u00f6lds.<a name=\"3\"><span class=\"versanumer\">3<\/span><\/a>F\u00f3lki\u00f0 \u00ed landinu skal falla fram fyrir augliti Drottins vi\u00f0 \u00feessar s\u00f6mu portdyr, \u00e1 hv\u00edldard\u00f6gum og tunglkomuh\u00e1t\u00ed\u00f0um.<a name=\"4\"><span class=\"versanumer\">4<\/span><\/a>S\u00fa brennif\u00f3rn, sem landsh\u00f6f\u00f0inginn skal f\u00e6ra Drottni \u00e1 hv\u00edldardegi, er sex sau\u00f0ir gallalausir, og einn hr\u00fatur gallalaus;<a name=\"5\"><span class=\"versanumer\">5<\/span><\/a>hr\u00fatnum skal fylgja eitt effa \u00ed matarf\u00f3rn, en sau\u00f0unum skal \u00ed matarf\u00f3rn fylgja sl\u00edkt sem hann sj\u00e1lfur vill l\u00e1ta af hendi rakna, h\u00edn vi\u00f0smj\u00f6rs skal fylgja hv\u00f6rju effa.<a name=\"6\"><span class=\"versanumer\">6<\/span><\/a>\u00c1 tunglkomud\u00f6gum skal hann f\u00f3rnf\u00e6ra ungum uxa gallalausum, sex sau\u00f0um og einum hr\u00fat, \u00feeir skulu og vera gallalausir;<a name=\"7\"><span class=\"versanumer\">7<\/span><\/a>uxanum skal hann l\u00e1ta fylgja eitt effa, og hr\u00fatnum eitt effa, \u00ed matarf\u00f3rn, en sau\u00f0unum sl\u00edkt sem hann m\u00e1 af hendi l\u00e1ta, og h\u00edn vi\u00f0smj\u00f6rs me\u00f0 hv\u00f6rju effa.<a name=\"8\"><span class=\"versanumer\">8<\/span><\/a>\u00deegar landsh\u00f6f\u00f0inginn vill innganga, skal hann ganga \u00ed gegnum st\u00f3lpagang portsins, og fara sama veg \u00fat aftur.<a name=\"9\"><span class=\"versanumer\">9<\/span><\/a>En \u00feegar landsf\u00f3lki\u00f0 gengur fram fyrir Drottin \u00e1 l\u00f6gh\u00e1t\u00ed\u00f0um, \u00fe\u00e1 skal s\u00e1, sem inn hefir gengi\u00f0 um nor\u00f0urporti\u00f0, til a\u00f0 bi\u00f0jast fyrir, aftur \u00fat ganga um su\u00f0urporti\u00f0, og s\u00e1 sem inn gengur um su\u00f0urporti\u00f0, aftur fara \u00fat um nor\u00f0urporti\u00f0; enginn skal aftur \u00fat fara um \u00fea\u00f0 sama port, sem hann hefir inn gengi\u00f0, heldur skal hv\u00f6r \u00fat ganga beinlei\u00f0is.<a name=\"10\"><span class=\"versanumer\">10<\/span><\/a>\u00deegar landsf\u00f3lki\u00f0 gengur inn, skal landsh\u00f6f\u00f0ingi ganga me\u00f0 \u00fev\u00ed, og aftur \u00fat ganga, \u00feegar \u00fea\u00f0 gengur \u00fat.<a name=\"11\"><span class=\"versanumer\">11<\/span><\/a>\u00c1 helgum og l\u00f6gh\u00e1t\u00ed\u00f0um skal hann f\u00f3rna \u00ed matarf\u00f3rn einu effa me\u00f0 hv\u00f6rjum uxa, og einu effa me\u00f0 hv\u00f6rjum hr\u00fat, en sau\u00f0unum skal fylgja sl\u00edkt sem hann l\u00e6tur af hendi rakna, og h\u00edn vi\u00f0smj\u00f6rs me\u00f0 hv\u00f6rju effa.<a name=\"12\"><span class=\"versanumer\">12<\/span><\/a>\u00deegar landsh\u00f6f\u00f0ingi a\u00f0 sj\u00e1lfs s\u00edns vilja f\u00e6rir Drottni brennif\u00f3rn e\u00f0a \u00feakkarf\u00f3rn, \u00fe\u00e1 skal upp l\u00faka fyrir honum \u00fev\u00ed porti, sem til austurs veit, og skal hann f\u00f3rna sinni brennif\u00f3rn og \u00feakkarf\u00f3rn, eins og hann er vanur \u00e1 hv\u00edldard\u00f6gum, og \u00feegar hann fer \u00fat, skal l\u00e6sa portinu eftir honum.<a name=\"13\"><span class=\"versanumer\">13<\/span><\/a>Daglega skaltu f\u00f3rnf\u00e6ra \u00e1rsg\u00f6mlu lambi gallalausu til brennif\u00f3rnar fyrir Drottni; \u00fev\u00ed skaltu f\u00f3rnf\u00e6ra \u00e1 hv\u00f6rjum morgni.<a name=\"14\"><span class=\"versanumer\">14<\/span><\/a>\u00deessu skaltu hv\u00f6rn morgun fylgja l\u00e1ta sj\u00f6ttung eins effa mj\u00f6ls, \u00ed matarf\u00f3rn, og \u00feri\u00f0jung h\u00ednar af vi\u00f0smj\u00f6ri til a\u00f0 v\u00e6ta me\u00f0 mj\u00f6li\u00f0; \u00feetta er matarf\u00f3rn Drottins, og skal s\u00e1 si\u00f0ur st\u00f6\u00f0ugt haldast um aldur og \u00e6vi.<a name=\"15\"><span class=\"versanumer\">15<\/span><\/a>Hv\u00f6rn morgun skal f\u00f3rnf\u00e6ra lambinu, matarf\u00f3rninni og vi\u00f0smj\u00f6rinu, og skal s\u00fa brennif\u00f3rn \u00e6vinlega haldast. <br \/><a name=\"16\"><span class=\"versanumer\">16<\/span><\/a>Svo segir Drottinn alvaldur: ef landsh\u00f6f\u00f0ingi gefur einhv\u00f6rjum sona sinna nokku\u00f0 af s\u00ednum arfahluta a\u00f0 gj\u00f6f, \u00fe\u00e1 skulu synir hans halda \u00feeirri gj\u00f6f sem eign me\u00f0 erf\u00f0ar\u00e9tti.<a name=\"17\"><span class=\"versanumer\">17<\/span><\/a>En gefi hann einhv\u00f6rjum \u00fej\u00f3nustumanna sinna nokku\u00f0 af arfahluta s\u00ednum a\u00f0 gj\u00f6f, \u00fe\u00e1 skal s\u00e1 halda \u00fev\u00ed til fagna\u00f0ar\u00e1rsins, en \u00fe\u00e1 skal \u00fea\u00f0 aftur hverfa til landsh\u00f6f\u00f0ingjans, \u00fev\u00ed enginn m\u00e1 eignast arfahluta hans, nema synir hans, \u00feeim skal hann tilheyra.<a name=\"18\"><span class=\"versanumer\">18<\/span><\/a>Ekkert m\u00e1 landsh\u00f6f\u00f0ingi taka af arfleif\u00f0 f\u00f3lksins, til a\u00f0 \u00fer\u00f6ngva nokkurum manni fr\u00e1 eign sinni; sj\u00e1lfs s\u00edns eign m\u00e1 hann l\u00e1ta \u00ed erf\u00f0 ganga til sona sinna, en \u00f6ngvan af m\u00ednu f\u00f3lki m\u00e1 burtfl\u00e6ma af eignarj\u00f6r\u00f0u sinni.<br \/><a name=\"19\"><span class=\"versanumer\">19<\/span><\/a>\u00dev\u00ed n\u00e6st leiddi hann mig gegnum ganginn vi\u00f0 hli\u00f0ina \u00e1 portinu, til herbergja helgid\u00f3msins, sem vissu til nor\u00f0urs og kennim\u00f6nnunum tilheyr\u00f0u; og sj\u00e1! \u00fear var r\u00fam nokkurt \u00e1 baka til m\u00f3t vestri.<a name=\"20\"><span class=\"versanumer\">20<\/span><\/a>Og hann sag\u00f0i til m\u00edn: \u00feetta er s\u00e1 sta\u00f0ur, hvar kennimennirnir skulu sj\u00f3\u00f0a sektaf\u00f3rnina og syndaf\u00f3rnina, og baka matarf\u00f3rnina, svo \u00feeir ekki \u00feurfi a\u00f0 bera \u00fea\u00f0 \u00fat um ytra forgar\u00f0inn, \u00fev\u00ed \u00fear vi\u00f0 mundi f\u00f3lki\u00f0 helgast <span class='VideyAth'>a)<\/span>.<a name=\"21\"><span class=\"versanumer\">21<\/span><\/a>N\u00fa leiddi hann mig \u00fat \u00ed ytra forgar\u00f0inn, og l\u00e9t mig ganga \u00ed \u00fe\u00e6r fj\u00f3rar hyrningar, sem \u00e1 forgar\u00f0inum voru; og sj\u00e1! \u00ed hv\u00f6rri af \u00feeim fj\u00f3rum hyrningum var karmur nokkur.<a name=\"22\"><span class=\"versanumer\">22<\/span><\/a>\u00cd \u00feessum k\u00f6rmum, sem voru \u00ed \u00feeim fj\u00f3rum hyrningum forgar\u00f0sins, voru skorsteinar; hv\u00f6r karmur var 40 \u00e1lna langur og 30 \u00e1lna brei\u00f0ur, og allir hornkarmarnir voru jafnir a\u00f0 m\u00e1li;<a name=\"23\"><span class=\"versanumer\">23<\/span><\/a>\u00ed kring um hv\u00f6rn af \u00feeim fj\u00f3rum gekk hringm\u00far umhverfis, og eldst\u00f3r gj\u00f6r\u00f0ar ne\u00f0an til vi\u00f0 m\u00farana umhverfis.<a name=\"24\"><span class=\"versanumer\">24<\/span><\/a>\u00de\u00e1 sag\u00f0i hann til m\u00edn: \u00feetta er \u00fea\u00f0 matgj\u00f6r\u00f0arh\u00fas, \u00ed hv\u00f6rju \u00fej\u00f3nustumenn musterisins sj\u00f3\u00f0a f\u00f3rnir f\u00f3lksins.<\/p>\n<div class=\"footnoteVidey\">V. 20. a. Sj\u00e1 44,19.<\/div>\n","protected":false},"excerpt":{"rendered":"<p>Um f\u00f3rnir, 1\u201315; konungsjar\u00f0ir, 16\u201318; matgj\u00f6r\u00f0arh\u00fasi\u00f0, 19\u201324. 1Svo segir Drottinn alvaldur: eystra porti\u00f0 a\u00f0 innra forgar\u00f0inum skal vera l\u00e6st \u00fe\u00e1 sex daga, sem virkir eru, en \u00e1 hv\u00edldard\u00f6gum og tunglkomuh\u00e1t\u00ed\u00f0um skal \u00fea\u00f0 vera opi\u00f0.2Landsh\u00f6f\u00f0inginn skal ganga inn um st\u00f3lpaganginn hj\u00e1 ytra portinu, og nema sta\u00f0ar vi\u00f0 dyrastafi portsins; kennimennirnir skulu f\u00f3rnf\u00e6ra hans brennif\u00f3rn og \u00feakkarf\u00f3rn, en hann skal falla fram til b\u00e6nar \u00e1 \u00fereskildi portsins, og ganga s\u00ed\u00f0an \u00fat aftur. Portinu skal ekki loka til kv\u00f6lds.3F\u00f3lki\u00f0 \u00ed landinu skal falla fram fyrir augliti Drottins vi\u00f0 \u00feessar s\u00f6mu portdyr, \u00e1 hv\u00edldard\u00f6gum og tunglkomuh\u00e1t\u00ed\u00f0um.4S\u00fa brennif\u00f3rn, sem landsh\u00f6f\u00f0inginn skal f\u00e6ra Drottni \u00e1 hv\u00edldardegi, <a href=\"https:\/\/biblian.is\/videy\/esekiel-46-kafli\/\"> [&#8230;]<\/a><\/p>\n","protected":false},"author":1,"featured_media":0,"parent":0,"menu_order":0,"comment_status":"open","ping_status":"open","template":"bibliukaflar.php","meta":{"footnotes":""},"class_list":["post-21697","page","type-page","status-publish","hentry"],"_links":{"self":[{"href":"https:\/\/biblian.is\/videy\/wp-json\/wp\/v2\/pages\/21697","targetHints":{"allow":["GET"]}}],"collection":[{"href":"https:\/\/biblian.is\/videy\/wp-json\/wp\/v2\/pages"}],"about":[{"href":"https:\/\/biblian.is\/videy\/wp-json\/wp\/v2\/types\/page"}],"author":[{"embeddable":true,"href":"https:\/\/biblian.is\/videy\/wp-json\/wp\/v2\/users\/1"}],"replies":[{"embeddable":true,"href":"https:\/\/biblian.is\/videy\/wp-json\/wp\/v2\/comments?post=21697"}],"version-history":[{"count":0,"href":"https:\/\/biblian.is\/videy\/wp-json\/wp\/v2\/pages\/21697\/revisions"}],"wp:attachment":[{"href":"https:\/\/biblian.is\/videy\/wp-json\/wp\/v2\/media?parent=21697"}],"curies":[{"name":"wp","href":"https:\/\/api.w.org\/{rel}","templated":true}]}}